{"id":39332,"date":"2022-04-01T09:49:07","date_gmt":"2022-04-01T07:49:07","guid":{"rendered":"https:\/\/www.joyeriajael.es\/returns-exchanges\/"},"modified":"2022-08-08T14:14:21","modified_gmt":"2022-08-08T12:14:21","slug":"returns-exchanges","status":"publish","type":"page","link":"https:\/\/www.joyeriajael.es\/en\/returns-exchanges\/","title":{"rendered":"Returns &amp; Exchanges"},"content":{"rendered":"\t\t<div data-elementor-type=\"wp-page\" data-elementor-id=\"39332\" class=\"elementor elementor-39332 elementor-35351\" data-elementor-post-type=\"page\">\n\t\t\t\t\t\t<section class=\"elementor-section elementor-top-section elementor-element elementor-element-949b16d elementor-section-boxed elementor-section-height-default elementor-section-height-default\" data-id=\"949b16d\" data-element_type=\"section\" data-e-type=\"section\">\n\t\t\t\t\t\t<div class=\"elementor-container elementor-column-gap-default\">\n\t\t\t\t\t<div class=\"elementor-column elementor-col-100 elementor-top-column elementor-element elementor-element-406158c0\" data-id=\"406158c0\" data-element_type=\"column\" data-e-type=\"column\">\n\t\t\t<div class=\"elementor-widget-wrap elementor-element-populated\">\n\t\t\t\t\t\t<div class=\"elementor-element elementor-element-30b68e90 elementor-widget elementor-widget-text-editor\" data-id=\"30b68e90\" data-element_type=\"widget\" data-e-type=\"widget\" data-widget_type=\"text-editor.default\">\n\t\t\t\t\t\t\t\t\t<p>The client who acts as a consumer and user has the right to return the order within a period of less than 14 calendar days from its delivery.<\/p>\n\n<p>To make a return, the customer must contact JAEL and follow the instructions communicated to him. In no case will returns be accepted that do not comply with the procedure and the channels established by the company.<\/p>\n\n<p>The user will not have the right to cancel special or personalized orders.<\/p>\n\n<p>Shipping and return costs will not be reimbursed.<\/p>\n\n<p>They will not accept returns of products that have been tampered with, used or whose security seals have been removed. It is essential that the products to be returned keep their original packaging (box, documentation, accessories&#8230;).<\/p>\n\n<p>Custom-made and\/or personalized products cannot be returned.<\/p>\n\n<p>Once JAEL notifies that the returned products meet the requirements of authenticity and condition required, the refund of the payment will be made through the same method in which the purchase was made and in a period of less than 15 business days.<\/p>\t\t\t\t\t\t\t\t<\/div>\n\t\t\t\t\t<\/div>\n\t\t<\/div>\n\t\t\t\t\t<\/div>\n\t\t<\/section>\n\t\t\t\t<\/div>\n\t\t","protected":false},"excerpt":{"rendered":"<p>The client who acts as a consumer and user has the right to return the order within a&hellip;<\/p>\n","protected":false},"author":4,"featured_media":0,"parent":0,"menu_order":0,"comment_status":"closed","ping_status":"closed","template":"","meta":{"_acf_changed":false,"footnotes":""},"class_list":["post-39332","page","type-page","status-publish","hentry"],"acf":[],"yoast_head":"<!-- This site is optimized with the Yoast SEO Premium plugin v27.5 (Yoast SEO v27.5) - https:\/\/yoast.com\/product\/yoast-seo-premium-wordpress\/ -->\n<title>Returns &amp; Exchanges<\/title>\n<meta name=\"robots\" content=\"noindex, follow\" \/>\n<meta property=\"og:locale\" content=\"en_US\" \/>\n<meta property=\"og:type\" content=\"article\" \/>\n<meta property=\"og:title\" content=\"Returns &amp; Exchanges\" \/>\n<meta property=\"og:description\" content=\"The client who acts as a consumer and user has the right to return the order within a&hellip;\" \/>\n<meta property=\"og:url\" content=\"https:\/\/www.joyeriajael.es\/en\/returns-exchanges\/\" \/>\n<meta property=\"og:site_name\" content=\"Jael Joyer\u00eda\" \/>\n<meta property=\"article:modified_time\" content=\"2022-08-08T12:14:21+00:00\" \/>\n<meta property=\"og:image\" content=\"https:\/\/www.joyeriajael.es\/wp-content\/uploads\/2022\/05\/jael-santiago-2.jpg\" \/>\n\t<meta property=\"og:image:width\" content=\"620\" \/>\n\t<meta property=\"og:image:height\" content=\"471\" \/>\n\t<meta property=\"og:image:type\" content=\"image\/jpeg\" \/>\n<meta name=\"twitter:card\" content=\"summary_large_image\" \/>\n<!-- \/ Yoast SEO Premium plugin. -->","yoast_head_json":{"title":"Returns &amp; Exchanges","robots":{"index":"noindex","follow":"follow"},"og_locale":"en_US","og_type":"article","og_title":"Returns &amp; Exchanges","og_description":"The client who acts as a consumer and user has the right to return the order within a&hellip;","og_url":"https:\/\/www.joyeriajael.es\/en\/returns-exchanges\/","og_site_name":"Jael Joyer\u00eda","article_modified_time":"2022-08-08T12:14:21+00:00","og_image":[{"width":620,"height":471,"url":"https:\/\/www.joyeriajael.es\/wp-content\/uploads\/2022\/05\/jael-santiago-2.jpg","type":"image\/jpeg"}],"twitter_card":"summary_large_image","schema":{"@context":"https:\/\/schema.org","@graph":[{"@type":"WebPage","@id":"https:\/\/www.joyeriajael.es\/en\/returns-exchanges\/","url":"https:\/\/www.joyeriajael.es\/en\/returns-exchanges\/","name":"Returns &amp; Exchanges","isPartOf":{"@id":"https:\/\/www.joyeriajael.es\/en\/#website"},"datePublished":"2022-04-01T07:49:07+00:00","dateModified":"2022-08-08T12:14:21+00:00","breadcrumb":{"@id":"https:\/\/www.joyeriajael.es\/en\/returns-exchanges\/#breadcrumb"},"inLanguage":"en-US","potentialAction":[{"@type":"ReadAction","target":["https:\/\/www.joyeriajael.es\/en\/returns-exchanges\/"]}]},{"@type":"BreadcrumbList","@id":"https:\/\/www.joyeriajael.es\/en\/returns-exchanges\/#breadcrumb","itemListElement":[{"@type":"ListItem","position":1,"name":"Portada","item":"https:\/\/www.joyeriajael.es\/en\/"},{"@type":"ListItem","position":2,"name":"Returns &amp; Exchanges"}]},{"@type":"WebSite","@id":"https:\/\/www.joyeriajael.es\/en\/#website","url":"https:\/\/www.joyeriajael.es\/en\/","name":"Jael Joyer\u00eda","description":"Jael Joyer\u00eda en Santiago de Compostela y A Coru\u00f1a. Primeras marcas, firmas exclusivas, \u00fanico concesionario autorizado de Rolex en la provincia de A Coru\u00f1a.","publisher":{"@id":"https:\/\/www.joyeriajael.es\/en\/#organization"},"alternateName":"Jael","potentialAction":[{"@type":"SearchAction","target":{"@type":"EntryPoint","urlTemplate":"https:\/\/www.joyeriajael.es\/en\/?s={search_term_string}"},"query-input":{"@type":"PropertyValueSpecification","valueRequired":true,"valueName":"search_term_string"}}],"inLanguage":"en-US"},{"@type":"Organization","@id":"https:\/\/www.joyeriajael.es\/en\/#organization","name":"Jael","alternateName":"Jael joyer\u00eda","url":"https:\/\/www.joyeriajael.es\/en\/","logo":{"@type":"ImageObject","inLanguage":"en-US","@id":"https:\/\/www.joyeriajael.es\/en\/#\/schema\/logo\/image\/","url":"https:\/\/www.joyeriajael.es\/wp-content\/uploads\/2024\/07\/cropped-favicon-1.png","contentUrl":"https:\/\/www.joyeriajael.es\/wp-content\/uploads\/2024\/07\/cropped-favicon-1.png","width":512,"height":512,"caption":"Jael"},"image":{"@id":"https:\/\/www.joyeriajael.es\/en\/#\/schema\/logo\/image\/"}}]}},"_links":{"self":[{"href":"https:\/\/www.joyeriajael.es\/en\/wp-json\/wp\/v2\/pages\/39332","targetHints":{"allow":["GET"]}}],"collection":[{"href":"https:\/\/www.joyeriajael.es\/en\/wp-json\/wp\/v2\/pages"}],"about":[{"href":"https:\/\/www.joyeriajael.es\/en\/wp-json\/wp\/v2\/types\/page"}],"author":[{"embeddable":true,"href":"https:\/\/www.joyeriajael.es\/en\/wp-json\/wp\/v2\/users\/4"}],"replies":[{"embeddable":true,"href":"https:\/\/www.joyeriajael.es\/en\/wp-json\/wp\/v2\/comments?post=39332"}],"version-history":[{"count":1,"href":"https:\/\/www.joyeriajael.es\/en\/wp-json\/wp\/v2\/pages\/39332\/revisions"}],"predecessor-version":[{"id":39333,"href":"https:\/\/www.joyeriajael.es\/en\/wp-json\/wp\/v2\/pages\/39332\/revisions\/39333"}],"wp:attachment":[{"href":"https:\/\/www.joyeriajael.es\/en\/wp-json\/wp\/v2\/media?parent=39332"}],"curies":[{"name":"wp","href":"https:\/\/api.w.org\/{rel}","templated":true}]}}