{"id":39334,"date":"2022-04-01T09:57:39","date_gmt":"2022-04-01T07:57:39","guid":{"rendered":"https:\/\/www.joyeriajael.es\/conditions-of-purchase\/"},"modified":"2022-08-08T14:13:33","modified_gmt":"2022-08-08T12:13:33","slug":"conditions-of-purchase","status":"publish","type":"page","link":"https:\/\/www.joyeriajael.es\/en\/conditions-of-purchase\/","title":{"rendered":"Conditions of Purchase"},"content":{"rendered":"\t\t<div data-elementor-type=\"wp-page\" data-elementor-id=\"39334\" class=\"elementor elementor-39334 elementor-28\" data-elementor-post-type=\"page\">\n\t\t\t\t\t\t<section class=\"elementor-section elementor-top-section elementor-element elementor-element-62d9ddc1 elementor-section-boxed elementor-section-height-default elementor-section-height-default\" data-id=\"62d9ddc1\" data-element_type=\"section\" data-e-type=\"section\">\n\t\t\t\t\t\t<div class=\"elementor-container elementor-column-gap-default\">\n\t\t\t\t\t<div class=\"elementor-column elementor-col-100 elementor-top-column elementor-element elementor-element-a84f7b2\" data-id=\"a84f7b2\" data-element_type=\"column\" data-e-type=\"column\">\n\t\t\t<div class=\"elementor-widget-wrap elementor-element-populated\">\n\t\t\t\t\t\t<div class=\"elementor-element elementor-element-7a80125c elementor-widget elementor-widget-text-editor\" data-id=\"7a80125c\" data-element_type=\"widget\" data-e-type=\"widget\" data-widget_type=\"text-editor.default\">\n\t\t\t\t\t\t\t\t\tThe use of the website www.joyeriajael.es and the placing of an order online implies full acceptance of the Purchase Conditions and Privacy and Data Protection Policies described herein, which JAEL reserves the right to modify.\n<br>\n<h3>General Information<\/h3>\nIn compliance with Spanish legislation on electronic commerce (LSSICE), it is reported that the website www.joyeriajael.es is owned by JAEL JOYER\u00cdA S.L, a company with CIF B15998743 and registered office at General Pardi\u00f1as, 7, Santiago de Compostela, registered in the Commercial Register of A Coru\u00f1a, folio 207 of volume 2977 sheet number C-36136, contact telephone: 981 576 895; contact email: santiago@joyeriajael.es.\n\nThe company&#8217;s object is the retail trade of jewelry, watches, silverware and costume jewelry, through the Internet or any other means. JAEL is the official distributor of all the commercial brands present on the website.\n<h3>Products for sale<\/h3>\nThe detailed description of the products displayed on the website www.joyeriajael.es is based on JAEL&#8217;s own information and images (for which the company reserves all rights of use) and\/or on information and images provided by suppliers. JAEL is authorized to use the trade names, trademarks and content of this website.\n\nThe company is not responsible for possible errors in the information or characteristics of the published products.\n<h3>Availability<\/h3>\nThe availability of products on the website is updated according to stock. If, for reasons beyond JAEL&#8217;s control or unwanted errors, JAEL offers for sale a product that is not available in stock and is purchased by a user, JAEL undertakes to act in good faith and offer the user the possibility of:\n<ul>\n \t<li>Refund without penalty through the same means by which it was made.<\/li>\n \t<li>Replacement by another model of equal quality and value available in stock with the customer&#8217;s consent.<\/li>\n \t<li>Fixing of a new delivery date in case of availability in the near future.<\/li>\n<\/ul>\n<h3><\/h3>\n<h3>Valid use of the service<\/h3>\nThe user declares and guarantees to act in good faith by using this website only to make legally valid inquiries or orders and not to acquire products for the purpose of resale or parallel distribution for commercial gain.\n\nIf it could be considered that a false or fraudulent order has been placed, JAEL reserves the right to cancel it by crediting the customer the payment made without any penalty for JAEL.\n\nBy using this website, the user agrees to provide the requested data in a truthful and accurate manner, consenting that JAEL may use such information to contact users if necessary. If the user does not provide all the information, the order cannot be processed.\n\nBy placing an order through the website, the user declares to be of legal age and to have the legal capacity to enter into contracts.\n<h3>Prices<\/h3>\nThe prices of the products presented in www.joyeriajael.es include VAT applicable at all times unless otherwise indicated. Prices do not include shipping costs unless otherwise indicated.\n\nJAEL is not responsible for possible errors in the prices of published articles. In the event of an error in the final price of any of the items displayed JAEL undertakes to inform users as soon as possible of the new selling price, offering affected customers the possibility of reconfirming the order, or the possibility of withdrawing from the purchase on their part.\n\nIf it is not possible to contact the user, the order will be considered cancelled and the amount of the incorrect price paid will be refunded. JAEL shall not be obliged to supply the buyer with any product at the incorrect lower price, even if the order is confirmed.\n\nThe prices of the articles published on the website are subject to change, but except as stated above in case of error, possible changes will not affect orders for which an Order Confirmation email has been sent.\n<h3>Payment methods<\/h3>\nJAEL provides users with a secure telematic payment gateway for credit and debit cards (Visa, Mastercard, UNION PAY, JCB, DINERS, American Express and similar cards) offered by the bank BBVA.\n\nBy authorizing the payment the user is confirming that the credit or debit card belongs to him\/her. Credit cards will be subject to checks and authorizations by the credit card issuer, so if the credit card issuer does not authorize payment, JAEL will not be responsible for non-delivery or late delivery, and the purchase will not be formalized.\n\nJAEL undertakes not to store, under any circumstances, sensitive information such as card numbers or authentication codes.\n\nWe also offer under special conditions the possibility of payment by bank transfer or deposit. In this case JAEL reserves the right to delay the shipment of the purchase until the necessary collection guarantees are in place.\n\nThe user agrees to make full payment for the products purchased within the time established by the company.\n<h3>Shipment of orders<\/h3>\n<strong>Order Formalization:<\/strong> Once the Terms of Use and the purchase confirmation have been accepted, the customer will receive an Order Confirmation email with the details of the operation.\n\n<strong>Delivery method and delivery time:<\/strong> Once the purchase is confirmed, the delivery time will not exceed 15 working days, being the usual delivery time less than 48-72h for shipments within the national territory from Monday to Friday.\n\nThe delay of the order will entitle the customer to cancel the order with refund of the amounts paid, but in no case will it imply any compensation.\n\nIf after 5 working days from the Order Confirmation the customer has not agreed on a delivery date with the carrier, the customer should contact JAEL. If the customer does not contact JAEL, the shipping company will proceed to return the shipment to its origin and the customer will be responsible for the shipping and return costs.\n\n<strong>Geographical scope:<\/strong> Jewelry products, classified in the &#8220;Jewelry&#8221; category, are not subject to geographical restrictions for distribution throughout the national territory (excluding the Canary Islands, Ceuta and Melilla) and the European Union.\n\nThe distribution of watchmaking products, classified in the &#8220;Watches&#8221; category, is geographically limited and may only be picked up in physical stores through the &#8220;In-Store Pickup&#8221; service.\n\nJAEL reserves the right to restrict the geographic scope of distribution in the event that it is unable to guarantee the safe delivery of the products.\n\n<strong>Customs declaration and international taxes and duties:<\/strong> The Customer shall pay the international taxes or duties levied on the products in the territory of collection, if any.\n<h3>Store pickup<\/h3>\nIf the customer wishes, he can pick up his order at any of the following JAEL jewelry stores:\n<ul>\n \t<li>Xeneral Pardi\u00f1as 7 \u2013 Santiago de Compostela. Phone. 981 576 895<\/li>\n \t<li>Calle Compostela 8 \u2013 La Coru\u00f1a. Phone. 981 909 029<\/li>\n<\/ul>\nTo access the in-store pick-up service, the customer must indicate this during the purchase process and comply with the delivery times indicated by e-mail.\n\nThe customer must go to the selected point of sale when placing the order and identify himself\/herself with the original valid ID card or passport and show the proof of purchase.\n\nIf the customer wishes the products to be picked up by a third party, he\/she must notify us by e-mail together with a signed authorization containing the full details of the customer and the person he\/she wishes to authorize (name, surname, ID or passport number).\n<h3>Delivery incidents<\/h3>\nThe customer undertakes to check the good condition of the shipment at the time of delivery to the carrier and must reflect any anomaly detected on the delivery note (breakage of security labels, external shocks, moisture, etc.) and may refuse delivery.\n\nThe customer must inform JAEL of any delivery incident by e-mail: santiago@joyeriajael.es.\n\nIt will be understood that the delivery or that the order has been delivered when the user (or a third party on his behalf) acquires the material possession of the product, which will be evidenced by the signature of the receipt of the order at the agreed delivery address if it is not &#8220;Pick up in store&#8221;.\n<h3>Return of orders<\/h3>\nThe client who acts as a consumer and user has the right to return the order within a period of less than 14 calendar days from its delivery.\n\nTo make a return, the customer must contact JAEL and follow the instructions communicated to him. In no case will returns be accepted that do not comply with the procedure and the channels established by the company.\n\nThe user will not have the right to cancel special or personalized orders.\n\nShipping and return costs will not be reimbursed.\n\nThey will not accept returns of products that have been tampered with, used or whose security seals have been removed. It is essential that the products to be returned keep their original packaging (box, documentation, accessories&#8230;).\n\nCustom-made and\/or personalized products cannot be returned.\n\nOnce JAEL notifies that the returned products meet the requirements of authenticity and condition required, the refund of the payment will be made through the same method in which the purchase was made and in a period of less than 15 business days.\n<h3>Warranty<\/h3>\nIn accordance with the provisions of Law 23\/2003 of July 10, 2003 on Guarantees in the Sale of Consumer Goods, the manufacturer or brand of the product purchased must respond to the customer for any lack of conformity due to manufacturing defects existing at the time of delivery and manifested during the following 2 years.\n\nThe customer has a period of 2 months from the time he\/she becomes aware of any incident caused by manufacturing defects.\n\nIf the manufacturer of the product purchased verifies and corroborates the existence of a manufacturing defect, it will proceed to repair or replace the item. Always at the customer&#8217;s choice, when it is technically possible and has been notified within the established deadlines.\n\nThey will not be accepted as manufacturing defects:\n<ul>\n \t<li>General damage caused by improper or abnormal use of the product<\/li>\n \t<li>Bumps and scratches caused by normal use of the product<\/li>\n \t<li>Detachment or breakage of gems or other applied elements.<\/li>\n \t<li>Stains or changes of brightness in metals, gems or other elements caused by external chemical agents.<\/li>\n \t<li>Allergies.<\/li>\n<\/ul>\n&nbsp;\n\nExcluded from the warranty:\n<ul>\n \t<li>Battery life.<\/li>\n \t<li>Normal wear and tear.<\/li>\n \t<li>Damage caused by improper use of the product or lack of maintenance.<\/li>\n<\/ul>\nAny warranty will be void if the product is tampered with by personnel not authorized to do so by the manufacturer.\n\nAll other claims are excluded with the exception of the purchaser&#8217;s rights against the manufacturer under applicable law.\n<h3>Privacy Policy<\/h3>\nIn accordance with the provisions of the European Data Protection Regulation (GDPR) we inform that the personal data that the user must provide during the process of registration and purchase through joyeriajael.es will be incorporated into the files owned by JAEL JOYER\u00cdA S.L with the following purpose:\n<ul>\n \t<li>To enable the provision of the services requested by the user.<\/li>\n \t<li>To keep you informed of the products and services offered by JAEL through electronic and\/or physical media.<\/li>\n<\/ul>\nAll data requested through the website are necessary for the optimal provision of the services requested by the user. JAEL does not guarantee the correct provision of the services if all the data requested in the registration and purchase process (including those marked as optional) are not provided.\n\nWithout detriment to the purposes indicated in each case, the personal data requested will be kept and managed with due confidentiality, applying the computer security measures established in the applicable legislation to prevent access or improper use of your data, its manipulation, deterioration or loss.\n\nUsers may exercise their rights of access, rectification and cancellation of personal data collected on the website by sending their request by e-mail to santiago@joyeriajael.es.\n\n<strong>Prevention of money laundering and the financing of terrorism<\/strong>\n\nTo the effect provided for in Article 4 of Law 10\/2010 of April 28, 2010, on the prevention of money laundering and financing of terrorism, the client states and declares that he\/she is the real owner of the transaction, warning that his\/her data may be transferred to those public administrations that, in accordance with the regulations, have the right to access them.\n\nIf the amount of the purchase exceeds 1.000\u20ac, the customer will be required to identify himself\/herself with a copy of a valid ID card or passport.\n\nJAEL reserves the right to withhold the order until the customer identifies himself\/herself.\n\n<strong>Modification of purchase conditions<\/strong>\n\nJAEL reserves the right to modify at any time the conditions set forth herein, being duly published as they appear here. The validity of the aforementioned conditions will depend on their exposure and will be in force until they are modified by other duly published conditions.\n\n<strong>Applicable Legislation<\/strong>\n\nThe use and purchase contracts through www.joyeriajael.es are governed by Spanish law. Any controversy arising from these terms and conditions of purchase shall be submitted to the jurisdiction of the Spanish courts and tribunals.\n\n&nbsp;\n\n&nbsp;\t\t\t\t\t\t\t\t<\/div>\n\t\t\t\t\t<\/div>\n\t\t<\/div>\n\t\t\t\t\t<\/div>\n\t\t<\/section>\n\t\t\t\t<\/div>\n\t\t","protected":false},"excerpt":{"rendered":"<p>The use of the website www.joyeriajael.es and the placing of an order online implies full acceptance of the&hellip;<\/p>\n","protected":false},"author":4,"featured_media":0,"parent":0,"menu_order":0,"comment_status":"closed","ping_status":"closed","template":"","meta":{"_acf_changed":false,"footnotes":""},"class_list":["post-39334","page","type-page","status-publish","hentry"],"acf":[],"yoast_head":"<!-- This site is optimized with the Yoast SEO Premium plugin v27.4 (Yoast SEO v27.4) - https:\/\/yoast.com\/product\/yoast-seo-premium-wordpress\/ -->\n<title>Conditions of Purchase<\/title>\n<meta name=\"robots\" content=\"noindex, follow\" \/>\n<meta property=\"og:locale\" content=\"en_US\" \/>\n<meta property=\"og:type\" content=\"article\" \/>\n<meta property=\"og:title\" content=\"Conditions of Purchase\" \/>\n<meta property=\"og:description\" content=\"The use of the website www.joyeriajael.es and the placing of an order online implies full acceptance of the&hellip;\" \/>\n<meta property=\"og:url\" content=\"https:\/\/www.joyeriajael.es\/en\/conditions-of-purchase\/\" \/>\n<meta property=\"og:site_name\" content=\"Jael Joyer\u00eda\" \/>\n<meta property=\"article:modified_time\" content=\"2022-08-08T12:13:33+00:00\" \/>\n<meta property=\"og:image\" content=\"https:\/\/www.joyeriajael.es\/wp-content\/uploads\/2022\/05\/jael-santiago-2.jpg\" \/>\n\t<meta property=\"og:image:width\" content=\"620\" \/>\n\t<meta property=\"og:image:height\" content=\"471\" \/>\n\t<meta property=\"og:image:type\" content=\"image\/jpeg\" \/>\n<meta name=\"twitter:card\" content=\"summary_large_image\" \/>\n<!-- \/ Yoast SEO Premium plugin. -->","yoast_head_json":{"title":"Conditions of Purchase","robots":{"index":"noindex","follow":"follow"},"og_locale":"en_US","og_type":"article","og_title":"Conditions of Purchase","og_description":"The use of the website www.joyeriajael.es and the placing of an order online implies full acceptance of the&hellip;","og_url":"https:\/\/www.joyeriajael.es\/en\/conditions-of-purchase\/","og_site_name":"Jael Joyer\u00eda","article_modified_time":"2022-08-08T12:13:33+00:00","og_image":[{"width":620,"height":471,"url":"https:\/\/www.joyeriajael.es\/wp-content\/uploads\/2022\/05\/jael-santiago-2.jpg","type":"image\/jpeg"}],"twitter_card":"summary_large_image","schema":{"@context":"https:\/\/schema.org","@graph":[{"@type":"WebPage","@id":"https:\/\/www.joyeriajael.es\/en\/conditions-of-purchase\/","url":"https:\/\/www.joyeriajael.es\/en\/conditions-of-purchase\/","name":"Conditions of Purchase","isPartOf":{"@id":"https:\/\/www.joyeriajael.es\/en\/#website"},"datePublished":"2022-04-01T07:57:39+00:00","dateModified":"2022-08-08T12:13:33+00:00","breadcrumb":{"@id":"https:\/\/www.joyeriajael.es\/en\/conditions-of-purchase\/#breadcrumb"},"inLanguage":"en-US","potentialAction":[{"@type":"ReadAction","target":["https:\/\/www.joyeriajael.es\/en\/conditions-of-purchase\/"]}]},{"@type":"BreadcrumbList","@id":"https:\/\/www.joyeriajael.es\/en\/conditions-of-purchase\/#breadcrumb","itemListElement":[{"@type":"ListItem","position":1,"name":"Portada","item":"https:\/\/www.joyeriajael.es\/en\/"},{"@type":"ListItem","position":2,"name":"Conditions of Purchase"}]},{"@type":"WebSite","@id":"https:\/\/www.joyeriajael.es\/en\/#website","url":"https:\/\/www.joyeriajael.es\/en\/","name":"Jael Joyer\u00eda","description":"Jael Joyer\u00eda en Santiago de Compostela y A Coru\u00f1a. Primeras marcas, firmas exclusivas, \u00fanico concesionario autorizado de Rolex en la provincia de A Coru\u00f1a.","publisher":{"@id":"https:\/\/www.joyeriajael.es\/en\/#organization"},"alternateName":"Jael","potentialAction":[{"@type":"SearchAction","target":{"@type":"EntryPoint","urlTemplate":"https:\/\/www.joyeriajael.es\/en\/?s={search_term_string}"},"query-input":{"@type":"PropertyValueSpecification","valueRequired":true,"valueName":"search_term_string"}}],"inLanguage":"en-US"},{"@type":"Organization","@id":"https:\/\/www.joyeriajael.es\/en\/#organization","name":"Jael","alternateName":"Jael joyer\u00eda","url":"https:\/\/www.joyeriajael.es\/en\/","logo":{"@type":"ImageObject","inLanguage":"en-US","@id":"https:\/\/www.joyeriajael.es\/en\/#\/schema\/logo\/image\/","url":"https:\/\/www.joyeriajael.es\/wp-content\/uploads\/2024\/07\/cropped-favicon-1.png","contentUrl":"https:\/\/www.joyeriajael.es\/wp-content\/uploads\/2024\/07\/cropped-favicon-1.png","width":512,"height":512,"caption":"Jael"},"image":{"@id":"https:\/\/www.joyeriajael.es\/en\/#\/schema\/logo\/image\/"}}]}},"_links":{"self":[{"href":"https:\/\/www.joyeriajael.es\/en\/wp-json\/wp\/v2\/pages\/39334","targetHints":{"allow":["GET"]}}],"collection":[{"href":"https:\/\/www.joyeriajael.es\/en\/wp-json\/wp\/v2\/pages"}],"about":[{"href":"https:\/\/www.joyeriajael.es\/en\/wp-json\/wp\/v2\/types\/page"}],"author":[{"embeddable":true,"href":"https:\/\/www.joyeriajael.es\/en\/wp-json\/wp\/v2\/users\/4"}],"replies":[{"embeddable":true,"href":"https:\/\/www.joyeriajael.es\/en\/wp-json\/wp\/v2\/comments?post=39334"}],"version-history":[{"count":2,"href":"https:\/\/www.joyeriajael.es\/en\/wp-json\/wp\/v2\/pages\/39334\/revisions"}],"predecessor-version":[{"id":39363,"href":"https:\/\/www.joyeriajael.es\/en\/wp-json\/wp\/v2\/pages\/39334\/revisions\/39363"}],"wp:attachment":[{"href":"https:\/\/www.joyeriajael.es\/en\/wp-json\/wp\/v2\/media?parent=39334"}],"curies":[{"name":"wp","href":"https:\/\/api.w.org\/{rel}","templated":true}]}}