{"id":39344,"date":"2022-04-01T09:57:46","date_gmt":"2022-04-01T07:57:46","guid":{"rendered":"https:\/\/www.joyeriajael.es\/size-guide\/"},"modified":"2022-08-08T14:15:03","modified_gmt":"2022-08-08T12:15:03","slug":"size-guide","status":"publish","type":"page","link":"https:\/\/www.joyeriajael.es\/en\/size-guide\/","title":{"rendered":"Size Guide"},"content":{"rendered":"\t\t<div data-elementor-type=\"wp-page\" data-elementor-id=\"39344\" class=\"elementor elementor-39344 elementor-35365\" data-elementor-post-type=\"page\">\n\t\t\t\t\t\t<section class=\"elementor-section elementor-top-section elementor-element elementor-element-62d9ddc1 elementor-section-boxed elementor-section-height-default elementor-section-height-default\" data-id=\"62d9ddc1\" data-element_type=\"section\" data-e-type=\"section\">\n\t\t\t\t\t\t<div class=\"elementor-container elementor-column-gap-default\">\n\t\t\t\t\t<div class=\"elementor-column elementor-col-100 elementor-top-column elementor-element elementor-element-a84f7b2\" data-id=\"a84f7b2\" data-element_type=\"column\" data-e-type=\"column\">\n\t\t\t<div class=\"elementor-widget-wrap elementor-element-populated\">\n\t\t\t\t\t\t<div class=\"elementor-element elementor-element-7a80125c elementor-widget elementor-widget-text-editor\" data-id=\"7a80125c\" data-element_type=\"widget\" data-e-type=\"widget\" data-widget_type=\"text-editor.default\">\n\t\t\t\t\t\t\t\t\t<p>To determine your ring size, take the measurement with a piece of wool or thread, encircling the finger. Then measure this thread to know the diameter of your finger.<\/p>\n<p>In case of doubt between two sizes, we suggest you choose the larger size, so that the ring does not fit too tightly.<\/p>\t\t\t\t\t\t\t\t<\/div>\n\t\t\t\t\t<\/div>\n\t\t<\/div>\n\t\t\t\t\t<\/div>\n\t\t<\/section>\n\t\t\t\t<section class=\"elementor-section elementor-top-section elementor-element elementor-element-99e18db elementor-section-boxed elementor-section-height-default elementor-section-height-default\" data-id=\"99e18db\" data-element_type=\"section\" data-e-type=\"section\">\n\t\t\t\t\t\t<div class=\"elementor-container elementor-column-gap-default\">\n\t\t\t\t\t<div class=\"elementor-column elementor-col-100 elementor-top-column elementor-element elementor-element-90ecd68\" data-id=\"90ecd68\" data-element_type=\"column\" data-e-type=\"column\">\n\t\t\t<div class=\"elementor-widget-wrap elementor-element-populated\">\n\t\t\t\t\t\t<div class=\"elementor-element elementor-element-cff6aef elementor-align-center elementor-widget elementor-widget-ideapark-button\" data-id=\"cff6aef\" data-element_type=\"widget\" data-e-type=\"widget\" data-widget_type=\"ideapark-button.default\">\n\t\t\t\t<div class=\"elementor-widget-container\">\n\t\t\t\t\t\t\t<div class=\"c-ip-button__wrap\">\n\t\t\t<a href=\"https:\/\/www.joyeriajael.es\/wp-content\/uploads\/2021\/12\/JAEL-MEDIDAS-ANILLOS-rev2.pdf\" target=\"_blank\" class=\"c-button c-ip-button c-button--outline\" role=\"button\">\n\t\t\t\t\t\t\t\t\t<span class=\"c-ip-button__icon c-ip-button__icon--right\"><i aria-hidden=\"true\" class=\"far fa-file-pdf\"><\/i><\/span>\n\t\t\t\t\t<span class=\"c-ip-button__text\">Ver en PDF<\/span>\n\t\t\t\t\t\t\t<\/a>\n\t\t<\/div>\n\t\t\t\t\t\t<\/div>\n\t\t\t\t<\/div>\n\t\t\t\t<div class=\"elementor-element elementor-element-eb6aabc elementor-widget elementor-widget-spacer\" data-id=\"eb6aabc\" data-element_type=\"widget\" data-e-type=\"widget\" data-widget_type=\"spacer.default\">\n\t\t\t\t\t\t\t<div class=\"elementor-spacer\">\n\t\t\t<div class=\"elementor-spacer-inner\"><\/div>\n\t\t<\/div>\n\t\t\t\t\t\t<\/div>\n\t\t\t\t\t<\/div>\n\t\t<\/div>\n\t\t\t\t\t<\/div>\n\t\t<\/section>\n\t\t\t\t<section class=\"elementor-section elementor-top-section elementor-element elementor-element-69fad90 elementor-section-boxed elementor-section-height-default elementor-section-height-default\" data-id=\"69fad90\" data-element_type=\"section\" data-e-type=\"section\">\n\t\t\t\t\t\t<div class=\"elementor-container elementor-column-gap-default\">\n\t\t\t\t\t<div class=\"elementor-column elementor-col-100 elementor-top-column elementor-element elementor-element-66df9e9\" data-id=\"66df9e9\" data-element_type=\"column\" data-e-type=\"column\">\n\t\t\t<div class=\"elementor-widget-wrap elementor-element-populated\">\n\t\t\t\t\t\t<div class=\"elementor-element elementor-element-29217d9 elementor-widget elementor-widget-image\" data-id=\"29217d9\" data-element_type=\"widget\" data-e-type=\"widget\" data-widget_type=\"image.default\">\n\t\t\t\t\t\t\t\t\t\t\t\t\t\t\t<img fetchpriority=\"high\" decoding=\"async\" width=\"960\" height=\"675\" src=\"https:\/\/www.joyeriajael.es\/wp-content\/uploads\/2021\/12\/guia-tallas-960x675.jpeg\" class=\"attachment-large size-large wp-image-35378\" alt=\"\" srcset=\"https:\/\/www.joyeriajael.es\/wp-content\/uploads\/2021\/12\/guia-tallas-960x675.jpeg 960w, https:\/\/www.joyeriajael.es\/wp-content\/uploads\/2021\/12\/guia-tallas-600x422.jpeg 600w, https:\/\/www.joyeriajael.es\/wp-content\/uploads\/2021\/12\/guia-tallas-300x211.jpeg 300w, https:\/\/www.joyeriajael.es\/wp-content\/uploads\/2021\/12\/guia-tallas-145x102.jpeg 145w, https:\/\/www.joyeriajael.es\/wp-content\/uploads\/2021\/12\/guia-tallas.jpeg 1300w\" sizes=\"(max-width: 960px) 100vw, 960px\" \/>\t\t\t\t\t\t\t\t\t\t\t\t\t\t\t<\/div>\n\t\t\t\t\t<\/div>\n\t\t<\/div>\n\t\t\t\t\t<\/div>\n\t\t<\/section>\n\t\t\t\t<\/div>\n\t\t","protected":false},"excerpt":{"rendered":"<p>To determine your ring size, take the measurement with a piece of wool or thread, encircling the finger.&hellip;<\/p>\n","protected":false},"author":4,"featured_media":0,"parent":0,"menu_order":0,"comment_status":"closed","ping_status":"closed","template":"","meta":{"_acf_changed":false,"footnotes":""},"class_list":["post-39344","page","type-page","status-publish","hentry"],"acf":[],"yoast_head":"<!-- This site is optimized with the Yoast SEO Premium plugin v27.4 (Yoast SEO v27.4) - https:\/\/yoast.com\/product\/yoast-seo-premium-wordpress\/ -->\n<title>Size Guide<\/title>\n<meta name=\"robots\" content=\"noindex, follow\" \/>\n<meta property=\"og:locale\" content=\"en_US\" \/>\n<meta property=\"og:type\" content=\"article\" \/>\n<meta property=\"og:title\" content=\"Size Guide\" \/>\n<meta property=\"og:description\" content=\"To determine your ring size, take the measurement with a piece of wool or thread, encircling the finger.&hellip;\" \/>\n<meta property=\"og:url\" content=\"https:\/\/www.joyeriajael.es\/en\/size-guide\/\" \/>\n<meta property=\"og:site_name\" content=\"Jael Joyer\u00eda\" \/>\n<meta property=\"article:modified_time\" content=\"2022-08-08T12:15:03+00:00\" \/>\n<meta property=\"og:image\" content=\"https:\/\/www.joyeriajael.es\/wp-content\/uploads\/2021\/12\/guia-tallas-960x675.jpeg\" \/>\n<meta name=\"twitter:card\" content=\"summary_large_image\" \/>\n<!-- \/ Yoast SEO Premium plugin. -->","yoast_head_json":{"title":"Size Guide","robots":{"index":"noindex","follow":"follow"},"og_locale":"en_US","og_type":"article","og_title":"Size Guide","og_description":"To determine your ring size, take the measurement with a piece of wool or thread, encircling the finger.&hellip;","og_url":"https:\/\/www.joyeriajael.es\/en\/size-guide\/","og_site_name":"Jael Joyer\u00eda","article_modified_time":"2022-08-08T12:15:03+00:00","og_image":[{"url":"https:\/\/www.joyeriajael.es\/wp-content\/uploads\/2021\/12\/guia-tallas-960x675.jpeg","type":"","width":"","height":""}],"twitter_card":"summary_large_image","schema":{"@context":"https:\/\/schema.org","@graph":[{"@type":"WebPage","@id":"https:\/\/www.joyeriajael.es\/en\/size-guide\/","url":"https:\/\/www.joyeriajael.es\/en\/size-guide\/","name":"Size Guide","isPartOf":{"@id":"https:\/\/www.joyeriajael.es\/en\/#website"},"primaryImageOfPage":{"@id":"https:\/\/www.joyeriajael.es\/en\/size-guide\/#primaryimage"},"image":{"@id":"https:\/\/www.joyeriajael.es\/en\/size-guide\/#primaryimage"},"thumbnailUrl":"https:\/\/www.joyeriajael.es\/wp-content\/uploads\/2021\/12\/guia-tallas-960x675.jpeg","datePublished":"2022-04-01T07:57:46+00:00","dateModified":"2022-08-08T12:15:03+00:00","breadcrumb":{"@id":"https:\/\/www.joyeriajael.es\/en\/size-guide\/#breadcrumb"},"inLanguage":"en-US","potentialAction":[{"@type":"ReadAction","target":["https:\/\/www.joyeriajael.es\/en\/size-guide\/"]}]},{"@type":"ImageObject","inLanguage":"en-US","@id":"https:\/\/www.joyeriajael.es\/en\/size-guide\/#primaryimage","url":"https:\/\/www.joyeriajael.es\/wp-content\/uploads\/2021\/12\/guia-tallas-960x675.jpeg","contentUrl":"https:\/\/www.joyeriajael.es\/wp-content\/uploads\/2021\/12\/guia-tallas-960x675.jpeg"},{"@type":"BreadcrumbList","@id":"https:\/\/www.joyeriajael.es\/en\/size-guide\/#breadcrumb","itemListElement":[{"@type":"ListItem","position":1,"name":"Portada","item":"https:\/\/www.joyeriajael.es\/en\/"},{"@type":"ListItem","position":2,"name":"Size Guide"}]},{"@type":"WebSite","@id":"https:\/\/www.joyeriajael.es\/en\/#website","url":"https:\/\/www.joyeriajael.es\/en\/","name":"Jael Joyer\u00eda","description":"Jael Joyer\u00eda en Santiago de Compostela y A Coru\u00f1a. Primeras marcas, firmas exclusivas, \u00fanico concesionario autorizado de Rolex en la provincia de A Coru\u00f1a.","publisher":{"@id":"https:\/\/www.joyeriajael.es\/en\/#organization"},"alternateName":"Jael","potentialAction":[{"@type":"SearchAction","target":{"@type":"EntryPoint","urlTemplate":"https:\/\/www.joyeriajael.es\/en\/?s={search_term_string}"},"query-input":{"@type":"PropertyValueSpecification","valueRequired":true,"valueName":"search_term_string"}}],"inLanguage":"en-US"},{"@type":"Organization","@id":"https:\/\/www.joyeriajael.es\/en\/#organization","name":"Jael","alternateName":"Jael joyer\u00eda","url":"https:\/\/www.joyeriajael.es\/en\/","logo":{"@type":"ImageObject","inLanguage":"en-US","@id":"https:\/\/www.joyeriajael.es\/en\/#\/schema\/logo\/image\/","url":"https:\/\/www.joyeriajael.es\/wp-content\/uploads\/2024\/07\/cropped-favicon-1.png","contentUrl":"https:\/\/www.joyeriajael.es\/wp-content\/uploads\/2024\/07\/cropped-favicon-1.png","width":512,"height":512,"caption":"Jael"},"image":{"@id":"https:\/\/www.joyeriajael.es\/en\/#\/schema\/logo\/image\/"}}]}},"_links":{"self":[{"href":"https:\/\/www.joyeriajael.es\/en\/wp-json\/wp\/v2\/pages\/39344","targetHints":{"allow":["GET"]}}],"collection":[{"href":"https:\/\/www.joyeriajael.es\/en\/wp-json\/wp\/v2\/pages"}],"about":[{"href":"https:\/\/www.joyeriajael.es\/en\/wp-json\/wp\/v2\/types\/page"}],"author":[{"embeddable":true,"href":"https:\/\/www.joyeriajael.es\/en\/wp-json\/wp\/v2\/users\/4"}],"replies":[{"embeddable":true,"href":"https:\/\/www.joyeriajael.es\/en\/wp-json\/wp\/v2\/comments?post=39344"}],"version-history":[{"count":2,"href":"https:\/\/www.joyeriajael.es\/en\/wp-json\/wp\/v2\/pages\/39344\/revisions"}],"predecessor-version":[{"id":50176,"href":"https:\/\/www.joyeriajael.es\/en\/wp-json\/wp\/v2\/pages\/39344\/revisions\/50176"}],"wp:attachment":[{"href":"https:\/\/www.joyeriajael.es\/en\/wp-json\/wp\/v2\/media?parent=39344"}],"curies":[{"name":"wp","href":"https:\/\/api.w.org\/{rel}","templated":true}]}}