{"id":39345,"date":"2022-04-01T09:57:47","date_gmt":"2022-04-01T07:57:47","guid":{"rendered":"https:\/\/www.joyeriajael.es\/shipments\/"},"modified":"2022-08-08T14:17:11","modified_gmt":"2022-08-08T12:17:11","slug":"shipments","status":"publish","type":"page","link":"https:\/\/www.joyeriajael.es\/en\/shipments\/","title":{"rendered":"Shipments"},"content":{"rendered":"\t\t<div data-elementor-type=\"wp-page\" data-elementor-id=\"39345\" class=\"elementor elementor-39345 elementor-35356\" data-elementor-post-type=\"page\">\n\t\t\t\t\t\t<section class=\"elementor-section elementor-top-section elementor-element elementor-element-62d9ddc1 elementor-section-boxed elementor-section-height-default elementor-section-height-default\" data-id=\"62d9ddc1\" data-element_type=\"section\" data-e-type=\"section\">\n\t\t\t\t\t\t<div class=\"elementor-container elementor-column-gap-default\">\n\t\t\t\t\t<div class=\"elementor-column elementor-col-100 elementor-top-column elementor-element elementor-element-a84f7b2\" data-id=\"a84f7b2\" data-element_type=\"column\" data-e-type=\"column\">\n\t\t\t<div class=\"elementor-widget-wrap elementor-element-populated\">\n\t\t\t\t\t\t<div class=\"elementor-element elementor-element-7a80125c elementor-widget elementor-widget-text-editor\" data-id=\"7a80125c\" data-element_type=\"widget\" data-e-type=\"widget\" data-widget_type=\"text-editor.default\">\n\t\t\t\t\t\t\t\t\t<h3>Shipment of orders<\/h3>\n<strong>Order Formalization:<\/strong> Once the Terms of Use and the purchase confirmation have been accepted, the customer will receive an Order Confirmation email with the details of the operation.\n\n<strong>Delivery method and delivery time:<\/strong> Once the purchase is confirmed, the delivery time will not exceed 15 working days, being the usual delivery time less than 48-72h for shipments within the national territory from Monday to Friday.\n\nThe delay of the order will entitle the customer to cancel the order with refund of the amounts paid, but in no case will it imply any compensation.\n\nIf after 5 working days from the Order Confirmation the customer has not agreed on a delivery date with the carrier, the customer should contact JAEL. If the customer does not contact JAEL, the shipping company will proceed to return the shipment to its origin and the customer will be responsible for the shipping and return costs.\n\n<strong>Geographical scope:<\/strong> Jewelry products, classified in the &#8220;Jewelry&#8221; category, are not subject to geographical restrictions for distribution throughout the national territory (excluding the Canary Islands, Ceuta and Melilla) and the European Union.\n\nThe distribution of watchmaking products, classified in the &#8220;Watches&#8221; category, is geographically limited and may only be picked up in physical stores through the &#8220;In-Store Pickup&#8221; service.\n\nJAEL reserves the right to restrict the geographic scope of distribution in the event that it is unable to guarantee the safe delivery of the products.\n\n<strong>Customs declaration and international taxes and duties:<\/strong> The Customer shall pay the international taxes or duties levied on the products in the territory of collection, if any.\n<h3>Store pickup<\/h3>\nIf the customer wishes, he can pick up his order at any of the following JAEL jewelry stores:\n<ul>\n \t<li>Xeneral Pardi\u00f1as 7 \u2013 Santiago de Compostela. Phone. 981 576 895<\/li>\n \t<li>Calle Compostela 8 \u2013 La Coru\u00f1a. Phone. 981 909 029<\/li>\n<\/ul>\nTo access the in-store pick-up service, the customer must indicate this during the purchase process and comply with the delivery times indicated by e-mail.\n\nThe customer must go to the selected point of sale when placing the order and identify himself\/herself with the original valid ID card or passport and show the proof of purchase.\n\nIf the customer wishes the products to be picked up by a third party, he\/she must notify us by e-mail together with a signed authorization containing the full details of the customer and the person he\/she wishes to authorize (name, surname, ID or passport number).\n<h3>Delivery incidents<\/h3>\nThe customer undertakes to check the good condition of the shipment at the time of delivery to the carrier and must reflect any anomaly detected on the delivery note (breakage of security labels, external shocks, moisture, etc.) and may refuse delivery.\n\nThe customer must inform JAEL of any delivery incident by e-mail: santiago@joyeriajael.es.\n\nIt will be understood that the delivery or that the order has been delivered when the user (or a third party on his behalf) acquires the material possession of the product, which will be evidenced by the signature of the receipt of the order at the agreed delivery address if it is not &#8220;Pick up in store&#8221;.\t\t\t\t\t\t\t\t<\/div>\n\t\t\t\t\t<\/div>\n\t\t<\/div>\n\t\t\t\t\t<\/div>\n\t\t<\/section>\n\t\t\t\t<\/div>\n\t\t","protected":false},"excerpt":{"rendered":"<p>Shipment of orders Order Formalization: Once the Terms of Use and the purchase confirmation have been accepted, the&hellip;<\/p>\n","protected":false},"author":4,"featured_media":0,"parent":0,"menu_order":0,"comment_status":"closed","ping_status":"closed","template":"","meta":{"_acf_changed":false,"footnotes":""},"class_list":["post-39345","page","type-page","status-publish","hentry"],"acf":[],"yoast_head":"<!-- This site is optimized with the Yoast SEO Premium plugin v27.4 (Yoast SEO v27.4) - https:\/\/yoast.com\/product\/yoast-seo-premium-wordpress\/ -->\n<title>Shipments<\/title>\n<meta name=\"robots\" content=\"noindex, follow\" \/>\n<meta property=\"og:locale\" content=\"en_US\" \/>\n<meta property=\"og:type\" content=\"article\" \/>\n<meta property=\"og:title\" content=\"Shipments\" \/>\n<meta property=\"og:description\" content=\"Shipment of orders Order Formalization: Once the Terms of Use and the purchase confirmation have been accepted, the&hellip;\" \/>\n<meta property=\"og:url\" content=\"https:\/\/www.joyeriajael.es\/en\/shipments\/\" \/>\n<meta property=\"og:site_name\" content=\"Jael Joyer\u00eda\" \/>\n<meta property=\"article:modified_time\" content=\"2022-08-08T12:17:11+00:00\" \/>\n<meta property=\"og:image\" content=\"https:\/\/www.joyeriajael.es\/wp-content\/uploads\/2022\/05\/jael-santiago-2.jpg\" \/>\n\t<meta property=\"og:image:width\" content=\"620\" \/>\n\t<meta property=\"og:image:height\" content=\"471\" \/>\n\t<meta property=\"og:image:type\" content=\"image\/jpeg\" \/>\n<meta name=\"twitter:card\" content=\"summary_large_image\" \/>\n<!-- \/ Yoast SEO Premium plugin. -->","yoast_head_json":{"title":"Shipments","robots":{"index":"noindex","follow":"follow"},"og_locale":"en_US","og_type":"article","og_title":"Shipments","og_description":"Shipment of orders Order Formalization: Once the Terms of Use and the purchase confirmation have been accepted, the&hellip;","og_url":"https:\/\/www.joyeriajael.es\/en\/shipments\/","og_site_name":"Jael Joyer\u00eda","article_modified_time":"2022-08-08T12:17:11+00:00","og_image":[{"width":620,"height":471,"url":"https:\/\/www.joyeriajael.es\/wp-content\/uploads\/2022\/05\/jael-santiago-2.jpg","type":"image\/jpeg"}],"twitter_card":"summary_large_image","schema":{"@context":"https:\/\/schema.org","@graph":[{"@type":"WebPage","@id":"https:\/\/www.joyeriajael.es\/en\/shipments\/","url":"https:\/\/www.joyeriajael.es\/en\/shipments\/","name":"Shipments","isPartOf":{"@id":"https:\/\/www.joyeriajael.es\/en\/#website"},"datePublished":"2022-04-01T07:57:47+00:00","dateModified":"2022-08-08T12:17:11+00:00","breadcrumb":{"@id":"https:\/\/www.joyeriajael.es\/en\/shipments\/#breadcrumb"},"inLanguage":"en-US","potentialAction":[{"@type":"ReadAction","target":["https:\/\/www.joyeriajael.es\/en\/shipments\/"]}]},{"@type":"BreadcrumbList","@id":"https:\/\/www.joyeriajael.es\/en\/shipments\/#breadcrumb","itemListElement":[{"@type":"ListItem","position":1,"name":"Portada","item":"https:\/\/www.joyeriajael.es\/en\/"},{"@type":"ListItem","position":2,"name":"Shipments"}]},{"@type":"WebSite","@id":"https:\/\/www.joyeriajael.es\/en\/#website","url":"https:\/\/www.joyeriajael.es\/en\/","name":"Jael Joyer\u00eda","description":"Jael Joyer\u00eda en Santiago de Compostela y A Coru\u00f1a. Primeras marcas, firmas exclusivas, \u00fanico concesionario autorizado de Rolex en la provincia de A Coru\u00f1a.","publisher":{"@id":"https:\/\/www.joyeriajael.es\/en\/#organization"},"alternateName":"Jael","potentialAction":[{"@type":"SearchAction","target":{"@type":"EntryPoint","urlTemplate":"https:\/\/www.joyeriajael.es\/en\/?s={search_term_string}"},"query-input":{"@type":"PropertyValueSpecification","valueRequired":true,"valueName":"search_term_string"}}],"inLanguage":"en-US"},{"@type":"Organization","@id":"https:\/\/www.joyeriajael.es\/en\/#organization","name":"Jael","alternateName":"Jael joyer\u00eda","url":"https:\/\/www.joyeriajael.es\/en\/","logo":{"@type":"ImageObject","inLanguage":"en-US","@id":"https:\/\/www.joyeriajael.es\/en\/#\/schema\/logo\/image\/","url":"https:\/\/www.joyeriajael.es\/wp-content\/uploads\/2024\/07\/cropped-favicon-1.png","contentUrl":"https:\/\/www.joyeriajael.es\/wp-content\/uploads\/2024\/07\/cropped-favicon-1.png","width":512,"height":512,"caption":"Jael"},"image":{"@id":"https:\/\/www.joyeriajael.es\/en\/#\/schema\/logo\/image\/"}}]}},"_links":{"self":[{"href":"https:\/\/www.joyeriajael.es\/en\/wp-json\/wp\/v2\/pages\/39345","targetHints":{"allow":["GET"]}}],"collection":[{"href":"https:\/\/www.joyeriajael.es\/en\/wp-json\/wp\/v2\/pages"}],"about":[{"href":"https:\/\/www.joyeriajael.es\/en\/wp-json\/wp\/v2\/types\/page"}],"author":[{"embeddable":true,"href":"https:\/\/www.joyeriajael.es\/en\/wp-json\/wp\/v2\/users\/4"}],"replies":[{"embeddable":true,"href":"https:\/\/www.joyeriajael.es\/en\/wp-json\/wp\/v2\/comments?post=39345"}],"version-history":[{"count":1,"href":"https:\/\/www.joyeriajael.es\/en\/wp-json\/wp\/v2\/pages\/39345\/revisions"}],"predecessor-version":[{"id":39353,"href":"https:\/\/www.joyeriajael.es\/en\/wp-json\/wp\/v2\/pages\/39345\/revisions\/39353"}],"wp:attachment":[{"href":"https:\/\/www.joyeriajael.es\/en\/wp-json\/wp\/v2\/media?parent=39345"}],"curies":[{"name":"wp","href":"https:\/\/api.w.org\/{rel}","templated":true}]}}