{"id":39933,"date":"2022-04-01T10:21:24","date_gmt":"2022-04-01T08:21:24","guid":{"rendered":"https:\/\/www.joyeriajael.es\/privacy-policy\/"},"modified":"2024-11-05T15:44:42","modified_gmt":"2024-11-05T14:44:42","slug":"privacy-policy","status":"publish","type":"page","link":"https:\/\/www.joyeriajael.es\/en\/privacy-policy\/","title":{"rendered":"Privacy Policy"},"content":{"rendered":"\t\t<div data-elementor-type=\"wp-page\" data-elementor-id=\"39933\" class=\"elementor elementor-39933 elementor-35199\" data-elementor-post-type=\"page\">\n\t\t\t\t\t\t<section class=\"elementor-section elementor-top-section elementor-element elementor-element-7dd52c47 elementor-section-boxed elementor-section-height-default elementor-section-height-default\" data-id=\"7dd52c47\" data-element_type=\"section\" data-e-type=\"section\">\n\t\t\t\t\t\t<div class=\"elementor-container elementor-column-gap-default\">\n\t\t\t\t\t<div class=\"elementor-column elementor-col-100 elementor-top-column elementor-element elementor-element-3ec4473a\" data-id=\"3ec4473a\" data-element_type=\"column\" data-e-type=\"column\">\n\t\t\t<div class=\"elementor-widget-wrap elementor-element-populated\">\n\t\t\t\t\t\t<div class=\"elementor-element elementor-element-1126d893 elementor-widget elementor-widget-text-editor\" data-id=\"1126d893\" data-element_type=\"widget\" data-e-type=\"widget\" data-widget_type=\"text-editor.default\">\n\t\t\t\t\t\t\t\t\t<h2>Basic information on personal data protection<\/h2><p>You can consult the basic information on the protection of personal data at the following link:<\/p><p><a href=\"https:\/\/www.joyeriajael.es\/wp-content\/uploads\/2022\/11\/WEB-INFO-PROTEC-DATOS-2.pdf\" target=\"_blank\" rel=\"noopener\">www.joyeriajael.es\/wp-content\/uploads\/2022\/11\/WEB-INFO-PROTEC-DATOS-2.pdf<\/a><\/p><h2>Personal data protection<\/h2><p>JAEL JOYER\u00cdA SL and JUCARCHE SL, as data controllers, inform you that your data is collected for the purpose of: collecting personal data that is obtained through the physical forms on the premises, such as the contact forms available on the company website, for communications by email or telephone. The legal basis for the treatment is the consent of the interested party when providing their data in an express and informed manner. To fulfill the intended purpose, your data may be communicated to: Advertising and direct marketing companies. Any person has the right to request access, rectification, deletion, limitation of treatment, opposition or right to portability of their personal data, by writing to the address of our offices, or by sending an email to: coru\u00f1a@joyeriajael.es and\/or or santiago@joyeriajael.es, indicating the right you wish to exercise. You can obtain additional information on this website, in the Legal Notice.<\/p><p>In accordance with the provisions of Regulation (EU) 2016\/679 of the European Parliament and of the Council, we inform you that the personal data provided will be processed by JAEL JOYER\u00cdA SL with CIF B15998743 and address at C\/ General Pardi\u00f1as, 7 in Santiago de Compostela -15701, and\/or JUCARCHE SL, with CIF B70083720 and address at C\/ Compostela, 8 in A Coru\u00f1a- 15004.<\/p><p>The data provided by you is necessary to be able to provide the requested service with all the guarantees, and will be processed for the following purposes: Advertising and commercial prospecting as well as providing the information requested by the data included on the web.<\/p><p>The personal data provided will be kept as long as it is foreseen that they may be necessary to contact the interested party, and the interested party has not expressed their wish to unsubscribe from our database.<\/p><p>The legitimate interests of the data controller to process your data are: The legal basis for the processing of your data is the consent of the interested party when contacting our organization.<\/p><p>To fulfill the intended purposes, your data may be communicated to: Advertising and direct marketing companies<\/p><p>Any person has the right to request access, rectification, deletion, limitation of treatment, opposition or right to portability of their personal data, by writing to the address of our offices, or by sending an email to administracion@joyeriajael.es, indicating the right you wish to exercise.<\/p><p>You will also have the right to withdraw the consent given at any time. The withdrawal of consent will not affect the legality of the treatment carried out before the withdrawal of said consent.<\/p><p>You have the right to file a claim with the supervisory authority if you consider that your rights may have been violated with regard to the protection of your personal data.<\/p><p><strong>A<\/strong><b>PLAZAME<\/b>: the user accepts that all personal data will be transferred in full to Aplazame from the moment the user has initiated the contracting of the deferred payment service offered by the latter at the time of choosing the payment method. This acceptance extends to third parties that may need to access the files for the successful completion of the contract.<\/p><h2>Social networks<\/h2><p>We have a profile on social networks, acknowledging in all cases responsible for the treatment of the data of its followers, fans, subscribers, commenters and other user profiles (hereinafter, followers). The treatment that the entity will carry out with said data will be, at most, that which the social network allows for corporate profiles. Thus, we will be able to inform the followers by any means that the social network allows about our activities. In no case will we extract data from social networks, unless the user&#8217;s consent is expressly and expressly obtained for it. When, due to the very nature of social networks, the effective exercise of the rights of the follower is subject to the modification of his personal profile, we undertake to help and advise him to that end to the best of his ability.<\/p><h2>Content provided by users<\/h2><p>In social networks, forms, blogs and similar instruments, users can make comments. All the information and comments received will be considered given free of charge. The user must not send information that cannot be treated in this way.<\/p><p>The owner of the website reserves the right to publish the comments that are sent and withdraw all those that are not related to the content of the entry in which the comment is made, violate intellectual property, respect for the dignity of the person, the right to honour, one&#8217;s own image or privacy, the right to the protection of personal data, that are discriminatory, xenophobic, racist, pornographic, that threaten youth or childhood, public order or security or that, in his opinion, are illegal or simply not suitable for publication. Whoever sends a comment is responsible for providing lawful content and for the possible responsibilities that may arise for any reason, including possible compensation. In any case, the owner of the website is not responsible for the opinions expressed by the users through the participation tools, nor for the contents. Those comments or content not published or withdrawn will be destroyed.<\/p><p>The public sending of personal information, much less that of third parties, is also not recommended, and the incorporation of sensitive data or data that violates any type of personal right is expressly prohibited. If the user includes personal data, they must comply with the data protection regulations. Regarding yours, you can exercise the rights set forth in the previous section.<\/p><p>Contacts in Social Networks<\/p><h2>Purposes of treatment in social networks<\/h2><ul><li>Communicate with you, inform you about the services\/products and news of Jael Jewelry and create a community of followers.<\/li><li>Answer your queries, requests or petitions.<\/li><li>Manage the requested service, answer your request or process your request.<\/li><\/ul><p><strong>Legitimation in social networks<\/strong><\/p><p>It is established by virtue of the contractual relationship in the environment of the social network in which the page or profile is created in accordance with its Privacy policies:<\/p><ul><li><strong>Facebook:\u00a0<\/strong>facebook.com\/policy.php?ref=pf<\/li><li><strong>Instagram:\u00a0<\/strong>help.instagram.com\/155833707900388<\/li><li><strong>Printerest:\u00a0<\/strong>policy.pinterest.com\/es\/privacy-policy<\/li><\/ul><p><strong>Time of conservation of personal data in social networks<\/strong><\/p><p>We can only consult or delete your data based on the profile and the way that the social network allows us. We will treat them during the time that you are a follower, friend or give &#8220;like&#8221;, &#8220;follow&#8221; or similar buttons.<\/p><p>The rectification of your personal data or the restriction of the information or publications that you share must be done through the configuration of your profile or user in the social network itself.<\/p><h2>Rolex Section<\/h2><p>When you browse the Rolex section of our website, you may be interacting with an embedded <a href=\"http:\/\/www.rolex.com\/\" target=\"_blank\" rel=\"noopener\">www.rolex.com<\/a> website. In such case, the <a href=\"https:\/\/www.rolex.com\/es\/footer\/privacy-notice.html\" target=\"_blank\" rel=\"noopener\">Privacy Notice<\/a> and the <a href=\"https:\/\/www.rolex.com\/es\/footer\/cookies.html\" target=\"_blank\" rel=\"noopener\">Cookies Policy<\/a> of <a href=\"http:\/\/www.rolex.com\/\" target=\"_blank\" rel=\"noopener\">www.rolex.com<\/a> are the only ones applicable.<\/p>\t\t\t\t\t\t\t\t<\/div>\n\t\t\t\t\t<\/div>\n\t\t<\/div>\n\t\t\t\t\t<\/div>\n\t\t<\/section>\n\t\t\t\t<\/div>\n\t\t","protected":false},"excerpt":{"rendered":"<p>Basic information on personal data protection You can consult the basic information on the protection of personal data&hellip;<\/p>\n","protected":false},"author":4,"featured_media":0,"parent":0,"menu_order":0,"comment_status":"closed","ping_status":"open","template":"","meta":{"_acf_changed":false,"footnotes":""},"class_list":["post-39933","page","type-page","status-publish","hentry"],"acf":[],"yoast_head":"<!-- This site is optimized with the Yoast SEO Premium plugin v27.4 (Yoast SEO v27.4) - https:\/\/yoast.com\/product\/yoast-seo-premium-wordpress\/ -->\n<title>Privacy Policy<\/title>\n<meta name=\"robots\" content=\"noindex, follow\" \/>\n<meta property=\"og:locale\" content=\"en_US\" \/>\n<meta property=\"og:type\" content=\"article\" \/>\n<meta property=\"og:title\" content=\"Privacy Policy\" \/>\n<meta property=\"og:description\" content=\"Basic information on personal data protection You can consult the basic information on the protection of personal data&hellip;\" \/>\n<meta property=\"og:url\" content=\"https:\/\/www.joyeriajael.es\/en\/privacy-policy\/\" \/>\n<meta property=\"og:site_name\" content=\"Jael Joyer\u00eda\" \/>\n<meta property=\"article:modified_time\" content=\"2024-11-05T14:44:42+00:00\" \/>\n<meta property=\"og:image\" content=\"https:\/\/www.joyeriajael.es\/wp-content\/uploads\/2022\/05\/jael-santiago-2.jpg\" \/>\n\t<meta property=\"og:image:width\" content=\"620\" \/>\n\t<meta property=\"og:image:height\" content=\"471\" \/>\n\t<meta property=\"og:image:type\" content=\"image\/jpeg\" \/>\n<meta name=\"twitter:card\" content=\"summary_large_image\" \/>\n<!-- \/ Yoast SEO Premium plugin. -->","yoast_head_json":{"title":"Privacy Policy","robots":{"index":"noindex","follow":"follow"},"og_locale":"en_US","og_type":"article","og_title":"Privacy Policy","og_description":"Basic information on personal data protection You can consult the basic information on the protection of personal data&hellip;","og_url":"https:\/\/www.joyeriajael.es\/en\/privacy-policy\/","og_site_name":"Jael Joyer\u00eda","article_modified_time":"2024-11-05T14:44:42+00:00","og_image":[{"width":620,"height":471,"url":"https:\/\/www.joyeriajael.es\/wp-content\/uploads\/2022\/05\/jael-santiago-2.jpg","type":"image\/jpeg"}],"twitter_card":"summary_large_image","schema":{"@context":"https:\/\/schema.org","@graph":[{"@type":"WebPage","@id":"https:\/\/www.joyeriajael.es\/en\/privacy-policy\/","url":"https:\/\/www.joyeriajael.es\/en\/privacy-policy\/","name":"Privacy Policy","isPartOf":{"@id":"https:\/\/www.joyeriajael.es\/en\/#website"},"datePublished":"2022-04-01T08:21:24+00:00","dateModified":"2024-11-05T14:44:42+00:00","breadcrumb":{"@id":"https:\/\/www.joyeriajael.es\/en\/privacy-policy\/#breadcrumb"},"inLanguage":"en-US","potentialAction":[{"@type":"ReadAction","target":["https:\/\/www.joyeriajael.es\/en\/privacy-policy\/"]}]},{"@type":"BreadcrumbList","@id":"https:\/\/www.joyeriajael.es\/en\/privacy-policy\/#breadcrumb","itemListElement":[{"@type":"ListItem","position":1,"name":"Portada","item":"https:\/\/www.joyeriajael.es\/en\/"},{"@type":"ListItem","position":2,"name":"Privacy Policy"}]},{"@type":"WebSite","@id":"https:\/\/www.joyeriajael.es\/en\/#website","url":"https:\/\/www.joyeriajael.es\/en\/","name":"Jael Joyer\u00eda","description":"Jael Joyer\u00eda en Santiago de Compostela y A Coru\u00f1a. Primeras marcas, firmas exclusivas, \u00fanico concesionario autorizado de Rolex en la provincia de A Coru\u00f1a.","publisher":{"@id":"https:\/\/www.joyeriajael.es\/en\/#organization"},"alternateName":"Jael","potentialAction":[{"@type":"SearchAction","target":{"@type":"EntryPoint","urlTemplate":"https:\/\/www.joyeriajael.es\/en\/?s={search_term_string}"},"query-input":{"@type":"PropertyValueSpecification","valueRequired":true,"valueName":"search_term_string"}}],"inLanguage":"en-US"},{"@type":"Organization","@id":"https:\/\/www.joyeriajael.es\/en\/#organization","name":"Jael","alternateName":"Jael joyer\u00eda","url":"https:\/\/www.joyeriajael.es\/en\/","logo":{"@type":"ImageObject","inLanguage":"en-US","@id":"https:\/\/www.joyeriajael.es\/en\/#\/schema\/logo\/image\/","url":"https:\/\/www.joyeriajael.es\/wp-content\/uploads\/2024\/07\/cropped-favicon-1.png","contentUrl":"https:\/\/www.joyeriajael.es\/wp-content\/uploads\/2024\/07\/cropped-favicon-1.png","width":512,"height":512,"caption":"Jael"},"image":{"@id":"https:\/\/www.joyeriajael.es\/en\/#\/schema\/logo\/image\/"}}]}},"_links":{"self":[{"href":"https:\/\/www.joyeriajael.es\/en\/wp-json\/wp\/v2\/pages\/39933","targetHints":{"allow":["GET"]}}],"collection":[{"href":"https:\/\/www.joyeriajael.es\/en\/wp-json\/wp\/v2\/pages"}],"about":[{"href":"https:\/\/www.joyeriajael.es\/en\/wp-json\/wp\/v2\/types\/page"}],"author":[{"embeddable":true,"href":"https:\/\/www.joyeriajael.es\/en\/wp-json\/wp\/v2\/users\/4"}],"replies":[{"embeddable":true,"href":"https:\/\/www.joyeriajael.es\/en\/wp-json\/wp\/v2\/comments?post=39933"}],"version-history":[{"count":2,"href":"https:\/\/www.joyeriajael.es\/en\/wp-json\/wp\/v2\/pages\/39933\/revisions"}],"predecessor-version":[{"id":75423,"href":"https:\/\/www.joyeriajael.es\/en\/wp-json\/wp\/v2\/pages\/39933\/revisions\/75423"}],"wp:attachment":[{"href":"https:\/\/www.joyeriajael.es\/en\/wp-json\/wp\/v2\/media?parent=39933"}],"curies":[{"name":"wp","href":"https:\/\/api.w.org\/{rel}","templated":true}]}}