{"id":68061,"date":"2024-01-15T10:20:43","date_gmt":"2024-01-15T09:20:43","guid":{"rendered":"https:\/\/www.joyeriajael.es\/tag-heuer-e-corner\/"},"modified":"2024-04-17T10:31:45","modified_gmt":"2024-04-17T08:31:45","slug":"tag-heuer-e-corner","status":"publish","type":"page","link":"https:\/\/www.joyeriajael.es\/en\/tag-heuer-e-corner\/","title":{"rendered":"Tag Heuer E-Corner"},"content":{"rendered":"\t\t<div data-elementor-type=\"wp-page\" data-elementor-id=\"68061\" class=\"elementor elementor-68061\" data-elementor-post-type=\"page\">\n\t\t\t\t\t\t<section class=\"elementor-section elementor-top-section elementor-element elementor-element-47fb043 elementor-section-full_width elementor-section-height-default elementor-section-height-default\" data-id=\"47fb043\" data-element_type=\"section\" data-e-type=\"section\">\n\t\t\t\t\t\t<div class=\"elementor-container elementor-column-gap-default\">\n\t\t\t\t\t<div class=\"elementor-column elementor-col-100 elementor-top-column elementor-element elementor-element-782a363\" data-id=\"782a363\" data-element_type=\"column\" data-e-type=\"column\">\n\t\t\t<div class=\"elementor-widget-wrap elementor-element-populated\">\n\t\t\t\t\t\t<div class=\"elementor-element elementor-element-a6cb7de elementor-widget elementor-widget-html\" data-id=\"a6cb7de\" data-element_type=\"widget\" data-e-type=\"widget\" data-widget_type=\"html.default\">\n\t\t\t\t\t<style>\n.l-inner header{\n    display: none !important;\n}\n.l-section--container, .l-section__container,.c-post--page, .c-post__content{\n    width: 100%;\n    max-width: 100%;\n}\n.c-post{\n    margin: 0;\n}\n.c-post__container--page, .c-post__container--post{\n    margin-top: 0;\n}\n.c-post__inner{\n    padding-top: 0;\n}\n<\/style>\n\n<div id=\"TAG_HEUER_ECORNER\">\n<script src=\"https:\/\/epartner.tagheuer.com\/injectors\/ecorner-injector.js\"><\/script>\n<script>\nTAGHeuer.ECorner('#TAG_HEUER_ECORNER', {\n    retailerId: '20230836',\n    lang: 'en',\n})\n<\/script>\n<\/div>\t\t\t\t<\/div>\n\t\t\t\t\t<\/div>\n\t\t<\/div>\n\t\t\t\t\t<\/div>\n\t\t<\/section>\n\t\t\t\t<\/div>\n\t\t","protected":false},"excerpt":{"rendered":"","protected":false},"author":82,"featured_media":0,"parent":0,"menu_order":0,"comment_status":"closed","ping_status":"closed","template":"","meta":{"_acf_changed":false,"footnotes":""},"class_list":["post-68061","page","type-page","status-publish","hentry"],"acf":[],"yoast_head":"<!-- This site is optimized with the Yoast SEO Premium plugin v27.4 (Yoast SEO v27.4) - https:\/\/yoast.com\/product\/yoast-seo-premium-wordpress\/ -->\n<title>Tag Heuer E-Corner<\/title>\n<meta name=\"robots\" content=\"noindex, follow\" \/>\n<meta property=\"og:locale\" content=\"en_US\" \/>\n<meta property=\"og:type\" content=\"article\" \/>\n<meta property=\"og:title\" content=\"Tag Heuer E-Corner\" \/>\n<meta property=\"og:url\" content=\"https:\/\/www.joyeriajael.es\/en\/tag-heuer-e-corner\/\" \/>\n<meta property=\"og:site_name\" content=\"Jael Joyer\u00eda\" \/>\n<meta property=\"article:modified_time\" content=\"2024-04-17T08:31:45+00:00\" \/>\n<meta property=\"og:image\" content=\"https:\/\/www.joyeriajael.es\/wp-content\/uploads\/2022\/05\/jael-santiago-2.jpg\" \/>\n\t<meta property=\"og:image:width\" content=\"620\" \/>\n\t<meta property=\"og:image:height\" content=\"471\" \/>\n\t<meta property=\"og:image:type\" content=\"image\/jpeg\" \/>\n<meta name=\"twitter:card\" content=\"summary_large_image\" \/>\n<!-- \/ Yoast SEO Premium plugin. -->","yoast_head_json":{"title":"Tag Heuer E-Corner","robots":{"index":"noindex","follow":"follow"},"og_locale":"en_US","og_type":"article","og_title":"Tag Heuer E-Corner","og_url":"https:\/\/www.joyeriajael.es\/en\/tag-heuer-e-corner\/","og_site_name":"Jael Joyer\u00eda","article_modified_time":"2024-04-17T08:31:45+00:00","og_image":[{"width":620,"height":471,"url":"https:\/\/www.joyeriajael.es\/wp-content\/uploads\/2022\/05\/jael-santiago-2.jpg","type":"image\/jpeg"}],"twitter_card":"summary_large_image","schema":{"@context":"https:\/\/schema.org","@graph":[{"@type":"WebPage","@id":"https:\/\/www.joyeriajael.es\/en\/tag-heuer-e-corner\/","url":"https:\/\/www.joyeriajael.es\/en\/tag-heuer-e-corner\/","name":"Tag Heuer E-Corner","isPartOf":{"@id":"https:\/\/www.joyeriajael.es\/en\/#website"},"datePublished":"2024-01-15T09:20:43+00:00","dateModified":"2024-04-17T08:31:45+00:00","breadcrumb":{"@id":"https:\/\/www.joyeriajael.es\/en\/tag-heuer-e-corner\/#breadcrumb"},"inLanguage":"en-US","potentialAction":[{"@type":"ReadAction","target":["https:\/\/www.joyeriajael.es\/en\/tag-heuer-e-corner\/"]}]},{"@type":"BreadcrumbList","@id":"https:\/\/www.joyeriajael.es\/en\/tag-heuer-e-corner\/#breadcrumb","itemListElement":[{"@type":"ListItem","position":1,"name":"Portada","item":"https:\/\/www.joyeriajael.es\/en\/"},{"@type":"ListItem","position":2,"name":"Tag Heuer E-Corner"}]},{"@type":"WebSite","@id":"https:\/\/www.joyeriajael.es\/en\/#website","url":"https:\/\/www.joyeriajael.es\/en\/","name":"Jael Joyer\u00eda","description":"Jael Joyer\u00eda en Santiago de Compostela y A Coru\u00f1a. Primeras marcas, firmas exclusivas, \u00fanico concesionario autorizado de Rolex en la provincia de A Coru\u00f1a.","publisher":{"@id":"https:\/\/www.joyeriajael.es\/en\/#organization"},"alternateName":"Jael","potentialAction":[{"@type":"SearchAction","target":{"@type":"EntryPoint","urlTemplate":"https:\/\/www.joyeriajael.es\/en\/?s={search_term_string}"},"query-input":{"@type":"PropertyValueSpecification","valueRequired":true,"valueName":"search_term_string"}}],"inLanguage":"en-US"},{"@type":"Organization","@id":"https:\/\/www.joyeriajael.es\/en\/#organization","name":"Jael","alternateName":"Jael joyer\u00eda","url":"https:\/\/www.joyeriajael.es\/en\/","logo":{"@type":"ImageObject","inLanguage":"en-US","@id":"https:\/\/www.joyeriajael.es\/en\/#\/schema\/logo\/image\/","url":"https:\/\/www.joyeriajael.es\/wp-content\/uploads\/2024\/07\/cropped-favicon-1.png","contentUrl":"https:\/\/www.joyeriajael.es\/wp-content\/uploads\/2024\/07\/cropped-favicon-1.png","width":512,"height":512,"caption":"Jael"},"image":{"@id":"https:\/\/www.joyeriajael.es\/en\/#\/schema\/logo\/image\/"}}]}},"_links":{"self":[{"href":"https:\/\/www.joyeriajael.es\/en\/wp-json\/wp\/v2\/pages\/68061","targetHints":{"allow":["GET"]}}],"collection":[{"href":"https:\/\/www.joyeriajael.es\/en\/wp-json\/wp\/v2\/pages"}],"about":[{"href":"https:\/\/www.joyeriajael.es\/en\/wp-json\/wp\/v2\/types\/page"}],"author":[{"embeddable":true,"href":"https:\/\/www.joyeriajael.es\/en\/wp-json\/wp\/v2\/users\/82"}],"replies":[{"embeddable":true,"href":"https:\/\/www.joyeriajael.es\/en\/wp-json\/wp\/v2\/comments?post=68061"}],"version-history":[{"count":2,"href":"https:\/\/www.joyeriajael.es\/en\/wp-json\/wp\/v2\/pages\/68061\/revisions"}],"predecessor-version":[{"id":70264,"href":"https:\/\/www.joyeriajael.es\/en\/wp-json\/wp\/v2\/pages\/68061\/revisions\/70264"}],"wp:attachment":[{"href":"https:\/\/www.joyeriajael.es\/en\/wp-json\/wp\/v2\/media?parent=68061"}],"curies":[{"name":"wp","href":"https:\/\/api.w.org\/{rel}","templated":true}]}}