{"id":81072,"date":"2025-03-14T12:15:56","date_gmt":"2025-03-14T11:15:56","guid":{"rendered":"https:\/\/www.joyeriajael.es\/rolex-certified-pre-owned\/programa\/"},"modified":"2025-07-24T08:41:48","modified_gmt":"2025-07-24T06:41:48","slug":"programme","status":"publish","type":"page","link":"https:\/\/www.joyeriajael.es\/en\/rolex-certified-pre-owned\/programme\/","title":{"rendered":"The programme"},"content":{"rendered":"\r\n<div class=\"wp-block-columns alignfull rlx-full is-layout-flex wp-container-core-columns-is-layout-9d6595d7 wp-block-columns-is-layout-flex\">\r\n<div class=\"wp-block-column is-layout-flow wp-block-column-is-layout-flow\">\r\n<figure class=\"wp-block-image size-full img-desktop\"><img decoding=\"async\" class=\"wp-image-33396\" src=\"https:\/\/www.joyeriajael.es\/wp-content\/uploads\/2025\/03\/rolex-cpo-the-programme-submariner-cover-cpo_2403fb_0011-landscape.webp\" alt=\"\" \/><\/figure>\r\n\r\n\r\n\r\n<figure class=\"wp-block-image size-full img-mobile\"><img decoding=\"async\" class=\"wp-image-33389\" src=\"https:\/\/www.joyeriajael.es\/wp-content\/uploads\/2025\/03\/rolex-cpo-the-programme-submariner-cover-cpo_2403fb_0011-portrait.webp\" alt=\"\" \/><\/figure>\r\n<\/div>\r\n<\/div>\r\n\r\n\r\n\r\n<div class=\"wp-block-columns is-layout-flex wp-container-core-columns-is-layout-9d6595d7 wp-block-columns-is-layout-flex\">\r\n<div class=\"wp-block-column is-layout-flow wp-block-column-is-layout-flow\">\r\n<p class=\"fz-20 mb-none color-brown\"><strong>A second life<\/strong><\/p>\r\n\r\n\r\n\r\n<h1 class=\"wp-block-heading fz-50 color-brown\">The Rolex Certified Pre-Owned programme<\/h1>\r\n<\/div>\r\n\r\n\r\n\r\n<div class=\"wp-block-column is-layout-flow wp-block-column-is-layout-flow\">\r\n<p class=\"fz-20\"><strong>Rolex wishes to accompany the second life of its watches already circulating on the market,<\/strong> with a view to preserving, maintaining and guaranteeing what already exists.<\/p>\r\n<\/div>\r\n<\/div>\r\n\r\n\r\n\r\n<div class=\"wp-block-columns s-text is-layout-flex wp-container-core-columns-is-layout-9d6595d7 wp-block-columns-is-layout-flex\">\r\n<div class=\"wp-block-column is-layout-flow wp-block-column-is-layout-flow\" style=\"flex-basis: 100%;\">\r\n<figure class=\"wp-block-embed is-type-video is-provider-youtube wp-block-embed-youtube wp-embed-aspect-16-9 wp-has-aspect-ratio\">\r\n<div class=\"wp-block-embed__wrapper\">https:\/\/youtu.be\/r6SB3PpAG1E<\/div>\r\n<\/figure>\r\n<\/div>\r\n<\/div>\r\n\r\n\r\n\r\n<div class=\"wp-block-columns rlx-row is-layout-flex wp-container-core-columns-is-layout-9d6595d7 wp-block-columns-is-layout-flex\">\r\n<div class=\"wp-block-column rlx-box-text is-layout-flow wp-block-column-is-layout-flow\">\r\n<p class=\"fz-50 color-brown bold\"><strong>Rolex watches \u2013 new or pre-owned \u2013 should only be bought from Official Rolex Retailers, who are authorized to sell and care for Rolex watches.<\/strong><\/p>\r\n<\/div>\r\n<\/div>\r\n\r\n\r\n\r\n<div class=\"wp-block-columns rlx-full is-layout-flex wp-container-core-columns-is-layout-9d6595d7 wp-block-columns-is-layout-flex\">\r\n<div class=\"wp-block-column is-layout-flow wp-block-column-is-layout-flow\">\r\n<figure class=\"wp-block-image size-full img-desktop\"><img decoding=\"async\" class=\"wp-image-33393\" src=\"https:\/\/www.joyeriajael.es\/wp-content\/uploads\/2025\/03\/rolex-cpo-interior-design-logo-ambiance-pos_2403mg_0032-landscape.webp\" alt=\"\" \/><\/figure>\r\n\r\n\r\n\r\n<figure class=\"wp-block-image size-full img-mobile\"><img decoding=\"async\" class=\"wp-image-33391\" src=\"https:\/\/www.joyeriajael.es\/wp-content\/uploads\/2025\/03\/rolex-cpo-message-pos-2403mg-0032-portrait.webp\" alt=\"\" \/><\/figure>\r\n<\/div>\r\n<\/div>\r\n\r\n\r\n\r\n<div class=\"wp-block-columns rlx-row is-layout-flex wp-container-core-columns-is-layout-9d6595d7 wp-block-columns-is-layout-flex\">\r\n<div class=\"wp-block-column rlx-img-m is-layout-flow wp-block-column-is-layout-flow\">\r\n<figure class=\"wp-block-image size-full img-desktop\"><img decoding=\"async\" class=\"wp-image-33388\" src=\"https:\/\/www.joyeriajael.es\/wp-content\/uploads\/2025\/03\/rolex-cpo-built-to-last-yacht-master-m16628_2403ac_003-landscape.webp\" alt=\"\" \/><\/figure>\r\n\r\n\r\n\r\n<figure class=\"wp-block-image size-full img-mobile\"><img decoding=\"async\" class=\"wp-image-33394\" src=\"https:\/\/www.joyeriajael.es\/wp-content\/uploads\/2025\/03\/rolex-cpo-built-to-last-yacht-master-m16628_2403ac_003-portrait.webp\" alt=\"\" \/><\/figure>\r\n<\/div>\r\n<\/div>\r\n\r\n\r\n\r\n<div class=\"wp-block-columns rlx-row is-layout-flex wp-container-core-columns-is-layout-9d6595d7 wp-block-columns-is-layout-flex\">\r\n<div class=\"wp-block-column rlx-box-text is-layout-flow wp-block-column-is-layout-flow\">\r\n<h2 class=\"wp-block-heading fz-50 color-brown bold mb-20\">Built to last<\/h2>\r\n\r\n\r\n\r\n<p class=\"fz-20\">Because they are designed to last, Rolex watches often have several lives. With the Rolex Certified Pre-Owned programme, we offer the possibility of acquiring certified authentic second-hand models, fully serviced and guaranteed by us. Whatever their past adventures, our watches are ready to accompany you in a new story.<\/p>\r\n<\/div>\r\n<\/div>\r\n\r\n\r\n\r\n<div class=\"wp-block-columns rlx-full bg-beige pt-10vh pb-10vh is-layout-flex wp-container-core-columns-is-layout-9d6595d7 wp-block-columns-is-layout-flex\">\r\n<div class=\"wp-block-column is-layout-flow wp-block-column-is-layout-flow\">\r\n<div class=\"wp-block-columns rlx-row is-layout-flex wp-container-core-columns-is-layout-9d6595d7 wp-block-columns-is-layout-flex\">\r\n<div class=\"wp-block-column rlx-img-m is-layout-flow wp-block-column-is-layout-flow\">\r\n<figure class=\"wp-block-image size-full img-desktop\"><img decoding=\"async\" class=\"wp-image-33392\" src=\"https:\/\/www.joyeriajael.es\/wp-content\/uploads\/2025\/03\/rolex-cpo-watch-serviced-and-tested-rigorously-cpo_2403fb_0013-landscape.webp\" alt=\"\" \/><\/figure>\r\n\r\n\r\n\r\n<figure class=\"wp-block-image size-full img-mobile\"><img decoding=\"async\" class=\"wp-image-33395\" src=\"https:\/\/www.joyeriajael.es\/wp-content\/uploads\/2025\/03\/rolex-cpo-watch-serviced-and-tested-rigorously-cpo_2403fb_0013-portrait.webp\" alt=\"\" \/><\/figure>\r\n<\/div>\r\n<\/div>\r\n\r\n\r\n\r\n<div class=\"wp-block-columns rlx-row is-layout-flex wp-container-core-columns-is-layout-9d6595d7 wp-block-columns-is-layout-flex\">\r\n<div class=\"wp-block-column rlx-box-text is-layout-flow wp-block-column-is-layout-flow\">\r\n<h2 class=\"wp-block-heading fz-50 color-brown bold mb-20\">Nothing can escape time<\/h2>\r\n\r\n\r\n\r\n<p class=\"fz-20\">With the Rolex Certified Pre-Owned programme, any second-hand watch can be set to start a new journey. Once back at Rolex, they are serviced and tested rigorously until it is worthy and rewarded a new and unique seal to set forth on new adventures.<\/p>\r\n<\/div>\r\n<\/div>\r\n<\/div>\r\n<\/div>\r\n\r\n\r\n\r\n<div class=\"wp-block-columns rlx-row is-layout-flex wp-container-core-columns-is-layout-9d6595d7 wp-block-columns-is-layout-flex\">\r\n<div class=\"wp-block-column rlx-img-m is-layout-flow wp-block-column-is-layout-flow\">\r\n<figure class=\"wp-block-image size-full img-desktop\"><img decoding=\"async\" class=\"wp-image-33398\" src=\"https:\/\/www.joyeriajael.es\/wp-content\/uploads\/2025\/03\/rolex-cpo-watch-serviced-and-tested-rigorously-cpo_2403fb_005-landscape.webp\" alt=\"\" \/><\/figure>\r\n\r\n\r\n\r\n<figure class=\"wp-block-image size-full img-mobile\"><img decoding=\"async\" class=\"wp-image-33390\" src=\"https:\/\/www.joyeriajael.es\/wp-content\/uploads\/2025\/03\/rolex-cpo-watch-serviced-and-tested-rigorously-cpo_2403fb_005-portrait.webp\" alt=\"\" \/><\/figure>\r\n<\/div>\r\n<\/div>\r\n\r\n\r\n\r\n<div class=\"wp-block-columns rlx-row is-layout-flex wp-container-core-columns-is-layout-9d6595d7 wp-block-columns-is-layout-flex\">\r\n<div class=\"wp-block-column rlx-box-text is-layout-flow wp-block-column-is-layout-flow\">\r\n<p class=\"fz-50 georgia mb-20\">\u201cAnd the end of the story? There is not yet an end in sight!\u201d<\/p>\r\n\r\n\r\n\r\n<p class=\"fz-20\">Hans Wilsdorf<\/p>\r\n<\/div>\r\n<\/div>\r\n\r\n\r\n\r\n<div class=\"wp-block-columns rlx-full mb-0 is-layout-flex wp-container-core-columns-is-layout-9d6595d7 wp-block-columns-is-layout-flex\">\r\n<div class=\"wp-block-column is-layout-flow wp-block-column-is-layout-flow\">\r\n<figure class=\"wp-block-image size-full img-desktop\"><img decoding=\"async\" class=\"wp-image-33397\" src=\"https:\/\/www.joyeriajael.es\/wp-content\/uploads\/2025\/03\/rolex-cpo-ambiance-cosmograph-daytona-m116518_2403ac_002-landscape.webp\" alt=\"\" \/><\/figure>\r\n\r\n\r\n\r\n<figure class=\"wp-block-image size-full img-mobile\"><img decoding=\"async\" class=\"wp-image-33399\" src=\"https:\/\/www.joyeriajael.es\/wp-content\/uploads\/2025\/03\/rolex-cpo-ambiance-cosmograph-daytona-m116518_2403ac_002-portrait.webp\" alt=\"\" \/><\/figure>\r\n<\/div>\r\n<\/div>\r\n\r\n\r\n\r\n<div class=\"wp-block-columns rlx-full bg-white pt-10vh mt-0 is-layout-flex wp-container-core-columns-is-layout-9d6595d7 wp-block-columns-is-layout-flex\">\r\n<div class=\"wp-block-column rlx-margin is-layout-flow wp-block-column-is-layout-flow\">\r\n<p class=\"fz-36 color-brown mb-20\"><strong>Keep exploring<\/strong><\/p>\r\n\r\n\r\n    <aside class=\"rlx-visual-banner\" aria-label=\"Explore m\u00e1s\">\r\n        <div class=\"rlx-carousel rlx-carousel-keep-exploring-cpo-v7 rlx-carousel-event-start\">\r\n            <div class=\"rlx-carousel-window swiper-container swiper-container-keep-exploring\">\r\n                <div class=\"rlx-carousel-wrapper swiper-wrapper swiper-wrapper-keep-exploring\">\r\n\r\n                    <section class=\"rlx-carousel-slide swiper-slide\" data-range=\"310,620,1\">\r\n                        <div class=\"rlx-asset\">\r\n                                                            <a href=\"\/en\/rolex-certified-pre-owned\/\">\r\n                                                                        <figure class=\"\">\r\n                                        <picture>\r\n                                            <source media=\"(min-width:768px)\" type=\"image\/webp\" srcset=\"\/wp-content\/themes\/goldish-child\/images\/keep-exploring\/rolex-cpo-at-retailer-keep-exploring-landscape.webp\">\r\n                                            <source media=\"(max-width:767px)\" type=\"image\/webp\" srcset=\"\/wp-content\/themes\/goldish-child\/images\/keep-exploring\/rolex-certified-pre-owned-at-retailer-keep-exploring-portrait.webp\">\r\n                                            <img fetchpriority=\"high\" decoding=\"async\" src=\"\/wp-content\/themes\/goldish-child\/images\/keep-exploring\/rolex-cpo-at-retailer-keep-exploring-landscape.webp\" width=\"550\"  height=\"260\" alt=\"Rolex Certified Pre-Owned en Jael Joyer\u00eda\">\r\n                                        <\/picture>\r\n                                    <\/figure>\r\n                                    <h3 class=\"bold\">Rolex Certified Pre-Owned at Jael Joyer\u00eda<\/h3>\r\n                                <\/a>\r\n                        <\/div>\r\n                    <\/section>\r\n\r\n                    <section class=\"rlx-carousel-slide swiper-slide\" data-range=\"310,620,1\">\r\n                        <div class=\"rlx-asset\">\r\n                                                            <a href=\"\/en\/rolex-certified-pre-owned\/watches\/\">\r\n                                                                <figure class=\"\">\r\n                                        <picture>\r\n                                            <source media=\"(min-width:768px)\" type=\"image\/webp\" srcset=\"\/wp-content\/themes\/goldish-child\/images\/keep-exploring\/rolex-cpo-keep-exploring-our-selection-landscape.webp\">\r\n                                            <source media=\"(max-width:767px)\" type=\"image\/webp\" srcset=\"\/wp-content\/themes\/goldish-child\/images\/keep-exploring\/rolex-certified-pre-owned-keep-exploring-our-selection-portrait.webp\">\r\n                                            <img decoding=\"async\" src=\"\/wp-content\/themes\/goldish-child\/images\/keep-exploring\/rolex-cpo-keep-exploring-our-selection-landscape.webp\" width=\"550\" height=\"260\" alt=\"Our Selection\">\r\n                                        <\/picture>\r\n                                    <\/figure>\r\n                                    <h3 class=\"bold\">Our Selection<\/h3>\r\n                                <\/a>\r\n                        <\/div>\r\n                    <\/section>\r\n\r\n                    <section class=\"rlx-carousel-slide swiper-slide\" data-range=\"310,620,1\">\r\n                        <div class=\"rlx-asset\">\r\n                                                        <a class=\"active-keep-exploring-link\" href=\"\/en\/rolex-certified-pre-owned\/program\/\">\r\n                                                                    <figure class=\"\">\r\n                                        <picture>\r\n                                            <source media=\"(min-width:768px)\" type=\"image\/webp\" srcset=\"\/wp-content\/themes\/goldish-child\/images\/keep-exploring\/rolex-cpo-keep-exploring-the-programme-landscape.webp\">\r\n                                            <source media=\"(max-width:767px)\" type=\"image\/webp\" srcset=\"\/wp-content\/themes\/goldish-child\/images\/keep-exploring\/rolex-certified-pre-owned-keep-exploring-the-programme-portrait.webp\">\r\n                                            <img decoding=\"async\" src=\"\/wp-content\/themes\/goldish-child\/images\/keep-exploring\/rolex-cpo-keep-exploring-the-programme-landscape.webp\" width=\"550\" height=\"260\" alt=\"The Program\">\r\n                                        <\/picture>\r\n                                    <\/figure>\r\n                                    <h3 class=\"bold\">The Program<\/h3>\r\n                                <\/a>\r\n                        <\/div>\r\n                    <\/section>\r\n\r\n                    <section class=\"rlx-carousel-slide swiper-slide\" data-range=\"310,620,1\">\r\n                        <div class=\"rlx-asset\">\r\n                                                            <a href=\"\/en\/rolex-certified-pre-owned\/certification\/\">\r\n                                                                        <figure class=\"\">\r\n                                        <picture>\r\n                                            <source media=\"(min-width:768px)\" type=\"image\/webp\" srcset=\"\/wp-content\/themes\/goldish-child\/images\/keep-exploring\/rolex-cpo-keep-exploring-rolex-certification-landscape.webp\">\r\n                                            <source media=\"(max-width:767px)\" type=\"image\/webp\" srcset=\"\/wp-content\/themes\/goldish-child\/images\/keep-exploring\/rolex-certified-pre-owned-keep-exploring-our-selection-portrait.webp\">\r\n                                            <img loading=\"lazy\" decoding=\"async\" src=\"\/wp-content\/themes\/goldish-child\/images\/keep-exploring\/rolex-cpo-keep-exploring-rolex-certification-landscape.webp\" width=\"550\" height=\"260\" alt=\"The Rolex Certification\">\r\n                                        <\/picture>\r\n                                    <\/figure>\r\n                                    <h3 class=\"bold\">The Rolex Certification<\/h3>\r\n                                <\/a>\r\n                        <\/div>\r\n                    <\/section>\r\n\r\n                    <section class=\"rlx-carousel-slide swiper-slide\" data-range=\"310,620,1\">\r\n                        <div class=\"rlx-asset\">\r\n                                                            <a href=\"\/en\/rolex-certified-pre-owned\/contact\/\">\r\n                                                                        <figure class=\"\">\r\n                                        <picture>\r\n                                            <source media=\"(min-width:768px)\" type=\"image\/webp\" srcset=\"\/wp-content\/themes\/goldish-child\/images\/keep-exploring\/rolex-cpo-keep-exploring-contact-us-landscape.webp\">\r\n                                            <source media=\"(max-width:767px)\" type=\"image\/webp\" srcset=\"\/wp-content\/themes\/goldish-child\/images\/keep-exploring\/rolex-certified-pre-owned-keep-exploring-contact-us-portrait.webp\">\r\n                                            <img loading=\"lazy\" decoding=\"async\" src=\"\/wp-content\/themes\/goldish-child\/images\/keep-exploring\/rolex-cpo-keep-exploring-contact-us-landscape.webp\" width=\"550\" height=\"260\" alt=\"Contact us\">\r\n                                        <\/picture>\r\n                                    <\/figure>\r\n                                    <h3 class=\"bold\">Contact Us<\/h3>\r\n                                <\/a>\r\n                        <\/div>\r\n                    <\/section>\r\n\r\n                    \r\n\r\n                <\/div>\r\n            <\/div>\r\n            <div class=\"swiper-pagination swiper-pagination-cpo-v7\"><\/div>\r\n            <div class=\"swiper-button-prev swiper-button-prev-cpo-v7\">\r\n                <svg width=\"44\" height=\"44\" viewBox=\"0 0 44 44\" fill=\"none\" xmlns=\"http:\/\/www.w3.org\/2000\/svg\"><g clip-path=\"url(#clip0_2729_920)\"><path d=\"M22 -1.9233e-06C9.84974 -2.98551e-06 2.98551e-06 9.84973 1.9233e-06 22C8.61091e-07 34.1503 9.84974 44 22 44C34.1503 44 44 34.1503 44 22C44 9.84974 34.1503 -8.61091e-07 22 -1.9233e-06Z\" fill=\"#D4D4D4\" fill-opacity=\"0.3\"\/><path d=\"M24 17L19 22\" stroke=\"#452C1E\" stroke-width=\"2\" stroke-linecap=\"square\"\/><path d=\"M24 27L19 22\" stroke=\"#452C1E\" stroke-width=\"2\" stroke-linecap=\"square\"\/><\/g><defs><clipPath id=\"clip0_2729_920\"><rect width=\"44\" height=\"44\" fill=\"white\" transform=\"translate(44 44) rotate(-180)\"\/><\/clipPath><\/defs><\/svg>\r\n            <\/div>\r\n            <div class=\"swiper-button-next swiper-button-next-cpo-v7\">\r\n                <svg width=\"44\" height=\"44\" viewBox=\"0 0 44 44\" fill=\"none\" xmlns=\"http:\/\/www.w3.org\/2000\/svg\"><g clip-path=\"url(#clip0_2685_1036)\"><path d=\"M22 44C34.1503 44 44 34.1503 44 22C44 9.84974 34.1503 0 22 0C9.84974 0 0 9.84974 0 22C0 34.1503 9.84974 44 22 44Z\" fill=\"#D4D4D4\" fill-opacity=\"0.3\"\/><path d=\"M20 27L25 22\" stroke=\"#452C1E\" stroke-width=\"2\" stroke-linecap=\"square\"\/><path d=\"M20 17L25 22\" stroke=\"#452C1E\" stroke-width=\"2\" stroke-linecap=\"square\"\/><\/g><defs><clipPath id=\"clip0_2685_1036\"><rect width=\"44\" height=\"44\" fill=\"white\"\/><\/clipPath><\/defs><\/svg>\r\n            <\/div>\r\n        <\/div>\r\n    <\/aside>\r\n\r\n    \n<\/div>\r\n<\/div>\r\n","protected":false},"excerpt":{"rendered":"<p>A second life The Rolex Certified Pre-Owned programme Rolex wishes to accompany the second life of its watches&hellip;<\/p>\n","protected":false},"author":25,"featured_media":0,"parent":81054,"menu_order":0,"comment_status":"closed","ping_status":"closed","template":"page-cpo-v7.php","meta":{"_acf_changed":false,"footnotes":""},"class_list":["post-81072","page","type-page","status-publish","hentry"],"acf":[],"yoast_head":"<!-- This site is optimized with the Yoast SEO Premium plugin v27.4 (Yoast SEO v27.4) - https:\/\/yoast.com\/product\/yoast-seo-premium-wordpress\/ -->\n<title>Rolex Certified Pre-Owned Programme | Jael Joyer\u00eda<\/title>\n<meta name=\"description\" content=\"Through the Rolex Certified Pre-Owned programme, Rolex accompanies the second life of its watches witha view to preserving, maintaining and guaranteeing what already exists.\" \/>\n<meta name=\"robots\" content=\"index, follow, max-snippet:-1, max-image-preview:large, max-video-preview:-1\" \/>\n<link rel=\"canonical\" href=\"https:\/\/www.joyeriajael.es\/en\/rolex-certified-pre-owned\/programme\/\" \/>\n<meta property=\"og:locale\" content=\"en_US\" \/>\n<meta property=\"og:type\" content=\"article\" \/>\n<meta property=\"og:title\" content=\"The programme\" \/>\n<meta property=\"og:description\" content=\"Through the Rolex Certified Pre-Owned programme, Rolex accompanies the second life of its watches witha view to preserving, maintaining and guaranteeing what already exists.\" \/>\n<meta property=\"og:url\" content=\"https:\/\/www.joyeriajael.es\/en\/rolex-certified-pre-owned\/programme\/\" \/>\n<meta property=\"og:site_name\" content=\"Jael Joyer\u00eda\" \/>\n<meta property=\"article:modified_time\" content=\"2025-07-24T06:41:48+00:00\" \/>\n<meta property=\"og:image\" content=\"https:\/\/www.joyeriajael.es\/wp-content\/uploads\/2025\/03\/rolex-cpo-the-programme-submariner-cover-cpo_2403fb_0011-landscape.webp\" \/>\n<meta name=\"twitter:card\" content=\"summary_large_image\" \/>\n<!-- \/ Yoast SEO Premium plugin. -->","yoast_head_json":{"title":"Rolex Certified Pre-Owned Programme | Jael Joyer\u00eda","description":"Through the Rolex Certified Pre-Owned programme, Rolex accompanies the second life of its watches witha view to preserving, maintaining and guaranteeing what already exists.","robots":{"index":"index","follow":"follow","max-snippet":"max-snippet:-1","max-image-preview":"max-image-preview:large","max-video-preview":"max-video-preview:-1"},"canonical":"https:\/\/www.joyeriajael.es\/en\/rolex-certified-pre-owned\/programme\/","og_locale":"en_US","og_type":"article","og_title":"The programme","og_description":"Through the Rolex Certified Pre-Owned programme, Rolex accompanies the second life of its watches witha view to preserving, maintaining and guaranteeing what already exists.","og_url":"https:\/\/www.joyeriajael.es\/en\/rolex-certified-pre-owned\/programme\/","og_site_name":"Jael Joyer\u00eda","article_modified_time":"2025-07-24T06:41:48+00:00","og_image":[{"url":"https:\/\/www.joyeriajael.es\/wp-content\/uploads\/2025\/03\/rolex-cpo-the-programme-submariner-cover-cpo_2403fb_0011-landscape.webp","type":"","width":"","height":""}],"twitter_card":"summary_large_image","schema":{"@context":"https:\/\/schema.org","@graph":[{"@type":"WebPage","@id":"https:\/\/www.joyeriajael.es\/en\/rolex-certified-pre-owned\/programme\/","url":"https:\/\/www.joyeriajael.es\/en\/rolex-certified-pre-owned\/programme\/","name":"Rolex Certified Pre-Owned Programme | Jael Joyer\u00eda","isPartOf":{"@id":"https:\/\/www.joyeriajael.es\/en\/#website"},"primaryImageOfPage":{"@id":"https:\/\/www.joyeriajael.es\/en\/rolex-certified-pre-owned\/programme\/#primaryimage"},"image":{"@id":"https:\/\/www.joyeriajael.es\/en\/rolex-certified-pre-owned\/programme\/#primaryimage"},"thumbnailUrl":"https:\/\/www.joyeriajael.es\/wp-content\/uploads\/2025\/03\/rolex-cpo-the-programme-submariner-cover-cpo_2403fb_0011-landscape.webp","datePublished":"2025-03-14T11:15:56+00:00","dateModified":"2025-07-24T06:41:48+00:00","description":"Through the Rolex Certified Pre-Owned programme, Rolex accompanies the second life of its watches witha view to preserving, maintaining and guaranteeing what already exists.","breadcrumb":{"@id":"https:\/\/www.joyeriajael.es\/en\/rolex-certified-pre-owned\/programme\/#breadcrumb"},"inLanguage":"en-US","potentialAction":[{"@type":"ReadAction","target":["https:\/\/www.joyeriajael.es\/en\/rolex-certified-pre-owned\/programme\/"]}]},{"@type":"ImageObject","inLanguage":"en-US","@id":"https:\/\/www.joyeriajael.es\/en\/rolex-certified-pre-owned\/programme\/#primaryimage","url":"https:\/\/www.joyeriajael.es\/wp-content\/uploads\/2025\/03\/rolex-cpo-the-programme-submariner-cover-cpo_2403fb_0011-landscape.webp","contentUrl":"https:\/\/www.joyeriajael.es\/wp-content\/uploads\/2025\/03\/rolex-cpo-the-programme-submariner-cover-cpo_2403fb_0011-landscape.webp"},{"@type":"BreadcrumbList","@id":"https:\/\/www.joyeriajael.es\/en\/rolex-certified-pre-owned\/programme\/#breadcrumb","itemListElement":[{"@type":"ListItem","position":1,"name":"Portada","item":"https:\/\/www.joyeriajael.es\/en\/"},{"@type":"ListItem","position":2,"name":"Rolex Certified Pre-Owned","item":"https:\/\/www.joyeriajael.es\/en\/rolex-certified-pre-owned\/"},{"@type":"ListItem","position":3,"name":"The programme"}]},{"@type":"WebSite","@id":"https:\/\/www.joyeriajael.es\/en\/#website","url":"https:\/\/www.joyeriajael.es\/en\/","name":"Jael Joyer\u00eda","description":"Jael Joyer\u00eda en Santiago de Compostela y A Coru\u00f1a. Primeras marcas, firmas exclusivas, \u00fanico concesionario autorizado de Rolex en la provincia de A Coru\u00f1a.","publisher":{"@id":"https:\/\/www.joyeriajael.es\/en\/#organization"},"alternateName":"Jael","potentialAction":[{"@type":"SearchAction","target":{"@type":"EntryPoint","urlTemplate":"https:\/\/www.joyeriajael.es\/en\/?s={search_term_string}"},"query-input":{"@type":"PropertyValueSpecification","valueRequired":true,"valueName":"search_term_string"}}],"inLanguage":"en-US"},{"@type":"Organization","@id":"https:\/\/www.joyeriajael.es\/en\/#organization","name":"Jael","alternateName":"Jael joyer\u00eda","url":"https:\/\/www.joyeriajael.es\/en\/","logo":{"@type":"ImageObject","inLanguage":"en-US","@id":"https:\/\/www.joyeriajael.es\/en\/#\/schema\/logo\/image\/","url":"https:\/\/www.joyeriajael.es\/wp-content\/uploads\/2024\/07\/cropped-favicon-1.png","contentUrl":"https:\/\/www.joyeriajael.es\/wp-content\/uploads\/2024\/07\/cropped-favicon-1.png","width":512,"height":512,"caption":"Jael"},"image":{"@id":"https:\/\/www.joyeriajael.es\/en\/#\/schema\/logo\/image\/"}}]}},"_links":{"self":[{"href":"https:\/\/www.joyeriajael.es\/en\/wp-json\/wp\/v2\/pages\/81072","targetHints":{"allow":["GET"]}}],"collection":[{"href":"https:\/\/www.joyeriajael.es\/en\/wp-json\/wp\/v2\/pages"}],"about":[{"href":"https:\/\/www.joyeriajael.es\/en\/wp-json\/wp\/v2\/types\/page"}],"author":[{"embeddable":true,"href":"https:\/\/www.joyeriajael.es\/en\/wp-json\/wp\/v2\/users\/25"}],"replies":[{"embeddable":true,"href":"https:\/\/www.joyeriajael.es\/en\/wp-json\/wp\/v2\/comments?post=81072"}],"version-history":[{"count":2,"href":"https:\/\/www.joyeriajael.es\/en\/wp-json\/wp\/v2\/pages\/81072\/revisions"}],"predecessor-version":[{"id":86082,"href":"https:\/\/www.joyeriajael.es\/en\/wp-json\/wp\/v2\/pages\/81072\/revisions\/86082"}],"up":[{"embeddable":true,"href":"https:\/\/www.joyeriajael.es\/en\/wp-json\/wp\/v2\/pages\/81054"}],"wp:attachment":[{"href":"https:\/\/www.joyeriajael.es\/en\/wp-json\/wp\/v2\/media?parent=81072"}],"curies":[{"name":"wp","href":"https:\/\/api.w.org\/{rel}","templated":true}]}}