{"id":39639,"date":"2022-01-30T21:16:02","date_gmt":"2022-01-30T20:16:02","guid":{"rendered":"https:\/\/www.joyeriajael.es\/the-mogote\/"},"modified":"2026-02-12T09:10:19","modified_gmt":"2026-02-12T08:10:19","slug":"el-mogote","status":"publish","type":"product","link":"https:\/\/www.joyeriajael.es\/en\/producto\/el-mogote\/","title":{"rendered":"JAEL MOGOTE CHARM"},"content":{"rendered":"<p>The Mogote<\/p>\n<p>It can only be joined if it has previously been separated. And it only separates if marks are left first. The ancients knew it with their stones in time. Walkers track their recorded signals. In the end, seeking the goal is to have the soul pending the best signs.<\/p>\n<p>His Motto: If you pass, you will be able to<br \/>\nHis virtue: firmness<\/p>\n","protected":false},"excerpt":{"rendered":"<p>The Mogote It can only be joined if it has previously been separated. And it only separates if&hellip;<\/p>\n","protected":false},"featured_media":50599,"template":"","meta":{"_acf_changed":false},"product_brand":[],"product_cat":[527,484],"product_tag":[],"class_list":{"0":"post-39639","1":"product","2":"type-product","3":"status-publish","4":"has-post-thumbnail","6":"product_cat-charms-en","7":"product_cat-pilgrim-bracelet","8":"pa_marca-jael-en","10":"first","11":"instock","12":"taxable","13":"shipping-taxable","14":"purchasable","15":"product-type-simple"},"acf":[],"yoast_head":"<!-- This site is optimized with the Yoast SEO Premium plugin v27.4 (Yoast SEO v27.4) - https:\/\/yoast.com\/product\/yoast-seo-premium-wordpress\/ -->\n<title>JAEL MOGOTE CHARM<\/title>\n<meta name=\"robots\" content=\"index, follow, max-snippet:-1, max-image-preview:large, max-video-preview:-1\" \/>\n<link rel=\"canonical\" href=\"https:\/\/www.joyeriajael.es\/en\/producto\/el-mogote\/\" \/>\n<meta property=\"og:locale\" content=\"en_US\" \/>\n<meta property=\"og:type\" content=\"article\" \/>\n<meta property=\"og:title\" content=\"JAEL MOGOTE CHARM\" \/>\n<meta property=\"og:description\" content=\"The Mogote It can only be joined if it has previously been separated. And it only separates if&hellip;\" \/>\n<meta property=\"og:url\" content=\"https:\/\/www.joyeriajael.es\/en\/producto\/el-mogote\/\" \/>\n<meta property=\"og:site_name\" content=\"Jael Joyer\u00eda\" \/>\n<meta property=\"article:modified_time\" content=\"2026-02-12T08:10:19+00:00\" \/>\n<meta property=\"og:image\" content=\"https:\/\/www.joyeriajael.es\/wp-content\/uploads\/2022\/08\/mogote.jpg\" \/>\n\t<meta property=\"og:image:width\" content=\"900\" \/>\n\t<meta property=\"og:image:height\" content=\"900\" \/>\n\t<meta property=\"og:image:type\" content=\"image\/jpeg\" \/>\n<meta name=\"twitter:card\" content=\"summary_large_image\" \/>\n<meta property=\"product:price:amount\" content=\"32.00\" \/>\n<meta property=\"product:price:currency\" content=\"EUR\" \/>\n<meta property=\"og:availability\" content=\"instock\" \/>\n<meta property=\"product:availability\" content=\"instock\" \/>\n<meta property=\"product:retailer_item_id\" content=\"226MOG\" \/>\n<meta property=\"product:condition\" content=\"new\" \/>\n<!-- \/ Yoast SEO Premium plugin. -->","yoast_head_json":{"title":"JAEL MOGOTE CHARM","robots":{"index":"index","follow":"follow","max-snippet":"max-snippet:-1","max-image-preview":"max-image-preview:large","max-video-preview":"max-video-preview:-1"},"canonical":"https:\/\/www.joyeriajael.es\/en\/producto\/el-mogote\/","og_locale":"en_US","og_type":"article","og_title":"JAEL MOGOTE CHARM","og_description":"The Mogote It can only be joined if it has previously been separated. And it only separates if&hellip;","og_url":"https:\/\/www.joyeriajael.es\/en\/producto\/el-mogote\/","og_site_name":"Jael Joyer\u00eda","article_modified_time":"2026-02-12T08:10:19+00:00","og_image":[{"width":900,"height":900,"url":"https:\/\/www.joyeriajael.es\/wp-content\/uploads\/2022\/08\/mogote.jpg","type":"image\/jpeg"}],"twitter_card":"summary_large_image","schema":{"@context":"https:\/\/schema.org","@graph":[{"@type":["WebPage","ItemPage"],"@id":"https:\/\/www.joyeriajael.es\/en\/producto\/el-mogote\/","url":"https:\/\/www.joyeriajael.es\/en\/producto\/el-mogote\/","name":"JAEL MOGOTE CHARM","isPartOf":{"@id":"https:\/\/www.joyeriajael.es\/en\/#website"},"primaryImageOfPage":{"@id":"https:\/\/www.joyeriajael.es\/en\/producto\/el-mogote\/#primaryimage"},"image":{"@id":"https:\/\/www.joyeriajael.es\/en\/producto\/el-mogote\/#primaryimage"},"thumbnailUrl":"https:\/\/www.joyeriajael.es\/wp-content\/uploads\/2022\/08\/mogote.jpg","datePublished":"2022-01-30T20:16:02+00:00","dateModified":"2026-02-12T08:10:19+00:00","breadcrumb":{"@id":"https:\/\/www.joyeriajael.es\/en\/producto\/el-mogote\/#breadcrumb"},"inLanguage":"en-US","potentialAction":[{"@type":"ReadAction","target":["https:\/\/www.joyeriajael.es\/en\/producto\/el-mogote\/"]}]},{"@type":"ImageObject","inLanguage":"en-US","@id":"https:\/\/www.joyeriajael.es\/en\/producto\/el-mogote\/#primaryimage","url":"https:\/\/www.joyeriajael.es\/wp-content\/uploads\/2022\/08\/mogote.jpg","contentUrl":"https:\/\/www.joyeriajael.es\/wp-content\/uploads\/2022\/08\/mogote.jpg","width":900,"height":900,"caption":"JAEL MOGOTE CHARM"},{"@type":"BreadcrumbList","@id":"https:\/\/www.joyeriajael.es\/en\/producto\/el-mogote\/#breadcrumb","itemListElement":[{"@type":"ListItem","position":1,"name":"Portada","item":"https:\/\/www.joyeriajael.es\/en\/"},{"@type":"ListItem","position":2,"name":"Online store","item":"https:\/\/www.joyeriajael.es\/tienda-online\/"},{"@type":"ListItem","position":3,"name":"Jewels","item":"https:\/\/www.joyeriajael.es\/en\/jewels\/"},{"@type":"ListItem","position":4,"name":"Charms","item":"https:\/\/www.joyeriajael.es\/en\/jewels\/charms-en\/"},{"@type":"ListItem","position":5,"name":"JAEL MOGOTE CHARM"}]},{"@type":"WebSite","@id":"https:\/\/www.joyeriajael.es\/en\/#website","url":"https:\/\/www.joyeriajael.es\/en\/","name":"Jael Joyer\u00eda","description":"Jael Joyer\u00eda en Santiago de Compostela y A Coru\u00f1a. Primeras marcas, firmas exclusivas, \u00fanico concesionario autorizado de Rolex en la provincia de A Coru\u00f1a.","publisher":{"@id":"https:\/\/www.joyeriajael.es\/en\/#organization"},"alternateName":"Jael","potentialAction":[{"@type":"SearchAction","target":{"@type":"EntryPoint","urlTemplate":"https:\/\/www.joyeriajael.es\/en\/?s={search_term_string}"},"query-input":{"@type":"PropertyValueSpecification","valueRequired":true,"valueName":"search_term_string"}}],"inLanguage":"en-US"},{"@type":"Organization","@id":"https:\/\/www.joyeriajael.es\/en\/#organization","name":"Jael","alternateName":"Jael joyer\u00eda","url":"https:\/\/www.joyeriajael.es\/en\/","logo":{"@type":"ImageObject","inLanguage":"en-US","@id":"https:\/\/www.joyeriajael.es\/en\/#\/schema\/logo\/image\/","url":"https:\/\/www.joyeriajael.es\/wp-content\/uploads\/2024\/07\/cropped-favicon-1.png","contentUrl":"https:\/\/www.joyeriajael.es\/wp-content\/uploads\/2024\/07\/cropped-favicon-1.png","width":512,"height":512,"caption":"Jael"},"image":{"@id":"https:\/\/www.joyeriajael.es\/en\/#\/schema\/logo\/image\/"}}]},"product_price_amount":"32.00","product_price_currency":"EUR","og_availability":"instock","product_availability":"instock","product_retailer_item_id":"226MOG","product_condition":"new"},"df_price":32,"df_sale_price":"","df_regular_price":32,"df_image_link":"https:\/\/www.joyeriajael.es\/wp-content\/uploads\/2022\/08\/mogote-300x300.jpg","_links":{"self":[{"href":"https:\/\/www.joyeriajael.es\/en\/wp-json\/wp\/v2\/product\/39639","targetHints":{"allow":["GET"]}}],"collection":[{"href":"https:\/\/www.joyeriajael.es\/en\/wp-json\/wp\/v2\/product"}],"about":[{"href":"https:\/\/www.joyeriajael.es\/en\/wp-json\/wp\/v2\/types\/product"}],"wp:featuredmedia":[{"embeddable":true,"href":"https:\/\/www.joyeriajael.es\/en\/wp-json\/wp\/v2\/media\/50599"}],"wp:attachment":[{"href":"https:\/\/www.joyeriajael.es\/en\/wp-json\/wp\/v2\/media?parent=39639"}],"wp:term":[{"taxonomy":"product_brand","embeddable":true,"href":"https:\/\/www.joyeriajael.es\/en\/wp-json\/wp\/v2\/product_brand?post=39639"},{"taxonomy":"product_cat","embeddable":true,"href":"https:\/\/www.joyeriajael.es\/en\/wp-json\/wp\/v2\/product_cat?post=39639"},{"taxonomy":"product_tag","embeddable":true,"href":"https:\/\/www.joyeriajael.es\/en\/wp-json\/wp\/v2\/product_tag?post=39639"}],"curies":[{"name":"wp","href":"https:\/\/api.w.org\/{rel}","templated":true}]}}