{"id":39640,"date":"2022-01-26T21:43:24","date_gmt":"2022-01-26T20:43:24","guid":{"rendered":"https:\/\/www.joyeriajael.es\/emerald-and-tanzanite-ring\/"},"modified":"2026-02-12T09:10:02","modified_gmt":"2026-02-12T08:10:02","slug":"sortija-esmeralda-y-tanzanita","status":"publish","type":"product","link":"https:\/\/www.joyeriajael.es\/en\/producto\/sortija-esmeralda-y-tanzanita\/","title":{"rendered":"JAEL RING EMERALD AND TANZANITE RING"},"content":{"rendered":"<p>Yellow gold ring with a pear-cut emerald of 1.82 cts and a pear-cut tanzanite of 1.73 cts. (size 15)<\/p>\n","protected":false},"excerpt":{"rendered":"<p>Yellow gold ring with a pear-cut emerald of 1.82 cts and a pear-cut tanzanite of 1.73 cts. (size&hellip;<\/p>\n","protected":false},"featured_media":52037,"template":"","meta":{"_acf_changed":false},"product_brand":[],"product_cat":[2417,495,505],"product_tag":[],"class_list":{"0":"post-39640","1":"product","2":"type-product","3":"status-publish","4":"has-post-thumbnail","6":"product_cat-jael-en","7":"product_cat-jewels","8":"product_cat-rings-en","9":"pa_marca-jael-en","11":"first","12":"instock","13":"taxable","14":"shipping-taxable","15":"purchasable","16":"product-type-simple"},"acf":[],"yoast_head":"<!-- This site is optimized with the Yoast SEO Premium plugin v27.4 (Yoast SEO v27.4) - https:\/\/yoast.com\/product\/yoast-seo-premium-wordpress\/ -->\n<title>Jael Ring | Yellow Gold, Emerald and Tanzanite | Size 15<\/title>\n<meta name=\"robots\" content=\"index, follow, max-snippet:-1, max-image-preview:large, max-video-preview:-1\" \/>\n<link rel=\"canonical\" href=\"https:\/\/www.joyeriajael.es\/en\/producto\/sortija-esmeralda-y-tanzanita\/\" \/>\n<meta property=\"og:locale\" content=\"en_US\" \/>\n<meta property=\"og:type\" content=\"article\" \/>\n<meta property=\"og:title\" content=\"JAEL RING EMERALD AND TANZANITE RING\" \/>\n<meta property=\"og:description\" content=\"Yellow gold ring with a pear-cut emerald of 1.82 cts and a pear-cut tanzanite of 1.73 cts. (size&hellip;\" \/>\n<meta property=\"og:url\" content=\"https:\/\/www.joyeriajael.es\/en\/producto\/sortija-esmeralda-y-tanzanita\/\" \/>\n<meta property=\"og:site_name\" content=\"Jael Joyer\u00eda\" \/>\n<meta property=\"article:modified_time\" content=\"2026-02-12T08:10:02+00:00\" \/>\n<meta property=\"og:image\" content=\"https:\/\/www.joyeriajael.es\/wp-content\/uploads\/2022\/09\/SORTIJA-ESMERALDA-Y-TANZANITA_01.jpg\" \/>\n\t<meta property=\"og:image:width\" content=\"900\" \/>\n\t<meta property=\"og:image:height\" content=\"900\" \/>\n\t<meta property=\"og:image:type\" content=\"image\/jpeg\" \/>\n<meta name=\"twitter:card\" content=\"summary_large_image\" \/>\n<meta property=\"product:price:amount\" content=\"3115.00\" \/>\n<meta property=\"product:price:currency\" content=\"EUR\" \/>\n<meta property=\"og:availability\" content=\"instock\" \/>\n<meta property=\"product:availability\" content=\"instock\" \/>\n<meta property=\"product:retailer_item_id\" content=\"S-00027-1.82\" \/>\n<meta property=\"product:condition\" content=\"new\" \/>\n<!-- \/ Yoast SEO Premium plugin. -->","yoast_head_json":{"title":"Jael Ring | Yellow Gold, Emerald and Tanzanite | Size 15","robots":{"index":"index","follow":"follow","max-snippet":"max-snippet:-1","max-image-preview":"max-image-preview:large","max-video-preview":"max-video-preview:-1"},"canonical":"https:\/\/www.joyeriajael.es\/en\/producto\/sortija-esmeralda-y-tanzanita\/","og_locale":"en_US","og_type":"article","og_title":"JAEL RING EMERALD AND TANZANITE RING","og_description":"Yellow gold ring with a pear-cut emerald of 1.82 cts and a pear-cut tanzanite of 1.73 cts. (size&hellip;","og_url":"https:\/\/www.joyeriajael.es\/en\/producto\/sortija-esmeralda-y-tanzanita\/","og_site_name":"Jael Joyer\u00eda","article_modified_time":"2026-02-12T08:10:02+00:00","og_image":[{"width":900,"height":900,"url":"https:\/\/www.joyeriajael.es\/wp-content\/uploads\/2022\/09\/SORTIJA-ESMERALDA-Y-TANZANITA_01.jpg","type":"image\/jpeg"}],"twitter_card":"summary_large_image","schema":{"@context":"https:\/\/schema.org","@graph":[{"@type":["WebPage","ItemPage"],"@id":"https:\/\/www.joyeriajael.es\/en\/producto\/sortija-esmeralda-y-tanzanita\/","url":"https:\/\/www.joyeriajael.es\/en\/producto\/sortija-esmeralda-y-tanzanita\/","name":"Jael Ring | Yellow Gold, Emerald and Tanzanite | Size 15","isPartOf":{"@id":"https:\/\/www.joyeriajael.es\/en\/#website"},"primaryImageOfPage":{"@id":"https:\/\/www.joyeriajael.es\/en\/producto\/sortija-esmeralda-y-tanzanita\/#primaryimage"},"image":{"@id":"https:\/\/www.joyeriajael.es\/en\/producto\/sortija-esmeralda-y-tanzanita\/#primaryimage"},"thumbnailUrl":"https:\/\/www.joyeriajael.es\/wp-content\/uploads\/2022\/09\/SORTIJA-ESMERALDA-Y-TANZANITA_01.jpg","datePublished":"2022-01-26T20:43:24+00:00","dateModified":"2026-02-12T08:10:02+00:00","breadcrumb":{"@id":"https:\/\/www.joyeriajael.es\/en\/producto\/sortija-esmeralda-y-tanzanita\/#breadcrumb"},"inLanguage":"en-US","potentialAction":[{"@type":"ReadAction","target":["https:\/\/www.joyeriajael.es\/en\/producto\/sortija-esmeralda-y-tanzanita\/"]}]},{"@type":"ImageObject","inLanguage":"en-US","@id":"https:\/\/www.joyeriajael.es\/en\/producto\/sortija-esmeralda-y-tanzanita\/#primaryimage","url":"https:\/\/www.joyeriajael.es\/wp-content\/uploads\/2022\/09\/SORTIJA-ESMERALDA-Y-TANZANITA_01.jpg","contentUrl":"https:\/\/www.joyeriajael.es\/wp-content\/uploads\/2022\/09\/SORTIJA-ESMERALDA-Y-TANZANITA_01.jpg","width":900,"height":900,"caption":"JAEL RING EMERALD AND TANZANITE RING"},{"@type":"BreadcrumbList","@id":"https:\/\/www.joyeriajael.es\/en\/producto\/sortija-esmeralda-y-tanzanita\/#breadcrumb","itemListElement":[{"@type":"ListItem","position":1,"name":"Portada","item":"https:\/\/www.joyeriajael.es\/en\/"},{"@type":"ListItem","position":2,"name":"Online store","item":"https:\/\/www.joyeriajael.es\/tienda-online\/"},{"@type":"ListItem","position":3,"name":"Brands","item":"https:\/\/www.joyeriajael.es\/en\/brands\/"},{"@type":"ListItem","position":4,"name":"Jael","item":"https:\/\/www.joyeriajael.es\/en\/brands\/jael-en\/"},{"@type":"ListItem","position":5,"name":"JAEL RING EMERALD AND TANZANITE RING"}]},{"@type":"WebSite","@id":"https:\/\/www.joyeriajael.es\/en\/#website","url":"https:\/\/www.joyeriajael.es\/en\/","name":"Jael Joyer\u00eda","description":"Jael Joyer\u00eda en Santiago de Compostela y A Coru\u00f1a. Primeras marcas, firmas exclusivas, \u00fanico concesionario autorizado de Rolex en la provincia de A Coru\u00f1a.","publisher":{"@id":"https:\/\/www.joyeriajael.es\/en\/#organization"},"alternateName":"Jael","potentialAction":[{"@type":"SearchAction","target":{"@type":"EntryPoint","urlTemplate":"https:\/\/www.joyeriajael.es\/en\/?s={search_term_string}"},"query-input":{"@type":"PropertyValueSpecification","valueRequired":true,"valueName":"search_term_string"}}],"inLanguage":"en-US"},{"@type":"Organization","@id":"https:\/\/www.joyeriajael.es\/en\/#organization","name":"Jael","alternateName":"Jael joyer\u00eda","url":"https:\/\/www.joyeriajael.es\/en\/","logo":{"@type":"ImageObject","inLanguage":"en-US","@id":"https:\/\/www.joyeriajael.es\/en\/#\/schema\/logo\/image\/","url":"https:\/\/www.joyeriajael.es\/wp-content\/uploads\/2024\/07\/cropped-favicon-1.png","contentUrl":"https:\/\/www.joyeriajael.es\/wp-content\/uploads\/2024\/07\/cropped-favicon-1.png","width":512,"height":512,"caption":"Jael"},"image":{"@id":"https:\/\/www.joyeriajael.es\/en\/#\/schema\/logo\/image\/"}}]},"product_price_amount":"3115.00","product_price_currency":"EUR","og_availability":"instock","product_availability":"instock","product_retailer_item_id":"S-00027-1.82","product_condition":"new"},"df_price":3115,"df_sale_price":"","df_regular_price":3115,"df_image_link":"https:\/\/www.joyeriajael.es\/wp-content\/uploads\/2022\/09\/SORTIJA-ESMERALDA-Y-TANZANITA_01-300x300.jpg","_links":{"self":[{"href":"https:\/\/www.joyeriajael.es\/en\/wp-json\/wp\/v2\/product\/39640","targetHints":{"allow":["GET"]}}],"collection":[{"href":"https:\/\/www.joyeriajael.es\/en\/wp-json\/wp\/v2\/product"}],"about":[{"href":"https:\/\/www.joyeriajael.es\/en\/wp-json\/wp\/v2\/types\/product"}],"wp:featuredmedia":[{"embeddable":true,"href":"https:\/\/www.joyeriajael.es\/en\/wp-json\/wp\/v2\/media\/52037"}],"wp:attachment":[{"href":"https:\/\/www.joyeriajael.es\/en\/wp-json\/wp\/v2\/media?parent=39640"}],"wp:term":[{"taxonomy":"product_brand","embeddable":true,"href":"https:\/\/www.joyeriajael.es\/en\/wp-json\/wp\/v2\/product_brand?post=39640"},{"taxonomy":"product_cat","embeddable":true,"href":"https:\/\/www.joyeriajael.es\/en\/wp-json\/wp\/v2\/product_cat?post=39640"},{"taxonomy":"product_tag","embeddable":true,"href":"https:\/\/www.joyeriajael.es\/en\/wp-json\/wp\/v2\/product_tag?post=39640"}],"curies":[{"name":"wp","href":"https:\/\/api.w.org\/{rel}","templated":true}]}}