{"id":39671,"date":"2022-01-24T17:20:45","date_gmt":"2022-01-24T16:20:45","guid":{"rendered":"https:\/\/www.joyeriajael.es\/masterbox-aluminium-black\/"},"modified":"2026-02-12T09:10:36","modified_gmt":"2026-02-12T08:10:36","slug":"masterbox-aluminium-black","status":"publish","type":"product","link":"https:\/\/www.joyeriajael.es\/en\/producto\/masterbox-aluminium-black\/","title":{"rendered":"MASTERBOX ALUMINIUM BLACK"},"content":{"rendered":"<p>Made in Switzerland<br \/>\n&#8211; Material: Aluminium.<br \/>\n&#8211; International 3-year warranty.<br \/>\n&#8211; Dimensions: 10 \u00d7 10 \u00d7 10 cm.<br \/>\n&#8211; Has USB and \/ or Bluetooth connection that offers a customization of the program.<br \/>\n&#8211; Powered by a power supply with 2 standard &#8220;type C&#8221; alkaline batteries with a lifetime of 3 years in stable operation.<\/p>\n","protected":false},"excerpt":{"rendered":"<p>Made in Switzerland &#8211; Material: Aluminium. &#8211; International 3-year warranty. &#8211; Dimensions: 10 \u00d7 10 \u00d7 10 cm.&hellip;<\/p>\n","protected":false},"featured_media":49616,"template":"","meta":{"_acf_changed":false},"product_brand":[],"product_cat":[508,728,499],"product_tag":[],"class_list":{"0":"post-39671","1":"product","2":"type-product","3":"status-publish","4":"has-post-thumbnail","6":"product_cat-rotors","7":"product_cat-swisskubik-en","8":"product_cat-watches","9":"pa_marca-swisskubik-en","11":"first","12":"outofstock","13":"taxable","14":"shipping-taxable","15":"purchasable","16":"product-type-simple"},"acf":[],"yoast_head":"<!-- This site is optimized with the Yoast SEO Premium plugin v27.4 (Yoast SEO v27.4) - https:\/\/yoast.com\/product\/yoast-seo-premium-wordpress\/ -->\n<title>MASTERBOX ALUMINIUM BLACK<\/title>\n<meta name=\"robots\" content=\"index, follow, max-snippet:-1, max-image-preview:large, max-video-preview:-1\" \/>\n<link rel=\"canonical\" href=\"https:\/\/www.joyeriajael.es\/en\/producto\/masterbox-aluminium-black\/\" \/>\n<meta property=\"og:locale\" content=\"en_US\" \/>\n<meta property=\"og:type\" content=\"article\" \/>\n<meta property=\"og:title\" content=\"MASTERBOX ALUMINIUM BLACK\" \/>\n<meta property=\"og:description\" content=\"Made in Switzerland &#8211; Material: Aluminium. &#8211; International 3-year warranty. &#8211; Dimensions: 10 \u00d7 10 \u00d7 10 cm.&hellip;\" \/>\n<meta property=\"og:url\" content=\"https:\/\/www.joyeriajael.es\/en\/producto\/masterbox-aluminium-black\/\" \/>\n<meta property=\"og:site_name\" content=\"Jael Joyer\u00eda\" \/>\n<meta property=\"article:modified_time\" content=\"2026-02-12T08:10:36+00:00\" \/>\n<meta property=\"og:image\" content=\"https:\/\/www.joyeriajael.es\/wp-content\/uploads\/2022\/08\/MASTERBOX-ALUMINIUM-NEGRO01.jpg\" \/>\n\t<meta property=\"og:image:width\" content=\"900\" \/>\n\t<meta property=\"og:image:height\" content=\"900\" \/>\n\t<meta property=\"og:image:type\" content=\"image\/jpeg\" \/>\n<meta name=\"twitter:card\" content=\"summary_large_image\" \/>\n<meta property=\"product:price:amount\" content=\"695.00\" \/>\n<meta property=\"product:price:currency\" content=\"EUR\" \/>\n<meta property=\"og:availability\" content=\"out of stock\" \/>\n<meta property=\"product:availability\" content=\"out of stock\" \/>\n<meta property=\"product:retailer_item_id\" content=\"7640173961031\" \/>\n<meta property=\"product:condition\" content=\"new\" \/>\n<!-- \/ Yoast SEO Premium plugin. -->","yoast_head_json":{"title":"MASTERBOX ALUMINIUM BLACK","robots":{"index":"index","follow":"follow","max-snippet":"max-snippet:-1","max-image-preview":"max-image-preview:large","max-video-preview":"max-video-preview:-1"},"canonical":"https:\/\/www.joyeriajael.es\/en\/producto\/masterbox-aluminium-black\/","og_locale":"en_US","og_type":"article","og_title":"MASTERBOX ALUMINIUM BLACK","og_description":"Made in Switzerland &#8211; Material: Aluminium. &#8211; International 3-year warranty. &#8211; Dimensions: 10 \u00d7 10 \u00d7 10 cm.&hellip;","og_url":"https:\/\/www.joyeriajael.es\/en\/producto\/masterbox-aluminium-black\/","og_site_name":"Jael Joyer\u00eda","article_modified_time":"2026-02-12T08:10:36+00:00","og_image":[{"width":900,"height":900,"url":"https:\/\/www.joyeriajael.es\/wp-content\/uploads\/2022\/08\/MASTERBOX-ALUMINIUM-NEGRO01.jpg","type":"image\/jpeg"}],"twitter_card":"summary_large_image","schema":{"@context":"https:\/\/schema.org","@graph":[{"@type":["WebPage","ItemPage"],"@id":"https:\/\/www.joyeriajael.es\/en\/producto\/masterbox-aluminium-black\/","url":"https:\/\/www.joyeriajael.es\/en\/producto\/masterbox-aluminium-black\/","name":"MASTERBOX ALUMINIUM BLACK","isPartOf":{"@id":"https:\/\/www.joyeriajael.es\/en\/#website"},"primaryImageOfPage":{"@id":"https:\/\/www.joyeriajael.es\/en\/producto\/masterbox-aluminium-black\/#primaryimage"},"image":{"@id":"https:\/\/www.joyeriajael.es\/en\/producto\/masterbox-aluminium-black\/#primaryimage"},"thumbnailUrl":"https:\/\/www.joyeriajael.es\/wp-content\/uploads\/2022\/08\/MASTERBOX-ALUMINIUM-NEGRO01.jpg","datePublished":"2022-01-24T16:20:45+00:00","dateModified":"2026-02-12T08:10:36+00:00","breadcrumb":{"@id":"https:\/\/www.joyeriajael.es\/en\/producto\/masterbox-aluminium-black\/#breadcrumb"},"inLanguage":"en-US","potentialAction":[{"@type":"ReadAction","target":["https:\/\/www.joyeriajael.es\/en\/producto\/masterbox-aluminium-black\/"]}]},{"@type":"ImageObject","inLanguage":"en-US","@id":"https:\/\/www.joyeriajael.es\/en\/producto\/masterbox-aluminium-black\/#primaryimage","url":"https:\/\/www.joyeriajael.es\/wp-content\/uploads\/2022\/08\/MASTERBOX-ALUMINIUM-NEGRO01.jpg","contentUrl":"https:\/\/www.joyeriajael.es\/wp-content\/uploads\/2022\/08\/MASTERBOX-ALUMINIUM-NEGRO01.jpg","width":900,"height":900,"caption":"MASTERBOX ALUMINIUM BLACK"},{"@type":"BreadcrumbList","@id":"https:\/\/www.joyeriajael.es\/en\/producto\/masterbox-aluminium-black\/#breadcrumb","itemListElement":[{"@type":"ListItem","position":1,"name":"Portada","item":"https:\/\/www.joyeriajael.es\/en\/"},{"@type":"ListItem","position":2,"name":"Online store","item":"https:\/\/www.joyeriajael.es\/tienda-online\/"},{"@type":"ListItem","position":3,"name":"Watches","item":"https:\/\/www.joyeriajael.es\/en\/watches\/"},{"@type":"ListItem","position":4,"name":"Rotors","item":"https:\/\/www.joyeriajael.es\/en\/watches\/rotors\/"},{"@type":"ListItem","position":5,"name":"MASTERBOX ALUMINIUM BLACK"}]},{"@type":"WebSite","@id":"https:\/\/www.joyeriajael.es\/en\/#website","url":"https:\/\/www.joyeriajael.es\/en\/","name":"Jael Joyer\u00eda","description":"Jael Joyer\u00eda en Santiago de Compostela y A Coru\u00f1a. Primeras marcas, firmas exclusivas, \u00fanico concesionario autorizado de Rolex en la provincia de A Coru\u00f1a.","publisher":{"@id":"https:\/\/www.joyeriajael.es\/en\/#organization"},"alternateName":"Jael","potentialAction":[{"@type":"SearchAction","target":{"@type":"EntryPoint","urlTemplate":"https:\/\/www.joyeriajael.es\/en\/?s={search_term_string}"},"query-input":{"@type":"PropertyValueSpecification","valueRequired":true,"valueName":"search_term_string"}}],"inLanguage":"en-US"},{"@type":"Organization","@id":"https:\/\/www.joyeriajael.es\/en\/#organization","name":"Jael","alternateName":"Jael joyer\u00eda","url":"https:\/\/www.joyeriajael.es\/en\/","logo":{"@type":"ImageObject","inLanguage":"en-US","@id":"https:\/\/www.joyeriajael.es\/en\/#\/schema\/logo\/image\/","url":"https:\/\/www.joyeriajael.es\/wp-content\/uploads\/2024\/07\/cropped-favicon-1.png","contentUrl":"https:\/\/www.joyeriajael.es\/wp-content\/uploads\/2024\/07\/cropped-favicon-1.png","width":512,"height":512,"caption":"Jael"},"image":{"@id":"https:\/\/www.joyeriajael.es\/en\/#\/schema\/logo\/image\/"}}]},"product_price_amount":"695.00","product_price_currency":"EUR","og_availability":"out of stock","product_availability":"out of stock","product_retailer_item_id":"7640173961031","product_condition":"new"},"df_price":695,"df_sale_price":"","df_regular_price":695,"df_image_link":"https:\/\/www.joyeriajael.es\/wp-content\/uploads\/2022\/08\/MASTERBOX-ALUMINIUM-NEGRO01-300x300.jpg","_links":{"self":[{"href":"https:\/\/www.joyeriajael.es\/en\/wp-json\/wp\/v2\/product\/39671","targetHints":{"allow":["GET"]}}],"collection":[{"href":"https:\/\/www.joyeriajael.es\/en\/wp-json\/wp\/v2\/product"}],"about":[{"href":"https:\/\/www.joyeriajael.es\/en\/wp-json\/wp\/v2\/types\/product"}],"wp:featuredmedia":[{"embeddable":true,"href":"https:\/\/www.joyeriajael.es\/en\/wp-json\/wp\/v2\/media\/49616"}],"wp:attachment":[{"href":"https:\/\/www.joyeriajael.es\/en\/wp-json\/wp\/v2\/media?parent=39671"}],"wp:term":[{"taxonomy":"product_brand","embeddable":true,"href":"https:\/\/www.joyeriajael.es\/en\/wp-json\/wp\/v2\/product_brand?post=39671"},{"taxonomy":"product_cat","embeddable":true,"href":"https:\/\/www.joyeriajael.es\/en\/wp-json\/wp\/v2\/product_cat?post=39671"},{"taxonomy":"product_tag","embeddable":true,"href":"https:\/\/www.joyeriajael.es\/en\/wp-json\/wp\/v2\/product_tag?post=39671"}],"curies":[{"name":"wp","href":"https:\/\/api.w.org\/{rel}","templated":true}]}}