{"id":39685,"date":"2022-01-30T21:11:21","date_gmt":"2022-01-30T20:11:21","guid":{"rendered":"https:\/\/www.joyeriajael.es\/garmin-vivomove-luxe\/"},"modified":"2026-02-12T09:10:36","modified_gmt":"2026-02-12T08:10:36","slug":"garmin-vivomove-luxe","status":"publish","type":"product","link":"https:\/\/www.joyeriajael.es\/en\/producto\/garmin-vivomove-luxe\/","title":{"rendered":"GARMIN VIVOMOVE LUXE WATCH"},"content":{"rendered":"<p>This stylish hybrid smartwatch combines the traditional look of an analogue watch with the basic smart features you need to keep up with your busy lifestyle.<br \/>\n&#8211; Timelessly elegant styling:<br \/>\nLuxurious analogue watch design with a sleek touch.<br \/>\n&#8211; Two colour touchscreens:<br \/>\nStunning styling with secret screens. Touch to reveal the two colour touchscreens.<br \/>\n&#8211; Smart notifications:<br \/>\nNever miss a message by receiving them1 right on your wrist.<br \/>\n&#8211; Health and fitness tracking capabilities<br \/>\nMore than just a pretty watch. Stay informed about your health and fitness.<br \/>\n&#8211; Pay on the go:<br \/>\nThis stylish accessory will also be your best ally when it&#8217;s time to pay. Just pay and go.<br \/>\n&#8211; Battery life:<br \/>\nMore run time and less charging. Benefit from up to 5 days of battery life.<\/p>\n","protected":false},"excerpt":{"rendered":"<p>This stylish hybrid smartwatch combines the traditional look of an analogue watch with the basic smart features you&hellip;<\/p>\n","protected":false},"featured_media":52833,"template":"","meta":{"_acf_changed":false},"product_brand":[],"product_cat":[719,499,730],"product_tag":[],"class_list":{"0":"post-39685","1":"product","2":"type-product","3":"status-publish","4":"has-post-thumbnail","6":"product_cat-garmin-en","7":"product_cat-watches","8":"product_cat-watches-for-men","9":"pa_marca-garmin-en","11":"first","12":"outofstock","13":"taxable","14":"shipping-taxable","15":"purchasable","16":"product-type-simple"},"acf":[],"yoast_head":"<!-- This site is optimized with the Yoast SEO Premium plugin v27.4 (Yoast SEO v27.4) - https:\/\/yoast.com\/product\/yoast-seo-premium-wordpress\/ -->\n<title>Garmin Vivomove Luxe watch | 010-02241-00 | Jael Jewelry<\/title>\n<meta name=\"description\" content=\"Garmin offers a wide range of watches for all types of athletes: sports watches, smartwatches, smartwatches such as the Vivomove Luxe\" \/>\n<meta name=\"robots\" content=\"index, follow, max-snippet:-1, max-image-preview:large, max-video-preview:-1\" \/>\n<link rel=\"canonical\" href=\"https:\/\/www.joyeriajael.es\/en\/producto\/garmin-vivomove-luxe\/\" \/>\n<meta property=\"og:locale\" content=\"en_US\" \/>\n<meta property=\"og:type\" content=\"article\" \/>\n<meta property=\"og:title\" content=\"GARMIN VIVOMOVE LUXE WATCH\" \/>\n<meta property=\"og:description\" content=\"Garmin offers a wide range of watches for all types of athletes: sports watches, smartwatches, smartwatches such as the Vivomove Luxe\" \/>\n<meta property=\"og:url\" content=\"https:\/\/www.joyeriajael.es\/en\/producto\/garmin-vivomove-luxe\/\" \/>\n<meta property=\"og:site_name\" content=\"Jael Joyer\u00eda\" \/>\n<meta property=\"article:modified_time\" content=\"2026-02-12T08:10:36+00:00\" \/>\n<meta property=\"og:image\" content=\"https:\/\/www.joyeriajael.es\/wp-content\/uploads\/2022\/09\/GARMIN-VIVOMOVE-LUXE_001.jpg\" \/>\n\t<meta property=\"og:image:width\" content=\"900\" \/>\n\t<meta property=\"og:image:height\" content=\"900\" \/>\n\t<meta property=\"og:image:type\" content=\"image\/jpeg\" \/>\n<meta name=\"twitter:card\" content=\"summary_large_image\" \/>\n<meta property=\"product:price:amount\" content=\"499.99\" \/>\n<meta property=\"product:price:currency\" content=\"EUR\" \/>\n<meta property=\"og:availability\" content=\"out of stock\" \/>\n<meta property=\"product:availability\" content=\"out of stock\" \/>\n<meta property=\"product:retailer_item_id\" content=\"0753759234508\" \/>\n<meta property=\"product:condition\" content=\"new\" \/>\n<!-- \/ Yoast SEO Premium plugin. -->","yoast_head_json":{"title":"Garmin Vivomove Luxe watch | 010-02241-00 | Jael Jewelry","description":"Garmin offers a wide range of watches for all types of athletes: sports watches, smartwatches, smartwatches such as the Vivomove Luxe","robots":{"index":"index","follow":"follow","max-snippet":"max-snippet:-1","max-image-preview":"max-image-preview:large","max-video-preview":"max-video-preview:-1"},"canonical":"https:\/\/www.joyeriajael.es\/en\/producto\/garmin-vivomove-luxe\/","og_locale":"en_US","og_type":"article","og_title":"GARMIN VIVOMOVE LUXE WATCH","og_description":"Garmin offers a wide range of watches for all types of athletes: sports watches, smartwatches, smartwatches such as the Vivomove Luxe","og_url":"https:\/\/www.joyeriajael.es\/en\/producto\/garmin-vivomove-luxe\/","og_site_name":"Jael Joyer\u00eda","article_modified_time":"2026-02-12T08:10:36+00:00","og_image":[{"width":900,"height":900,"url":"https:\/\/www.joyeriajael.es\/wp-content\/uploads\/2022\/09\/GARMIN-VIVOMOVE-LUXE_001.jpg","type":"image\/jpeg"}],"twitter_card":"summary_large_image","schema":{"@context":"https:\/\/schema.org","@graph":[{"@type":["WebPage","ItemPage"],"@id":"https:\/\/www.joyeriajael.es\/en\/producto\/garmin-vivomove-luxe\/","url":"https:\/\/www.joyeriajael.es\/en\/producto\/garmin-vivomove-luxe\/","name":"Garmin Vivomove Luxe watch | 010-02241-00 | Jael Jewelry","isPartOf":{"@id":"https:\/\/www.joyeriajael.es\/en\/#website"},"primaryImageOfPage":{"@id":"https:\/\/www.joyeriajael.es\/en\/producto\/garmin-vivomove-luxe\/#primaryimage"},"image":{"@id":"https:\/\/www.joyeriajael.es\/en\/producto\/garmin-vivomove-luxe\/#primaryimage"},"thumbnailUrl":"https:\/\/www.joyeriajael.es\/wp-content\/uploads\/2022\/09\/GARMIN-VIVOMOVE-LUXE_001.jpg","datePublished":"2022-01-30T20:11:21+00:00","dateModified":"2026-02-12T08:10:36+00:00","description":"Garmin offers a wide range of watches for all types of athletes: sports watches, smartwatches, smartwatches such as the Vivomove Luxe","breadcrumb":{"@id":"https:\/\/www.joyeriajael.es\/en\/producto\/garmin-vivomove-luxe\/#breadcrumb"},"inLanguage":"en-US","potentialAction":[{"@type":"ReadAction","target":["https:\/\/www.joyeriajael.es\/en\/producto\/garmin-vivomove-luxe\/"]}]},{"@type":"ImageObject","inLanguage":"en-US","@id":"https:\/\/www.joyeriajael.es\/en\/producto\/garmin-vivomove-luxe\/#primaryimage","url":"https:\/\/www.joyeriajael.es\/wp-content\/uploads\/2022\/09\/GARMIN-VIVOMOVE-LUXE_001.jpg","contentUrl":"https:\/\/www.joyeriajael.es\/wp-content\/uploads\/2022\/09\/GARMIN-VIVOMOVE-LUXE_001.jpg","width":900,"height":900,"caption":"GARMIN VIVOMOVE LUXE WATCH"},{"@type":"BreadcrumbList","@id":"https:\/\/www.joyeriajael.es\/en\/producto\/garmin-vivomove-luxe\/#breadcrumb","itemListElement":[{"@type":"ListItem","position":1,"name":"Portada","item":"https:\/\/www.joyeriajael.es\/en\/"},{"@type":"ListItem","position":2,"name":"Online store","item":"https:\/\/www.joyeriajael.es\/tienda-online\/"},{"@type":"ListItem","position":3,"name":"Brands","item":"https:\/\/www.joyeriajael.es\/en\/brands\/"},{"@type":"ListItem","position":4,"name":"Garmin","item":"https:\/\/www.joyeriajael.es\/en\/brands\/garmin-en\/"},{"@type":"ListItem","position":5,"name":"GARMIN VIVOMOVE LUXE WATCH"}]},{"@type":"WebSite","@id":"https:\/\/www.joyeriajael.es\/en\/#website","url":"https:\/\/www.joyeriajael.es\/en\/","name":"Jael Joyer\u00eda","description":"Jael Joyer\u00eda en Santiago de Compostela y A Coru\u00f1a. Primeras marcas, firmas exclusivas, \u00fanico concesionario autorizado de Rolex en la provincia de A Coru\u00f1a.","publisher":{"@id":"https:\/\/www.joyeriajael.es\/en\/#organization"},"alternateName":"Jael","potentialAction":[{"@type":"SearchAction","target":{"@type":"EntryPoint","urlTemplate":"https:\/\/www.joyeriajael.es\/en\/?s={search_term_string}"},"query-input":{"@type":"PropertyValueSpecification","valueRequired":true,"valueName":"search_term_string"}}],"inLanguage":"en-US"},{"@type":"Organization","@id":"https:\/\/www.joyeriajael.es\/en\/#organization","name":"Jael","alternateName":"Jael joyer\u00eda","url":"https:\/\/www.joyeriajael.es\/en\/","logo":{"@type":"ImageObject","inLanguage":"en-US","@id":"https:\/\/www.joyeriajael.es\/en\/#\/schema\/logo\/image\/","url":"https:\/\/www.joyeriajael.es\/wp-content\/uploads\/2024\/07\/cropped-favicon-1.png","contentUrl":"https:\/\/www.joyeriajael.es\/wp-content\/uploads\/2024\/07\/cropped-favicon-1.png","width":512,"height":512,"caption":"Jael"},"image":{"@id":"https:\/\/www.joyeriajael.es\/en\/#\/schema\/logo\/image\/"}}]},"product_price_amount":"499.99","product_price_currency":"EUR","og_availability":"out of stock","product_availability":"out of stock","product_retailer_item_id":"0753759234508","product_condition":"new"},"df_price":499.99,"df_sale_price":"","df_regular_price":499.99,"df_image_link":"https:\/\/www.joyeriajael.es\/wp-content\/uploads\/2022\/09\/GARMIN-VIVOMOVE-LUXE_001-300x300.jpg","_links":{"self":[{"href":"https:\/\/www.joyeriajael.es\/en\/wp-json\/wp\/v2\/product\/39685","targetHints":{"allow":["GET"]}}],"collection":[{"href":"https:\/\/www.joyeriajael.es\/en\/wp-json\/wp\/v2\/product"}],"about":[{"href":"https:\/\/www.joyeriajael.es\/en\/wp-json\/wp\/v2\/types\/product"}],"wp:featuredmedia":[{"embeddable":true,"href":"https:\/\/www.joyeriajael.es\/en\/wp-json\/wp\/v2\/media\/52833"}],"wp:attachment":[{"href":"https:\/\/www.joyeriajael.es\/en\/wp-json\/wp\/v2\/media?parent=39685"}],"wp:term":[{"taxonomy":"product_brand","embeddable":true,"href":"https:\/\/www.joyeriajael.es\/en\/wp-json\/wp\/v2\/product_brand?post=39685"},{"taxonomy":"product_cat","embeddable":true,"href":"https:\/\/www.joyeriajael.es\/en\/wp-json\/wp\/v2\/product_cat?post=39685"},{"taxonomy":"product_tag","embeddable":true,"href":"https:\/\/www.joyeriajael.es\/en\/wp-json\/wp\/v2\/product_tag?post=39685"}],"curies":[{"name":"wp","href":"https:\/\/api.w.org\/{rel}","templated":true}]}}