{"id":39713,"date":"2022-01-26T21:13:36","date_gmt":"2022-01-26T20:13:36","guid":{"rendered":"https:\/\/www.joyeriajael.es\/bvlgari-bvlgari\/"},"modified":"2026-02-12T09:10:21","modified_gmt":"2026-02-12T08:10:21","slug":"bvlgari-bvlgari-2","status":"publish","type":"product","link":"https:\/\/www.joyeriajael.es\/en\/producto\/bvlgari-bvlgari-2\/","title":{"rendered":"BVLGARI BVLGARI"},"content":{"rendered":"<p>BVLGARI BVLGARI watch with 18 Ct rose gold and stainless steel case and bracelet, 18 Ct rose gold bezel engraved with the double logo, green lacquered dial with satin\u00e9 soleil engraving and diamonds set as hour-markers.<\/p>\n","protected":false},"excerpt":{"rendered":"<p>BVLGARI BVLGARI watch with 18 Ct rose gold and stainless steel case and bracelet, 18 Ct rose gold&hellip;<\/p>\n","protected":false},"featured_media":47652,"template":"","meta":{"_acf_changed":false},"product_brand":[],"product_cat":[715,3797,732,499,731],"product_tag":[],"class_list":{"0":"post-39713","1":"product","2":"type-product","3":"status-publish","4":"has-post-thumbnail","6":"product_cat-bulgari-en","7":"product_cat-bulgari-bulgari-en","8":"product_cat-gold-watches","9":"product_cat-watches","10":"product_cat-watches-for-women","11":"pa_marca-bvlgari-en","13":"first","14":"instock","15":"taxable","16":"shipping-taxable","17":"purchasable","18":"product-type-simple"},"acf":[],"yoast_head":"<!-- This site is optimized with the Yoast SEO Premium plugin v27.4 (Yoast SEO v27.4) - https:\/\/yoast.com\/product\/yoast-seo-premium-wordpress\/ -->\n<title>BVLGARI BVLGARI<\/title>\n<meta name=\"description\" content=\"BVLGARI BVLGARI watch with 18 Ct rose gold and stainless steel case and bracelet, 18 Ct rose gold bezel engraved with the double logo,\" \/>\n<meta name=\"robots\" content=\"index, follow, max-snippet:-1, max-image-preview:large, max-video-preview:-1\" \/>\n<link rel=\"canonical\" href=\"https:\/\/www.joyeriajael.es\/en\/producto\/bvlgari-bvlgari-2\/\" \/>\n<meta property=\"og:locale\" content=\"en_US\" \/>\n<meta property=\"og:type\" content=\"article\" \/>\n<meta property=\"og:title\" content=\"BVLGARI BVLGARI\" \/>\n<meta property=\"og:description\" content=\"BVLGARI BVLGARI watch with 18 Ct rose gold and stainless steel case and bracelet, 18 Ct rose gold bezel engraved with the double logo,\" \/>\n<meta property=\"og:url\" content=\"https:\/\/www.joyeriajael.es\/en\/producto\/bvlgari-bvlgari-2\/\" \/>\n<meta property=\"og:site_name\" content=\"Jael Joyer\u00eda\" \/>\n<meta property=\"article:modified_time\" content=\"2026-02-12T08:10:21+00:00\" \/>\n<meta property=\"og:image\" content=\"https:\/\/www.joyeriajael.es\/wp-content\/uploads\/2022\/06\/Bulgari-Bulgari_.jpg\" \/>\n\t<meta property=\"og:image:width\" content=\"900\" \/>\n\t<meta property=\"og:image:height\" content=\"900\" \/>\n\t<meta property=\"og:image:type\" content=\"image\/jpeg\" \/>\n<meta name=\"twitter:card\" content=\"summary_large_image\" \/>\n<meta property=\"product:price:amount\" content=\"10500.00\" \/>\n<meta property=\"product:price:currency\" content=\"EUR\" \/>\n<meta property=\"og:availability\" content=\"instock\" \/>\n<meta property=\"product:availability\" content=\"instock\" \/>\n<meta property=\"product:retailer_item_id\" content=\"103202\" \/>\n<meta property=\"product:condition\" content=\"new\" \/>\n<!-- \/ Yoast SEO Premium plugin. -->","yoast_head_json":{"title":"BVLGARI BVLGARI","description":"BVLGARI BVLGARI watch with 18 Ct rose gold and stainless steel case and bracelet, 18 Ct rose gold bezel engraved with the double logo,","robots":{"index":"index","follow":"follow","max-snippet":"max-snippet:-1","max-image-preview":"max-image-preview:large","max-video-preview":"max-video-preview:-1"},"canonical":"https:\/\/www.joyeriajael.es\/en\/producto\/bvlgari-bvlgari-2\/","og_locale":"en_US","og_type":"article","og_title":"BVLGARI BVLGARI","og_description":"BVLGARI BVLGARI watch with 18 Ct rose gold and stainless steel case and bracelet, 18 Ct rose gold bezel engraved with the double logo,","og_url":"https:\/\/www.joyeriajael.es\/en\/producto\/bvlgari-bvlgari-2\/","og_site_name":"Jael Joyer\u00eda","article_modified_time":"2026-02-12T08:10:21+00:00","og_image":[{"width":900,"height":900,"url":"https:\/\/www.joyeriajael.es\/wp-content\/uploads\/2022\/06\/Bulgari-Bulgari_.jpg","type":"image\/jpeg"}],"twitter_card":"summary_large_image","schema":{"@context":"https:\/\/schema.org","@graph":[{"@type":["WebPage","ItemPage"],"@id":"https:\/\/www.joyeriajael.es\/en\/producto\/bvlgari-bvlgari-2\/","url":"https:\/\/www.joyeriajael.es\/en\/producto\/bvlgari-bvlgari-2\/","name":"BVLGARI BVLGARI","isPartOf":{"@id":"https:\/\/www.joyeriajael.es\/en\/#website"},"primaryImageOfPage":{"@id":"https:\/\/www.joyeriajael.es\/en\/producto\/bvlgari-bvlgari-2\/#primaryimage"},"image":{"@id":"https:\/\/www.joyeriajael.es\/en\/producto\/bvlgari-bvlgari-2\/#primaryimage"},"thumbnailUrl":"https:\/\/www.joyeriajael.es\/wp-content\/uploads\/2022\/06\/Bulgari-Bulgari_.jpg","datePublished":"2022-01-26T20:13:36+00:00","dateModified":"2026-02-12T08:10:21+00:00","description":"BVLGARI BVLGARI watch with 18 Ct rose gold and stainless steel case and bracelet, 18 Ct rose gold bezel engraved with the double logo,","breadcrumb":{"@id":"https:\/\/www.joyeriajael.es\/en\/producto\/bvlgari-bvlgari-2\/#breadcrumb"},"inLanguage":"en-US","potentialAction":[{"@type":"ReadAction","target":["https:\/\/www.joyeriajael.es\/en\/producto\/bvlgari-bvlgari-2\/"]}]},{"@type":"ImageObject","inLanguage":"en-US","@id":"https:\/\/www.joyeriajael.es\/en\/producto\/bvlgari-bvlgari-2\/#primaryimage","url":"https:\/\/www.joyeriajael.es\/wp-content\/uploads\/2022\/06\/Bulgari-Bulgari_.jpg","contentUrl":"https:\/\/www.joyeriajael.es\/wp-content\/uploads\/2022\/06\/Bulgari-Bulgari_.jpg","width":900,"height":900,"caption":"BVLGARI BVLGARI"},{"@type":"BreadcrumbList","@id":"https:\/\/www.joyeriajael.es\/en\/producto\/bvlgari-bvlgari-2\/#breadcrumb","itemListElement":[{"@type":"ListItem","position":1,"name":"Portada","item":"https:\/\/www.joyeriajael.es\/en\/"},{"@type":"ListItem","position":2,"name":"Online store","item":"https:\/\/www.joyeriajael.es\/tienda-online\/"},{"@type":"ListItem","position":3,"name":"Brands","item":"https:\/\/www.joyeriajael.es\/en\/brands\/"},{"@type":"ListItem","position":4,"name":"Bulgari","item":"https:\/\/www.joyeriajael.es\/en\/brands\/bulgari-en\/"},{"@type":"ListItem","position":5,"name":"Bulgari Bulgari","item":"https:\/\/www.joyeriajael.es\/en\/brands\/bulgari-en\/bulgari-bulgari-en\/"},{"@type":"ListItem","position":6,"name":"BVLGARI BVLGARI"}]},{"@type":"WebSite","@id":"https:\/\/www.joyeriajael.es\/en\/#website","url":"https:\/\/www.joyeriajael.es\/en\/","name":"Jael Joyer\u00eda","description":"Jael Joyer\u00eda en Santiago de Compostela y A Coru\u00f1a. Primeras marcas, firmas exclusivas, \u00fanico concesionario autorizado de Rolex en la provincia de A Coru\u00f1a.","publisher":{"@id":"https:\/\/www.joyeriajael.es\/en\/#organization"},"alternateName":"Jael","potentialAction":[{"@type":"SearchAction","target":{"@type":"EntryPoint","urlTemplate":"https:\/\/www.joyeriajael.es\/en\/?s={search_term_string}"},"query-input":{"@type":"PropertyValueSpecification","valueRequired":true,"valueName":"search_term_string"}}],"inLanguage":"en-US"},{"@type":"Organization","@id":"https:\/\/www.joyeriajael.es\/en\/#organization","name":"Jael","alternateName":"Jael joyer\u00eda","url":"https:\/\/www.joyeriajael.es\/en\/","logo":{"@type":"ImageObject","inLanguage":"en-US","@id":"https:\/\/www.joyeriajael.es\/en\/#\/schema\/logo\/image\/","url":"https:\/\/www.joyeriajael.es\/wp-content\/uploads\/2024\/07\/cropped-favicon-1.png","contentUrl":"https:\/\/www.joyeriajael.es\/wp-content\/uploads\/2024\/07\/cropped-favicon-1.png","width":512,"height":512,"caption":"Jael"},"image":{"@id":"https:\/\/www.joyeriajael.es\/en\/#\/schema\/logo\/image\/"}}]},"product_price_amount":"10500.00","product_price_currency":"EUR","og_availability":"instock","product_availability":"instock","product_retailer_item_id":"103202","product_condition":"new"},"df_price":10500,"df_sale_price":"","df_regular_price":10500,"df_image_link":"https:\/\/www.joyeriajael.es\/wp-content\/uploads\/2022\/06\/Bulgari-Bulgari_-300x300.jpg","_links":{"self":[{"href":"https:\/\/www.joyeriajael.es\/en\/wp-json\/wp\/v2\/product\/39713","targetHints":{"allow":["GET"]}}],"collection":[{"href":"https:\/\/www.joyeriajael.es\/en\/wp-json\/wp\/v2\/product"}],"about":[{"href":"https:\/\/www.joyeriajael.es\/en\/wp-json\/wp\/v2\/types\/product"}],"wp:featuredmedia":[{"embeddable":true,"href":"https:\/\/www.joyeriajael.es\/en\/wp-json\/wp\/v2\/media\/47652"}],"wp:attachment":[{"href":"https:\/\/www.joyeriajael.es\/en\/wp-json\/wp\/v2\/media?parent=39713"}],"wp:term":[{"taxonomy":"product_brand","embeddable":true,"href":"https:\/\/www.joyeriajael.es\/en\/wp-json\/wp\/v2\/product_brand?post=39713"},{"taxonomy":"product_cat","embeddable":true,"href":"https:\/\/www.joyeriajael.es\/en\/wp-json\/wp\/v2\/product_cat?post=39713"},{"taxonomy":"product_tag","embeddable":true,"href":"https:\/\/www.joyeriajael.es\/en\/wp-json\/wp\/v2\/product_tag?post=39713"}],"curies":[{"name":"wp","href":"https:\/\/api.w.org\/{rel}","templated":true}]}}