{"id":39717,"date":"2022-01-26T21:37:15","date_gmt":"2022-01-26T20:37:15","guid":{"rendered":"https:\/\/www.joyeriajael.es\/conquest-classic\/"},"modified":"2026-02-12T09:10:09","modified_gmt":"2026-02-12T08:10:09","slug":"conquest-classic-5","status":"publish","type":"product","link":"https:\/\/www.joyeriajael.es\/en\/producto\/conquest-classic-5\/","title":{"rendered":"LOGINES CONQUEST CLASSIC STAINLESS STEEL WATCH 29,5MM"},"content":{"rendered":"<p>&#8211; Case: Round; Stainless steel; Sapphire crystal; 29.50 mm; Water-resistant to 3 bar.<br \/>\n&#8211; Movement: Quartz; Calibre L152; Hours, minutes, seconds and date.<\/p>\n","protected":false},"excerpt":{"rendered":"<p>&#8211; Case: Round; Stainless steel; Sapphire crystal; 29.50 mm; Water-resistant to 3 bar. &#8211; Movement: Quartz; Calibre L152;&hellip;<\/p>\n","protected":false},"featured_media":49424,"template":"","meta":{"_acf_changed":false},"product_brand":[],"product_cat":[723,3846,499,731],"product_tag":[],"class_list":{"0":"post-39717","1":"product","2":"type-product","3":"status-publish","4":"has-post-thumbnail","6":"product_cat-longines-en","7":"product_cat-conquest-en","8":"product_cat-watches","9":"product_cat-watches-for-women","10":"pa_marca-longines-en","12":"first","13":"outofstock","14":"taxable","15":"shipping-taxable","16":"purchasable","17":"product-type-simple"},"acf":[],"yoast_head":"<!-- This site is optimized with the Yoast SEO Premium plugin v27.4 (Yoast SEO v27.4) - https:\/\/yoast.com\/product\/yoast-seo-premium-wordpress\/ -->\n<title>Longines Conquest Classic 29,50mm | 7612356210007 | Jael<\/title>\n<meta name=\"description\" content=\"Discover Longines Conquest Classic, classic watches that will surprise you with their design and technical features. Visit our website!\" \/>\n<meta name=\"robots\" content=\"index, follow, max-snippet:-1, max-image-preview:large, max-video-preview:-1\" \/>\n<link rel=\"canonical\" href=\"https:\/\/www.joyeriajael.es\/en\/producto\/conquest-classic-5\/\" \/>\n<meta property=\"og:locale\" content=\"en_US\" \/>\n<meta property=\"og:type\" content=\"article\" \/>\n<meta property=\"og:title\" content=\"LOGINES CONQUEST CLASSIC STAINLESS STEEL WATCH 29,5MM\" \/>\n<meta property=\"og:description\" content=\"Discover Longines Conquest Classic, classic watches that will surprise you with their design and technical features. Visit our website!\" \/>\n<meta property=\"og:url\" content=\"https:\/\/www.joyeriajael.es\/en\/producto\/conquest-classic-5\/\" \/>\n<meta property=\"og:site_name\" content=\"Jael Joyer\u00eda\" \/>\n<meta property=\"article:modified_time\" content=\"2026-02-12T08:10:09+00:00\" \/>\n<meta property=\"og:image\" content=\"https:\/\/www.joyeriajael.es\/wp-content\/uploads\/2022\/08\/CONQUEST-CLASSIC05.jpg\" \/>\n\t<meta property=\"og:image:width\" content=\"900\" \/>\n\t<meta property=\"og:image:height\" content=\"900\" \/>\n\t<meta property=\"og:image:type\" content=\"image\/jpeg\" \/>\n<meta name=\"twitter:card\" content=\"summary_large_image\" \/>\n<meta property=\"product:price:amount\" content=\"850.00\" \/>\n<meta property=\"product:price:currency\" content=\"EUR\" \/>\n<meta property=\"og:availability\" content=\"out of stock\" \/>\n<meta property=\"product:availability\" content=\"out of stock\" \/>\n<meta property=\"product:retailer_item_id\" content=\"7612356210007\" \/>\n<meta property=\"product:condition\" content=\"new\" \/>\n<!-- \/ Yoast SEO Premium plugin. -->","yoast_head_json":{"title":"Longines Conquest Classic 29,50mm | 7612356210007 | Jael","description":"Discover Longines Conquest Classic, classic watches that will surprise you with their design and technical features. Visit our website!","robots":{"index":"index","follow":"follow","max-snippet":"max-snippet:-1","max-image-preview":"max-image-preview:large","max-video-preview":"max-video-preview:-1"},"canonical":"https:\/\/www.joyeriajael.es\/en\/producto\/conquest-classic-5\/","og_locale":"en_US","og_type":"article","og_title":"LOGINES CONQUEST CLASSIC STAINLESS STEEL WATCH 29,5MM","og_description":"Discover Longines Conquest Classic, classic watches that will surprise you with their design and technical features. Visit our website!","og_url":"https:\/\/www.joyeriajael.es\/en\/producto\/conquest-classic-5\/","og_site_name":"Jael Joyer\u00eda","article_modified_time":"2026-02-12T08:10:09+00:00","og_image":[{"width":900,"height":900,"url":"https:\/\/www.joyeriajael.es\/wp-content\/uploads\/2022\/08\/CONQUEST-CLASSIC05.jpg","type":"image\/jpeg"}],"twitter_card":"summary_large_image","schema":{"@context":"https:\/\/schema.org","@graph":[{"@type":["WebPage","ItemPage"],"@id":"https:\/\/www.joyeriajael.es\/en\/producto\/conquest-classic-5\/","url":"https:\/\/www.joyeriajael.es\/en\/producto\/conquest-classic-5\/","name":"Longines Conquest Classic 29,50mm | 7612356210007 | Jael","isPartOf":{"@id":"https:\/\/www.joyeriajael.es\/en\/#website"},"primaryImageOfPage":{"@id":"https:\/\/www.joyeriajael.es\/en\/producto\/conquest-classic-5\/#primaryimage"},"image":{"@id":"https:\/\/www.joyeriajael.es\/en\/producto\/conquest-classic-5\/#primaryimage"},"thumbnailUrl":"https:\/\/www.joyeriajael.es\/wp-content\/uploads\/2022\/08\/CONQUEST-CLASSIC05.jpg","datePublished":"2022-01-26T20:37:15+00:00","dateModified":"2026-02-12T08:10:09+00:00","description":"Discover Longines Conquest Classic, classic watches that will surprise you with their design and technical features. Visit our website!","breadcrumb":{"@id":"https:\/\/www.joyeriajael.es\/en\/producto\/conquest-classic-5\/#breadcrumb"},"inLanguage":"en-US","potentialAction":[{"@type":"ReadAction","target":["https:\/\/www.joyeriajael.es\/en\/producto\/conquest-classic-5\/"]}]},{"@type":"ImageObject","inLanguage":"en-US","@id":"https:\/\/www.joyeriajael.es\/en\/producto\/conquest-classic-5\/#primaryimage","url":"https:\/\/www.joyeriajael.es\/wp-content\/uploads\/2022\/08\/CONQUEST-CLASSIC05.jpg","contentUrl":"https:\/\/www.joyeriajael.es\/wp-content\/uploads\/2022\/08\/CONQUEST-CLASSIC05.jpg","width":900,"height":900,"caption":"LOGINES CONQUEST CLASSIC STAINLESS STEEL WATCH 29,5MM"},{"@type":"BreadcrumbList","@id":"https:\/\/www.joyeriajael.es\/en\/producto\/conquest-classic-5\/#breadcrumb","itemListElement":[{"@type":"ListItem","position":1,"name":"Portada","item":"https:\/\/www.joyeriajael.es\/en\/"},{"@type":"ListItem","position":2,"name":"Online store","item":"https:\/\/www.joyeriajael.es\/tienda-online\/"},{"@type":"ListItem","position":3,"name":"Brands","item":"https:\/\/www.joyeriajael.es\/en\/brands\/"},{"@type":"ListItem","position":4,"name":"Longines","item":"https:\/\/www.joyeriajael.es\/en\/brands\/longines-en\/"},{"@type":"ListItem","position":5,"name":"LOGINES CONQUEST CLASSIC STAINLESS STEEL WATCH 29,5MM"}]},{"@type":"WebSite","@id":"https:\/\/www.joyeriajael.es\/en\/#website","url":"https:\/\/www.joyeriajael.es\/en\/","name":"Jael Joyer\u00eda","description":"Jael Joyer\u00eda en Santiago de Compostela y A Coru\u00f1a. Primeras marcas, firmas exclusivas, \u00fanico concesionario autorizado de Rolex en la provincia de A Coru\u00f1a.","publisher":{"@id":"https:\/\/www.joyeriajael.es\/en\/#organization"},"alternateName":"Jael","potentialAction":[{"@type":"SearchAction","target":{"@type":"EntryPoint","urlTemplate":"https:\/\/www.joyeriajael.es\/en\/?s={search_term_string}"},"query-input":{"@type":"PropertyValueSpecification","valueRequired":true,"valueName":"search_term_string"}}],"inLanguage":"en-US"},{"@type":"Organization","@id":"https:\/\/www.joyeriajael.es\/en\/#organization","name":"Jael","alternateName":"Jael joyer\u00eda","url":"https:\/\/www.joyeriajael.es\/en\/","logo":{"@type":"ImageObject","inLanguage":"en-US","@id":"https:\/\/www.joyeriajael.es\/en\/#\/schema\/logo\/image\/","url":"https:\/\/www.joyeriajael.es\/wp-content\/uploads\/2024\/07\/cropped-favicon-1.png","contentUrl":"https:\/\/www.joyeriajael.es\/wp-content\/uploads\/2024\/07\/cropped-favicon-1.png","width":512,"height":512,"caption":"Jael"},"image":{"@id":"https:\/\/www.joyeriajael.es\/en\/#\/schema\/logo\/image\/"}}]},"product_price_amount":"850.00","product_price_currency":"EUR","og_availability":"out of stock","product_availability":"out of stock","product_retailer_item_id":"7612356210007","product_condition":"new"},"df_price":850,"df_sale_price":"","df_regular_price":850,"df_image_link":"https:\/\/www.joyeriajael.es\/wp-content\/uploads\/2022\/08\/CONQUEST-CLASSIC05-300x300.jpg","_links":{"self":[{"href":"https:\/\/www.joyeriajael.es\/en\/wp-json\/wp\/v2\/product\/39717","targetHints":{"allow":["GET"]}}],"collection":[{"href":"https:\/\/www.joyeriajael.es\/en\/wp-json\/wp\/v2\/product"}],"about":[{"href":"https:\/\/www.joyeriajael.es\/en\/wp-json\/wp\/v2\/types\/product"}],"wp:featuredmedia":[{"embeddable":true,"href":"https:\/\/www.joyeriajael.es\/en\/wp-json\/wp\/v2\/media\/49424"}],"wp:attachment":[{"href":"https:\/\/www.joyeriajael.es\/en\/wp-json\/wp\/v2\/media?parent=39717"}],"wp:term":[{"taxonomy":"product_brand","embeddable":true,"href":"https:\/\/www.joyeriajael.es\/en\/wp-json\/wp\/v2\/product_brand?post=39717"},{"taxonomy":"product_cat","embeddable":true,"href":"https:\/\/www.joyeriajael.es\/en\/wp-json\/wp\/v2\/product_cat?post=39717"},{"taxonomy":"product_tag","embeddable":true,"href":"https:\/\/www.joyeriajael.es\/en\/wp-json\/wp\/v2\/product_tag?post=39717"}],"curies":[{"name":"wp","href":"https:\/\/api.w.org\/{rel}","templated":true}]}}