{"id":39926,"date":"2022-01-26T21:34:07","date_gmt":"2022-01-26T20:34:07","guid":{"rendered":"https:\/\/www.joyeriajael.es\/half-wedding-ring\/"},"modified":"2026-02-12T09:10:25","modified_gmt":"2026-02-12T08:10:25","slug":"media-alianza-5","status":"publish","type":"product","link":"https:\/\/www.joyeriajael.es\/en\/producto\/media-alianza-5\/","title":{"rendered":"HALF WEDDING RING LECARR\u00c9 WHITE GOLD 0,24K H\/SI"},"content":{"rendered":"<p>Half alliance in 18k white gold with 0.24 carat H\/SI diamonds (size 15).<\/p>\n","protected":false},"excerpt":{"rendered":"<p>Half alliance in 18k white gold with 0.24 carat H\/SI diamonds (size 15).<\/p>\n","protected":false},"featured_media":51710,"template":"","meta":{"_acf_changed":false},"product_brand":[],"product_cat":[712,3879,495,722,505,514,516],"product_tag":[],"class_list":{"0":"post-39926","1":"product","2":"type-product","3":"status-publish","4":"has-post-thumbnail","6":"product_cat-brands","7":"product_cat-bridal-jewelry","8":"product_cat-jewels","9":"product_cat-lecarre-en","10":"product_cat-rings-en","11":"product_cat-wedding-and-engagement-jewelry","12":"product_cat-wedding-rings","13":"pa_marca-lecarre-en","15":"first","16":"instock","17":"taxable","18":"shipping-taxable","19":"purchasable","20":"product-type-simple"},"acf":[],"yoast_head":"<!-- This site is optimized with the Yoast SEO Premium plugin v27.4 (Yoast SEO v27.4) - https:\/\/yoast.com\/product\/yoast-seo-premium-wordpress\/ -->\n<title>Half Wedding Ring Lecarre | White Gold and Diamonds | size 15 | Jael<\/title>\n<meta name=\"description\" content=\"Discover our collection of Lecarr\u00e9 luxury jewelry such as the Lecarr\u00e9 Half Ring. \u2713 Official Warranty. Visit our website!\" \/>\n<meta name=\"robots\" content=\"index, follow, max-snippet:-1, max-image-preview:large, max-video-preview:-1\" \/>\n<link rel=\"canonical\" href=\"https:\/\/www.joyeriajael.es\/en\/producto\/media-alianza-5\/\" \/>\n<meta property=\"og:locale\" content=\"en_US\" \/>\n<meta property=\"og:type\" content=\"article\" \/>\n<meta property=\"og:title\" content=\"HALF WEDDING RING LECARR\u00c9 WHITE GOLD 0,24K H\/SI\" \/>\n<meta property=\"og:description\" content=\"Discover our collection of Lecarr\u00e9 luxury jewelry such as the Lecarr\u00e9 Half Ring. \u2713 Official Warranty. Visit our website!\" \/>\n<meta property=\"og:url\" content=\"https:\/\/www.joyeriajael.es\/en\/producto\/media-alianza-5\/\" \/>\n<meta property=\"og:site_name\" content=\"Jael Joyer\u00eda\" \/>\n<meta property=\"article:modified_time\" content=\"2026-02-12T08:10:25+00:00\" \/>\n<meta property=\"og:image\" content=\"https:\/\/www.joyeriajael.es\/wp-content\/uploads\/2022\/08\/MEDIA-ALIANZA4_01.jpg\" \/>\n\t<meta property=\"og:image:width\" content=\"900\" \/>\n\t<meta property=\"og:image:height\" content=\"900\" \/>\n\t<meta property=\"og:image:type\" content=\"image\/jpeg\" \/>\n<meta name=\"twitter:card\" content=\"summary_large_image\" \/>\n<meta property=\"product:price:amount\" content=\"879.00\" \/>\n<meta property=\"product:price:currency\" content=\"EUR\" \/>\n<meta property=\"og:availability\" content=\"instock\" \/>\n<meta property=\"product:availability\" content=\"instock\" \/>\n<meta property=\"product:retailer_item_id\" content=\"GA045OB.15\" \/>\n<meta property=\"product:condition\" content=\"new\" \/>\n<!-- \/ Yoast SEO Premium plugin. -->","yoast_head_json":{"title":"Half Wedding Ring Lecarre | White Gold and Diamonds | size 15 | Jael","description":"Discover our collection of Lecarr\u00e9 luxury jewelry such as the Lecarr\u00e9 Half Ring. \u2713 Official Warranty. Visit our website!","robots":{"index":"index","follow":"follow","max-snippet":"max-snippet:-1","max-image-preview":"max-image-preview:large","max-video-preview":"max-video-preview:-1"},"canonical":"https:\/\/www.joyeriajael.es\/en\/producto\/media-alianza-5\/","og_locale":"en_US","og_type":"article","og_title":"HALF WEDDING RING LECARR\u00c9 WHITE GOLD 0,24K H\/SI","og_description":"Discover our collection of Lecarr\u00e9 luxury jewelry such as the Lecarr\u00e9 Half Ring. \u2713 Official Warranty. Visit our website!","og_url":"https:\/\/www.joyeriajael.es\/en\/producto\/media-alianza-5\/","og_site_name":"Jael Joyer\u00eda","article_modified_time":"2026-02-12T08:10:25+00:00","og_image":[{"width":900,"height":900,"url":"https:\/\/www.joyeriajael.es\/wp-content\/uploads\/2022\/08\/MEDIA-ALIANZA4_01.jpg","type":"image\/jpeg"}],"twitter_card":"summary_large_image","schema":{"@context":"https:\/\/schema.org","@graph":[{"@type":["WebPage","ItemPage"],"@id":"https:\/\/www.joyeriajael.es\/en\/producto\/media-alianza-5\/","url":"https:\/\/www.joyeriajael.es\/en\/producto\/media-alianza-5\/","name":"Half Wedding Ring Lecarre | White Gold and Diamonds | size 15 | Jael","isPartOf":{"@id":"https:\/\/www.joyeriajael.es\/en\/#website"},"primaryImageOfPage":{"@id":"https:\/\/www.joyeriajael.es\/en\/producto\/media-alianza-5\/#primaryimage"},"image":{"@id":"https:\/\/www.joyeriajael.es\/en\/producto\/media-alianza-5\/#primaryimage"},"thumbnailUrl":"https:\/\/www.joyeriajael.es\/wp-content\/uploads\/2022\/08\/MEDIA-ALIANZA4_01.jpg","datePublished":"2022-01-26T20:34:07+00:00","dateModified":"2026-02-12T08:10:25+00:00","description":"Discover our collection of Lecarr\u00e9 luxury jewelry such as the Lecarr\u00e9 Half Ring. \u2713 Official Warranty. Visit our website!","breadcrumb":{"@id":"https:\/\/www.joyeriajael.es\/en\/producto\/media-alianza-5\/#breadcrumb"},"inLanguage":"en-US","potentialAction":[{"@type":"ReadAction","target":["https:\/\/www.joyeriajael.es\/en\/producto\/media-alianza-5\/"]}]},{"@type":"ImageObject","inLanguage":"en-US","@id":"https:\/\/www.joyeriajael.es\/en\/producto\/media-alianza-5\/#primaryimage","url":"https:\/\/www.joyeriajael.es\/wp-content\/uploads\/2022\/08\/MEDIA-ALIANZA4_01.jpg","contentUrl":"https:\/\/www.joyeriajael.es\/wp-content\/uploads\/2022\/08\/MEDIA-ALIANZA4_01.jpg","width":900,"height":900,"caption":"HALF WEDDING RING LECARR\u00c9 WHITE GOLD 0,24K H\/SI"},{"@type":"BreadcrumbList","@id":"https:\/\/www.joyeriajael.es\/en\/producto\/media-alianza-5\/#breadcrumb","itemListElement":[{"@type":"ListItem","position":1,"name":"Portada","item":"https:\/\/www.joyeriajael.es\/en\/"},{"@type":"ListItem","position":2,"name":"Online store","item":"https:\/\/www.joyeriajael.es\/tienda-online\/"},{"@type":"ListItem","position":3,"name":"Jewels","item":"https:\/\/www.joyeriajael.es\/en\/jewels\/"},{"@type":"ListItem","position":4,"name":"rings","item":"https:\/\/www.joyeriajael.es\/en\/jewels\/rings-en\/"},{"@type":"ListItem","position":5,"name":"HALF WEDDING RING LECARR\u00c9 WHITE GOLD 0,24K H\/SI"}]},{"@type":"WebSite","@id":"https:\/\/www.joyeriajael.es\/en\/#website","url":"https:\/\/www.joyeriajael.es\/en\/","name":"Jael Joyer\u00eda","description":"Jael Joyer\u00eda en Santiago de Compostela y A Coru\u00f1a. Primeras marcas, firmas exclusivas, \u00fanico concesionario autorizado de Rolex en la provincia de A Coru\u00f1a.","publisher":{"@id":"https:\/\/www.joyeriajael.es\/en\/#organization"},"alternateName":"Jael","potentialAction":[{"@type":"SearchAction","target":{"@type":"EntryPoint","urlTemplate":"https:\/\/www.joyeriajael.es\/en\/?s={search_term_string}"},"query-input":{"@type":"PropertyValueSpecification","valueRequired":true,"valueName":"search_term_string"}}],"inLanguage":"en-US"},{"@type":"Organization","@id":"https:\/\/www.joyeriajael.es\/en\/#organization","name":"Jael","alternateName":"Jael joyer\u00eda","url":"https:\/\/www.joyeriajael.es\/en\/","logo":{"@type":"ImageObject","inLanguage":"en-US","@id":"https:\/\/www.joyeriajael.es\/en\/#\/schema\/logo\/image\/","url":"https:\/\/www.joyeriajael.es\/wp-content\/uploads\/2024\/07\/cropped-favicon-1.png","contentUrl":"https:\/\/www.joyeriajael.es\/wp-content\/uploads\/2024\/07\/cropped-favicon-1.png","width":512,"height":512,"caption":"Jael"},"image":{"@id":"https:\/\/www.joyeriajael.es\/en\/#\/schema\/logo\/image\/"}}]},"product_price_amount":"879.00","product_price_currency":"EUR","og_availability":"instock","product_availability":"instock","product_retailer_item_id":"GA045OB.15","product_condition":"new"},"df_price":879,"df_sale_price":"","df_regular_price":879,"df_image_link":"https:\/\/www.joyeriajael.es\/wp-content\/uploads\/2022\/08\/MEDIA-ALIANZA4_01-300x300.jpg","_links":{"self":[{"href":"https:\/\/www.joyeriajael.es\/en\/wp-json\/wp\/v2\/product\/39926","targetHints":{"allow":["GET"]}}],"collection":[{"href":"https:\/\/www.joyeriajael.es\/en\/wp-json\/wp\/v2\/product"}],"about":[{"href":"https:\/\/www.joyeriajael.es\/en\/wp-json\/wp\/v2\/types\/product"}],"wp:featuredmedia":[{"embeddable":true,"href":"https:\/\/www.joyeriajael.es\/en\/wp-json\/wp\/v2\/media\/51710"}],"wp:attachment":[{"href":"https:\/\/www.joyeriajael.es\/en\/wp-json\/wp\/v2\/media?parent=39926"}],"wp:term":[{"taxonomy":"product_brand","embeddable":true,"href":"https:\/\/www.joyeriajael.es\/en\/wp-json\/wp\/v2\/product_brand?post=39926"},{"taxonomy":"product_cat","embeddable":true,"href":"https:\/\/www.joyeriajael.es\/en\/wp-json\/wp\/v2\/product_cat?post=39926"},{"taxonomy":"product_tag","embeddable":true,"href":"https:\/\/www.joyeriajael.es\/en\/wp-json\/wp\/v2\/product_tag?post=39926"}],"curies":[{"name":"wp","href":"https:\/\/api.w.org\/{rel}","templated":true}]}}