{"id":39929,"date":"2022-01-24T17:14:37","date_gmt":"2022-01-24T16:14:37","guid":{"rendered":"https:\/\/www.joyeriajael.es\/hula-hoop-ring\/"},"modified":"2026-02-12T09:10:33","modified_gmt":"2026-02-12T08:10:33","slug":"anillo-hula-hoop-3","status":"publish","type":"product","link":"https:\/\/www.joyeriajael.es\/en\/producto\/anillo-hula-hoop-3\/","title":{"rendered":"HULA HOOP RING"},"content":{"rendered":"<p>Hula hoop ring in rose gold and 0.10 carat diamond.<\/p>\n","protected":false},"excerpt":{"rendered":"<p>Hula hoop ring in rose gold and 0.10 carat diamond.<\/p>\n","protected":false},"featured_media":50032,"template":"","meta":{"_acf_changed":false},"product_brand":[],"product_cat":[712,3879,3045,495,721,505,3877,514,516],"product_tag":[],"class_list":{"0":"post-39929","1":"product","2":"type-product","3":"status-publish","4":"has-post-thumbnail","6":"product_cat-brands","7":"product_cat-bridal-jewelry","8":"product_cat-engagement-rings","9":"product_cat-jewels","10":"product_cat-la-brune-la-blonde-en","11":"product_cat-rings-en","12":"product_cat-solitaire","13":"product_cat-wedding-and-engagement-jewelry","14":"product_cat-wedding-rings","15":"pa_marca-la-brune-la-blonde-en","17":"first","18":"instock","19":"taxable","20":"shipping-taxable","21":"purchasable","22":"product-type-simple"},"acf":[],"yoast_head":"<!-- This site is optimized with the Yoast SEO Premium plugin v27.4 (Yoast SEO v27.4) - https:\/\/yoast.com\/product\/yoast-seo-premium-wordpress\/ -->\n<title>HULA HOOP RING<\/title>\n<meta name=\"description\" content=\"Discover the elegance of the HULA HOOP RING , sophistication and glamour meet in a hula hoop ring in rose gold and 0.10 carat diamond.\" \/>\n<meta name=\"robots\" content=\"index, follow, max-snippet:-1, max-image-preview:large, max-video-preview:-1\" \/>\n<link rel=\"canonical\" href=\"https:\/\/www.joyeriajael.es\/en\/producto\/anillo-hula-hoop-3\/\" \/>\n<meta property=\"og:locale\" content=\"en_US\" \/>\n<meta property=\"og:type\" content=\"article\" \/>\n<meta property=\"og:title\" content=\"HULA HOOP RING\" \/>\n<meta property=\"og:description\" content=\"Discover the elegance of the HULA HOOP RING , sophistication and glamour meet in a hula hoop ring in rose gold and 0.10 carat diamond.\" \/>\n<meta property=\"og:url\" content=\"https:\/\/www.joyeriajael.es\/en\/producto\/anillo-hula-hoop-3\/\" \/>\n<meta property=\"og:site_name\" content=\"Jael Joyer\u00eda\" \/>\n<meta property=\"article:modified_time\" content=\"2026-02-12T08:10:33+00:00\" \/>\n<meta property=\"og:image\" content=\"https:\/\/www.joyeriajael.es\/wp-content\/uploads\/2022\/08\/ANILLO-HULA-HOOP_01.jpg\" \/>\n\t<meta property=\"og:image:width\" content=\"900\" \/>\n\t<meta property=\"og:image:height\" content=\"900\" \/>\n\t<meta property=\"og:image:type\" content=\"image\/jpeg\" \/>\n<meta name=\"twitter:card\" content=\"summary_large_image\" \/>\n<meta property=\"product:price:amount\" content=\"1470.00\" \/>\n<meta property=\"product:price:currency\" content=\"EUR\" \/>\n<meta property=\"og:availability\" content=\"instock\" \/>\n<meta property=\"product:availability\" content=\"instock\" \/>\n<meta property=\"product:retailer_item_id\" content=\"RI0008PGDI\" \/>\n<meta property=\"product:condition\" content=\"new\" \/>\n<!-- \/ Yoast SEO Premium plugin. -->","yoast_head_json":{"title":"HULA HOOP RING","description":"Discover the elegance of the HULA HOOP RING , sophistication and glamour meet in a hula hoop ring in rose gold and 0.10 carat diamond.","robots":{"index":"index","follow":"follow","max-snippet":"max-snippet:-1","max-image-preview":"max-image-preview:large","max-video-preview":"max-video-preview:-1"},"canonical":"https:\/\/www.joyeriajael.es\/en\/producto\/anillo-hula-hoop-3\/","og_locale":"en_US","og_type":"article","og_title":"HULA HOOP RING","og_description":"Discover the elegance of the HULA HOOP RING , sophistication and glamour meet in a hula hoop ring in rose gold and 0.10 carat diamond.","og_url":"https:\/\/www.joyeriajael.es\/en\/producto\/anillo-hula-hoop-3\/","og_site_name":"Jael Joyer\u00eda","article_modified_time":"2026-02-12T08:10:33+00:00","og_image":[{"width":900,"height":900,"url":"https:\/\/www.joyeriajael.es\/wp-content\/uploads\/2022\/08\/ANILLO-HULA-HOOP_01.jpg","type":"image\/jpeg"}],"twitter_card":"summary_large_image","schema":{"@context":"https:\/\/schema.org","@graph":[{"@type":["WebPage","ItemPage"],"@id":"https:\/\/www.joyeriajael.es\/en\/producto\/anillo-hula-hoop-3\/","url":"https:\/\/www.joyeriajael.es\/en\/producto\/anillo-hula-hoop-3\/","name":"HULA HOOP RING","isPartOf":{"@id":"https:\/\/www.joyeriajael.es\/en\/#website"},"primaryImageOfPage":{"@id":"https:\/\/www.joyeriajael.es\/en\/producto\/anillo-hula-hoop-3\/#primaryimage"},"image":{"@id":"https:\/\/www.joyeriajael.es\/en\/producto\/anillo-hula-hoop-3\/#primaryimage"},"thumbnailUrl":"https:\/\/www.joyeriajael.es\/wp-content\/uploads\/2022\/08\/ANILLO-HULA-HOOP_01.jpg","datePublished":"2022-01-24T16:14:37+00:00","dateModified":"2026-02-12T08:10:33+00:00","description":"Discover the elegance of the HULA HOOP RING , sophistication and glamour meet in a hula hoop ring in rose gold and 0.10 carat diamond.","breadcrumb":{"@id":"https:\/\/www.joyeriajael.es\/en\/producto\/anillo-hula-hoop-3\/#breadcrumb"},"inLanguage":"en-US","potentialAction":[{"@type":"ReadAction","target":["https:\/\/www.joyeriajael.es\/en\/producto\/anillo-hula-hoop-3\/"]}]},{"@type":"ImageObject","inLanguage":"en-US","@id":"https:\/\/www.joyeriajael.es\/en\/producto\/anillo-hula-hoop-3\/#primaryimage","url":"https:\/\/www.joyeriajael.es\/wp-content\/uploads\/2022\/08\/ANILLO-HULA-HOOP_01.jpg","contentUrl":"https:\/\/www.joyeriajael.es\/wp-content\/uploads\/2022\/08\/ANILLO-HULA-HOOP_01.jpg","width":900,"height":900,"caption":"HULA HOOP RING"},{"@type":"BreadcrumbList","@id":"https:\/\/www.joyeriajael.es\/en\/producto\/anillo-hula-hoop-3\/#breadcrumb","itemListElement":[{"@type":"ListItem","position":1,"name":"Portada","item":"https:\/\/www.joyeriajael.es\/en\/"},{"@type":"ListItem","position":2,"name":"Online store","item":"https:\/\/www.joyeriajael.es\/tienda-online\/"},{"@type":"ListItem","position":3,"name":"Jewels","item":"https:\/\/www.joyeriajael.es\/en\/jewels\/"},{"@type":"ListItem","position":4,"name":"rings","item":"https:\/\/www.joyeriajael.es\/en\/jewels\/rings-en\/"},{"@type":"ListItem","position":5,"name":"HULA HOOP RING"}]},{"@type":"WebSite","@id":"https:\/\/www.joyeriajael.es\/en\/#website","url":"https:\/\/www.joyeriajael.es\/en\/","name":"Jael Joyer\u00eda","description":"Jael Joyer\u00eda en Santiago de Compostela y A Coru\u00f1a. Primeras marcas, firmas exclusivas, \u00fanico concesionario autorizado de Rolex en la provincia de A Coru\u00f1a.","publisher":{"@id":"https:\/\/www.joyeriajael.es\/en\/#organization"},"alternateName":"Jael","potentialAction":[{"@type":"SearchAction","target":{"@type":"EntryPoint","urlTemplate":"https:\/\/www.joyeriajael.es\/en\/?s={search_term_string}"},"query-input":{"@type":"PropertyValueSpecification","valueRequired":true,"valueName":"search_term_string"}}],"inLanguage":"en-US"},{"@type":"Organization","@id":"https:\/\/www.joyeriajael.es\/en\/#organization","name":"Jael","alternateName":"Jael joyer\u00eda","url":"https:\/\/www.joyeriajael.es\/en\/","logo":{"@type":"ImageObject","inLanguage":"en-US","@id":"https:\/\/www.joyeriajael.es\/en\/#\/schema\/logo\/image\/","url":"https:\/\/www.joyeriajael.es\/wp-content\/uploads\/2024\/07\/cropped-favicon-1.png","contentUrl":"https:\/\/www.joyeriajael.es\/wp-content\/uploads\/2024\/07\/cropped-favicon-1.png","width":512,"height":512,"caption":"Jael"},"image":{"@id":"https:\/\/www.joyeriajael.es\/en\/#\/schema\/logo\/image\/"}}]},"product_price_amount":"1470.00","product_price_currency":"EUR","og_availability":"instock","product_availability":"instock","product_retailer_item_id":"RI0008PGDI","product_condition":"new"},"df_price":1470,"df_sale_price":"","df_regular_price":1470,"df_image_link":"https:\/\/www.joyeriajael.es\/wp-content\/uploads\/2022\/08\/ANILLO-HULA-HOOP_01-300x300.jpg","_links":{"self":[{"href":"https:\/\/www.joyeriajael.es\/en\/wp-json\/wp\/v2\/product\/39929","targetHints":{"allow":["GET"]}}],"collection":[{"href":"https:\/\/www.joyeriajael.es\/en\/wp-json\/wp\/v2\/product"}],"about":[{"href":"https:\/\/www.joyeriajael.es\/en\/wp-json\/wp\/v2\/types\/product"}],"wp:featuredmedia":[{"embeddable":true,"href":"https:\/\/www.joyeriajael.es\/en\/wp-json\/wp\/v2\/media\/50032"}],"wp:attachment":[{"href":"https:\/\/www.joyeriajael.es\/en\/wp-json\/wp\/v2\/media?parent=39929"}],"wp:term":[{"taxonomy":"product_brand","embeddable":true,"href":"https:\/\/www.joyeriajael.es\/en\/wp-json\/wp\/v2\/product_brand?post=39929"},{"taxonomy":"product_cat","embeddable":true,"href":"https:\/\/www.joyeriajael.es\/en\/wp-json\/wp\/v2\/product_cat?post=39929"},{"taxonomy":"product_tag","embeddable":true,"href":"https:\/\/www.joyeriajael.es\/en\/wp-json\/wp\/v2\/product_tag?post=39929"}],"curies":[{"name":"wp","href":"https:\/\/api.w.org\/{rel}","templated":true}]}}