{"id":39941,"date":"2022-01-26T21:23:33","date_gmt":"2022-01-26T20:23:33","guid":{"rendered":"https:\/\/www.joyeriajael.es\/sabbia-ring\/"},"modified":"2026-02-12T09:10:31","modified_gmt":"2026-02-12T08:10:31","slug":"sortija-sabbia-4","status":"publish","type":"product","link":"https:\/\/www.joyeriajael.es\/en\/producto\/sortija-sabbia-4\/","title":{"rendered":"POMELLATO SABBIA DIAMOND RING 0.24 KT"},"content":{"rendered":"<p>Sabbia ring in rose gold with rhodium-plated pav\u00e9 in rose gold and 0.24-carat diamonds (size 56).<\/p>\n","protected":false},"excerpt":{"rendered":"<p>Sabbia ring in rose gold with rhodium-plated pav\u00e9 in rose gold and 0.24-carat diamonds (size 56).<\/p>\n","protected":false},"featured_media":51890,"template":"","meta":{"_acf_changed":false},"product_brand":[],"product_cat":[3879,3045,725,514],"product_tag":[],"class_list":{"0":"post-39941","1":"product","2":"type-product","3":"status-publish","4":"has-post-thumbnail","6":"product_cat-bridal-jewelry","7":"product_cat-engagement-rings","8":"product_cat-pomellato-en","9":"product_cat-wedding-and-engagement-jewelry","10":"pa_marca-pomellato-en","12":"first","13":"instock","14":"taxable","15":"shipping-taxable","16":"purchasable","17":"product-type-simple"},"acf":[],"yoast_head":"<!-- This site is optimized with the Yoast SEO Premium plugin v27.4 (Yoast SEO v27.4) - https:\/\/yoast.com\/product\/yoast-seo-premium-wordpress\/ -->\n<title>Ring Pomellato Sabbia | Rose Gold and Diamonds | size 56 | Jael<\/title>\n<meta name=\"description\" content=\"Explore Our Selection of Pomellato Sabbia Rings. We are an Official Authorized Pomellato Distributor. \u2713 Official Warranty. Visit our website!\" \/>\n<meta name=\"robots\" content=\"index, follow, max-snippet:-1, max-image-preview:large, max-video-preview:-1\" \/>\n<link rel=\"canonical\" href=\"https:\/\/www.joyeriajael.es\/en\/producto\/sortija-sabbia-4\/\" \/>\n<meta property=\"og:locale\" content=\"en_US\" \/>\n<meta property=\"og:type\" content=\"article\" \/>\n<meta property=\"og:title\" content=\"POMELLATO SABBIA DIAMOND RING 0.24 KT\" \/>\n<meta property=\"og:description\" content=\"Explore Our Selection of Pomellato Sabbia Rings. We are an Official Authorized Pomellato Distributor. \u2713 Official Warranty. Visit our website!\" \/>\n<meta property=\"og:url\" content=\"https:\/\/www.joyeriajael.es\/en\/producto\/sortija-sabbia-4\/\" \/>\n<meta property=\"og:site_name\" content=\"Jael Joyer\u00eda\" \/>\n<meta property=\"article:modified_time\" content=\"2026-02-12T08:10:31+00:00\" \/>\n<meta property=\"og:image\" content=\"https:\/\/www.joyeriajael.es\/wp-content\/uploads\/2022\/08\/SORTIJA-SABBIA2_01-1.jpg\" \/>\n\t<meta property=\"og:image:width\" content=\"900\" \/>\n\t<meta property=\"og:image:height\" content=\"900\" \/>\n\t<meta property=\"og:image:type\" content=\"image\/jpeg\" \/>\n<meta name=\"twitter:card\" content=\"summary_large_image\" \/>\n<meta property=\"product:price:amount\" content=\"2300.00\" \/>\n<meta property=\"product:price:currency\" content=\"EUR\" \/>\n<meta property=\"og:availability\" content=\"instock\" \/>\n<meta property=\"product:availability\" content=\"instock\" \/>\n<meta property=\"product:retailer_item_id\" content=\"A.B407-O7-B9-56\" \/>\n<meta property=\"product:condition\" content=\"new\" \/>\n<!-- \/ Yoast SEO Premium plugin. -->","yoast_head_json":{"title":"Ring Pomellato Sabbia | Rose Gold and Diamonds | size 56 | Jael","description":"Explore Our Selection of Pomellato Sabbia Rings. We are an Official Authorized Pomellato Distributor. \u2713 Official Warranty. Visit our website!","robots":{"index":"index","follow":"follow","max-snippet":"max-snippet:-1","max-image-preview":"max-image-preview:large","max-video-preview":"max-video-preview:-1"},"canonical":"https:\/\/www.joyeriajael.es\/en\/producto\/sortija-sabbia-4\/","og_locale":"en_US","og_type":"article","og_title":"POMELLATO SABBIA DIAMOND RING 0.24 KT","og_description":"Explore Our Selection of Pomellato Sabbia Rings. We are an Official Authorized Pomellato Distributor. \u2713 Official Warranty. Visit our website!","og_url":"https:\/\/www.joyeriajael.es\/en\/producto\/sortija-sabbia-4\/","og_site_name":"Jael Joyer\u00eda","article_modified_time":"2026-02-12T08:10:31+00:00","og_image":[{"width":900,"height":900,"url":"https:\/\/www.joyeriajael.es\/wp-content\/uploads\/2022\/08\/SORTIJA-SABBIA2_01-1.jpg","type":"image\/jpeg"}],"twitter_card":"summary_large_image","schema":{"@context":"https:\/\/schema.org","@graph":[{"@type":["WebPage","ItemPage"],"@id":"https:\/\/www.joyeriajael.es\/en\/producto\/sortija-sabbia-4\/","url":"https:\/\/www.joyeriajael.es\/en\/producto\/sortija-sabbia-4\/","name":"Ring Pomellato Sabbia | Rose Gold and Diamonds | size 56 | Jael","isPartOf":{"@id":"https:\/\/www.joyeriajael.es\/en\/#website"},"primaryImageOfPage":{"@id":"https:\/\/www.joyeriajael.es\/en\/producto\/sortija-sabbia-4\/#primaryimage"},"image":{"@id":"https:\/\/www.joyeriajael.es\/en\/producto\/sortija-sabbia-4\/#primaryimage"},"thumbnailUrl":"https:\/\/www.joyeriajael.es\/wp-content\/uploads\/2022\/08\/SORTIJA-SABBIA2_01-1.jpg","datePublished":"2022-01-26T20:23:33+00:00","dateModified":"2026-02-12T08:10:31+00:00","description":"Explore Our Selection of Pomellato Sabbia Rings. We are an Official Authorized Pomellato Distributor. \u2713 Official Warranty. Visit our website!","breadcrumb":{"@id":"https:\/\/www.joyeriajael.es\/en\/producto\/sortija-sabbia-4\/#breadcrumb"},"inLanguage":"en-US","potentialAction":[{"@type":"ReadAction","target":["https:\/\/www.joyeriajael.es\/en\/producto\/sortija-sabbia-4\/"]}]},{"@type":"ImageObject","inLanguage":"en-US","@id":"https:\/\/www.joyeriajael.es\/en\/producto\/sortija-sabbia-4\/#primaryimage","url":"https:\/\/www.joyeriajael.es\/wp-content\/uploads\/2022\/08\/SORTIJA-SABBIA2_01-1.jpg","contentUrl":"https:\/\/www.joyeriajael.es\/wp-content\/uploads\/2022\/08\/SORTIJA-SABBIA2_01-1.jpg","width":900,"height":900,"caption":"POMELLATO SABBIA DIAMOND RING 0.24 KT"},{"@type":"BreadcrumbList","@id":"https:\/\/www.joyeriajael.es\/en\/producto\/sortija-sabbia-4\/#breadcrumb","itemListElement":[{"@type":"ListItem","position":1,"name":"Portada","item":"https:\/\/www.joyeriajael.es\/en\/"},{"@type":"ListItem","position":2,"name":"Online store","item":"https:\/\/www.joyeriajael.es\/tienda-online\/"},{"@type":"ListItem","position":3,"name":"Brands","item":"https:\/\/www.joyeriajael.es\/en\/brands\/"},{"@type":"ListItem","position":4,"name":"Pomellato","item":"https:\/\/www.joyeriajael.es\/en\/brands\/pomellato-en\/"},{"@type":"ListItem","position":5,"name":"POMELLATO SABBIA DIAMOND RING 0.24 KT"}]},{"@type":"WebSite","@id":"https:\/\/www.joyeriajael.es\/en\/#website","url":"https:\/\/www.joyeriajael.es\/en\/","name":"Jael Joyer\u00eda","description":"Jael Joyer\u00eda en Santiago de Compostela y A Coru\u00f1a. Primeras marcas, firmas exclusivas, \u00fanico concesionario autorizado de Rolex en la provincia de A Coru\u00f1a.","publisher":{"@id":"https:\/\/www.joyeriajael.es\/en\/#organization"},"alternateName":"Jael","potentialAction":[{"@type":"SearchAction","target":{"@type":"EntryPoint","urlTemplate":"https:\/\/www.joyeriajael.es\/en\/?s={search_term_string}"},"query-input":{"@type":"PropertyValueSpecification","valueRequired":true,"valueName":"search_term_string"}}],"inLanguage":"en-US"},{"@type":"Organization","@id":"https:\/\/www.joyeriajael.es\/en\/#organization","name":"Jael","alternateName":"Jael joyer\u00eda","url":"https:\/\/www.joyeriajael.es\/en\/","logo":{"@type":"ImageObject","inLanguage":"en-US","@id":"https:\/\/www.joyeriajael.es\/en\/#\/schema\/logo\/image\/","url":"https:\/\/www.joyeriajael.es\/wp-content\/uploads\/2024\/07\/cropped-favicon-1.png","contentUrl":"https:\/\/www.joyeriajael.es\/wp-content\/uploads\/2024\/07\/cropped-favicon-1.png","width":512,"height":512,"caption":"Jael"},"image":{"@id":"https:\/\/www.joyeriajael.es\/en\/#\/schema\/logo\/image\/"}}]},"product_price_amount":"2300.00","product_price_currency":"EUR","og_availability":"instock","product_availability":"instock","product_retailer_item_id":"A.B407-O7-B9-56","product_condition":"new"},"df_price":2300,"df_sale_price":"","df_regular_price":2300,"df_image_link":"https:\/\/www.joyeriajael.es\/wp-content\/uploads\/2022\/08\/SORTIJA-SABBIA2_01-1-300x300.jpg","_links":{"self":[{"href":"https:\/\/www.joyeriajael.es\/en\/wp-json\/wp\/v2\/product\/39941","targetHints":{"allow":["GET"]}}],"collection":[{"href":"https:\/\/www.joyeriajael.es\/en\/wp-json\/wp\/v2\/product"}],"about":[{"href":"https:\/\/www.joyeriajael.es\/en\/wp-json\/wp\/v2\/types\/product"}],"wp:featuredmedia":[{"embeddable":true,"href":"https:\/\/www.joyeriajael.es\/en\/wp-json\/wp\/v2\/media\/51890"}],"wp:attachment":[{"href":"https:\/\/www.joyeriajael.es\/en\/wp-json\/wp\/v2\/media?parent=39941"}],"wp:term":[{"taxonomy":"product_brand","embeddable":true,"href":"https:\/\/www.joyeriajael.es\/en\/wp-json\/wp\/v2\/product_brand?post=39941"},{"taxonomy":"product_cat","embeddable":true,"href":"https:\/\/www.joyeriajael.es\/en\/wp-json\/wp\/v2\/product_cat?post=39941"},{"taxonomy":"product_tag","embeddable":true,"href":"https:\/\/www.joyeriajael.es\/en\/wp-json\/wp\/v2\/product_tag?post=39941"}],"curies":[{"name":"wp","href":"https:\/\/api.w.org\/{rel}","templated":true}]}}