{"id":40111,"date":"2022-01-24T16:45:57","date_gmt":"2022-01-24T15:45:57","guid":{"rendered":"https:\/\/www.joyeriajael.es\/brera-crawler-earring\/"},"modified":"2026-02-12T09:10:28","modified_gmt":"2026-02-12T08:10:28","slug":"pendiente-crawler-brera-2","status":"publish","type":"product","link":"https:\/\/www.joyeriajael.es\/en\/producto\/pendiente-crawler-brera-2\/","title":{"rendered":"BRERA CRAWLER EARRING"},"content":{"rendered":"<p>Crawler earring for right ear in 18-carat rose gold, 47 brown diamonds (\u02dc0.99 ct).<br \/>\nPomellato celebrates the Maison&#8217;s unique style with Brera&#8217;s eye-catching new jewellery, crafted by hand for the most chic of fashionistas. With absolute distinction, Brera jewelery is sculpted for the woman who dares to start the conversation, in true bold Italian style. Pomellato designed an \u201cear cuff\u201d that arches the full length of the ear, in precious rose gold and brown diamonds.<\/p>\n","protected":false},"excerpt":{"rendered":"<p>Crawler earring for right ear in 18-carat rose gold, 47 brown diamonds (\u02dc0.99 ct). Pomellato celebrates the Maison&#8217;s&hellip;<\/p>\n","protected":false},"featured_media":50342,"template":"","meta":{"_acf_changed":false},"product_brand":[],"product_cat":[510,495,3882,725],"product_tag":[],"class_list":{"0":"post-40111","1":"product","2":"type-product","3":"status-publish","4":"has-post-thumbnail","6":"product_cat-earrings","7":"product_cat-jewels","8":"product_cat-long","9":"product_cat-pomellato-en","10":"pa_marca-pomellato-en","12":"first","13":"instock","14":"taxable","15":"shipping-taxable","16":"purchasable","17":"product-type-simple"},"acf":[],"yoast_head":"<!-- This site is optimized with the Yoast SEO Premium plugin v27.4 (Yoast SEO v27.4) - https:\/\/yoast.com\/product\/yoast-seo-premium-wordpress\/ -->\n<title>Pomellato Earring Brera Crawler | Jael<\/title>\n<meta name=\"robots\" content=\"index, follow, max-snippet:-1, max-image-preview:large, max-video-preview:-1\" \/>\n<link rel=\"canonical\" href=\"https:\/\/www.joyeriajael.es\/en\/producto\/pendiente-crawler-brera-2\/\" \/>\n<meta property=\"og:locale\" content=\"en_US\" \/>\n<meta property=\"og:type\" content=\"article\" \/>\n<meta property=\"og:title\" content=\"BRERA CRAWLER EARRING\" \/>\n<meta property=\"og:description\" content=\"Crawler earring for right ear in 18-carat rose gold, 47 brown diamonds (\u02dc0.99 ct). Pomellato celebrates the Maison&#8217;s&hellip;\" \/>\n<meta property=\"og:url\" content=\"https:\/\/www.joyeriajael.es\/en\/producto\/pendiente-crawler-brera-2\/\" \/>\n<meta property=\"og:site_name\" content=\"Jael Joyer\u00eda\" \/>\n<meta property=\"article:modified_time\" content=\"2026-02-12T08:10:28+00:00\" \/>\n<meta property=\"og:image\" content=\"https:\/\/www.joyeriajael.es\/wp-content\/uploads\/2022\/08\/PENDIENTE-CRAWLER-BRERA.jpg\" \/>\n\t<meta property=\"og:image:width\" content=\"900\" \/>\n\t<meta property=\"og:image:height\" content=\"900\" \/>\n\t<meta property=\"og:image:type\" content=\"image\/jpeg\" \/>\n<meta name=\"twitter:card\" content=\"summary_large_image\" \/>\n<meta property=\"product:price:amount\" content=\"4100.00\" \/>\n<meta property=\"product:price:currency\" content=\"EUR\" \/>\n<meta property=\"og:availability\" content=\"instock\" \/>\n<meta property=\"product:availability\" content=\"instock\" \/>\n<meta property=\"product:retailer_item_id\" content=\"O.C007HDX-O7-3BR\" \/>\n<meta property=\"product:condition\" content=\"new\" \/>\n<!-- \/ Yoast SEO Premium plugin. -->","yoast_head_json":{"title":"Pomellato Earring Brera Crawler | Jael","robots":{"index":"index","follow":"follow","max-snippet":"max-snippet:-1","max-image-preview":"max-image-preview:large","max-video-preview":"max-video-preview:-1"},"canonical":"https:\/\/www.joyeriajael.es\/en\/producto\/pendiente-crawler-brera-2\/","og_locale":"en_US","og_type":"article","og_title":"BRERA CRAWLER EARRING","og_description":"Crawler earring for right ear in 18-carat rose gold, 47 brown diamonds (\u02dc0.99 ct). Pomellato celebrates the Maison&#8217;s&hellip;","og_url":"https:\/\/www.joyeriajael.es\/en\/producto\/pendiente-crawler-brera-2\/","og_site_name":"Jael Joyer\u00eda","article_modified_time":"2026-02-12T08:10:28+00:00","og_image":[{"width":900,"height":900,"url":"https:\/\/www.joyeriajael.es\/wp-content\/uploads\/2022\/08\/PENDIENTE-CRAWLER-BRERA.jpg","type":"image\/jpeg"}],"twitter_card":"summary_large_image","schema":{"@context":"https:\/\/schema.org","@graph":[{"@type":["WebPage","ItemPage"],"@id":"https:\/\/www.joyeriajael.es\/en\/producto\/pendiente-crawler-brera-2\/","url":"https:\/\/www.joyeriajael.es\/en\/producto\/pendiente-crawler-brera-2\/","name":"Pomellato Earring Brera Crawler | Jael","isPartOf":{"@id":"https:\/\/www.joyeriajael.es\/en\/#website"},"primaryImageOfPage":{"@id":"https:\/\/www.joyeriajael.es\/en\/producto\/pendiente-crawler-brera-2\/#primaryimage"},"image":{"@id":"https:\/\/www.joyeriajael.es\/en\/producto\/pendiente-crawler-brera-2\/#primaryimage"},"thumbnailUrl":"https:\/\/www.joyeriajael.es\/wp-content\/uploads\/2022\/08\/PENDIENTE-CRAWLER-BRERA.jpg","datePublished":"2022-01-24T15:45:57+00:00","dateModified":"2026-02-12T08:10:28+00:00","breadcrumb":{"@id":"https:\/\/www.joyeriajael.es\/en\/producto\/pendiente-crawler-brera-2\/#breadcrumb"},"inLanguage":"en-US","potentialAction":[{"@type":"ReadAction","target":["https:\/\/www.joyeriajael.es\/en\/producto\/pendiente-crawler-brera-2\/"]}]},{"@type":"ImageObject","inLanguage":"en-US","@id":"https:\/\/www.joyeriajael.es\/en\/producto\/pendiente-crawler-brera-2\/#primaryimage","url":"https:\/\/www.joyeriajael.es\/wp-content\/uploads\/2022\/08\/PENDIENTE-CRAWLER-BRERA.jpg","contentUrl":"https:\/\/www.joyeriajael.es\/wp-content\/uploads\/2022\/08\/PENDIENTE-CRAWLER-BRERA.jpg","width":900,"height":900,"caption":"BRERA CRAWLER EARRING"},{"@type":"BreadcrumbList","@id":"https:\/\/www.joyeriajael.es\/en\/producto\/pendiente-crawler-brera-2\/#breadcrumb","itemListElement":[{"@type":"ListItem","position":1,"name":"Portada","item":"https:\/\/www.joyeriajael.es\/en\/"},{"@type":"ListItem","position":2,"name":"Online store","item":"https:\/\/www.joyeriajael.es\/tienda-online\/"},{"@type":"ListItem","position":3,"name":"Brands","item":"https:\/\/www.joyeriajael.es\/en\/brands\/"},{"@type":"ListItem","position":4,"name":"Pomellato","item":"https:\/\/www.joyeriajael.es\/en\/brands\/pomellato-en\/"},{"@type":"ListItem","position":5,"name":"BRERA CRAWLER EARRING"}]},{"@type":"WebSite","@id":"https:\/\/www.joyeriajael.es\/en\/#website","url":"https:\/\/www.joyeriajael.es\/en\/","name":"Jael Joyer\u00eda","description":"Jael Joyer\u00eda en Santiago de Compostela y A Coru\u00f1a. Primeras marcas, firmas exclusivas, \u00fanico concesionario autorizado de Rolex en la provincia de A Coru\u00f1a.","publisher":{"@id":"https:\/\/www.joyeriajael.es\/en\/#organization"},"alternateName":"Jael","potentialAction":[{"@type":"SearchAction","target":{"@type":"EntryPoint","urlTemplate":"https:\/\/www.joyeriajael.es\/en\/?s={search_term_string}"},"query-input":{"@type":"PropertyValueSpecification","valueRequired":true,"valueName":"search_term_string"}}],"inLanguage":"en-US"},{"@type":"Organization","@id":"https:\/\/www.joyeriajael.es\/en\/#organization","name":"Jael","alternateName":"Jael joyer\u00eda","url":"https:\/\/www.joyeriajael.es\/en\/","logo":{"@type":"ImageObject","inLanguage":"en-US","@id":"https:\/\/www.joyeriajael.es\/en\/#\/schema\/logo\/image\/","url":"https:\/\/www.joyeriajael.es\/wp-content\/uploads\/2024\/07\/cropped-favicon-1.png","contentUrl":"https:\/\/www.joyeriajael.es\/wp-content\/uploads\/2024\/07\/cropped-favicon-1.png","width":512,"height":512,"caption":"Jael"},"image":{"@id":"https:\/\/www.joyeriajael.es\/en\/#\/schema\/logo\/image\/"}}]},"product_price_amount":"4100.00","product_price_currency":"EUR","og_availability":"instock","product_availability":"instock","product_retailer_item_id":"O.C007HDX-O7-3BR","product_condition":"new"},"df_price":4100,"df_sale_price":"","df_regular_price":4100,"df_image_link":"https:\/\/www.joyeriajael.es\/wp-content\/uploads\/2022\/08\/PENDIENTE-CRAWLER-BRERA-300x300.jpg","_links":{"self":[{"href":"https:\/\/www.joyeriajael.es\/en\/wp-json\/wp\/v2\/product\/40111","targetHints":{"allow":["GET"]}}],"collection":[{"href":"https:\/\/www.joyeriajael.es\/en\/wp-json\/wp\/v2\/product"}],"about":[{"href":"https:\/\/www.joyeriajael.es\/en\/wp-json\/wp\/v2\/types\/product"}],"wp:featuredmedia":[{"embeddable":true,"href":"https:\/\/www.joyeriajael.es\/en\/wp-json\/wp\/v2\/media\/50342"}],"wp:attachment":[{"href":"https:\/\/www.joyeriajael.es\/en\/wp-json\/wp\/v2\/media?parent=40111"}],"wp:term":[{"taxonomy":"product_brand","embeddable":true,"href":"https:\/\/www.joyeriajael.es\/en\/wp-json\/wp\/v2\/product_brand?post=40111"},{"taxonomy":"product_cat","embeddable":true,"href":"https:\/\/www.joyeriajael.es\/en\/wp-json\/wp\/v2\/product_cat?post=40111"},{"taxonomy":"product_tag","embeddable":true,"href":"https:\/\/www.joyeriajael.es\/en\/wp-json\/wp\/v2\/product_tag?post=40111"}],"curies":[{"name":"wp","href":"https:\/\/api.w.org\/{rel}","templated":true}]}}