{"id":40209,"date":"2022-01-24T16:07:13","date_gmt":"2022-01-24T15:07:13","guid":{"rendered":"https:\/\/www.joyeriajael.es\/khaki-navy-navy-pioneer-small-second-auto\/"},"modified":"2026-02-12T09:10:08","modified_gmt":"2026-02-12T08:10:08","slug":"khaki-navy-navy-pioneer-small-second-auto-2","status":"publish","type":"product","link":"https:\/\/www.joyeriajael.es\/en\/producto\/khaki-navy-navy-pioneer-small-second-auto-2\/","title":{"rendered":"*KHAKI NAVY NAVY PIONEER SMALL SECOND AUTO"},"content":{"rendered":"<p>&#8211; Caliber: Eta 2895-2.<br \/>\n&#8211; Case material: Stainless steel.<br \/>\n&#8211; Crystal: Sapphire.<br \/>\n&#8211; Movement: Automatic.<br \/>\n&#8211; Power reserve: 50-hour power reserve.<br \/>\n&#8211; Case size: 40mm.<br \/>\n&#8211; Water resistance: Water resistance 10 bar (100 m) \/145 psi (328 ft).<\/p>\n","protected":false},"excerpt":{"rendered":"<p>&#8211; Caliber: Eta 2895-2. &#8211; Case material: Stainless steel. &#8211; Crystal: Sapphire. &#8211; Movement: Automatic. &#8211; Power reserve:&hellip;<\/p>\n","protected":false},"featured_media":53401,"template":"","meta":{"_acf_changed":false},"product_brand":[],"product_cat":[720,3807,499,730],"product_tag":[],"class_list":{"0":"post-40209","1":"product","2":"type-product","3":"status-publish","4":"has-post-thumbnail","6":"product_cat-hamilton-en","7":"product_cat-khaki-navy-en","8":"product_cat-watches","9":"product_cat-watches-for-men","10":"pa_marca-hamilton-en","12":"first","13":"outofstock","14":"taxable","15":"shipping-taxable","16":"purchasable","17":"product-type-simple"},"acf":[],"yoast_head":"<!-- This site is optimized with the Yoast SEO Premium plugin v27.3 (Yoast SEO v27.3) - https:\/\/yoast.com\/product\/yoast-seo-premium-wordpress\/ -->\n<title>Hamilton Watch Khaki Navy Navy Pioneer Small Second Auto<\/title>\n<meta name=\"robots\" content=\"index, follow, max-snippet:-1, max-image-preview:large, max-video-preview:-1\" \/>\n<link rel=\"canonical\" href=\"https:\/\/www.joyeriajael.es\/en\/producto\/khaki-navy-navy-pioneer-small-second-auto-2\/\" \/>\n<meta property=\"og:locale\" content=\"en_US\" \/>\n<meta property=\"og:type\" content=\"article\" \/>\n<meta property=\"og:title\" content=\"*KHAKI NAVY NAVY PIONEER SMALL SECOND AUTO\" \/>\n<meta property=\"og:description\" content=\"&#8211; Caliber: Eta 2895-2. &#8211; Case material: Stainless steel. &#8211; Crystal: Sapphire. &#8211; Movement: Automatic. &#8211; Power reserve:&hellip;\" \/>\n<meta property=\"og:url\" content=\"https:\/\/www.joyeriajael.es\/en\/producto\/khaki-navy-navy-pioneer-small-second-auto-2\/\" \/>\n<meta property=\"og:site_name\" content=\"Jael Joyer\u00eda\" \/>\n<meta property=\"article:modified_time\" content=\"2026-02-12T08:10:08+00:00\" \/>\n<meta property=\"og:image\" content=\"https:\/\/www.joyeriajael.es\/wp-content\/uploads\/2022\/09\/KHAKI-NAVY-NAVY-PIONEER-SMALL-SECOND-AUTO.jpg\" \/>\n\t<meta property=\"og:image:width\" content=\"900\" \/>\n\t<meta property=\"og:image:height\" content=\"900\" \/>\n\t<meta property=\"og:image:type\" content=\"image\/jpeg\" \/>\n<meta name=\"twitter:card\" content=\"summary_large_image\" \/>\n<meta property=\"product:price:amount\" content=\"1095.00\" \/>\n<meta property=\"product:price:currency\" content=\"EUR\" \/>\n<meta property=\"og:availability\" content=\"out of stock\" \/>\n<meta property=\"product:availability\" content=\"out of stock\" \/>\n<meta property=\"product:retailer_item_id\" content=\"0758501646967\" \/>\n<meta property=\"product:condition\" content=\"new\" \/>\n<!-- \/ Yoast SEO Premium plugin. -->","yoast_head_json":{"title":"Hamilton Watch Khaki Navy Navy Pioneer Small Second Auto","robots":{"index":"index","follow":"follow","max-snippet":"max-snippet:-1","max-image-preview":"max-image-preview:large","max-video-preview":"max-video-preview:-1"},"canonical":"https:\/\/www.joyeriajael.es\/en\/producto\/khaki-navy-navy-pioneer-small-second-auto-2\/","og_locale":"en_US","og_type":"article","og_title":"*KHAKI NAVY NAVY PIONEER SMALL SECOND AUTO","og_description":"&#8211; Caliber: Eta 2895-2. &#8211; Case material: Stainless steel. &#8211; Crystal: Sapphire. &#8211; Movement: Automatic. &#8211; Power reserve:&hellip;","og_url":"https:\/\/www.joyeriajael.es\/en\/producto\/khaki-navy-navy-pioneer-small-second-auto-2\/","og_site_name":"Jael Joyer\u00eda","article_modified_time":"2026-02-12T08:10:08+00:00","og_image":[{"width":900,"height":900,"url":"https:\/\/www.joyeriajael.es\/wp-content\/uploads\/2022\/09\/KHAKI-NAVY-NAVY-PIONEER-SMALL-SECOND-AUTO.jpg","type":"image\/jpeg"}],"twitter_card":"summary_large_image","schema":{"@context":"https:\/\/schema.org","@graph":[{"@type":["WebPage","ItemPage"],"@id":"https:\/\/www.joyeriajael.es\/en\/producto\/khaki-navy-navy-pioneer-small-second-auto-2\/","url":"https:\/\/www.joyeriajael.es\/en\/producto\/khaki-navy-navy-pioneer-small-second-auto-2\/","name":"Hamilton Watch Khaki Navy Navy Pioneer Small Second Auto","isPartOf":{"@id":"https:\/\/www.joyeriajael.es\/en\/#website"},"primaryImageOfPage":{"@id":"https:\/\/www.joyeriajael.es\/en\/producto\/khaki-navy-navy-pioneer-small-second-auto-2\/#primaryimage"},"image":{"@id":"https:\/\/www.joyeriajael.es\/en\/producto\/khaki-navy-navy-pioneer-small-second-auto-2\/#primaryimage"},"thumbnailUrl":"https:\/\/www.joyeriajael.es\/wp-content\/uploads\/2022\/09\/KHAKI-NAVY-NAVY-PIONEER-SMALL-SECOND-AUTO.jpg","datePublished":"2022-01-24T15:07:13+00:00","dateModified":"2026-02-12T08:10:08+00:00","breadcrumb":{"@id":"https:\/\/www.joyeriajael.es\/en\/producto\/khaki-navy-navy-pioneer-small-second-auto-2\/#breadcrumb"},"inLanguage":"en-US","potentialAction":[{"@type":"ReadAction","target":["https:\/\/www.joyeriajael.es\/en\/producto\/khaki-navy-navy-pioneer-small-second-auto-2\/"]}]},{"@type":"ImageObject","inLanguage":"en-US","@id":"https:\/\/www.joyeriajael.es\/en\/producto\/khaki-navy-navy-pioneer-small-second-auto-2\/#primaryimage","url":"https:\/\/www.joyeriajael.es\/wp-content\/uploads\/2022\/09\/KHAKI-NAVY-NAVY-PIONEER-SMALL-SECOND-AUTO.jpg","contentUrl":"https:\/\/www.joyeriajael.es\/wp-content\/uploads\/2022\/09\/KHAKI-NAVY-NAVY-PIONEER-SMALL-SECOND-AUTO.jpg","width":900,"height":900,"caption":"*KHAKI NAVY NAVY PIONEER SMALL SECOND AUTO"},{"@type":"BreadcrumbList","@id":"https:\/\/www.joyeriajael.es\/en\/producto\/khaki-navy-navy-pioneer-small-second-auto-2\/#breadcrumb","itemListElement":[{"@type":"ListItem","position":1,"name":"Portada","item":"https:\/\/www.joyeriajael.es\/en\/"},{"@type":"ListItem","position":2,"name":"Online store","item":"https:\/\/www.joyeriajael.es\/tienda-online\/"},{"@type":"ListItem","position":3,"name":"Brands","item":"https:\/\/www.joyeriajael.es\/en\/brands\/"},{"@type":"ListItem","position":4,"name":"Hamilton","item":"https:\/\/www.joyeriajael.es\/en\/brands\/hamilton-en\/"},{"@type":"ListItem","position":5,"name":"Hamilton Khaki Navy","item":"https:\/\/www.joyeriajael.es\/en\/brands\/hamilton-en\/khaki-navy-en\/"},{"@type":"ListItem","position":6,"name":"*KHAKI NAVY NAVY PIONEER SMALL SECOND AUTO"}]},{"@type":"WebSite","@id":"https:\/\/www.joyeriajael.es\/en\/#website","url":"https:\/\/www.joyeriajael.es\/en\/","name":"Jael Joyer\u00eda","description":"Jael Joyer\u00eda en Santiago de Compostela y A Coru\u00f1a. Primeras marcas, firmas exclusivas, \u00fanico concesionario autorizado de Rolex en la provincia de A Coru\u00f1a.","publisher":{"@id":"https:\/\/www.joyeriajael.es\/en\/#organization"},"alternateName":"Jael","potentialAction":[{"@type":"SearchAction","target":{"@type":"EntryPoint","urlTemplate":"https:\/\/www.joyeriajael.es\/en\/?s={search_term_string}"},"query-input":{"@type":"PropertyValueSpecification","valueRequired":true,"valueName":"search_term_string"}}],"inLanguage":"en-US"},{"@type":"Organization","@id":"https:\/\/www.joyeriajael.es\/en\/#organization","name":"Jael","alternateName":"Jael joyer\u00eda","url":"https:\/\/www.joyeriajael.es\/en\/","logo":{"@type":"ImageObject","inLanguage":"en-US","@id":"https:\/\/www.joyeriajael.es\/en\/#\/schema\/logo\/image\/","url":"https:\/\/www.joyeriajael.es\/wp-content\/uploads\/2024\/07\/cropped-favicon-1.png","contentUrl":"https:\/\/www.joyeriajael.es\/wp-content\/uploads\/2024\/07\/cropped-favicon-1.png","width":512,"height":512,"caption":"Jael"},"image":{"@id":"https:\/\/www.joyeriajael.es\/en\/#\/schema\/logo\/image\/"}}]},"product_price_amount":"1095.00","product_price_currency":"EUR","og_availability":"out of stock","product_availability":"out of stock","product_retailer_item_id":"0758501646967","product_condition":"new"},"df_price":1095,"df_sale_price":"","df_regular_price":1095,"df_image_link":"https:\/\/www.joyeriajael.es\/wp-content\/uploads\/2022\/09\/KHAKI-NAVY-NAVY-PIONEER-SMALL-SECOND-AUTO-300x300.jpg","_links":{"self":[{"href":"https:\/\/www.joyeriajael.es\/en\/wp-json\/wp\/v2\/product\/40209","targetHints":{"allow":["GET"]}}],"collection":[{"href":"https:\/\/www.joyeriajael.es\/en\/wp-json\/wp\/v2\/product"}],"about":[{"href":"https:\/\/www.joyeriajael.es\/en\/wp-json\/wp\/v2\/types\/product"}],"wp:featuredmedia":[{"embeddable":true,"href":"https:\/\/www.joyeriajael.es\/en\/wp-json\/wp\/v2\/media\/53401"}],"wp:attachment":[{"href":"https:\/\/www.joyeriajael.es\/en\/wp-json\/wp\/v2\/media?parent=40209"}],"wp:term":[{"taxonomy":"product_brand","embeddable":true,"href":"https:\/\/www.joyeriajael.es\/en\/wp-json\/wp\/v2\/product_brand?post=40209"},{"taxonomy":"product_cat","embeddable":true,"href":"https:\/\/www.joyeriajael.es\/en\/wp-json\/wp\/v2\/product_cat?post=40209"},{"taxonomy":"product_tag","embeddable":true,"href":"https:\/\/www.joyeriajael.es\/en\/wp-json\/wp\/v2\/product_tag?post=40209"}],"curies":[{"name":"wp","href":"https:\/\/api.w.org\/{rel}","templated":true}]}}