{"id":40279,"date":"2022-01-24T15:37:03","date_gmt":"2022-01-24T14:37:03","guid":{"rendered":"https:\/\/www.joyeriajael.es\/elongated-ring\/"},"modified":"2026-02-12T09:10:25","modified_gmt":"2026-02-12T08:10:25","slug":"aro-alargado-3","status":"publish","type":"product","link":"https:\/\/www.joyeriajael.es\/en\/producto\/aro-alargado-3\/","title":{"rendered":"ELONGATED RING"},"content":{"rendered":"<p>18k yellow gold elongated hoop earrings with 0.060 carat diamonds.<\/p>\n","protected":false},"excerpt":{"rendered":"<p>18k yellow gold elongated hoop earrings with 0.060 carat diamonds.<\/p>\n","protected":false},"featured_media":51644,"template":"","meta":{"_acf_changed":false},"product_brand":[],"product_cat":[712,510,3883,495,722],"product_tag":[],"class_list":{"0":"post-40279","1":"product","2":"type-product","3":"status-publish","4":"has-post-thumbnail","6":"product_cat-brands","7":"product_cat-earrings","8":"product_cat-hoop","9":"product_cat-jewels","10":"product_cat-lecarre-en","11":"pa_marca-lecarre-en","13":"first","14":"instock","15":"taxable","16":"shipping-taxable","17":"purchasable","18":"product-type-simple"},"acf":[],"yoast_head":"<!-- This site is optimized with the Yoast SEO Premium plugin v27.4 (Yoast SEO v27.4) - https:\/\/yoast.com\/product\/yoast-seo-premium-wordpress\/ -->\n<title>ELONGATED RING<\/title>\n<meta name=\"description\" content=\"Discover the elegance of ELONGATED RING, where sophistication and glamour unite in a 18k yellow gold elongated hoop earrings with 0.060 carat diamonds.\" \/>\n<meta name=\"robots\" content=\"index, follow, max-snippet:-1, max-image-preview:large, max-video-preview:-1\" \/>\n<link rel=\"canonical\" href=\"https:\/\/www.joyeriajael.es\/en\/producto\/aro-alargado-3\/\" \/>\n<meta property=\"og:locale\" content=\"en_US\" \/>\n<meta property=\"og:type\" content=\"article\" \/>\n<meta property=\"og:title\" content=\"ELONGATED RING\" \/>\n<meta property=\"og:description\" content=\"Discover the elegance of ELONGATED RING, where sophistication and glamour unite in a 18k yellow gold elongated hoop earrings with 0.060 carat diamonds.\" \/>\n<meta property=\"og:url\" content=\"https:\/\/www.joyeriajael.es\/en\/producto\/aro-alargado-3\/\" \/>\n<meta property=\"og:site_name\" content=\"Jael Joyer\u00eda\" \/>\n<meta property=\"article:modified_time\" content=\"2026-02-12T08:10:25+00:00\" \/>\n<meta property=\"og:image\" content=\"https:\/\/www.joyeriajael.es\/wp-content\/uploads\/2022\/08\/ARO-ALARGADO_01.jpg\" \/>\n\t<meta property=\"og:image:width\" content=\"900\" \/>\n\t<meta property=\"og:image:height\" content=\"900\" \/>\n\t<meta property=\"og:image:type\" content=\"image\/jpeg\" \/>\n<meta name=\"twitter:card\" content=\"summary_large_image\" \/>\n<meta property=\"product:price:amount\" content=\"579.00\" \/>\n<meta property=\"product:price:currency\" content=\"EUR\" \/>\n<meta property=\"og:availability\" content=\"instock\" \/>\n<meta property=\"product:availability\" content=\"instock\" \/>\n<meta property=\"product:retailer_item_id\" content=\"GB003OA.00\" \/>\n<meta property=\"product:condition\" content=\"new\" \/>\n<!-- \/ Yoast SEO Premium plugin. -->","yoast_head_json":{"title":"ELONGATED RING","description":"Discover the elegance of ELONGATED RING, where sophistication and glamour unite in a 18k yellow gold elongated hoop earrings with 0.060 carat diamonds.","robots":{"index":"index","follow":"follow","max-snippet":"max-snippet:-1","max-image-preview":"max-image-preview:large","max-video-preview":"max-video-preview:-1"},"canonical":"https:\/\/www.joyeriajael.es\/en\/producto\/aro-alargado-3\/","og_locale":"en_US","og_type":"article","og_title":"ELONGATED RING","og_description":"Discover the elegance of ELONGATED RING, where sophistication and glamour unite in a 18k yellow gold elongated hoop earrings with 0.060 carat diamonds.","og_url":"https:\/\/www.joyeriajael.es\/en\/producto\/aro-alargado-3\/","og_site_name":"Jael Joyer\u00eda","article_modified_time":"2026-02-12T08:10:25+00:00","og_image":[{"width":900,"height":900,"url":"https:\/\/www.joyeriajael.es\/wp-content\/uploads\/2022\/08\/ARO-ALARGADO_01.jpg","type":"image\/jpeg"}],"twitter_card":"summary_large_image","schema":{"@context":"https:\/\/schema.org","@graph":[{"@type":["WebPage","ItemPage"],"@id":"https:\/\/www.joyeriajael.es\/en\/producto\/aro-alargado-3\/","url":"https:\/\/www.joyeriajael.es\/en\/producto\/aro-alargado-3\/","name":"ELONGATED RING","isPartOf":{"@id":"https:\/\/www.joyeriajael.es\/en\/#website"},"primaryImageOfPage":{"@id":"https:\/\/www.joyeriajael.es\/en\/producto\/aro-alargado-3\/#primaryimage"},"image":{"@id":"https:\/\/www.joyeriajael.es\/en\/producto\/aro-alargado-3\/#primaryimage"},"thumbnailUrl":"https:\/\/www.joyeriajael.es\/wp-content\/uploads\/2022\/08\/ARO-ALARGADO_01.jpg","datePublished":"2022-01-24T14:37:03+00:00","dateModified":"2026-02-12T08:10:25+00:00","description":"Discover the elegance of ELONGATED RING, where sophistication and glamour unite in a 18k yellow gold elongated hoop earrings with 0.060 carat diamonds.","breadcrumb":{"@id":"https:\/\/www.joyeriajael.es\/en\/producto\/aro-alargado-3\/#breadcrumb"},"inLanguage":"en-US","potentialAction":[{"@type":"ReadAction","target":["https:\/\/www.joyeriajael.es\/en\/producto\/aro-alargado-3\/"]}]},{"@type":"ImageObject","inLanguage":"en-US","@id":"https:\/\/www.joyeriajael.es\/en\/producto\/aro-alargado-3\/#primaryimage","url":"https:\/\/www.joyeriajael.es\/wp-content\/uploads\/2022\/08\/ARO-ALARGADO_01.jpg","contentUrl":"https:\/\/www.joyeriajael.es\/wp-content\/uploads\/2022\/08\/ARO-ALARGADO_01.jpg","width":900,"height":900,"caption":"ELONGATED RING"},{"@type":"BreadcrumbList","@id":"https:\/\/www.joyeriajael.es\/en\/producto\/aro-alargado-3\/#breadcrumb","itemListElement":[{"@type":"ListItem","position":1,"name":"Portada","item":"https:\/\/www.joyeriajael.es\/en\/"},{"@type":"ListItem","position":2,"name":"Online store","item":"https:\/\/www.joyeriajael.es\/tienda-online\/"},{"@type":"ListItem","position":3,"name":"Jewels","item":"https:\/\/www.joyeriajael.es\/en\/jewels\/"},{"@type":"ListItem","position":4,"name":"Earrings","item":"https:\/\/www.joyeriajael.es\/en\/jewels\/earrings\/"},{"@type":"ListItem","position":5,"name":"Hoop earrings","item":"https:\/\/www.joyeriajael.es\/en\/jewels\/earrings\/hoop\/"},{"@type":"ListItem","position":6,"name":"ELONGATED RING"}]},{"@type":"WebSite","@id":"https:\/\/www.joyeriajael.es\/en\/#website","url":"https:\/\/www.joyeriajael.es\/en\/","name":"Jael Joyer\u00eda","description":"Jael Joyer\u00eda en Santiago de Compostela y A Coru\u00f1a. Primeras marcas, firmas exclusivas, \u00fanico concesionario autorizado de Rolex en la provincia de A Coru\u00f1a.","publisher":{"@id":"https:\/\/www.joyeriajael.es\/en\/#organization"},"alternateName":"Jael","potentialAction":[{"@type":"SearchAction","target":{"@type":"EntryPoint","urlTemplate":"https:\/\/www.joyeriajael.es\/en\/?s={search_term_string}"},"query-input":{"@type":"PropertyValueSpecification","valueRequired":true,"valueName":"search_term_string"}}],"inLanguage":"en-US"},{"@type":"Organization","@id":"https:\/\/www.joyeriajael.es\/en\/#organization","name":"Jael","alternateName":"Jael joyer\u00eda","url":"https:\/\/www.joyeriajael.es\/en\/","logo":{"@type":"ImageObject","inLanguage":"en-US","@id":"https:\/\/www.joyeriajael.es\/en\/#\/schema\/logo\/image\/","url":"https:\/\/www.joyeriajael.es\/wp-content\/uploads\/2024\/07\/cropped-favicon-1.png","contentUrl":"https:\/\/www.joyeriajael.es\/wp-content\/uploads\/2024\/07\/cropped-favicon-1.png","width":512,"height":512,"caption":"Jael"},"image":{"@id":"https:\/\/www.joyeriajael.es\/en\/#\/schema\/logo\/image\/"}}]},"product_price_amount":"579.00","product_price_currency":"EUR","og_availability":"instock","product_availability":"instock","product_retailer_item_id":"GB003OA.00","product_condition":"new"},"df_price":579,"df_sale_price":"","df_regular_price":579,"df_image_link":"https:\/\/www.joyeriajael.es\/wp-content\/uploads\/2022\/08\/ARO-ALARGADO_01-300x300.jpg","_links":{"self":[{"href":"https:\/\/www.joyeriajael.es\/en\/wp-json\/wp\/v2\/product\/40279","targetHints":{"allow":["GET"]}}],"collection":[{"href":"https:\/\/www.joyeriajael.es\/en\/wp-json\/wp\/v2\/product"}],"about":[{"href":"https:\/\/www.joyeriajael.es\/en\/wp-json\/wp\/v2\/types\/product"}],"wp:featuredmedia":[{"embeddable":true,"href":"https:\/\/www.joyeriajael.es\/en\/wp-json\/wp\/v2\/media\/51644"}],"wp:attachment":[{"href":"https:\/\/www.joyeriajael.es\/en\/wp-json\/wp\/v2\/media?parent=40279"}],"wp:term":[{"taxonomy":"product_brand","embeddable":true,"href":"https:\/\/www.joyeriajael.es\/en\/wp-json\/wp\/v2\/product_brand?post=40279"},{"taxonomy":"product_cat","embeddable":true,"href":"https:\/\/www.joyeriajael.es\/en\/wp-json\/wp\/v2\/product_cat?post=40279"},{"taxonomy":"product_tag","embeddable":true,"href":"https:\/\/www.joyeriajael.es\/en\/wp-json\/wp\/v2\/product_tag?post=40279"}],"curies":[{"name":"wp","href":"https:\/\/api.w.org\/{rel}","templated":true}]}}