{"id":40318,"date":"2022-01-24T15:21:58","date_gmt":"2022-01-24T14:21:58","guid":{"rendered":"https:\/\/www.joyeriajael.es\/classics-index-automatic\/"},"modified":"2026-02-12T09:10:22","modified_gmt":"2026-02-12T08:10:22","slug":"classics-index-automatic-2","status":"publish","type":"product","link":"https:\/\/www.joyeriajael.es\/en\/producto\/classics-index-automatic-2\/","title":{"rendered":"CLASSICS INDEX AUTOMATIC"},"content":{"rendered":"<p>Classics index automatic<br \/>\nfc-303 caliber, automatic movement. 38-hour power reserve, 26 jewels, 28\u00b4800 alt\/h.<\/p>\n","protected":false},"excerpt":{"rendered":"<p>Classics index automatic fc-303 caliber, automatic movement. 38-hour power reserve, 26 jewels, 28\u00b4800 alt\/h.<\/p>\n","protected":false},"featured_media":47769,"template":"","meta":{"_acf_changed":false},"product_brand":[],"product_cat":[718,3867,499,730],"product_tag":[],"class_list":{"0":"post-40318","1":"product","2":"type-product","3":"status-publish","4":"has-post-thumbnail","6":"product_cat-frederique-constant-en","7":"product_cat-classic-en","8":"product_cat-watches","9":"product_cat-watches-for-men","10":"pa_marca-frederique-constant-en","12":"first","13":"outofstock","14":"taxable","15":"shipping-taxable","16":"purchasable","17":"product-type-simple"},"acf":[],"yoast_head":"<!-- This site is optimized with the Yoast SEO Premium plugin v27.3 (Yoast SEO v27.3) - https:\/\/yoast.com\/product\/yoast-seo-premium-wordpress\/ -->\n<title>CLASSICS INDEX AUTOMATIC<\/title>\n<meta name=\"description\" content=\"Discover the CLASSICS INDEX AUTOMATIC CLASSICS DELIGHT a fc-303 caliber, automatic movement. 38-hour power reserve, 26 jewels, 28\u00b4800 alt\/h.\" \/>\n<meta name=\"robots\" content=\"index, follow, max-snippet:-1, max-image-preview:large, max-video-preview:-1\" \/>\n<link rel=\"canonical\" href=\"https:\/\/www.joyeriajael.es\/en\/producto\/classics-index-automatic-2\/\" \/>\n<meta property=\"og:locale\" content=\"en_US\" \/>\n<meta property=\"og:type\" content=\"article\" \/>\n<meta property=\"og:title\" content=\"CLASSICS INDEX AUTOMATIC\" \/>\n<meta property=\"og:description\" content=\"Discover the CLASSICS INDEX AUTOMATIC CLASSICS DELIGHT a fc-303 caliber, automatic movement. 38-hour power reserve, 26 jewels, 28\u00b4800 alt\/h.\" \/>\n<meta property=\"og:url\" content=\"https:\/\/www.joyeriajael.es\/en\/producto\/classics-index-automatic-2\/\" \/>\n<meta property=\"og:site_name\" content=\"Jael Joyer\u00eda\" \/>\n<meta property=\"article:modified_time\" content=\"2026-02-12T08:10:22+00:00\" \/>\n<meta property=\"og:image\" content=\"https:\/\/www.joyeriajael.es\/wp-content\/uploads\/2022\/06\/CLASSICS-INDEX-AUTOMATIC.jpg\" \/>\n\t<meta property=\"og:image:width\" content=\"900\" \/>\n\t<meta property=\"og:image:height\" content=\"900\" \/>\n\t<meta property=\"og:image:type\" content=\"image\/jpeg\" \/>\n<meta name=\"twitter:card\" content=\"summary_large_image\" \/>\n<meta property=\"product:price:amount\" content=\"670.00\" \/>\n<meta property=\"product:price:currency\" content=\"EUR\" \/>\n<meta property=\"og:availability\" content=\"out of stock\" \/>\n<meta property=\"product:availability\" content=\"out of stock\" \/>\n<meta property=\"product:retailer_item_id\" content=\"FC-200V5S35\" \/>\n<meta property=\"product:condition\" content=\"new\" \/>\n<!-- \/ Yoast SEO Premium plugin. -->","yoast_head_json":{"title":"CLASSICS INDEX AUTOMATIC","description":"Discover the CLASSICS INDEX AUTOMATIC CLASSICS DELIGHT a fc-303 caliber, automatic movement. 38-hour power reserve, 26 jewels, 28\u00b4800 alt\/h.","robots":{"index":"index","follow":"follow","max-snippet":"max-snippet:-1","max-image-preview":"max-image-preview:large","max-video-preview":"max-video-preview:-1"},"canonical":"https:\/\/www.joyeriajael.es\/en\/producto\/classics-index-automatic-2\/","og_locale":"en_US","og_type":"article","og_title":"CLASSICS INDEX AUTOMATIC","og_description":"Discover the CLASSICS INDEX AUTOMATIC CLASSICS DELIGHT a fc-303 caliber, automatic movement. 38-hour power reserve, 26 jewels, 28\u00b4800 alt\/h.","og_url":"https:\/\/www.joyeriajael.es\/en\/producto\/classics-index-automatic-2\/","og_site_name":"Jael Joyer\u00eda","article_modified_time":"2026-02-12T08:10:22+00:00","og_image":[{"width":900,"height":900,"url":"https:\/\/www.joyeriajael.es\/wp-content\/uploads\/2022\/06\/CLASSICS-INDEX-AUTOMATIC.jpg","type":"image\/jpeg"}],"twitter_card":"summary_large_image","schema":{"@context":"https:\/\/schema.org","@graph":[{"@type":["WebPage","ItemPage"],"@id":"https:\/\/www.joyeriajael.es\/en\/producto\/classics-index-automatic-2\/","url":"https:\/\/www.joyeriajael.es\/en\/producto\/classics-index-automatic-2\/","name":"CLASSICS INDEX AUTOMATIC","isPartOf":{"@id":"https:\/\/www.joyeriajael.es\/en\/#website"},"primaryImageOfPage":{"@id":"https:\/\/www.joyeriajael.es\/en\/producto\/classics-index-automatic-2\/#primaryimage"},"image":{"@id":"https:\/\/www.joyeriajael.es\/en\/producto\/classics-index-automatic-2\/#primaryimage"},"thumbnailUrl":"https:\/\/www.joyeriajael.es\/wp-content\/uploads\/2022\/06\/CLASSICS-INDEX-AUTOMATIC.jpg","datePublished":"2022-01-24T14:21:58+00:00","dateModified":"2026-02-12T08:10:22+00:00","description":"Discover the CLASSICS INDEX AUTOMATIC CLASSICS DELIGHT a fc-303 caliber, automatic movement. 38-hour power reserve, 26 jewels, 28\u00b4800 alt\/h.","breadcrumb":{"@id":"https:\/\/www.joyeriajael.es\/en\/producto\/classics-index-automatic-2\/#breadcrumb"},"inLanguage":"en-US","potentialAction":[{"@type":"ReadAction","target":["https:\/\/www.joyeriajael.es\/en\/producto\/classics-index-automatic-2\/"]}]},{"@type":"ImageObject","inLanguage":"en-US","@id":"https:\/\/www.joyeriajael.es\/en\/producto\/classics-index-automatic-2\/#primaryimage","url":"https:\/\/www.joyeriajael.es\/wp-content\/uploads\/2022\/06\/CLASSICS-INDEX-AUTOMATIC.jpg","contentUrl":"https:\/\/www.joyeriajael.es\/wp-content\/uploads\/2022\/06\/CLASSICS-INDEX-AUTOMATIC.jpg","width":900,"height":900,"caption":"CLASSICS INDEX AUTOMATIC"},{"@type":"BreadcrumbList","@id":"https:\/\/www.joyeriajael.es\/en\/producto\/classics-index-automatic-2\/#breadcrumb","itemListElement":[{"@type":"ListItem","position":1,"name":"Portada","item":"https:\/\/www.joyeriajael.es\/en\/"},{"@type":"ListItem","position":2,"name":"Online store","item":"https:\/\/www.joyeriajael.es\/tienda-online\/"},{"@type":"ListItem","position":3,"name":"Brands","item":"https:\/\/www.joyeriajael.es\/en\/brands\/"},{"@type":"ListItem","position":4,"name":"Frederique Constant","item":"https:\/\/www.joyeriajael.es\/en\/brands\/frederique-constant-en\/"},{"@type":"ListItem","position":5,"name":"CLASSICS INDEX AUTOMATIC"}]},{"@type":"WebSite","@id":"https:\/\/www.joyeriajael.es\/en\/#website","url":"https:\/\/www.joyeriajael.es\/en\/","name":"Jael Joyer\u00eda","description":"Jael Joyer\u00eda en Santiago de Compostela y A Coru\u00f1a. Primeras marcas, firmas exclusivas, \u00fanico concesionario autorizado de Rolex en la provincia de A Coru\u00f1a.","publisher":{"@id":"https:\/\/www.joyeriajael.es\/en\/#organization"},"alternateName":"Jael","potentialAction":[{"@type":"SearchAction","target":{"@type":"EntryPoint","urlTemplate":"https:\/\/www.joyeriajael.es\/en\/?s={search_term_string}"},"query-input":{"@type":"PropertyValueSpecification","valueRequired":true,"valueName":"search_term_string"}}],"inLanguage":"en-US"},{"@type":"Organization","@id":"https:\/\/www.joyeriajael.es\/en\/#organization","name":"Jael","alternateName":"Jael joyer\u00eda","url":"https:\/\/www.joyeriajael.es\/en\/","logo":{"@type":"ImageObject","inLanguage":"en-US","@id":"https:\/\/www.joyeriajael.es\/en\/#\/schema\/logo\/image\/","url":"https:\/\/www.joyeriajael.es\/wp-content\/uploads\/2024\/07\/cropped-favicon-1.png","contentUrl":"https:\/\/www.joyeriajael.es\/wp-content\/uploads\/2024\/07\/cropped-favicon-1.png","width":512,"height":512,"caption":"Jael"},"image":{"@id":"https:\/\/www.joyeriajael.es\/en\/#\/schema\/logo\/image\/"}}]},"product_price_amount":"670.00","product_price_currency":"EUR","og_availability":"out of stock","product_availability":"out of stock","product_retailer_item_id":"FC-200V5S35","product_condition":"new"},"df_price":670,"df_sale_price":"","df_regular_price":670,"df_image_link":"https:\/\/www.joyeriajael.es\/wp-content\/uploads\/2022\/06\/CLASSICS-INDEX-AUTOMATIC-300x300.jpg","_links":{"self":[{"href":"https:\/\/www.joyeriajael.es\/en\/wp-json\/wp\/v2\/product\/40318","targetHints":{"allow":["GET"]}}],"collection":[{"href":"https:\/\/www.joyeriajael.es\/en\/wp-json\/wp\/v2\/product"}],"about":[{"href":"https:\/\/www.joyeriajael.es\/en\/wp-json\/wp\/v2\/types\/product"}],"wp:featuredmedia":[{"embeddable":true,"href":"https:\/\/www.joyeriajael.es\/en\/wp-json\/wp\/v2\/media\/47769"}],"wp:attachment":[{"href":"https:\/\/www.joyeriajael.es\/en\/wp-json\/wp\/v2\/media?parent=40318"}],"wp:term":[{"taxonomy":"product_brand","embeddable":true,"href":"https:\/\/www.joyeriajael.es\/en\/wp-json\/wp\/v2\/product_brand?post=40318"},{"taxonomy":"product_cat","embeddable":true,"href":"https:\/\/www.joyeriajael.es\/en\/wp-json\/wp\/v2\/product_cat?post=40318"},{"taxonomy":"product_tag","embeddable":true,"href":"https:\/\/www.joyeriajael.es\/en\/wp-json\/wp\/v2\/product_tag?post=40318"}],"curies":[{"name":"wp","href":"https:\/\/api.w.org\/{rel}","templated":true}]}}