{"id":40418,"date":"2022-01-24T12:14:54","date_gmt":"2022-01-24T11:14:54","guid":{"rendered":"https:\/\/www.joyeriajael.es\/bvlgari-aluminium\/"},"modified":"2026-02-12T09:10:22","modified_gmt":"2026-02-12T08:10:22","slug":"bvlgari-aluminium-2-2","status":"publish","type":"product","link":"https:\/\/www.joyeriajael.es\/en\/producto\/bvlgari-aluminium-2-2\/","title":{"rendered":"BVLGARI ALUMINIUM"},"content":{"rendered":"<p>Bvlgari Aluminum watch with automatic winding mechanical manufacture movement, chronograph, 40 mm aluminum and titanium case, black rubber bezel with BVLGARI BVLGARI engraving, gray dial and black rubber strap. Waterproof up to 100 meters.<\/p>\n","protected":false},"excerpt":{"rendered":"<p>Bvlgari Aluminum watch with automatic winding mechanical manufacture movement, chronograph, 40 mm aluminum and titanium case, black rubber&hellip;<\/p>\n","protected":false},"featured_media":47639,"template":"","meta":{"_acf_changed":false},"product_brand":[],"product_cat":[715,3799,499,730],"product_tag":[],"class_list":{"0":"post-40418","1":"product","2":"type-product","3":"status-publish","4":"has-post-thumbnail","6":"product_cat-bulgari-en","7":"product_cat-aluminium-en","8":"product_cat-watches","9":"product_cat-watches-for-men","10":"pa_marca-bvlgari-en","12":"first","13":"outofstock","14":"taxable","15":"shipping-taxable","16":"purchasable","17":"product-type-simple"},"acf":[],"yoast_head":"<!-- This site is optimized with the Yoast SEO Premium plugin v27.4 (Yoast SEO v27.4) - https:\/\/yoast.com\/product\/yoast-seo-premium-wordpress\/ -->\n<title>BVLGARI ALUMINIUM<\/title>\n<meta name=\"description\" content=\"Bvlgari Aluminum with automatic winding mechanical manufacture movement, chronograph, 40 mm aluminum and titanium case, black rubber bezel...\" \/>\n<meta name=\"robots\" content=\"index, follow, max-snippet:-1, max-image-preview:large, max-video-preview:-1\" \/>\n<link rel=\"canonical\" href=\"https:\/\/www.joyeriajael.es\/en\/producto\/bvlgari-aluminium-2-2\/\" \/>\n<meta property=\"og:locale\" content=\"en_US\" \/>\n<meta property=\"og:type\" content=\"article\" \/>\n<meta property=\"og:title\" content=\"BVLGARI ALUMINIUM\" \/>\n<meta property=\"og:description\" content=\"Bvlgari Aluminum with automatic winding mechanical manufacture movement, chronograph, 40 mm aluminum and titanium case, black rubber bezel...\" \/>\n<meta property=\"og:url\" content=\"https:\/\/www.joyeriajael.es\/en\/producto\/bvlgari-aluminium-2-2\/\" \/>\n<meta property=\"og:site_name\" content=\"Jael Joyer\u00eda\" \/>\n<meta property=\"article:modified_time\" content=\"2026-02-12T08:10:22+00:00\" \/>\n<meta property=\"og:image\" content=\"https:\/\/www.joyeriajael.es\/wp-content\/uploads\/2022\/06\/Aluminium-gris-1.jpg\" \/>\n\t<meta property=\"og:image:width\" content=\"900\" \/>\n\t<meta property=\"og:image:height\" content=\"900\" \/>\n\t<meta property=\"og:image:type\" content=\"image\/jpeg\" \/>\n<meta name=\"twitter:card\" content=\"summary_large_image\" \/>\n<meta property=\"product:price:amount\" content=\"5300.00\" \/>\n<meta property=\"product:price:currency\" content=\"EUR\" \/>\n<meta property=\"og:availability\" content=\"out of stock\" \/>\n<meta property=\"product:availability\" content=\"out of stock\" \/>\n<meta property=\"product:retailer_item_id\" content=\"103383.\" \/>\n<meta property=\"product:condition\" content=\"new\" \/>\n<!-- \/ Yoast SEO Premium plugin. -->","yoast_head_json":{"title":"BVLGARI ALUMINIUM","description":"Bvlgari Aluminum with automatic winding mechanical manufacture movement, chronograph, 40 mm aluminum and titanium case, black rubber bezel...","robots":{"index":"index","follow":"follow","max-snippet":"max-snippet:-1","max-image-preview":"max-image-preview:large","max-video-preview":"max-video-preview:-1"},"canonical":"https:\/\/www.joyeriajael.es\/en\/producto\/bvlgari-aluminium-2-2\/","og_locale":"en_US","og_type":"article","og_title":"BVLGARI ALUMINIUM","og_description":"Bvlgari Aluminum with automatic winding mechanical manufacture movement, chronograph, 40 mm aluminum and titanium case, black rubber bezel...","og_url":"https:\/\/www.joyeriajael.es\/en\/producto\/bvlgari-aluminium-2-2\/","og_site_name":"Jael Joyer\u00eda","article_modified_time":"2026-02-12T08:10:22+00:00","og_image":[{"width":900,"height":900,"url":"https:\/\/www.joyeriajael.es\/wp-content\/uploads\/2022\/06\/Aluminium-gris-1.jpg","type":"image\/jpeg"}],"twitter_card":"summary_large_image","schema":{"@context":"https:\/\/schema.org","@graph":[{"@type":["WebPage","ItemPage"],"@id":"https:\/\/www.joyeriajael.es\/en\/producto\/bvlgari-aluminium-2-2\/","url":"https:\/\/www.joyeriajael.es\/en\/producto\/bvlgari-aluminium-2-2\/","name":"BVLGARI ALUMINIUM","isPartOf":{"@id":"https:\/\/www.joyeriajael.es\/en\/#website"},"primaryImageOfPage":{"@id":"https:\/\/www.joyeriajael.es\/en\/producto\/bvlgari-aluminium-2-2\/#primaryimage"},"image":{"@id":"https:\/\/www.joyeriajael.es\/en\/producto\/bvlgari-aluminium-2-2\/#primaryimage"},"thumbnailUrl":"https:\/\/www.joyeriajael.es\/wp-content\/uploads\/2022\/06\/Aluminium-gris-1.jpg","datePublished":"2022-01-24T11:14:54+00:00","dateModified":"2026-02-12T08:10:22+00:00","description":"Bvlgari Aluminum with automatic winding mechanical manufacture movement, chronograph, 40 mm aluminum and titanium case, black rubber bezel...","breadcrumb":{"@id":"https:\/\/www.joyeriajael.es\/en\/producto\/bvlgari-aluminium-2-2\/#breadcrumb"},"inLanguage":"en-US","potentialAction":[{"@type":"ReadAction","target":["https:\/\/www.joyeriajael.es\/en\/producto\/bvlgari-aluminium-2-2\/"]}]},{"@type":"ImageObject","inLanguage":"en-US","@id":"https:\/\/www.joyeriajael.es\/en\/producto\/bvlgari-aluminium-2-2\/#primaryimage","url":"https:\/\/www.joyeriajael.es\/wp-content\/uploads\/2022\/06\/Aluminium-gris-1.jpg","contentUrl":"https:\/\/www.joyeriajael.es\/wp-content\/uploads\/2022\/06\/Aluminium-gris-1.jpg","width":900,"height":900,"caption":"BVLGARI ALUMINIUM"},{"@type":"BreadcrumbList","@id":"https:\/\/www.joyeriajael.es\/en\/producto\/bvlgari-aluminium-2-2\/#breadcrumb","itemListElement":[{"@type":"ListItem","position":1,"name":"Portada","item":"https:\/\/www.joyeriajael.es\/en\/"},{"@type":"ListItem","position":2,"name":"Online store","item":"https:\/\/www.joyeriajael.es\/tienda-online\/"},{"@type":"ListItem","position":3,"name":"Brands","item":"https:\/\/www.joyeriajael.es\/en\/brands\/"},{"@type":"ListItem","position":4,"name":"Bulgari","item":"https:\/\/www.joyeriajael.es\/en\/brands\/bulgari-en\/"},{"@type":"ListItem","position":5,"name":"Bulgari Aluminium","item":"https:\/\/www.joyeriajael.es\/en\/brands\/bulgari-en\/aluminium-en\/"},{"@type":"ListItem","position":6,"name":"BVLGARI ALUMINIUM"}]},{"@type":"WebSite","@id":"https:\/\/www.joyeriajael.es\/en\/#website","url":"https:\/\/www.joyeriajael.es\/en\/","name":"Jael Joyer\u00eda","description":"Jael Joyer\u00eda en Santiago de Compostela y A Coru\u00f1a. Primeras marcas, firmas exclusivas, \u00fanico concesionario autorizado de Rolex en la provincia de A Coru\u00f1a.","publisher":{"@id":"https:\/\/www.joyeriajael.es\/en\/#organization"},"alternateName":"Jael","potentialAction":[{"@type":"SearchAction","target":{"@type":"EntryPoint","urlTemplate":"https:\/\/www.joyeriajael.es\/en\/?s={search_term_string}"},"query-input":{"@type":"PropertyValueSpecification","valueRequired":true,"valueName":"search_term_string"}}],"inLanguage":"en-US"},{"@type":"Organization","@id":"https:\/\/www.joyeriajael.es\/en\/#organization","name":"Jael","alternateName":"Jael joyer\u00eda","url":"https:\/\/www.joyeriajael.es\/en\/","logo":{"@type":"ImageObject","inLanguage":"en-US","@id":"https:\/\/www.joyeriajael.es\/en\/#\/schema\/logo\/image\/","url":"https:\/\/www.joyeriajael.es\/wp-content\/uploads\/2024\/07\/cropped-favicon-1.png","contentUrl":"https:\/\/www.joyeriajael.es\/wp-content\/uploads\/2024\/07\/cropped-favicon-1.png","width":512,"height":512,"caption":"Jael"},"image":{"@id":"https:\/\/www.joyeriajael.es\/en\/#\/schema\/logo\/image\/"}}]},"product_price_amount":"5300.00","product_price_currency":"EUR","og_availability":"out of stock","product_availability":"out of stock","product_retailer_item_id":"103383.","product_condition":"new"},"df_price":5300,"df_sale_price":"","df_regular_price":5300,"df_image_link":"https:\/\/www.joyeriajael.es\/wp-content\/uploads\/2022\/06\/Aluminium-gris-1-300x300.jpg","_links":{"self":[{"href":"https:\/\/www.joyeriajael.es\/en\/wp-json\/wp\/v2\/product\/40418","targetHints":{"allow":["GET"]}}],"collection":[{"href":"https:\/\/www.joyeriajael.es\/en\/wp-json\/wp\/v2\/product"}],"about":[{"href":"https:\/\/www.joyeriajael.es\/en\/wp-json\/wp\/v2\/types\/product"}],"wp:featuredmedia":[{"embeddable":true,"href":"https:\/\/www.joyeriajael.es\/en\/wp-json\/wp\/v2\/media\/47639"}],"wp:attachment":[{"href":"https:\/\/www.joyeriajael.es\/en\/wp-json\/wp\/v2\/media?parent=40418"}],"wp:term":[{"taxonomy":"product_brand","embeddable":true,"href":"https:\/\/www.joyeriajael.es\/en\/wp-json\/wp\/v2\/product_brand?post=40418"},{"taxonomy":"product_cat","embeddable":true,"href":"https:\/\/www.joyeriajael.es\/en\/wp-json\/wp\/v2\/product_cat?post=40418"},{"taxonomy":"product_tag","embeddable":true,"href":"https:\/\/www.joyeriajael.es\/en\/wp-json\/wp\/v2\/product_tag?post=40418"}],"curies":[{"name":"wp","href":"https:\/\/api.w.org\/{rel}","templated":true}]}}