{"id":40536,"date":"2022-01-24T14:50:55","date_gmt":"2022-01-24T13:50:55","guid":{"rendered":"https:\/\/www.joyeriajael.es\/dodo-everyday-chain\/"},"modified":"2026-02-12T09:10:39","modified_gmt":"2026-02-12T08:10:39","slug":"cadena-everyday-dodo-4","status":"publish","type":"product","link":"https:\/\/www.joyeriajael.es\/en\/producto\/cadena-everyday-dodo-4\/","title":{"rendered":"DODO EVERYDAY CHAIN"},"content":{"rendered":"<p>Silver everyday chain (90 cm).<\/p>\n","protected":false},"excerpt":{"rendered":"<p>Silver everyday chain (90 cm).<\/p>\n","protected":false},"featured_media":51042,"template":"","meta":{"_acf_changed":false},"product_brand":[],"product_cat":[717,495,503],"product_tag":[],"class_list":{"0":"post-40536","1":"product","2":"type-product","3":"status-publish","4":"has-post-thumbnail","6":"product_cat-dodo-en","7":"product_cat-jewels","8":"product_cat-necklaces-and-pendants","9":"pa_marca-dodo-en","11":"first","12":"instock","13":"taxable","14":"shipping-taxable","15":"purchasable","16":"product-type-simple"},"acf":[],"yoast_head":"<!-- This site is optimized with the Yoast SEO Premium plugin v27.3 (Yoast SEO v27.3) - https:\/\/yoast.com\/product\/yoast-seo-premium-wordpress\/ -->\n<title>DODO EVERYDAY CHAIN<\/title>\n<meta name=\"description\" content=\"Discover the elegance of the DODO EVERYDAY CHAIN where sophistication and glamour unite in this silver everyday chain (90 cm).\" \/>\n<meta name=\"robots\" content=\"index, follow, max-snippet:-1, max-image-preview:large, max-video-preview:-1\" \/>\n<link rel=\"canonical\" href=\"https:\/\/www.joyeriajael.es\/en\/producto\/cadena-everyday-dodo-4\/\" \/>\n<meta property=\"og:locale\" content=\"en_US\" \/>\n<meta property=\"og:type\" content=\"article\" \/>\n<meta property=\"og:title\" content=\"DODO EVERYDAY CHAIN\" \/>\n<meta property=\"og:description\" content=\"Discover the elegance of the DODO EVERYDAY CHAIN where sophistication and glamour unite in this silver everyday chain (90 cm).\" \/>\n<meta property=\"og:url\" content=\"https:\/\/www.joyeriajael.es\/en\/producto\/cadena-everyday-dodo-4\/\" \/>\n<meta property=\"og:site_name\" content=\"Jael Joyer\u00eda\" \/>\n<meta property=\"article:modified_time\" content=\"2026-02-12T08:10:39+00:00\" \/>\n<meta property=\"og:image\" content=\"https:\/\/www.joyeriajael.es\/wp-content\/uploads\/2022\/08\/CADENA-EVERYDAY-DODO1_01.jpg\" \/>\n\t<meta property=\"og:image:width\" content=\"900\" \/>\n\t<meta property=\"og:image:height\" content=\"900\" \/>\n\t<meta property=\"og:image:type\" content=\"image\/jpeg\" \/>\n<meta name=\"twitter:card\" content=\"summary_large_image\" \/>\n<meta property=\"product:price:amount\" content=\"195.00\" \/>\n<meta property=\"product:price:currency\" content=\"EUR\" \/>\n<meta property=\"og:availability\" content=\"instock\" \/>\n<meta property=\"product:availability\" content=\"instock\" \/>\n<meta property=\"product:retailer_item_id\" content=\"DG-AG-9-M-90-K\" \/>\n<meta property=\"product:condition\" content=\"new\" \/>\n<!-- \/ Yoast SEO Premium plugin. -->","yoast_head_json":{"title":"DODO EVERYDAY CHAIN","description":"Discover the elegance of the DODO EVERYDAY CHAIN where sophistication and glamour unite in this silver everyday chain (90 cm).","robots":{"index":"index","follow":"follow","max-snippet":"max-snippet:-1","max-image-preview":"max-image-preview:large","max-video-preview":"max-video-preview:-1"},"canonical":"https:\/\/www.joyeriajael.es\/en\/producto\/cadena-everyday-dodo-4\/","og_locale":"en_US","og_type":"article","og_title":"DODO EVERYDAY CHAIN","og_description":"Discover the elegance of the DODO EVERYDAY CHAIN where sophistication and glamour unite in this silver everyday chain (90 cm).","og_url":"https:\/\/www.joyeriajael.es\/en\/producto\/cadena-everyday-dodo-4\/","og_site_name":"Jael Joyer\u00eda","article_modified_time":"2026-02-12T08:10:39+00:00","og_image":[{"width":900,"height":900,"url":"https:\/\/www.joyeriajael.es\/wp-content\/uploads\/2022\/08\/CADENA-EVERYDAY-DODO1_01.jpg","type":"image\/jpeg"}],"twitter_card":"summary_large_image","schema":{"@context":"https:\/\/schema.org","@graph":[{"@type":["WebPage","ItemPage"],"@id":"https:\/\/www.joyeriajael.es\/en\/producto\/cadena-everyday-dodo-4\/","url":"https:\/\/www.joyeriajael.es\/en\/producto\/cadena-everyday-dodo-4\/","name":"DODO EVERYDAY CHAIN","isPartOf":{"@id":"https:\/\/www.joyeriajael.es\/en\/#website"},"primaryImageOfPage":{"@id":"https:\/\/www.joyeriajael.es\/en\/producto\/cadena-everyday-dodo-4\/#primaryimage"},"image":{"@id":"https:\/\/www.joyeriajael.es\/en\/producto\/cadena-everyday-dodo-4\/#primaryimage"},"thumbnailUrl":"https:\/\/www.joyeriajael.es\/wp-content\/uploads\/2022\/08\/CADENA-EVERYDAY-DODO1_01.jpg","datePublished":"2022-01-24T13:50:55+00:00","dateModified":"2026-02-12T08:10:39+00:00","description":"Discover the elegance of the DODO EVERYDAY CHAIN where sophistication and glamour unite in this silver everyday chain (90 cm).","breadcrumb":{"@id":"https:\/\/www.joyeriajael.es\/en\/producto\/cadena-everyday-dodo-4\/#breadcrumb"},"inLanguage":"en-US","potentialAction":[{"@type":"ReadAction","target":["https:\/\/www.joyeriajael.es\/en\/producto\/cadena-everyday-dodo-4\/"]}]},{"@type":"ImageObject","inLanguage":"en-US","@id":"https:\/\/www.joyeriajael.es\/en\/producto\/cadena-everyday-dodo-4\/#primaryimage","url":"https:\/\/www.joyeriajael.es\/wp-content\/uploads\/2022\/08\/CADENA-EVERYDAY-DODO1_01.jpg","contentUrl":"https:\/\/www.joyeriajael.es\/wp-content\/uploads\/2022\/08\/CADENA-EVERYDAY-DODO1_01.jpg","width":900,"height":900,"caption":"DODO EVERYDAY CHAIN"},{"@type":"BreadcrumbList","@id":"https:\/\/www.joyeriajael.es\/en\/producto\/cadena-everyday-dodo-4\/#breadcrumb","itemListElement":[{"@type":"ListItem","position":1,"name":"Portada","item":"https:\/\/www.joyeriajael.es\/en\/"},{"@type":"ListItem","position":2,"name":"Online store","item":"https:\/\/www.joyeriajael.es\/tienda-online\/"},{"@type":"ListItem","position":3,"name":"Brands","item":"https:\/\/www.joyeriajael.es\/en\/brands\/"},{"@type":"ListItem","position":4,"name":"Dodo","item":"https:\/\/www.joyeriajael.es\/en\/brands\/dodo-en\/"},{"@type":"ListItem","position":5,"name":"DODO EVERYDAY CHAIN"}]},{"@type":"WebSite","@id":"https:\/\/www.joyeriajael.es\/en\/#website","url":"https:\/\/www.joyeriajael.es\/en\/","name":"Jael Joyer\u00eda","description":"Jael Joyer\u00eda en Santiago de Compostela y A Coru\u00f1a. Primeras marcas, firmas exclusivas, \u00fanico concesionario autorizado de Rolex en la provincia de A Coru\u00f1a.","publisher":{"@id":"https:\/\/www.joyeriajael.es\/en\/#organization"},"alternateName":"Jael","potentialAction":[{"@type":"SearchAction","target":{"@type":"EntryPoint","urlTemplate":"https:\/\/www.joyeriajael.es\/en\/?s={search_term_string}"},"query-input":{"@type":"PropertyValueSpecification","valueRequired":true,"valueName":"search_term_string"}}],"inLanguage":"en-US"},{"@type":"Organization","@id":"https:\/\/www.joyeriajael.es\/en\/#organization","name":"Jael","alternateName":"Jael joyer\u00eda","url":"https:\/\/www.joyeriajael.es\/en\/","logo":{"@type":"ImageObject","inLanguage":"en-US","@id":"https:\/\/www.joyeriajael.es\/en\/#\/schema\/logo\/image\/","url":"https:\/\/www.joyeriajael.es\/wp-content\/uploads\/2024\/07\/cropped-favicon-1.png","contentUrl":"https:\/\/www.joyeriajael.es\/wp-content\/uploads\/2024\/07\/cropped-favicon-1.png","width":512,"height":512,"caption":"Jael"},"image":{"@id":"https:\/\/www.joyeriajael.es\/en\/#\/schema\/logo\/image\/"}}]},"product_price_amount":"195.00","product_price_currency":"EUR","og_availability":"instock","product_availability":"instock","product_retailer_item_id":"DG-AG-9-M-90-K","product_condition":"new"},"df_price":195,"df_sale_price":"","df_regular_price":195,"df_image_link":"https:\/\/www.joyeriajael.es\/wp-content\/uploads\/2022\/08\/CADENA-EVERYDAY-DODO1_01-300x300.jpg","_links":{"self":[{"href":"https:\/\/www.joyeriajael.es\/en\/wp-json\/wp\/v2\/product\/40536","targetHints":{"allow":["GET"]}}],"collection":[{"href":"https:\/\/www.joyeriajael.es\/en\/wp-json\/wp\/v2\/product"}],"about":[{"href":"https:\/\/www.joyeriajael.es\/en\/wp-json\/wp\/v2\/types\/product"}],"wp:featuredmedia":[{"embeddable":true,"href":"https:\/\/www.joyeriajael.es\/en\/wp-json\/wp\/v2\/media\/51042"}],"wp:attachment":[{"href":"https:\/\/www.joyeriajael.es\/en\/wp-json\/wp\/v2\/media?parent=40536"}],"wp:term":[{"taxonomy":"product_brand","embeddable":true,"href":"https:\/\/www.joyeriajael.es\/en\/wp-json\/wp\/v2\/product_brand?post=40536"},{"taxonomy":"product_cat","embeddable":true,"href":"https:\/\/www.joyeriajael.es\/en\/wp-json\/wp\/v2\/product_cat?post=40536"},{"taxonomy":"product_tag","embeddable":true,"href":"https:\/\/www.joyeriajael.es\/en\/wp-json\/wp\/v2\/product_tag?post=40536"}],"curies":[{"name":"wp","href":"https:\/\/api.w.org\/{rel}","templated":true}]}}