{"id":40900,"date":"2022-01-24T13:29:28","date_gmt":"2022-01-24T12:29:28","guid":{"rendered":"https:\/\/www.joyeriajael.es\/knot-ring\/"},"modified":"2026-02-12T09:10:30","modified_gmt":"2026-02-12T08:10:30","slug":"sortija-nudo-8","status":"publish","type":"product","link":"https:\/\/www.joyeriajael.es\/en\/producto\/sortija-nudo-8\/","title":{"rendered":"POMELLATO RING KNOT MAXI AMETHYST"},"content":{"rendered":"<p>Knot maxi ring in rose gold with white gold setting and carved amethyst (size 54).<\/p>\n","protected":false},"excerpt":{"rendered":"<p>Knot maxi ring in rose gold with white gold setting and carved amethyst (size 54).<\/p>\n","protected":false},"featured_media":50478,"template":"","meta":{"_acf_changed":false},"product_brand":[],"product_cat":[495,725,505],"product_tag":[],"class_list":{"0":"post-40900","1":"product","2":"type-product","3":"status-publish","4":"has-post-thumbnail","6":"product_cat-jewels","7":"product_cat-pomellato-en","8":"product_cat-rings-en","9":"pa_marca-pomellato-en","11":"first","12":"instock","13":"taxable","14":"shipping-taxable","15":"purchasable","16":"product-type-simple"},"acf":[],"yoast_head":"<!-- This site is optimized with the Yoast SEO Premium plugin v27.3 (Yoast SEO v27.3) - https:\/\/yoast.com\/product\/yoast-seo-premium-wordpress\/ -->\n<title>Pomellatto Classic Knot Ring | Gold and Amethyst | Size 54 | Jael<\/title>\n<meta name=\"description\" content=\"Explore Our Selection of Pomellato Classic Knot Rings. We are an Official Authorized Pomellato Distributor. \u2713 Official Warranty.\" \/>\n<meta name=\"robots\" content=\"index, follow, max-snippet:-1, max-image-preview:large, max-video-preview:-1\" \/>\n<link rel=\"canonical\" href=\"https:\/\/www.joyeriajael.es\/en\/producto\/sortija-nudo-8\/\" \/>\n<meta property=\"og:locale\" content=\"en_US\" \/>\n<meta property=\"og:type\" content=\"article\" \/>\n<meta property=\"og:title\" content=\"POMELLATO RING KNOT MAXI AMETHYST\" \/>\n<meta property=\"og:description\" content=\"Explore Our Selection of Pomellato Classic Knot Rings. We are an Official Authorized Pomellato Distributor. \u2713 Official Warranty.\" \/>\n<meta property=\"og:url\" content=\"https:\/\/www.joyeriajael.es\/en\/producto\/sortija-nudo-8\/\" \/>\n<meta property=\"og:site_name\" content=\"Jael Joyer\u00eda\" \/>\n<meta property=\"article:modified_time\" content=\"2026-02-12T08:10:30+00:00\" \/>\n<meta property=\"og:image\" content=\"https:\/\/www.joyeriajael.es\/wp-content\/uploads\/2022\/08\/SORTIJA-NUDO8_01.jpg\" \/>\n\t<meta property=\"og:image:width\" content=\"900\" \/>\n\t<meta property=\"og:image:height\" content=\"900\" \/>\n\t<meta property=\"og:image:type\" content=\"image\/jpeg\" \/>\n<meta name=\"twitter:card\" content=\"summary_large_image\" \/>\n<meta property=\"product:price:amount\" content=\"3300.00\" \/>\n<meta property=\"product:price:currency\" content=\"EUR\" \/>\n<meta property=\"og:availability\" content=\"instock\" \/>\n<meta property=\"product:availability\" content=\"instock\" \/>\n<meta property=\"product:retailer_item_id\" content=\"A.B201-O6-OI-54\" \/>\n<meta property=\"product:condition\" content=\"new\" \/>\n<!-- \/ Yoast SEO Premium plugin. -->","yoast_head_json":{"title":"Pomellatto Classic Knot Ring | Gold and Amethyst | Size 54 | Jael","description":"Explore Our Selection of Pomellato Classic Knot Rings. We are an Official Authorized Pomellato Distributor. \u2713 Official Warranty.","robots":{"index":"index","follow":"follow","max-snippet":"max-snippet:-1","max-image-preview":"max-image-preview:large","max-video-preview":"max-video-preview:-1"},"canonical":"https:\/\/www.joyeriajael.es\/en\/producto\/sortija-nudo-8\/","og_locale":"en_US","og_type":"article","og_title":"POMELLATO RING KNOT MAXI AMETHYST","og_description":"Explore Our Selection of Pomellato Classic Knot Rings. We are an Official Authorized Pomellato Distributor. \u2713 Official Warranty.","og_url":"https:\/\/www.joyeriajael.es\/en\/producto\/sortija-nudo-8\/","og_site_name":"Jael Joyer\u00eda","article_modified_time":"2026-02-12T08:10:30+00:00","og_image":[{"width":900,"height":900,"url":"https:\/\/www.joyeriajael.es\/wp-content\/uploads\/2022\/08\/SORTIJA-NUDO8_01.jpg","type":"image\/jpeg"}],"twitter_card":"summary_large_image","schema":{"@context":"https:\/\/schema.org","@graph":[{"@type":["WebPage","ItemPage"],"@id":"https:\/\/www.joyeriajael.es\/en\/producto\/sortija-nudo-8\/","url":"https:\/\/www.joyeriajael.es\/en\/producto\/sortija-nudo-8\/","name":"Pomellatto Classic Knot Ring | Gold and Amethyst | Size 54 | Jael","isPartOf":{"@id":"https:\/\/www.joyeriajael.es\/en\/#website"},"primaryImageOfPage":{"@id":"https:\/\/www.joyeriajael.es\/en\/producto\/sortija-nudo-8\/#primaryimage"},"image":{"@id":"https:\/\/www.joyeriajael.es\/en\/producto\/sortija-nudo-8\/#primaryimage"},"thumbnailUrl":"https:\/\/www.joyeriajael.es\/wp-content\/uploads\/2022\/08\/SORTIJA-NUDO8_01.jpg","datePublished":"2022-01-24T12:29:28+00:00","dateModified":"2026-02-12T08:10:30+00:00","description":"Explore Our Selection of Pomellato Classic Knot Rings. We are an Official Authorized Pomellato Distributor. \u2713 Official Warranty.","breadcrumb":{"@id":"https:\/\/www.joyeriajael.es\/en\/producto\/sortija-nudo-8\/#breadcrumb"},"inLanguage":"en-US","potentialAction":[{"@type":"ReadAction","target":["https:\/\/www.joyeriajael.es\/en\/producto\/sortija-nudo-8\/"]}]},{"@type":"ImageObject","inLanguage":"en-US","@id":"https:\/\/www.joyeriajael.es\/en\/producto\/sortija-nudo-8\/#primaryimage","url":"https:\/\/www.joyeriajael.es\/wp-content\/uploads\/2022\/08\/SORTIJA-NUDO8_01.jpg","contentUrl":"https:\/\/www.joyeriajael.es\/wp-content\/uploads\/2022\/08\/SORTIJA-NUDO8_01.jpg","width":900,"height":900,"caption":"POMELLATO RING KNOT MAXI AMETHYST"},{"@type":"BreadcrumbList","@id":"https:\/\/www.joyeriajael.es\/en\/producto\/sortija-nudo-8\/#breadcrumb","itemListElement":[{"@type":"ListItem","position":1,"name":"Portada","item":"https:\/\/www.joyeriajael.es\/en\/"},{"@type":"ListItem","position":2,"name":"Online store","item":"https:\/\/www.joyeriajael.es\/tienda-online\/"},{"@type":"ListItem","position":3,"name":"Brands","item":"https:\/\/www.joyeriajael.es\/en\/brands\/"},{"@type":"ListItem","position":4,"name":"Pomellato","item":"https:\/\/www.joyeriajael.es\/en\/brands\/pomellato-en\/"},{"@type":"ListItem","position":5,"name":"POMELLATO RING KNOT MAXI AMETHYST"}]},{"@type":"WebSite","@id":"https:\/\/www.joyeriajael.es\/en\/#website","url":"https:\/\/www.joyeriajael.es\/en\/","name":"Jael Joyer\u00eda","description":"Jael Joyer\u00eda en Santiago de Compostela y A Coru\u00f1a. Primeras marcas, firmas exclusivas, \u00fanico concesionario autorizado de Rolex en la provincia de A Coru\u00f1a.","publisher":{"@id":"https:\/\/www.joyeriajael.es\/en\/#organization"},"alternateName":"Jael","potentialAction":[{"@type":"SearchAction","target":{"@type":"EntryPoint","urlTemplate":"https:\/\/www.joyeriajael.es\/en\/?s={search_term_string}"},"query-input":{"@type":"PropertyValueSpecification","valueRequired":true,"valueName":"search_term_string"}}],"inLanguage":"en-US"},{"@type":"Organization","@id":"https:\/\/www.joyeriajael.es\/en\/#organization","name":"Jael","alternateName":"Jael joyer\u00eda","url":"https:\/\/www.joyeriajael.es\/en\/","logo":{"@type":"ImageObject","inLanguage":"en-US","@id":"https:\/\/www.joyeriajael.es\/en\/#\/schema\/logo\/image\/","url":"https:\/\/www.joyeriajael.es\/wp-content\/uploads\/2024\/07\/cropped-favicon-1.png","contentUrl":"https:\/\/www.joyeriajael.es\/wp-content\/uploads\/2024\/07\/cropped-favicon-1.png","width":512,"height":512,"caption":"Jael"},"image":{"@id":"https:\/\/www.joyeriajael.es\/en\/#\/schema\/logo\/image\/"}}]},"product_price_amount":"3300.00","product_price_currency":"EUR","og_availability":"instock","product_availability":"instock","product_retailer_item_id":"A.B201-O6-OI-54","product_condition":"new"},"df_price":3300,"df_sale_price":"","df_regular_price":3300,"df_image_link":"https:\/\/www.joyeriajael.es\/wp-content\/uploads\/2022\/08\/SORTIJA-NUDO8_01-300x300.jpg","_links":{"self":[{"href":"https:\/\/www.joyeriajael.es\/en\/wp-json\/wp\/v2\/product\/40900","targetHints":{"allow":["GET"]}}],"collection":[{"href":"https:\/\/www.joyeriajael.es\/en\/wp-json\/wp\/v2\/product"}],"about":[{"href":"https:\/\/www.joyeriajael.es\/en\/wp-json\/wp\/v2\/types\/product"}],"wp:featuredmedia":[{"embeddable":true,"href":"https:\/\/www.joyeriajael.es\/en\/wp-json\/wp\/v2\/media\/50478"}],"wp:attachment":[{"href":"https:\/\/www.joyeriajael.es\/en\/wp-json\/wp\/v2\/media?parent=40900"}],"wp:term":[{"taxonomy":"product_brand","embeddable":true,"href":"https:\/\/www.joyeriajael.es\/en\/wp-json\/wp\/v2\/product_brand?post=40900"},{"taxonomy":"product_cat","embeddable":true,"href":"https:\/\/www.joyeriajael.es\/en\/wp-json\/wp\/v2\/product_cat?post=40900"},{"taxonomy":"product_tag","embeddable":true,"href":"https:\/\/www.joyeriajael.es\/en\/wp-json\/wp\/v2\/product_tag?post=40900"}],"curies":[{"name":"wp","href":"https:\/\/api.w.org\/{rel}","templated":true}]}}