{"id":40987,"date":"2022-01-24T12:13:21","date_gmt":"2022-01-24T11:13:21","guid":{"rendered":"https:\/\/www.joyeriajael.es\/lvcea-skeleton\/"},"modified":"2026-02-12T09:10:21","modified_gmt":"2026-02-12T08:10:21","slug":"lvcea-skeleton-2","status":"publish","type":"product","link":"https:\/\/www.joyeriajael.es\/en\/producto\/lvcea-skeleton-2\/","title":{"rendered":"LVCEA SKELETON"},"content":{"rendered":"<p>LVCEA Skeleton watch with mechanical manufacture movement with automatic winding and skeleton execution, polished stainless steel case, 18 kt rose gold bezel, openwork dial and links with the BVLGARI logo and red alligator strap. Water-resistant to 30 metres.<\/p>\n","protected":false},"excerpt":{"rendered":"<p>LVCEA Skeleton watch with mechanical manufacture movement with automatic winding and skeleton execution, polished stainless steel case, 18&hellip;<\/p>\n","protected":false},"featured_media":47663,"template":"","meta":{"_acf_changed":false},"product_brand":[],"product_cat":[715,3800,499,730,731],"product_tag":[],"class_list":{"0":"post-40987","1":"product","2":"type-product","3":"status-publish","4":"has-post-thumbnail","6":"product_cat-bulgari-en","7":"product_cat-lvcea-en","8":"product_cat-watches","9":"product_cat-watches-for-men","10":"product_cat-watches-for-women","11":"pa_marca-bvlgari-en","13":"first","14":"outofstock","15":"taxable","16":"shipping-taxable","17":"purchasable","18":"product-type-simple"},"acf":[],"yoast_head":"<!-- This site is optimized with the Yoast SEO Premium plugin v27.4 (Yoast SEO v27.4) - https:\/\/yoast.com\/product\/yoast-seo-premium-wordpress\/ -->\n<title>LVCEA SKELETON<\/title>\n<meta name=\"robots\" content=\"index, follow, max-snippet:-1, max-image-preview:large, max-video-preview:-1\" \/>\n<link rel=\"canonical\" href=\"https:\/\/www.joyeriajael.es\/en\/producto\/lvcea-skeleton-2\/\" \/>\n<meta property=\"og:locale\" content=\"en_US\" \/>\n<meta property=\"og:type\" content=\"article\" \/>\n<meta property=\"og:title\" content=\"LVCEA SKELETON\" \/>\n<meta property=\"og:description\" content=\"LVCEA Skeleton watch with mechanical manufacture movement with automatic winding and skeleton execution, polished stainless steel case, 18&hellip;\" \/>\n<meta property=\"og:url\" content=\"https:\/\/www.joyeriajael.es\/en\/producto\/lvcea-skeleton-2\/\" \/>\n<meta property=\"og:site_name\" content=\"Jael Joyer\u00eda\" \/>\n<meta property=\"article:modified_time\" content=\"2026-02-12T08:10:21+00:00\" \/>\n<meta property=\"og:image\" content=\"https:\/\/www.joyeriajael.es\/wp-content\/uploads\/2022\/01\/Lucea-Skeleton-oro-rosa.jpg\" \/>\n\t<meta property=\"og:image:width\" content=\"900\" \/>\n\t<meta property=\"og:image:height\" content=\"900\" \/>\n\t<meta property=\"og:image:type\" content=\"image\/jpeg\" \/>\n<meta name=\"twitter:card\" content=\"summary_large_image\" \/>\n<meta property=\"product:price:amount\" content=\"11500.00\" \/>\n<meta property=\"product:price:currency\" content=\"EUR\" \/>\n<meta property=\"og:availability\" content=\"out of stock\" \/>\n<meta property=\"product:availability\" content=\"out of stock\" \/>\n<meta property=\"product:retailer_item_id\" content=\"103373\" \/>\n<meta property=\"product:condition\" content=\"new\" \/>\n<!-- \/ Yoast SEO Premium plugin. -->","yoast_head_json":{"title":"LVCEA SKELETON","robots":{"index":"index","follow":"follow","max-snippet":"max-snippet:-1","max-image-preview":"max-image-preview:large","max-video-preview":"max-video-preview:-1"},"canonical":"https:\/\/www.joyeriajael.es\/en\/producto\/lvcea-skeleton-2\/","og_locale":"en_US","og_type":"article","og_title":"LVCEA SKELETON","og_description":"LVCEA Skeleton watch with mechanical manufacture movement with automatic winding and skeleton execution, polished stainless steel case, 18&hellip;","og_url":"https:\/\/www.joyeriajael.es\/en\/producto\/lvcea-skeleton-2\/","og_site_name":"Jael Joyer\u00eda","article_modified_time":"2026-02-12T08:10:21+00:00","og_image":[{"width":900,"height":900,"url":"https:\/\/www.joyeriajael.es\/wp-content\/uploads\/2022\/01\/Lucea-Skeleton-oro-rosa.jpg","type":"image\/jpeg"}],"twitter_card":"summary_large_image","schema":{"@context":"https:\/\/schema.org","@graph":[{"@type":["WebPage","ItemPage"],"@id":"https:\/\/www.joyeriajael.es\/en\/producto\/lvcea-skeleton-2\/","url":"https:\/\/www.joyeriajael.es\/en\/producto\/lvcea-skeleton-2\/","name":"LVCEA SKELETON","isPartOf":{"@id":"https:\/\/www.joyeriajael.es\/en\/#website"},"primaryImageOfPage":{"@id":"https:\/\/www.joyeriajael.es\/en\/producto\/lvcea-skeleton-2\/#primaryimage"},"image":{"@id":"https:\/\/www.joyeriajael.es\/en\/producto\/lvcea-skeleton-2\/#primaryimage"},"thumbnailUrl":"https:\/\/www.joyeriajael.es\/wp-content\/uploads\/2022\/01\/Lucea-Skeleton-oro-rosa.jpg","datePublished":"2022-01-24T11:13:21+00:00","dateModified":"2026-02-12T08:10:21+00:00","breadcrumb":{"@id":"https:\/\/www.joyeriajael.es\/en\/producto\/lvcea-skeleton-2\/#breadcrumb"},"inLanguage":"en-US","potentialAction":[{"@type":"ReadAction","target":["https:\/\/www.joyeriajael.es\/en\/producto\/lvcea-skeleton-2\/"]}]},{"@type":"ImageObject","inLanguage":"en-US","@id":"https:\/\/www.joyeriajael.es\/en\/producto\/lvcea-skeleton-2\/#primaryimage","url":"https:\/\/www.joyeriajael.es\/wp-content\/uploads\/2022\/01\/Lucea-Skeleton-oro-rosa.jpg","contentUrl":"https:\/\/www.joyeriajael.es\/wp-content\/uploads\/2022\/01\/Lucea-Skeleton-oro-rosa.jpg","width":900,"height":900,"caption":"LVCEA SKELETON"},{"@type":"BreadcrumbList","@id":"https:\/\/www.joyeriajael.es\/en\/producto\/lvcea-skeleton-2\/#breadcrumb","itemListElement":[{"@type":"ListItem","position":1,"name":"Portada","item":"https:\/\/www.joyeriajael.es\/en\/"},{"@type":"ListItem","position":2,"name":"Online store","item":"https:\/\/www.joyeriajael.es\/tienda-online\/"},{"@type":"ListItem","position":3,"name":"Brands","item":"https:\/\/www.joyeriajael.es\/en\/brands\/"},{"@type":"ListItem","position":4,"name":"Bulgari","item":"https:\/\/www.joyeriajael.es\/en\/brands\/bulgari-en\/"},{"@type":"ListItem","position":5,"name":"Bulgari Lvcea","item":"https:\/\/www.joyeriajael.es\/en\/brands\/bulgari-en\/lvcea-en\/"},{"@type":"ListItem","position":6,"name":"LVCEA SKELETON"}]},{"@type":"WebSite","@id":"https:\/\/www.joyeriajael.es\/en\/#website","url":"https:\/\/www.joyeriajael.es\/en\/","name":"Jael Joyer\u00eda","description":"Jael Joyer\u00eda en Santiago de Compostela y A Coru\u00f1a. Primeras marcas, firmas exclusivas, \u00fanico concesionario autorizado de Rolex en la provincia de A Coru\u00f1a.","publisher":{"@id":"https:\/\/www.joyeriajael.es\/en\/#organization"},"alternateName":"Jael","potentialAction":[{"@type":"SearchAction","target":{"@type":"EntryPoint","urlTemplate":"https:\/\/www.joyeriajael.es\/en\/?s={search_term_string}"},"query-input":{"@type":"PropertyValueSpecification","valueRequired":true,"valueName":"search_term_string"}}],"inLanguage":"en-US"},{"@type":"Organization","@id":"https:\/\/www.joyeriajael.es\/en\/#organization","name":"Jael","alternateName":"Jael joyer\u00eda","url":"https:\/\/www.joyeriajael.es\/en\/","logo":{"@type":"ImageObject","inLanguage":"en-US","@id":"https:\/\/www.joyeriajael.es\/en\/#\/schema\/logo\/image\/","url":"https:\/\/www.joyeriajael.es\/wp-content\/uploads\/2024\/07\/cropped-favicon-1.png","contentUrl":"https:\/\/www.joyeriajael.es\/wp-content\/uploads\/2024\/07\/cropped-favicon-1.png","width":512,"height":512,"caption":"Jael"},"image":{"@id":"https:\/\/www.joyeriajael.es\/en\/#\/schema\/logo\/image\/"}}]},"product_price_amount":"11500.00","product_price_currency":"EUR","og_availability":"out of stock","product_availability":"out of stock","product_retailer_item_id":"103373","product_condition":"new"},"df_price":11500,"df_sale_price":"","df_regular_price":11500,"df_image_link":"https:\/\/www.joyeriajael.es\/wp-content\/uploads\/2022\/01\/Lucea-Skeleton-oro-rosa-300x300.jpg","_links":{"self":[{"href":"https:\/\/www.joyeriajael.es\/en\/wp-json\/wp\/v2\/product\/40987","targetHints":{"allow":["GET"]}}],"collection":[{"href":"https:\/\/www.joyeriajael.es\/en\/wp-json\/wp\/v2\/product"}],"about":[{"href":"https:\/\/www.joyeriajael.es\/en\/wp-json\/wp\/v2\/types\/product"}],"wp:featuredmedia":[{"embeddable":true,"href":"https:\/\/www.joyeriajael.es\/en\/wp-json\/wp\/v2\/media\/47663"}],"wp:attachment":[{"href":"https:\/\/www.joyeriajael.es\/en\/wp-json\/wp\/v2\/media?parent=40987"}],"wp:term":[{"taxonomy":"product_brand","embeddable":true,"href":"https:\/\/www.joyeriajael.es\/en\/wp-json\/wp\/v2\/product_brand?post=40987"},{"taxonomy":"product_cat","embeddable":true,"href":"https:\/\/www.joyeriajael.es\/en\/wp-json\/wp\/v2\/product_cat?post=40987"},{"taxonomy":"product_tag","embeddable":true,"href":"https:\/\/www.joyeriajael.es\/en\/wp-json\/wp\/v2\/product_tag?post=40987"}],"curies":[{"name":"wp","href":"https:\/\/api.w.org\/{rel}","templated":true}]}}