{"id":41018,"date":"2022-01-24T11:28:25","date_gmt":"2022-01-24T10:28:25","guid":{"rendered":"https:\/\/www.joyeriajael.es\/marq-aviator\/"},"modified":"2026-02-12T09:10:34","modified_gmt":"2026-02-12T08:10:34","slug":"marq-aviator","status":"publish","type":"product","link":"https:\/\/www.joyeriajael.es\/en\/producto\/marq-aviator\/","title":{"rendered":"GARMIN MARQ\u00ae AVIATOR WATCH"},"content":{"rendered":"<p>MARQ\u00ae Aviator is the modern and sophisticated watch that reflects the spirit of aviation and will guide you wherever life takes you. Show your destination at every takeoff. Along the route, it also indicates arrival.<br \/>\n&#8211; Be prepared for any sGarmin offers a wide range of watches for all types of athletes: sports watches, smartwatches, smartwatches like the Garmin Marq Driverituation with quick access emergency navigation.<br \/>\n&#8211; Wear your wings proudly with the aviation-inspired titanium bracelet.<br \/>\n&#8211; Check your calendar in local time, GMT and two additional airport time zones.<br \/>\n&#8211; Check aviation weather reports and NEXRAD weather radar for your route1.<br \/>\n&#8211; Enjoy smartwatch functionality for added convenience on your travels.<br \/>\n&#8211; Spread your wings with up to 12 days of battery life on a single charge.<\/p>\n","protected":false},"excerpt":{"rendered":"<p>MARQ\u00ae Aviator is the modern and sophisticated watch that reflects the spirit of aviation and will guide you&hellip;<\/p>\n","protected":false},"featured_media":52857,"template":"","meta":{"_acf_changed":false},"product_brand":[],"product_cat":[719,3871,499,730],"product_tag":[],"class_list":{"0":"post-41018","1":"product","2":"type-product","3":"status-publish","4":"has-post-thumbnail","6":"product_cat-garmin-en","7":"product_cat-marq-en","8":"product_cat-watches","9":"product_cat-watches-for-men","10":"pa_marca-garmin-en","12":"first","13":"instock","14":"taxable","15":"shipping-taxable","16":"purchasable","17":"product-type-simple"},"acf":[],"yoast_head":"<!-- This site is optimized with the Yoast SEO Premium plugin v27.4 (Yoast SEO v27.4) - https:\/\/yoast.com\/product\/yoast-seo-premium-wordpress\/ -->\n<title>Garmin Marq Aviator Watch | Jael Jewelry<\/title>\n<meta name=\"description\" content=\"Garmin offers a wide range of watches for all types of athletes: sports watches, smart watches, smartwatches such as the Garmin Marq Aviator\" \/>\n<meta name=\"robots\" content=\"index, follow, max-snippet:-1, max-image-preview:large, max-video-preview:-1\" \/>\n<link rel=\"canonical\" href=\"https:\/\/www.joyeriajael.es\/en\/producto\/marq-aviator\/\" \/>\n<meta property=\"og:locale\" content=\"en_US\" \/>\n<meta property=\"og:type\" content=\"article\" \/>\n<meta property=\"og:title\" content=\"GARMIN MARQ\u00ae AVIATOR WATCH\" \/>\n<meta property=\"og:description\" content=\"Garmin offers a wide range of watches for all types of athletes: sports watches, smart watches, smartwatches such as the Garmin Marq Aviator\" \/>\n<meta property=\"og:url\" content=\"https:\/\/www.joyeriajael.es\/en\/producto\/marq-aviator\/\" \/>\n<meta property=\"og:site_name\" content=\"Jael Joyer\u00eda\" \/>\n<meta property=\"article:modified_time\" content=\"2026-02-12T08:10:34+00:00\" \/>\n<meta property=\"og:image\" content=\"https:\/\/www.joyeriajael.es\/wp-content\/uploads\/2022\/09\/GARMIN-MARQ\u00ae-AVIATOR_01.jpg\" \/>\n\t<meta property=\"og:image:width\" content=\"900\" \/>\n\t<meta property=\"og:image:height\" content=\"900\" \/>\n\t<meta property=\"og:image:type\" content=\"image\/jpeg\" \/>\n<meta name=\"twitter:card\" content=\"summary_large_image\" \/>\n<meta property=\"product:price:amount\" content=\"1950.00\" \/>\n<meta property=\"product:price:currency\" content=\"EUR\" \/>\n<meta property=\"og:availability\" content=\"instock\" \/>\n<meta property=\"product:availability\" content=\"instock\" \/>\n<meta property=\"product:retailer_item_id\" content=\"0753759198459\" \/>\n<meta property=\"product:condition\" content=\"new\" \/>\n<!-- \/ Yoast SEO Premium plugin. -->","yoast_head_json":{"title":"Garmin Marq Aviator Watch | Jael Jewelry","description":"Garmin offers a wide range of watches for all types of athletes: sports watches, smart watches, smartwatches such as the Garmin Marq Aviator","robots":{"index":"index","follow":"follow","max-snippet":"max-snippet:-1","max-image-preview":"max-image-preview:large","max-video-preview":"max-video-preview:-1"},"canonical":"https:\/\/www.joyeriajael.es\/en\/producto\/marq-aviator\/","og_locale":"en_US","og_type":"article","og_title":"GARMIN MARQ\u00ae AVIATOR WATCH","og_description":"Garmin offers a wide range of watches for all types of athletes: sports watches, smart watches, smartwatches such as the Garmin Marq Aviator","og_url":"https:\/\/www.joyeriajael.es\/en\/producto\/marq-aviator\/","og_site_name":"Jael Joyer\u00eda","article_modified_time":"2026-02-12T08:10:34+00:00","og_image":[{"width":900,"height":900,"url":"https:\/\/www.joyeriajael.es\/wp-content\/uploads\/2022\/09\/GARMIN-MARQ\u00ae-AVIATOR_01.jpg","type":"image\/jpeg"}],"twitter_card":"summary_large_image","schema":{"@context":"https:\/\/schema.org","@graph":[{"@type":["WebPage","ItemPage"],"@id":"https:\/\/www.joyeriajael.es\/en\/producto\/marq-aviator\/","url":"https:\/\/www.joyeriajael.es\/en\/producto\/marq-aviator\/","name":"Garmin Marq Aviator Watch | Jael Jewelry","isPartOf":{"@id":"https:\/\/www.joyeriajael.es\/en\/#website"},"primaryImageOfPage":{"@id":"https:\/\/www.joyeriajael.es\/en\/producto\/marq-aviator\/#primaryimage"},"image":{"@id":"https:\/\/www.joyeriajael.es\/en\/producto\/marq-aviator\/#primaryimage"},"thumbnailUrl":"https:\/\/www.joyeriajael.es\/wp-content\/uploads\/2022\/09\/GARMIN-MARQ\u00ae-AVIATOR_01.jpg","datePublished":"2022-01-24T10:28:25+00:00","dateModified":"2026-02-12T08:10:34+00:00","description":"Garmin offers a wide range of watches for all types of athletes: sports watches, smart watches, smartwatches such as the Garmin Marq Aviator","breadcrumb":{"@id":"https:\/\/www.joyeriajael.es\/en\/producto\/marq-aviator\/#breadcrumb"},"inLanguage":"en-US","potentialAction":[{"@type":"ReadAction","target":["https:\/\/www.joyeriajael.es\/en\/producto\/marq-aviator\/"]}]},{"@type":"ImageObject","inLanguage":"en-US","@id":"https:\/\/www.joyeriajael.es\/en\/producto\/marq-aviator\/#primaryimage","url":"https:\/\/www.joyeriajael.es\/wp-content\/uploads\/2022\/09\/GARMIN-MARQ\u00ae-AVIATOR_01.jpg","contentUrl":"https:\/\/www.joyeriajael.es\/wp-content\/uploads\/2022\/09\/GARMIN-MARQ\u00ae-AVIATOR_01.jpg","width":900,"height":900,"caption":"GARMIN MARQ\u00ae AVIATOR WATCH"},{"@type":"BreadcrumbList","@id":"https:\/\/www.joyeriajael.es\/en\/producto\/marq-aviator\/#breadcrumb","itemListElement":[{"@type":"ListItem","position":1,"name":"Portada","item":"https:\/\/www.joyeriajael.es\/en\/"},{"@type":"ListItem","position":2,"name":"Online store","item":"https:\/\/www.joyeriajael.es\/tienda-online\/"},{"@type":"ListItem","position":3,"name":"Brands","item":"https:\/\/www.joyeriajael.es\/en\/brands\/"},{"@type":"ListItem","position":4,"name":"Garmin","item":"https:\/\/www.joyeriajael.es\/en\/brands\/garmin-en\/"},{"@type":"ListItem","position":5,"name":"GARMIN MARQ\u00ae AVIATOR WATCH"}]},{"@type":"WebSite","@id":"https:\/\/www.joyeriajael.es\/en\/#website","url":"https:\/\/www.joyeriajael.es\/en\/","name":"Jael Joyer\u00eda","description":"Jael Joyer\u00eda en Santiago de Compostela y A Coru\u00f1a. Primeras marcas, firmas exclusivas, \u00fanico concesionario autorizado de Rolex en la provincia de A Coru\u00f1a.","publisher":{"@id":"https:\/\/www.joyeriajael.es\/en\/#organization"},"alternateName":"Jael","potentialAction":[{"@type":"SearchAction","target":{"@type":"EntryPoint","urlTemplate":"https:\/\/www.joyeriajael.es\/en\/?s={search_term_string}"},"query-input":{"@type":"PropertyValueSpecification","valueRequired":true,"valueName":"search_term_string"}}],"inLanguage":"en-US"},{"@type":"Organization","@id":"https:\/\/www.joyeriajael.es\/en\/#organization","name":"Jael","alternateName":"Jael joyer\u00eda","url":"https:\/\/www.joyeriajael.es\/en\/","logo":{"@type":"ImageObject","inLanguage":"en-US","@id":"https:\/\/www.joyeriajael.es\/en\/#\/schema\/logo\/image\/","url":"https:\/\/www.joyeriajael.es\/wp-content\/uploads\/2024\/07\/cropped-favicon-1.png","contentUrl":"https:\/\/www.joyeriajael.es\/wp-content\/uploads\/2024\/07\/cropped-favicon-1.png","width":512,"height":512,"caption":"Jael"},"image":{"@id":"https:\/\/www.joyeriajael.es\/en\/#\/schema\/logo\/image\/"}}]},"product_price_amount":"1950.00","product_price_currency":"EUR","og_availability":"instock","product_availability":"instock","product_retailer_item_id":"0753759198459","product_condition":"new"},"df_price":1950,"df_sale_price":"","df_regular_price":1950,"df_image_link":"https:\/\/www.joyeriajael.es\/wp-content\/uploads\/2022\/09\/GARMIN-MARQ\u00ae-AVIATOR_01-300x300.jpg","_links":{"self":[{"href":"https:\/\/www.joyeriajael.es\/en\/wp-json\/wp\/v2\/product\/41018","targetHints":{"allow":["GET"]}}],"collection":[{"href":"https:\/\/www.joyeriajael.es\/en\/wp-json\/wp\/v2\/product"}],"about":[{"href":"https:\/\/www.joyeriajael.es\/en\/wp-json\/wp\/v2\/types\/product"}],"wp:featuredmedia":[{"embeddable":true,"href":"https:\/\/www.joyeriajael.es\/en\/wp-json\/wp\/v2\/media\/52857"}],"wp:attachment":[{"href":"https:\/\/www.joyeriajael.es\/en\/wp-json\/wp\/v2\/media?parent=41018"}],"wp:term":[{"taxonomy":"product_brand","embeddable":true,"href":"https:\/\/www.joyeriajael.es\/en\/wp-json\/wp\/v2\/product_brand?post=41018"},{"taxonomy":"product_cat","embeddable":true,"href":"https:\/\/www.joyeriajael.es\/en\/wp-json\/wp\/v2\/product_cat?post=41018"},{"taxonomy":"product_tag","embeddable":true,"href":"https:\/\/www.joyeriajael.es\/en\/wp-json\/wp\/v2\/product_tag?post=41018"}],"curies":[{"name":"wp","href":"https:\/\/api.w.org\/{rel}","templated":true}]}}