{"id":41036,"date":"2022-01-24T11:48:52","date_gmt":"2022-01-24T10:48:52","guid":{"rendered":"https:\/\/www.joyeriajael.es\/rotor-one-black\/"},"modified":"2026-02-12T09:10:44","modified_gmt":"2026-02-12T08:10:44","slug":"rotor-one-black","status":"publish","type":"product","link":"https:\/\/www.joyeriajael.es\/en\/producto\/rotor-one-black\/","title":{"rendered":"ROTOR SCATOLA DEL TEMPO ONE BLACK"},"content":{"rendered":"<p>The Rotor One comes with an outer shell that has a soft-touch finish that is pleasant to the touch, integrating a Swiss-made mechanism for watch lovers. This model works only with batteries and offers a minimum autonomy of 3 years.<br \/>\nWeight (Kg): 0,6<br \/>\nDimensions (cm): H x L x D \/ 11,5 x 10 x 10<br \/>\nDimensions (inches): H x L x D \/ 4.5 x 4.3 x 4.3<\/p>\n","protected":false},"excerpt":{"rendered":"<p>The Rotor One comes with an outer shell that has a soft-touch finish that is pleasant to the&hellip;<\/p>\n","protected":false},"featured_media":49570,"template":"","meta":{"_acf_changed":false},"product_brand":[],"product_cat":[508,727,499],"product_tag":[],"class_list":{"0":"post-41036","1":"product","2":"type-product","3":"status-publish","4":"has-post-thumbnail","6":"product_cat-rotors","7":"product_cat-scatola-del-tempo-en","8":"product_cat-watches","9":"pa_marca-scatola-del-tempo-en-2","11":"first","12":"outofstock","13":"taxable","14":"shipping-taxable","15":"purchasable","16":"product-type-simple"},"acf":[],"yoast_head":"<!-- This site is optimized with the Yoast SEO Premium plugin v27.4 (Yoast SEO v27.4) - https:\/\/yoast.com\/product\/yoast-seo-premium-wordpress\/ -->\n<title>Rotor One Black Scatola del Tempo | Jael Jewelry<\/title>\n<meta name=\"description\" content=\"Explore Nuestra Selecci\u00f3n de Cajas Rotor One Black Scatola Del Tempo. \u2713 We are an Official Authorized Scatola Del Tempo Dealer \u2713 Official Warranty.\" \/>\n<meta name=\"robots\" content=\"index, follow, max-snippet:-1, max-image-preview:large, max-video-preview:-1\" \/>\n<link rel=\"canonical\" href=\"https:\/\/www.joyeriajael.es\/en\/producto\/rotor-one-black\/\" \/>\n<meta property=\"og:locale\" content=\"en_US\" \/>\n<meta property=\"og:type\" content=\"article\" \/>\n<meta property=\"og:title\" content=\"ROTOR SCATOLA DEL TEMPO ONE BLACK\" \/>\n<meta property=\"og:description\" content=\"Explore Nuestra Selecci\u00f3n de Cajas Rotor One Black Scatola Del Tempo. \u2713 We are an Official Authorized Scatola Del Tempo Dealer \u2713 Official Warranty.\" \/>\n<meta property=\"og:url\" content=\"https:\/\/www.joyeriajael.es\/en\/producto\/rotor-one-black\/\" \/>\n<meta property=\"og:site_name\" content=\"Jael Joyer\u00eda\" \/>\n<meta property=\"article:modified_time\" content=\"2026-02-12T08:10:44+00:00\" \/>\n<meta property=\"og:image\" content=\"https:\/\/www.joyeriajael.es\/wp-content\/uploads\/2022\/08\/ROTOR-ONE-BLACK01.jpg\" \/>\n\t<meta property=\"og:image:width\" content=\"900\" \/>\n\t<meta property=\"og:image:height\" content=\"900\" \/>\n\t<meta property=\"og:image:type\" content=\"image\/jpeg\" \/>\n<meta name=\"twitter:card\" content=\"summary_large_image\" \/>\n<meta property=\"product:price:amount\" content=\"530.00\" \/>\n<meta property=\"product:price:currency\" content=\"EUR\" \/>\n<meta property=\"og:availability\" content=\"out of stock\" \/>\n<meta property=\"product:availability\" content=\"out of stock\" \/>\n<meta property=\"product:retailer_item_id\" content=\"03008B\" \/>\n<meta property=\"product:condition\" content=\"new\" \/>\n<!-- \/ Yoast SEO Premium plugin. -->","yoast_head_json":{"title":"Rotor One Black Scatola del Tempo | Jael Jewelry","description":"Explore Nuestra Selecci\u00f3n de Cajas Rotor One Black Scatola Del Tempo. \u2713 We are an Official Authorized Scatola Del Tempo Dealer \u2713 Official Warranty.","robots":{"index":"index","follow":"follow","max-snippet":"max-snippet:-1","max-image-preview":"max-image-preview:large","max-video-preview":"max-video-preview:-1"},"canonical":"https:\/\/www.joyeriajael.es\/en\/producto\/rotor-one-black\/","og_locale":"en_US","og_type":"article","og_title":"ROTOR SCATOLA DEL TEMPO ONE BLACK","og_description":"Explore Nuestra Selecci\u00f3n de Cajas Rotor One Black Scatola Del Tempo. \u2713 We are an Official Authorized Scatola Del Tempo Dealer \u2713 Official Warranty.","og_url":"https:\/\/www.joyeriajael.es\/en\/producto\/rotor-one-black\/","og_site_name":"Jael Joyer\u00eda","article_modified_time":"2026-02-12T08:10:44+00:00","og_image":[{"width":900,"height":900,"url":"https:\/\/www.joyeriajael.es\/wp-content\/uploads\/2022\/08\/ROTOR-ONE-BLACK01.jpg","type":"image\/jpeg"}],"twitter_card":"summary_large_image","schema":{"@context":"https:\/\/schema.org","@graph":[{"@type":["WebPage","ItemPage"],"@id":"https:\/\/www.joyeriajael.es\/en\/producto\/rotor-one-black\/","url":"https:\/\/www.joyeriajael.es\/en\/producto\/rotor-one-black\/","name":"Rotor One Black Scatola del Tempo | Jael Jewelry","isPartOf":{"@id":"https:\/\/www.joyeriajael.es\/en\/#website"},"primaryImageOfPage":{"@id":"https:\/\/www.joyeriajael.es\/en\/producto\/rotor-one-black\/#primaryimage"},"image":{"@id":"https:\/\/www.joyeriajael.es\/en\/producto\/rotor-one-black\/#primaryimage"},"thumbnailUrl":"https:\/\/www.joyeriajael.es\/wp-content\/uploads\/2022\/08\/ROTOR-ONE-BLACK01.jpg","datePublished":"2022-01-24T10:48:52+00:00","dateModified":"2026-02-12T08:10:44+00:00","description":"Explore Nuestra Selecci\u00f3n de Cajas Rotor One Black Scatola Del Tempo. \u2713 We are an Official Authorized Scatola Del Tempo Dealer \u2713 Official Warranty.","breadcrumb":{"@id":"https:\/\/www.joyeriajael.es\/en\/producto\/rotor-one-black\/#breadcrumb"},"inLanguage":"en-US","potentialAction":[{"@type":"ReadAction","target":["https:\/\/www.joyeriajael.es\/en\/producto\/rotor-one-black\/"]}]},{"@type":"ImageObject","inLanguage":"en-US","@id":"https:\/\/www.joyeriajael.es\/en\/producto\/rotor-one-black\/#primaryimage","url":"https:\/\/www.joyeriajael.es\/wp-content\/uploads\/2022\/08\/ROTOR-ONE-BLACK01.jpg","contentUrl":"https:\/\/www.joyeriajael.es\/wp-content\/uploads\/2022\/08\/ROTOR-ONE-BLACK01.jpg","width":900,"height":900,"caption":"ROTOR SCATOLA DEL TEMPO ONE BLACK"},{"@type":"BreadcrumbList","@id":"https:\/\/www.joyeriajael.es\/en\/producto\/rotor-one-black\/#breadcrumb","itemListElement":[{"@type":"ListItem","position":1,"name":"Portada","item":"https:\/\/www.joyeriajael.es\/en\/"},{"@type":"ListItem","position":2,"name":"Online store","item":"https:\/\/www.joyeriajael.es\/tienda-online\/"},{"@type":"ListItem","position":3,"name":"Watches","item":"https:\/\/www.joyeriajael.es\/en\/watches\/"},{"@type":"ListItem","position":4,"name":"Rotors","item":"https:\/\/www.joyeriajael.es\/en\/watches\/rotors\/"},{"@type":"ListItem","position":5,"name":"ROTOR SCATOLA DEL TEMPO ONE BLACK"}]},{"@type":"WebSite","@id":"https:\/\/www.joyeriajael.es\/en\/#website","url":"https:\/\/www.joyeriajael.es\/en\/","name":"Jael Joyer\u00eda","description":"Jael Joyer\u00eda en Santiago de Compostela y A Coru\u00f1a. Primeras marcas, firmas exclusivas, \u00fanico concesionario autorizado de Rolex en la provincia de A Coru\u00f1a.","publisher":{"@id":"https:\/\/www.joyeriajael.es\/en\/#organization"},"alternateName":"Jael","potentialAction":[{"@type":"SearchAction","target":{"@type":"EntryPoint","urlTemplate":"https:\/\/www.joyeriajael.es\/en\/?s={search_term_string}"},"query-input":{"@type":"PropertyValueSpecification","valueRequired":true,"valueName":"search_term_string"}}],"inLanguage":"en-US"},{"@type":"Organization","@id":"https:\/\/www.joyeriajael.es\/en\/#organization","name":"Jael","alternateName":"Jael joyer\u00eda","url":"https:\/\/www.joyeriajael.es\/en\/","logo":{"@type":"ImageObject","inLanguage":"en-US","@id":"https:\/\/www.joyeriajael.es\/en\/#\/schema\/logo\/image\/","url":"https:\/\/www.joyeriajael.es\/wp-content\/uploads\/2024\/07\/cropped-favicon-1.png","contentUrl":"https:\/\/www.joyeriajael.es\/wp-content\/uploads\/2024\/07\/cropped-favicon-1.png","width":512,"height":512,"caption":"Jael"},"image":{"@id":"https:\/\/www.joyeriajael.es\/en\/#\/schema\/logo\/image\/"}}]},"product_price_amount":"530.00","product_price_currency":"EUR","og_availability":"out of stock","product_availability":"out of stock","product_retailer_item_id":"03008B","product_condition":"new"},"df_price":530,"df_sale_price":"","df_regular_price":530,"df_image_link":"https:\/\/www.joyeriajael.es\/wp-content\/uploads\/2022\/08\/ROTOR-ONE-BLACK01-300x300.jpg","_links":{"self":[{"href":"https:\/\/www.joyeriajael.es\/en\/wp-json\/wp\/v2\/product\/41036","targetHints":{"allow":["GET"]}}],"collection":[{"href":"https:\/\/www.joyeriajael.es\/en\/wp-json\/wp\/v2\/product"}],"about":[{"href":"https:\/\/www.joyeriajael.es\/en\/wp-json\/wp\/v2\/types\/product"}],"wp:featuredmedia":[{"embeddable":true,"href":"https:\/\/www.joyeriajael.es\/en\/wp-json\/wp\/v2\/media\/49570"}],"wp:attachment":[{"href":"https:\/\/www.joyeriajael.es\/en\/wp-json\/wp\/v2\/media?parent=41036"}],"wp:term":[{"taxonomy":"product_brand","embeddable":true,"href":"https:\/\/www.joyeriajael.es\/en\/wp-json\/wp\/v2\/product_brand?post=41036"},{"taxonomy":"product_cat","embeddable":true,"href":"https:\/\/www.joyeriajael.es\/en\/wp-json\/wp\/v2\/product_cat?post=41036"},{"taxonomy":"product_tag","embeddable":true,"href":"https:\/\/www.joyeriajael.es\/en\/wp-json\/wp\/v2\/product_tag?post=41036"}],"curies":[{"name":"wp","href":"https:\/\/api.w.org\/{rel}","templated":true}]}}