{"id":41046,"date":"2022-01-24T11:46:04","date_gmt":"2022-01-24T10:46:04","guid":{"rendered":"https:\/\/www.joyeriajael.es\/approach-s62\/"},"modified":"2026-02-12T09:10:36","modified_gmt":"2026-02-12T08:10:36","slug":"approach-s62-2","status":"publish","type":"product","link":"https:\/\/www.joyeriajael.es\/en\/producto\/approach-s62-2\/","title":{"rendered":"APPROACH S62"},"content":{"rendered":"<p>Approach\u00ae S62 is a premium GPS golf watch that puts the key information and maps you need in full color on your wrist.<br \/>\n&#8211; The sun is out. And your watch screen is still readable.<br \/>\n&#8211; With over 41,000 preloaded courses, you&#8217;ll know yours just by looking at your wrist.<br \/>\n&#8211; A caddy always at your disposal, so you know what to hit with and where to aim.<br \/>\n&#8211; Do you want advanced data, tournaments and much more? Get the Garmin Golf\u2122 app.<br \/>\n&#8211; Do not settle for connecting with the field. Receive notifications directly on your watch.<br \/>\n&#8211; Do you want to play non-stop? With a battery life of up to 20 hours in GPS mode, you&#8217;ll be able to do it easily.<\/p>\n","protected":false},"excerpt":{"rendered":"<p>Approach\u00ae S62 is a premium GPS golf watch that puts the key information and maps you need in&hellip;<\/p>\n","protected":false},"featured_media":52784,"template":"","meta":{"_acf_changed":false},"product_brand":[],"product_cat":[719,499,730],"product_tag":[],"class_list":{"0":"post-41046","1":"product","2":"type-product","3":"status-publish","4":"has-post-thumbnail","6":"product_cat-garmin-en","7":"product_cat-watches","8":"product_cat-watches-for-men","9":"pa_marca-garmin-en","11":"first","12":"outofstock","13":"taxable","14":"shipping-taxable","15":"purchasable","16":"product-type-simple"},"acf":[],"yoast_head":"<!-- This site is optimized with the Yoast SEO Premium plugin v27.4 (Yoast SEO v27.4) - https:\/\/yoast.com\/product\/yoast-seo-premium-wordpress\/ -->\n<title>Garmin Watch Approach S62 | Jael<\/title>\n<meta name=\"description\" content=\"Discover the APPROACH S62. Approach\u00ae S62 is a premium GPS golf watch that puts the key information and maps you need in full color on your wrist.\" \/>\n<meta name=\"robots\" content=\"index, follow, max-snippet:-1, max-image-preview:large, max-video-preview:-1\" \/>\n<link rel=\"canonical\" href=\"https:\/\/www.joyeriajael.es\/en\/producto\/approach-s62-2\/\" \/>\n<meta property=\"og:locale\" content=\"en_US\" \/>\n<meta property=\"og:type\" content=\"article\" \/>\n<meta property=\"og:title\" content=\"APPROACH S62\" \/>\n<meta property=\"og:description\" content=\"Discover the APPROACH S62. Approach\u00ae S62 is a premium GPS golf watch that puts the key information and maps you need in full color on your wrist.\" \/>\n<meta property=\"og:url\" content=\"https:\/\/www.joyeriajael.es\/en\/producto\/approach-s62-2\/\" \/>\n<meta property=\"og:site_name\" content=\"Jael Joyer\u00eda\" \/>\n<meta property=\"article:modified_time\" content=\"2026-02-12T08:10:36+00:00\" \/>\n<meta property=\"og:image\" content=\"https:\/\/www.joyeriajael.es\/wp-content\/uploads\/2022\/09\/GARMIN-APPROACH-S62_01.jpg\" \/>\n\t<meta property=\"og:image:width\" content=\"900\" \/>\n\t<meta property=\"og:image:height\" content=\"900\" \/>\n\t<meta property=\"og:image:type\" content=\"image\/jpeg\" \/>\n<meta name=\"twitter:card\" content=\"summary_large_image\" \/>\n<meta property=\"product:price:amount\" content=\"549.99\" \/>\n<meta property=\"product:price:currency\" content=\"EUR\" \/>\n<meta property=\"og:availability\" content=\"out of stock\" \/>\n<meta property=\"product:availability\" content=\"out of stock\" \/>\n<meta property=\"product:retailer_item_id\" content=\"010-02200-01\" \/>\n<meta property=\"product:condition\" content=\"new\" \/>\n<!-- \/ Yoast SEO Premium plugin. -->","yoast_head_json":{"title":"Garmin Watch Approach S62 | Jael","description":"Discover the APPROACH S62. Approach\u00ae S62 is a premium GPS golf watch that puts the key information and maps you need in full color on your wrist.","robots":{"index":"index","follow":"follow","max-snippet":"max-snippet:-1","max-image-preview":"max-image-preview:large","max-video-preview":"max-video-preview:-1"},"canonical":"https:\/\/www.joyeriajael.es\/en\/producto\/approach-s62-2\/","og_locale":"en_US","og_type":"article","og_title":"APPROACH S62","og_description":"Discover the APPROACH S62. Approach\u00ae S62 is a premium GPS golf watch that puts the key information and maps you need in full color on your wrist.","og_url":"https:\/\/www.joyeriajael.es\/en\/producto\/approach-s62-2\/","og_site_name":"Jael Joyer\u00eda","article_modified_time":"2026-02-12T08:10:36+00:00","og_image":[{"width":900,"height":900,"url":"https:\/\/www.joyeriajael.es\/wp-content\/uploads\/2022\/09\/GARMIN-APPROACH-S62_01.jpg","type":"image\/jpeg"}],"twitter_card":"summary_large_image","schema":{"@context":"https:\/\/schema.org","@graph":[{"@type":["WebPage","ItemPage"],"@id":"https:\/\/www.joyeriajael.es\/en\/producto\/approach-s62-2\/","url":"https:\/\/www.joyeriajael.es\/en\/producto\/approach-s62-2\/","name":"Garmin Watch Approach S62 | Jael","isPartOf":{"@id":"https:\/\/www.joyeriajael.es\/en\/#website"},"primaryImageOfPage":{"@id":"https:\/\/www.joyeriajael.es\/en\/producto\/approach-s62-2\/#primaryimage"},"image":{"@id":"https:\/\/www.joyeriajael.es\/en\/producto\/approach-s62-2\/#primaryimage"},"thumbnailUrl":"https:\/\/www.joyeriajael.es\/wp-content\/uploads\/2022\/09\/GARMIN-APPROACH-S62_01.jpg","datePublished":"2022-01-24T10:46:04+00:00","dateModified":"2026-02-12T08:10:36+00:00","description":"Discover the APPROACH S62. Approach\u00ae S62 is a premium GPS golf watch that puts the key information and maps you need in full color on your wrist.","breadcrumb":{"@id":"https:\/\/www.joyeriajael.es\/en\/producto\/approach-s62-2\/#breadcrumb"},"inLanguage":"en-US","potentialAction":[{"@type":"ReadAction","target":["https:\/\/www.joyeriajael.es\/en\/producto\/approach-s62-2\/"]}]},{"@type":"ImageObject","inLanguage":"en-US","@id":"https:\/\/www.joyeriajael.es\/en\/producto\/approach-s62-2\/#primaryimage","url":"https:\/\/www.joyeriajael.es\/wp-content\/uploads\/2022\/09\/GARMIN-APPROACH-S62_01.jpg","contentUrl":"https:\/\/www.joyeriajael.es\/wp-content\/uploads\/2022\/09\/GARMIN-APPROACH-S62_01.jpg","width":900,"height":900,"caption":"APPROACH S62"},{"@type":"BreadcrumbList","@id":"https:\/\/www.joyeriajael.es\/en\/producto\/approach-s62-2\/#breadcrumb","itemListElement":[{"@type":"ListItem","position":1,"name":"Portada","item":"https:\/\/www.joyeriajael.es\/en\/"},{"@type":"ListItem","position":2,"name":"Online store","item":"https:\/\/www.joyeriajael.es\/tienda-online\/"},{"@type":"ListItem","position":3,"name":"Brands","item":"https:\/\/www.joyeriajael.es\/en\/brands\/"},{"@type":"ListItem","position":4,"name":"Garmin","item":"https:\/\/www.joyeriajael.es\/en\/brands\/garmin-en\/"},{"@type":"ListItem","position":5,"name":"APPROACH S62"}]},{"@type":"WebSite","@id":"https:\/\/www.joyeriajael.es\/en\/#website","url":"https:\/\/www.joyeriajael.es\/en\/","name":"Jael Joyer\u00eda","description":"Jael Joyer\u00eda en Santiago de Compostela y A Coru\u00f1a. Primeras marcas, firmas exclusivas, \u00fanico concesionario autorizado de Rolex en la provincia de A Coru\u00f1a.","publisher":{"@id":"https:\/\/www.joyeriajael.es\/en\/#organization"},"alternateName":"Jael","potentialAction":[{"@type":"SearchAction","target":{"@type":"EntryPoint","urlTemplate":"https:\/\/www.joyeriajael.es\/en\/?s={search_term_string}"},"query-input":{"@type":"PropertyValueSpecification","valueRequired":true,"valueName":"search_term_string"}}],"inLanguage":"en-US"},{"@type":"Organization","@id":"https:\/\/www.joyeriajael.es\/en\/#organization","name":"Jael","alternateName":"Jael joyer\u00eda","url":"https:\/\/www.joyeriajael.es\/en\/","logo":{"@type":"ImageObject","inLanguage":"en-US","@id":"https:\/\/www.joyeriajael.es\/en\/#\/schema\/logo\/image\/","url":"https:\/\/www.joyeriajael.es\/wp-content\/uploads\/2024\/07\/cropped-favicon-1.png","contentUrl":"https:\/\/www.joyeriajael.es\/wp-content\/uploads\/2024\/07\/cropped-favicon-1.png","width":512,"height":512,"caption":"Jael"},"image":{"@id":"https:\/\/www.joyeriajael.es\/en\/#\/schema\/logo\/image\/"}}]},"product_price_amount":"549.99","product_price_currency":"EUR","og_availability":"out of stock","product_availability":"out of stock","product_retailer_item_id":"010-02200-01","product_condition":"new"},"df_price":549.99,"df_sale_price":"","df_regular_price":549.99,"df_image_link":"https:\/\/www.joyeriajael.es\/wp-content\/uploads\/2022\/09\/GARMIN-APPROACH-S62_01-300x300.jpg","_links":{"self":[{"href":"https:\/\/www.joyeriajael.es\/en\/wp-json\/wp\/v2\/product\/41046","targetHints":{"allow":["GET"]}}],"collection":[{"href":"https:\/\/www.joyeriajael.es\/en\/wp-json\/wp\/v2\/product"}],"about":[{"href":"https:\/\/www.joyeriajael.es\/en\/wp-json\/wp\/v2\/types\/product"}],"wp:featuredmedia":[{"embeddable":true,"href":"https:\/\/www.joyeriajael.es\/en\/wp-json\/wp\/v2\/media\/52784"}],"wp:attachment":[{"href":"https:\/\/www.joyeriajael.es\/en\/wp-json\/wp\/v2\/media?parent=41046"}],"wp:term":[{"taxonomy":"product_brand","embeddable":true,"href":"https:\/\/www.joyeriajael.es\/en\/wp-json\/wp\/v2\/product_brand?post=41046"},{"taxonomy":"product_cat","embeddable":true,"href":"https:\/\/www.joyeriajael.es\/en\/wp-json\/wp\/v2\/product_cat?post=41046"},{"taxonomy":"product_tag","embeddable":true,"href":"https:\/\/www.joyeriajael.es\/en\/wp-json\/wp\/v2\/product_tag?post=41046"}],"curies":[{"name":"wp","href":"https:\/\/api.w.org\/{rel}","templated":true}]}}