{"id":41049,"date":"2022-01-24T11:31:02","date_gmt":"2022-01-24T10:31:02","guid":{"rendered":"https:\/\/www.joyeriajael.es\/marq-adventurer\/"},"modified":"2026-02-12T09:10:34","modified_gmt":"2026-02-12T08:10:34","slug":"marq-adventurer","status":"publish","type":"product","link":"https:\/\/www.joyeriajael.es\/en\/producto\/marq-adventurer\/","title":{"rendered":"GARMIN WATCH MARQ\u00ae ADVENTURER"},"content":{"rendered":"<ul>\nGarmin offers a wide range of watches for all types of athletes: sports watches, smartwatches, smartwatches like the Garmin Marq CaptainMARQ Adventurer is the modern and sophisticated watch that pushes you to reach higher. Climb to the top of the world with an extraordinary instrument crafted to explore it.<br \/>\n&#8211; MARQ Adventurer is the modern and sophisticated watch that propels you to reach higher. Climb to the top of the world with an extraordinary instrument crafted to explore it.<br \/>\n&#8211; Do you want to get higher? Track altitude and weather changes.<br \/>\n&#8211; Step up in style and comfort with a sturdy Italian vacchetta leather strap.<br \/>\n&#8211; Go your own way. Set your course with the 360-degree compass bezel.<br \/>\n&#8211; Climb to the top while monitoring your blood oxygen levels.<br \/>\n&#8211; Between ascents and ascents, stay connected with your team thanks to the smart watch functions.<br \/>\n&#8211; Face the most extreme situations with up to 12 days of battery life on a single charge.<\/p>\n","protected":false},"excerpt":{"rendered":"<p>Garmin offers a wide range of watches for all types of athletes: sports watches, smartwatches, smartwatches like the&hellip;<\/p>\n","protected":false},"featured_media":52823,"template":"","meta":{"_acf_changed":false},"product_brand":[],"product_cat":[719,3871,499,730],"product_tag":[],"class_list":{"0":"post-41049","1":"product","2":"type-product","3":"status-publish","4":"has-post-thumbnail","6":"product_cat-garmin-en","7":"product_cat-marq-en","8":"product_cat-watches","9":"product_cat-watches-for-men","10":"pa_marca-garmin-en","12":"first","13":"outofstock","14":"taxable","15":"shipping-taxable","16":"purchasable","17":"product-type-simple"},"acf":[],"yoast_head":"<!-- This site is optimized with the Yoast SEO Premium plugin v27.4 (Yoast SEO v27.4) - https:\/\/yoast.com\/product\/yoast-seo-premium-wordpress\/ -->\n<title>Garmin Watch Marq Adventurer | Jael Jewelry<\/title>\n<meta name=\"description\" content=\"Garmin offers a wide range of watches for all types of athletes: sports watches, smartwatches, smartwatches such as the Garmin Marq Adventurer, etc.\" \/>\n<meta name=\"robots\" content=\"index, follow, max-snippet:-1, max-image-preview:large, max-video-preview:-1\" \/>\n<link rel=\"canonical\" href=\"https:\/\/www.joyeriajael.es\/en\/producto\/marq-adventurer\/\" \/>\n<meta property=\"og:locale\" content=\"en_US\" \/>\n<meta property=\"og:type\" content=\"article\" \/>\n<meta property=\"og:title\" content=\"GARMIN WATCH MARQ\u00ae ADVENTURER\" \/>\n<meta property=\"og:description\" content=\"Garmin offers a wide range of watches for all types of athletes: sports watches, smartwatches, smartwatches such as the Garmin Marq Adventurer, etc.\" \/>\n<meta property=\"og:url\" content=\"https:\/\/www.joyeriajael.es\/en\/producto\/marq-adventurer\/\" \/>\n<meta property=\"og:site_name\" content=\"Jael Joyer\u00eda\" \/>\n<meta property=\"article:modified_time\" content=\"2026-02-12T08:10:34+00:00\" \/>\n<meta property=\"og:image\" content=\"https:\/\/www.joyeriajael.es\/wp-content\/uploads\/2022\/09\/MARQ\u00ae-ADVENTURER_001.jpg\" \/>\n\t<meta property=\"og:image:width\" content=\"900\" \/>\n\t<meta property=\"og:image:height\" content=\"900\" \/>\n\t<meta property=\"og:image:type\" content=\"image\/jpeg\" \/>\n<meta name=\"twitter:card\" content=\"summary_large_image\" \/>\n<meta property=\"product:price:amount\" content=\"1750.00\" \/>\n<meta property=\"product:price:currency\" content=\"EUR\" \/>\n<meta property=\"og:availability\" content=\"out of stock\" \/>\n<meta property=\"product:availability\" content=\"out of stock\" \/>\n<meta property=\"product:retailer_item_id\" content=\"0753759246709\" \/>\n<meta property=\"product:condition\" content=\"new\" \/>\n<!-- \/ Yoast SEO Premium plugin. -->","yoast_head_json":{"title":"Garmin Watch Marq Adventurer | Jael Jewelry","description":"Garmin offers a wide range of watches for all types of athletes: sports watches, smartwatches, smartwatches such as the Garmin Marq Adventurer, etc.","robots":{"index":"index","follow":"follow","max-snippet":"max-snippet:-1","max-image-preview":"max-image-preview:large","max-video-preview":"max-video-preview:-1"},"canonical":"https:\/\/www.joyeriajael.es\/en\/producto\/marq-adventurer\/","og_locale":"en_US","og_type":"article","og_title":"GARMIN WATCH MARQ\u00ae ADVENTURER","og_description":"Garmin offers a wide range of watches for all types of athletes: sports watches, smartwatches, smartwatches such as the Garmin Marq Adventurer, etc.","og_url":"https:\/\/www.joyeriajael.es\/en\/producto\/marq-adventurer\/","og_site_name":"Jael Joyer\u00eda","article_modified_time":"2026-02-12T08:10:34+00:00","og_image":[{"width":900,"height":900,"url":"https:\/\/www.joyeriajael.es\/wp-content\/uploads\/2022\/09\/MARQ\u00ae-ADVENTURER_001.jpg","type":"image\/jpeg"}],"twitter_card":"summary_large_image","schema":{"@context":"https:\/\/schema.org","@graph":[{"@type":["WebPage","ItemPage"],"@id":"https:\/\/www.joyeriajael.es\/en\/producto\/marq-adventurer\/","url":"https:\/\/www.joyeriajael.es\/en\/producto\/marq-adventurer\/","name":"Garmin Watch Marq Adventurer | Jael Jewelry","isPartOf":{"@id":"https:\/\/www.joyeriajael.es\/en\/#website"},"primaryImageOfPage":{"@id":"https:\/\/www.joyeriajael.es\/en\/producto\/marq-adventurer\/#primaryimage"},"image":{"@id":"https:\/\/www.joyeriajael.es\/en\/producto\/marq-adventurer\/#primaryimage"},"thumbnailUrl":"https:\/\/www.joyeriajael.es\/wp-content\/uploads\/2022\/09\/MARQ\u00ae-ADVENTURER_001.jpg","datePublished":"2022-01-24T10:31:02+00:00","dateModified":"2026-02-12T08:10:34+00:00","description":"Garmin offers a wide range of watches for all types of athletes: sports watches, smartwatches, smartwatches such as the Garmin Marq Adventurer, etc.","breadcrumb":{"@id":"https:\/\/www.joyeriajael.es\/en\/producto\/marq-adventurer\/#breadcrumb"},"inLanguage":"en-US","potentialAction":[{"@type":"ReadAction","target":["https:\/\/www.joyeriajael.es\/en\/producto\/marq-adventurer\/"]}]},{"@type":"ImageObject","inLanguage":"en-US","@id":"https:\/\/www.joyeriajael.es\/en\/producto\/marq-adventurer\/#primaryimage","url":"https:\/\/www.joyeriajael.es\/wp-content\/uploads\/2022\/09\/MARQ\u00ae-ADVENTURER_001.jpg","contentUrl":"https:\/\/www.joyeriajael.es\/wp-content\/uploads\/2022\/09\/MARQ\u00ae-ADVENTURER_001.jpg","width":900,"height":900,"caption":"GARMIN WATCH MARQ\u00ae ADVENTURER"},{"@type":"BreadcrumbList","@id":"https:\/\/www.joyeriajael.es\/en\/producto\/marq-adventurer\/#breadcrumb","itemListElement":[{"@type":"ListItem","position":1,"name":"Portada","item":"https:\/\/www.joyeriajael.es\/en\/"},{"@type":"ListItem","position":2,"name":"Online store","item":"https:\/\/www.joyeriajael.es\/tienda-online\/"},{"@type":"ListItem","position":3,"name":"Brands","item":"https:\/\/www.joyeriajael.es\/en\/brands\/"},{"@type":"ListItem","position":4,"name":"Garmin","item":"https:\/\/www.joyeriajael.es\/en\/brands\/garmin-en\/"},{"@type":"ListItem","position":5,"name":"GARMIN WATCH MARQ\u00ae ADVENTURER"}]},{"@type":"WebSite","@id":"https:\/\/www.joyeriajael.es\/en\/#website","url":"https:\/\/www.joyeriajael.es\/en\/","name":"Jael Joyer\u00eda","description":"Jael Joyer\u00eda en Santiago de Compostela y A Coru\u00f1a. Primeras marcas, firmas exclusivas, \u00fanico concesionario autorizado de Rolex en la provincia de A Coru\u00f1a.","publisher":{"@id":"https:\/\/www.joyeriajael.es\/en\/#organization"},"alternateName":"Jael","potentialAction":[{"@type":"SearchAction","target":{"@type":"EntryPoint","urlTemplate":"https:\/\/www.joyeriajael.es\/en\/?s={search_term_string}"},"query-input":{"@type":"PropertyValueSpecification","valueRequired":true,"valueName":"search_term_string"}}],"inLanguage":"en-US"},{"@type":"Organization","@id":"https:\/\/www.joyeriajael.es\/en\/#organization","name":"Jael","alternateName":"Jael joyer\u00eda","url":"https:\/\/www.joyeriajael.es\/en\/","logo":{"@type":"ImageObject","inLanguage":"en-US","@id":"https:\/\/www.joyeriajael.es\/en\/#\/schema\/logo\/image\/","url":"https:\/\/www.joyeriajael.es\/wp-content\/uploads\/2024\/07\/cropped-favicon-1.png","contentUrl":"https:\/\/www.joyeriajael.es\/wp-content\/uploads\/2024\/07\/cropped-favicon-1.png","width":512,"height":512,"caption":"Jael"},"image":{"@id":"https:\/\/www.joyeriajael.es\/en\/#\/schema\/logo\/image\/"}}]},"product_price_amount":"1750.00","product_price_currency":"EUR","og_availability":"out of stock","product_availability":"out of stock","product_retailer_item_id":"0753759246709","product_condition":"new"},"df_price":1750,"df_sale_price":"","df_regular_price":1750,"df_image_link":"https:\/\/www.joyeriajael.es\/wp-content\/uploads\/2022\/09\/MARQ\u00ae-ADVENTURER_001-300x300.jpg","_links":{"self":[{"href":"https:\/\/www.joyeriajael.es\/en\/wp-json\/wp\/v2\/product\/41049","targetHints":{"allow":["GET"]}}],"collection":[{"href":"https:\/\/www.joyeriajael.es\/en\/wp-json\/wp\/v2\/product"}],"about":[{"href":"https:\/\/www.joyeriajael.es\/en\/wp-json\/wp\/v2\/types\/product"}],"wp:featuredmedia":[{"embeddable":true,"href":"https:\/\/www.joyeriajael.es\/en\/wp-json\/wp\/v2\/media\/52823"}],"wp:attachment":[{"href":"https:\/\/www.joyeriajael.es\/en\/wp-json\/wp\/v2\/media?parent=41049"}],"wp:term":[{"taxonomy":"product_brand","embeddable":true,"href":"https:\/\/www.joyeriajael.es\/en\/wp-json\/wp\/v2\/product_brand?post=41049"},{"taxonomy":"product_cat","embeddable":true,"href":"https:\/\/www.joyeriajael.es\/en\/wp-json\/wp\/v2\/product_cat?post=41049"},{"taxonomy":"product_tag","embeddable":true,"href":"https:\/\/www.joyeriajael.es\/en\/wp-json\/wp\/v2\/product_tag?post=41049"}],"curies":[{"name":"wp","href":"https:\/\/api.w.org\/{rel}","templated":true}]}}