{"id":41057,"date":"2022-01-24T11:34:27","date_gmt":"2022-01-24T10:34:27","guid":{"rendered":"https:\/\/www.joyeriajael.es\/fenix-6x-pro-solar\/"},"modified":"2026-02-12T09:10:35","modified_gmt":"2026-02-12T08:10:35","slug":"fenix-6x-pro-solar-2","status":"publish","type":"product","link":"https:\/\/www.joyeriajael.es\/en\/producto\/fenix-6x-pro-solar-2\/","title":{"rendered":"*FENIX 6X PRO SOLAR"},"content":{"rendered":"<p>The first of our watches to feature solar charging, the f\u0113nix 6X Pro Solar removes the limits of how far you can go. The glass Power Glass \u2122 of 1.4? Use sunlight to extend battery life on your adventures.<br \/>\n&#8211; Sunlight provides a free power supply for the watch and lengthens the time between charges<br \/>\n&#8211; PacePro\u2122 feature helps you run smarter on different types of terrain<br \/>\n&#8211; Pre-installed maps with more than 2000 ski resorts around the world<br \/>\n&#8211; Get up to 24 days of battery life with the solar charging function. It&#8217;s like a 3-week expedition and you still have plenty of time.<\/p>\n","protected":false},"excerpt":{"rendered":"<p>The first of our watches to feature solar charging, the f\u0113nix 6X Pro Solar removes the limits of&hellip;<\/p>\n","protected":false},"featured_media":52807,"template":"","meta":{"_acf_changed":false},"product_brand":[],"product_cat":[719,3870,499,730],"product_tag":[],"class_list":{"0":"post-41057","1":"product","2":"type-product","3":"status-publish","4":"has-post-thumbnail","6":"product_cat-garmin-en","7":"product_cat-fenix-en","8":"product_cat-watches","9":"product_cat-watches-for-men","10":"pa_marca-garmin-en","12":"first","13":"instock","14":"taxable","15":"shipping-taxable","16":"purchasable","17":"product-type-simple"},"acf":[],"yoast_head":"<!-- This site is optimized with the Yoast SEO Premium plugin v27.4 (Yoast SEO v27.4) - https:\/\/yoast.com\/product\/yoast-seo-premium-wordpress\/ -->\n<title>Garmin Watch Fenix 6X Pro Solar | Jael<\/title>\n<meta name=\"robots\" content=\"index, follow, max-snippet:-1, max-image-preview:large, max-video-preview:-1\" \/>\n<link rel=\"canonical\" href=\"https:\/\/www.joyeriajael.es\/en\/producto\/fenix-6x-pro-solar-2\/\" \/>\n<meta property=\"og:locale\" content=\"en_US\" \/>\n<meta property=\"og:type\" content=\"article\" \/>\n<meta property=\"og:title\" content=\"*FENIX 6X PRO SOLAR\" \/>\n<meta property=\"og:description\" content=\"The first of our watches to feature solar charging, the f\u0113nix 6X Pro Solar removes the limits of&hellip;\" \/>\n<meta property=\"og:url\" content=\"https:\/\/www.joyeriajael.es\/en\/producto\/fenix-6x-pro-solar-2\/\" \/>\n<meta property=\"og:site_name\" content=\"Jael Joyer\u00eda\" \/>\n<meta property=\"article:modified_time\" content=\"2026-02-12T08:10:35+00:00\" \/>\n<meta property=\"og:image\" content=\"https:\/\/www.joyeriajael.es\/wp-content\/uploads\/2022\/09\/GARMIN-FENIX-6X-PRO-SOLAR_01.jpg\" \/>\n\t<meta property=\"og:image:width\" content=\"900\" \/>\n\t<meta property=\"og:image:height\" content=\"900\" \/>\n\t<meta property=\"og:image:type\" content=\"image\/jpeg\" \/>\n<meta name=\"twitter:card\" content=\"summary_large_image\" \/>\n<meta property=\"product:price:amount\" content=\"1099.99\" \/>\n<meta property=\"product:price:currency\" content=\"EUR\" \/>\n<meta property=\"og:availability\" content=\"instock\" \/>\n<meta property=\"product:availability\" content=\"instock\" \/>\n<meta property=\"product:retailer_item_id\" content=\"0753759232672\" \/>\n<meta property=\"product:condition\" content=\"new\" \/>\n<!-- \/ Yoast SEO Premium plugin. -->","yoast_head_json":{"title":"Garmin Watch Fenix 6X Pro Solar | Jael","robots":{"index":"index","follow":"follow","max-snippet":"max-snippet:-1","max-image-preview":"max-image-preview:large","max-video-preview":"max-video-preview:-1"},"canonical":"https:\/\/www.joyeriajael.es\/en\/producto\/fenix-6x-pro-solar-2\/","og_locale":"en_US","og_type":"article","og_title":"*FENIX 6X PRO SOLAR","og_description":"The first of our watches to feature solar charging, the f\u0113nix 6X Pro Solar removes the limits of&hellip;","og_url":"https:\/\/www.joyeriajael.es\/en\/producto\/fenix-6x-pro-solar-2\/","og_site_name":"Jael Joyer\u00eda","article_modified_time":"2026-02-12T08:10:35+00:00","og_image":[{"width":900,"height":900,"url":"https:\/\/www.joyeriajael.es\/wp-content\/uploads\/2022\/09\/GARMIN-FENIX-6X-PRO-SOLAR_01.jpg","type":"image\/jpeg"}],"twitter_card":"summary_large_image","schema":{"@context":"https:\/\/schema.org","@graph":[{"@type":["WebPage","ItemPage"],"@id":"https:\/\/www.joyeriajael.es\/en\/producto\/fenix-6x-pro-solar-2\/","url":"https:\/\/www.joyeriajael.es\/en\/producto\/fenix-6x-pro-solar-2\/","name":"Garmin Watch Fenix 6X Pro Solar | Jael","isPartOf":{"@id":"https:\/\/www.joyeriajael.es\/en\/#website"},"primaryImageOfPage":{"@id":"https:\/\/www.joyeriajael.es\/en\/producto\/fenix-6x-pro-solar-2\/#primaryimage"},"image":{"@id":"https:\/\/www.joyeriajael.es\/en\/producto\/fenix-6x-pro-solar-2\/#primaryimage"},"thumbnailUrl":"https:\/\/www.joyeriajael.es\/wp-content\/uploads\/2022\/09\/GARMIN-FENIX-6X-PRO-SOLAR_01.jpg","datePublished":"2022-01-24T10:34:27+00:00","dateModified":"2026-02-12T08:10:35+00:00","breadcrumb":{"@id":"https:\/\/www.joyeriajael.es\/en\/producto\/fenix-6x-pro-solar-2\/#breadcrumb"},"inLanguage":"en-US","potentialAction":[{"@type":"ReadAction","target":["https:\/\/www.joyeriajael.es\/en\/producto\/fenix-6x-pro-solar-2\/"]}]},{"@type":"ImageObject","inLanguage":"en-US","@id":"https:\/\/www.joyeriajael.es\/en\/producto\/fenix-6x-pro-solar-2\/#primaryimage","url":"https:\/\/www.joyeriajael.es\/wp-content\/uploads\/2022\/09\/GARMIN-FENIX-6X-PRO-SOLAR_01.jpg","contentUrl":"https:\/\/www.joyeriajael.es\/wp-content\/uploads\/2022\/09\/GARMIN-FENIX-6X-PRO-SOLAR_01.jpg","width":900,"height":900,"caption":"*FENIX 6X PRO SOLAR"},{"@type":"BreadcrumbList","@id":"https:\/\/www.joyeriajael.es\/en\/producto\/fenix-6x-pro-solar-2\/#breadcrumb","itemListElement":[{"@type":"ListItem","position":1,"name":"Portada","item":"https:\/\/www.joyeriajael.es\/en\/"},{"@type":"ListItem","position":2,"name":"Online store","item":"https:\/\/www.joyeriajael.es\/tienda-online\/"},{"@type":"ListItem","position":3,"name":"Brands","item":"https:\/\/www.joyeriajael.es\/en\/brands\/"},{"@type":"ListItem","position":4,"name":"Garmin","item":"https:\/\/www.joyeriajael.es\/en\/brands\/garmin-en\/"},{"@type":"ListItem","position":5,"name":"*FENIX 6X PRO SOLAR"}]},{"@type":"WebSite","@id":"https:\/\/www.joyeriajael.es\/en\/#website","url":"https:\/\/www.joyeriajael.es\/en\/","name":"Jael Joyer\u00eda","description":"Jael Joyer\u00eda en Santiago de Compostela y A Coru\u00f1a. Primeras marcas, firmas exclusivas, \u00fanico concesionario autorizado de Rolex en la provincia de A Coru\u00f1a.","publisher":{"@id":"https:\/\/www.joyeriajael.es\/en\/#organization"},"alternateName":"Jael","potentialAction":[{"@type":"SearchAction","target":{"@type":"EntryPoint","urlTemplate":"https:\/\/www.joyeriajael.es\/en\/?s={search_term_string}"},"query-input":{"@type":"PropertyValueSpecification","valueRequired":true,"valueName":"search_term_string"}}],"inLanguage":"en-US"},{"@type":"Organization","@id":"https:\/\/www.joyeriajael.es\/en\/#organization","name":"Jael","alternateName":"Jael joyer\u00eda","url":"https:\/\/www.joyeriajael.es\/en\/","logo":{"@type":"ImageObject","inLanguage":"en-US","@id":"https:\/\/www.joyeriajael.es\/en\/#\/schema\/logo\/image\/","url":"https:\/\/www.joyeriajael.es\/wp-content\/uploads\/2024\/07\/cropped-favicon-1.png","contentUrl":"https:\/\/www.joyeriajael.es\/wp-content\/uploads\/2024\/07\/cropped-favicon-1.png","width":512,"height":512,"caption":"Jael"},"image":{"@id":"https:\/\/www.joyeriajael.es\/en\/#\/schema\/logo\/image\/"}}]},"product_price_amount":"1099.99","product_price_currency":"EUR","og_availability":"instock","product_availability":"instock","product_retailer_item_id":"0753759232672","product_condition":"new"},"df_price":1099.99,"df_sale_price":"","df_regular_price":1099.99,"df_image_link":"https:\/\/www.joyeriajael.es\/wp-content\/uploads\/2022\/09\/GARMIN-FENIX-6X-PRO-SOLAR_01-300x300.jpg","_links":{"self":[{"href":"https:\/\/www.joyeriajael.es\/en\/wp-json\/wp\/v2\/product\/41057","targetHints":{"allow":["GET"]}}],"collection":[{"href":"https:\/\/www.joyeriajael.es\/en\/wp-json\/wp\/v2\/product"}],"about":[{"href":"https:\/\/www.joyeriajael.es\/en\/wp-json\/wp\/v2\/types\/product"}],"wp:featuredmedia":[{"embeddable":true,"href":"https:\/\/www.joyeriajael.es\/en\/wp-json\/wp\/v2\/media\/52807"}],"wp:attachment":[{"href":"https:\/\/www.joyeriajael.es\/en\/wp-json\/wp\/v2\/media?parent=41057"}],"wp:term":[{"taxonomy":"product_brand","embeddable":true,"href":"https:\/\/www.joyeriajael.es\/en\/wp-json\/wp\/v2\/product_brand?post=41057"},{"taxonomy":"product_cat","embeddable":true,"href":"https:\/\/www.joyeriajael.es\/en\/wp-json\/wp\/v2\/product_cat?post=41057"},{"taxonomy":"product_tag","embeddable":true,"href":"https:\/\/www.joyeriajael.es\/en\/wp-json\/wp\/v2\/product_tag?post=41057"}],"curies":[{"name":"wp","href":"https:\/\/api.w.org\/{rel}","templated":true}]}}