{"id":53596,"date":"2022-04-28T13:19:36","date_gmt":"2022-04-28T11:19:36","guid":{"rendered":"https:\/\/www.joyeriajael.es\/?post_type=product&#038;p=53596"},"modified":"2024-05-24T10:18:47","modified_gmt":"2024-05-24T08:18:47","slug":"black-bay-39-sg-acero-oro-esf-negra-diam","status":"publish","type":"product","link":"https:\/\/www.joyeriajael.es\/en\/producto\/black-bay-39-sg-acero-oro-esf-negra-diam\/","title":{"rendered":"TUDOR WATCH BLACK BAY S&amp;G 39 MM"},"content":{"rendered":"<p>The Black Bay line is the result of the subtle combination of traditional aesthetics and modern watchmaking. It brings together the more than 60 years of history of TUDOR diving watches, while remaining fully up to date. Its neovintage design is matched by manufacturing techniques and a reliability, robustness and quality of finish that meet today&#8217;s most stringent requirements.<\/p>\n<p>Enhancing the Black Bay with yellow gold creates a version named S&amp;G, for Steel &amp; Gold. TUDOR derived the characteristic aesthetic elements of the Black Bay S&amp;G model from its history. The overall shape, as well as the domed dial and crystal, come from the first TUDOR divers\u2019 watches. In this version the lines and proportions of the Black Bay are retained, while the rotating bezel and the winding crown are made from yellow gold.<\/p>\n","protected":false},"excerpt":{"rendered":"<p>The Black Bay line is the result of the subtle combination of traditional aesthetics and modern watchmaking. It&hellip;<\/p>\n","protected":false},"featured_media":53046,"template":"","meta":{"_acf_changed":false},"product_brand":[],"product_cat":[732,729,3827,499,731],"product_tag":[],"class_list":{"0":"post-53596","1":"product","2":"type-product","3":"status-publish","4":"has-post-thumbnail","6":"product_cat-gold-watches","7":"product_cat-tudor-en","8":"product_cat-black-bay-en","9":"product_cat-watches","10":"product_cat-watches-for-women","11":"pa_marca-tudor-en","13":"first","14":"outofstock","15":"taxable","16":"shipping-taxable","17":"purchasable","18":"product-type-simple"},"acf":[],"yoast_head":"<!-- This site is optimized with the Yoast SEO Premium plugin v27.4 (Yoast SEO v27.4) - https:\/\/yoast.com\/product\/yoast-seo-premium-wordpress\/ -->\n<title>Tudor Black Bay 39 S&amp;G watch | 79673-65573-001 | Jael Jewelry<\/title>\n<meta name=\"description\" content=\"Explore our selection of TUDOR Black Bay 39 S&amp;G watches. \u2713 We are an Official Authorised Tudor Dealer. \u2713 Official Warranty. Visit our website!\" \/>\n<meta name=\"robots\" content=\"index, follow, max-snippet:-1, max-image-preview:large, max-video-preview:-1\" \/>\n<link rel=\"canonical\" href=\"https:\/\/www.joyeriajael.es\/en\/producto\/black-bay-39-sg-acero-oro-esf-negra-diam\/\" \/>\n<meta property=\"og:locale\" content=\"en_US\" \/>\n<meta property=\"og:type\" content=\"article\" \/>\n<meta property=\"og:title\" content=\"TUDOR WATCH BLACK BAY S&amp;G 39 MM\" \/>\n<meta property=\"og:description\" content=\"Explore our selection of TUDOR Black Bay 39 S&amp;G watches. \u2713 We are an Official Authorised Tudor Dealer. \u2713 Official Warranty. Visit our website!\" \/>\n<meta property=\"og:url\" content=\"https:\/\/www.joyeriajael.es\/en\/producto\/black-bay-39-sg-acero-oro-esf-negra-diam\/\" \/>\n<meta property=\"og:site_name\" content=\"Jael Joyer\u00eda\" \/>\n<meta property=\"article:modified_time\" content=\"2024-05-24T08:18:47+00:00\" \/>\n<meta property=\"og:image\" content=\"https:\/\/www.joyeriajael.es\/wp-content\/uploads\/2022\/09\/BLACK-BAY-39-SG-ACERO-ORO-ESF.-NEGRA.-DIAM_01.jpg\" \/>\n\t<meta property=\"og:image:width\" content=\"900\" \/>\n\t<meta property=\"og:image:height\" content=\"900\" \/>\n\t<meta property=\"og:image:type\" content=\"image\/jpeg\" \/>\n<meta name=\"twitter:card\" content=\"summary_large_image\" \/>\n<meta property=\"product:price:amount\" content=\"9280.00\" \/>\n<meta property=\"product:price:currency\" content=\"EUR\" \/>\n<meta property=\"og:availability\" content=\"out of stock\" \/>\n<meta property=\"product:availability\" content=\"out of stock\" \/>\n<meta property=\"product:retailer_item_id\" content=\"M79673-0005\" \/>\n<meta property=\"product:condition\" content=\"new\" \/>\n<!-- \/ Yoast SEO Premium plugin. -->","yoast_head_json":{"title":"Tudor Black Bay 39 S&G watch | 79673-65573-001 | Jael Jewelry","description":"Explore our selection of TUDOR Black Bay 39 S&G watches. \u2713 We are an Official Authorised Tudor Dealer. \u2713 Official Warranty. Visit our website!","robots":{"index":"index","follow":"follow","max-snippet":"max-snippet:-1","max-image-preview":"max-image-preview:large","max-video-preview":"max-video-preview:-1"},"canonical":"https:\/\/www.joyeriajael.es\/en\/producto\/black-bay-39-sg-acero-oro-esf-negra-diam\/","og_locale":"en_US","og_type":"article","og_title":"TUDOR WATCH BLACK BAY S&amp;G 39 MM","og_description":"Explore our selection of TUDOR Black Bay 39 S&G watches. \u2713 We are an Official Authorised Tudor Dealer. \u2713 Official Warranty. Visit our website!","og_url":"https:\/\/www.joyeriajael.es\/en\/producto\/black-bay-39-sg-acero-oro-esf-negra-diam\/","og_site_name":"Jael Joyer\u00eda","article_modified_time":"2024-05-24T08:18:47+00:00","og_image":[{"width":900,"height":900,"url":"https:\/\/www.joyeriajael.es\/wp-content\/uploads\/2022\/09\/BLACK-BAY-39-SG-ACERO-ORO-ESF.-NEGRA.-DIAM_01.jpg","type":"image\/jpeg"}],"twitter_card":"summary_large_image","schema":{"@context":"https:\/\/schema.org","@graph":[{"@type":["WebPage","ItemPage"],"@id":"https:\/\/www.joyeriajael.es\/en\/producto\/black-bay-39-sg-acero-oro-esf-negra-diam\/","url":"https:\/\/www.joyeriajael.es\/en\/producto\/black-bay-39-sg-acero-oro-esf-negra-diam\/","name":"Tudor Black Bay 39 S&G watch | 79673-65573-001 | Jael Jewelry","isPartOf":{"@id":"https:\/\/www.joyeriajael.es\/en\/#website"},"primaryImageOfPage":{"@id":"https:\/\/www.joyeriajael.es\/en\/producto\/black-bay-39-sg-acero-oro-esf-negra-diam\/#primaryimage"},"image":{"@id":"https:\/\/www.joyeriajael.es\/en\/producto\/black-bay-39-sg-acero-oro-esf-negra-diam\/#primaryimage"},"thumbnailUrl":"https:\/\/www.joyeriajael.es\/wp-content\/uploads\/2022\/09\/BLACK-BAY-39-SG-ACERO-ORO-ESF.-NEGRA.-DIAM_01.jpg","datePublished":"2022-04-28T11:19:36+00:00","dateModified":"2024-05-24T08:18:47+00:00","description":"Explore our selection of TUDOR Black Bay 39 S&G watches. \u2713 We are an Official Authorised Tudor Dealer. \u2713 Official Warranty. Visit our website!","breadcrumb":{"@id":"https:\/\/www.joyeriajael.es\/en\/producto\/black-bay-39-sg-acero-oro-esf-negra-diam\/#breadcrumb"},"inLanguage":"en-US","potentialAction":[{"@type":"ReadAction","target":["https:\/\/www.joyeriajael.es\/en\/producto\/black-bay-39-sg-acero-oro-esf-negra-diam\/"]}]},{"@type":"ImageObject","inLanguage":"en-US","@id":"https:\/\/www.joyeriajael.es\/en\/producto\/black-bay-39-sg-acero-oro-esf-negra-diam\/#primaryimage","url":"https:\/\/www.joyeriajael.es\/wp-content\/uploads\/2022\/09\/BLACK-BAY-39-SG-ACERO-ORO-ESF.-NEGRA.-DIAM_01.jpg","contentUrl":"https:\/\/www.joyeriajael.es\/wp-content\/uploads\/2022\/09\/BLACK-BAY-39-SG-ACERO-ORO-ESF.-NEGRA.-DIAM_01.jpg","width":900,"height":900,"caption":"TUDOR WATCH BLACK BAY S&amp;G 39 MM"},{"@type":"BreadcrumbList","@id":"https:\/\/www.joyeriajael.es\/en\/producto\/black-bay-39-sg-acero-oro-esf-negra-diam\/#breadcrumb","itemListElement":[{"@type":"ListItem","position":1,"name":"Portada","item":"https:\/\/www.joyeriajael.es\/en\/"},{"@type":"ListItem","position":2,"name":"Online store","item":"https:\/\/www.joyeriajael.es\/tienda-online\/"},{"@type":"ListItem","position":3,"name":"Brands","item":"https:\/\/www.joyeriajael.es\/en\/brands\/"},{"@type":"ListItem","position":4,"name":"Tudor","item":"https:\/\/www.joyeriajael.es\/en\/brands\/tudor-en\/"},{"@type":"ListItem","position":5,"name":"TUDOR WATCH BLACK BAY S&amp;G 39 MM"}]},{"@type":"WebSite","@id":"https:\/\/www.joyeriajael.es\/en\/#website","url":"https:\/\/www.joyeriajael.es\/en\/","name":"Jael Joyer\u00eda","description":"Jael Joyer\u00eda en Santiago de Compostela y A Coru\u00f1a. Primeras marcas, firmas exclusivas, \u00fanico concesionario autorizado de Rolex en la provincia de A Coru\u00f1a.","publisher":{"@id":"https:\/\/www.joyeriajael.es\/en\/#organization"},"alternateName":"Jael","potentialAction":[{"@type":"SearchAction","target":{"@type":"EntryPoint","urlTemplate":"https:\/\/www.joyeriajael.es\/en\/?s={search_term_string}"},"query-input":{"@type":"PropertyValueSpecification","valueRequired":true,"valueName":"search_term_string"}}],"inLanguage":"en-US"},{"@type":"Organization","@id":"https:\/\/www.joyeriajael.es\/en\/#organization","name":"Jael","alternateName":"Jael joyer\u00eda","url":"https:\/\/www.joyeriajael.es\/en\/","logo":{"@type":"ImageObject","inLanguage":"en-US","@id":"https:\/\/www.joyeriajael.es\/en\/#\/schema\/logo\/image\/","url":"https:\/\/www.joyeriajael.es\/wp-content\/uploads\/2024\/07\/cropped-favicon-1.png","contentUrl":"https:\/\/www.joyeriajael.es\/wp-content\/uploads\/2024\/07\/cropped-favicon-1.png","width":512,"height":512,"caption":"Jael"},"image":{"@id":"https:\/\/www.joyeriajael.es\/en\/#\/schema\/logo\/image\/"}}]},"product_price_amount":"9280.00","product_price_currency":"EUR","og_availability":"out of stock","product_availability":"out of stock","product_retailer_item_id":"M79673-0005","product_condition":"new"},"df_price":9280,"df_sale_price":"","df_regular_price":9280,"df_image_link":"https:\/\/www.joyeriajael.es\/wp-content\/uploads\/2022\/09\/BLACK-BAY-39-SG-ACERO-ORO-ESF.-NEGRA.-DIAM_01-300x300.jpg","_links":{"self":[{"href":"https:\/\/www.joyeriajael.es\/en\/wp-json\/wp\/v2\/product\/53596","targetHints":{"allow":["GET"]}}],"collection":[{"href":"https:\/\/www.joyeriajael.es\/en\/wp-json\/wp\/v2\/product"}],"about":[{"href":"https:\/\/www.joyeriajael.es\/en\/wp-json\/wp\/v2\/types\/product"}],"wp:featuredmedia":[{"embeddable":true,"href":"https:\/\/www.joyeriajael.es\/en\/wp-json\/wp\/v2\/media\/53046"}],"wp:attachment":[{"href":"https:\/\/www.joyeriajael.es\/en\/wp-json\/wp\/v2\/media?parent=53596"}],"wp:term":[{"taxonomy":"product_brand","embeddable":true,"href":"https:\/\/www.joyeriajael.es\/en\/wp-json\/wp\/v2\/product_brand?post=53596"},{"taxonomy":"product_cat","embeddable":true,"href":"https:\/\/www.joyeriajael.es\/en\/wp-json\/wp\/v2\/product_cat?post=53596"},{"taxonomy":"product_tag","embeddable":true,"href":"https:\/\/www.joyeriajael.es\/en\/wp-json\/wp\/v2\/product_tag?post=53596"}],"curies":[{"name":"wp","href":"https:\/\/api.w.org\/{rel}","templated":true}]}}