{"id":53605,"date":"2022-04-28T13:17:25","date_gmt":"2022-04-28T11:17:25","guid":{"rendered":"https:\/\/www.joyeriajael.es\/?post_type=product&#038;p=53605"},"modified":"2024-05-24T10:16:51","modified_gmt":"2024-05-24T08:16:51","slug":"black-bay-gmt-sg-41-mm-cuero-esf-negra","status":"publish","type":"product","link":"https:\/\/www.joyeriajael.es\/en\/producto\/black-bay-gmt-sg-41-mm-cuero-esf-negra\/","title":{"rendered":"TUDOR WATCH BLACK BAY GMT S&amp;G 41 MM"},"content":{"rendered":"<p>The Black Bay line is the result of the subtle combination of traditional aesthetics and modern watchmaking. It brings together the more than 60 years of history of TUDOR diving watches, while remaining fully up to date. Its neovintage design is matched by manufacturing techniques and a reliability, robustness and quality of finish that meet today&#8217;s most stringent requirements.<\/p>\n<p>The Black Bay GMT is an extension of the Black Bay line with a highly functional complication: a function that displays multiple time zones, also known as the GMT function. Recognizable by its rotating bezel, whose dark blue and burgundy colors come from other models of the Black Bay line but in matte version, the Black Bay GMT is a nod to the beginnings of this watchmaking function.<\/p>\n","protected":false},"excerpt":{"rendered":"<p>The Black Bay line is the result of the subtle combination of traditional aesthetics and modern watchmaking. It&hellip;<\/p>\n","protected":false},"featured_media":53087,"template":"","meta":{"_acf_changed":false},"product_brand":[],"product_cat":[3827,729,499,730],"product_tag":[],"class_list":{"0":"post-53605","1":"product","2":"type-product","3":"status-publish","4":"has-post-thumbnail","6":"product_cat-black-bay-en","7":"product_cat-tudor-en","8":"product_cat-watches","9":"product_cat-watches-for-men","10":"pa_marca-tudor-en","12":"first","13":"outofstock","14":"taxable","15":"shipping-taxable","16":"purchasable","17":"product-type-simple"},"acf":[],"yoast_head":"<!-- This site is optimized with the Yoast SEO Premium plugin v27.4 (Yoast SEO v27.4) - https:\/\/yoast.com\/product\/yoast-seo-premium-wordpress\/ -->\n<title>Tudor Black Bay GMT S&amp;G 41mm watch - 79833MN-CUERO-003<\/title>\n<meta name=\"description\" content=\"Explore our selection of TUDOR Black Bay GMT S&amp;G watches. \u2713 We are an Official Authorised Tudor Dealer. \u2713 Official Warranty. Visit our website!\" \/>\n<meta name=\"robots\" content=\"index, follow, max-snippet:-1, max-image-preview:large, max-video-preview:-1\" \/>\n<link rel=\"canonical\" href=\"https:\/\/www.joyeriajael.es\/en\/producto\/black-bay-gmt-sg-41-mm-cuero-esf-negra\/\" \/>\n<meta property=\"og:locale\" content=\"en_US\" \/>\n<meta property=\"og:type\" content=\"article\" \/>\n<meta property=\"og:title\" content=\"TUDOR WATCH BLACK BAY GMT S&amp;G 41 MM\" \/>\n<meta property=\"og:description\" content=\"Explore our selection of TUDOR Black Bay GMT S&amp;G watches. \u2713 We are an Official Authorised Tudor Dealer. \u2713 Official Warranty. Visit our website!\" \/>\n<meta property=\"og:url\" content=\"https:\/\/www.joyeriajael.es\/en\/producto\/black-bay-gmt-sg-41-mm-cuero-esf-negra\/\" \/>\n<meta property=\"og:site_name\" content=\"Jael Joyer\u00eda\" \/>\n<meta property=\"article:modified_time\" content=\"2024-05-24T08:16:51+00:00\" \/>\n<meta property=\"og:image\" content=\"https:\/\/www.joyeriajael.es\/wp-content\/uploads\/2022\/09\/BLACK-BAY-GMT-SG-41-MM-CUERO-ESF.-NEGRA_01.jpg\" \/>\n\t<meta property=\"og:image:width\" content=\"900\" \/>\n\t<meta property=\"og:image:height\" content=\"900\" \/>\n\t<meta property=\"og:image:type\" content=\"image\/jpeg\" \/>\n<meta name=\"twitter:card\" content=\"summary_large_image\" \/>\n<meta property=\"product:price:amount\" content=\"4950.00\" \/>\n<meta property=\"product:price:currency\" content=\"EUR\" \/>\n<meta property=\"og:availability\" content=\"out of stock\" \/>\n<meta property=\"product:availability\" content=\"out of stock\" \/>\n<meta property=\"product:retailer_item_id\" content=\"M79833MN-0003\" \/>\n<meta property=\"product:condition\" content=\"new\" \/>\n<!-- \/ Yoast SEO Premium plugin. -->","yoast_head_json":{"title":"Tudor Black Bay GMT S&G 41mm watch - 79833MN-CUERO-003","description":"Explore our selection of TUDOR Black Bay GMT S&G watches. \u2713 We are an Official Authorised Tudor Dealer. \u2713 Official Warranty. Visit our website!","robots":{"index":"index","follow":"follow","max-snippet":"max-snippet:-1","max-image-preview":"max-image-preview:large","max-video-preview":"max-video-preview:-1"},"canonical":"https:\/\/www.joyeriajael.es\/en\/producto\/black-bay-gmt-sg-41-mm-cuero-esf-negra\/","og_locale":"en_US","og_type":"article","og_title":"TUDOR WATCH BLACK BAY GMT S&amp;G 41 MM","og_description":"Explore our selection of TUDOR Black Bay GMT S&G watches. \u2713 We are an Official Authorised Tudor Dealer. \u2713 Official Warranty. Visit our website!","og_url":"https:\/\/www.joyeriajael.es\/en\/producto\/black-bay-gmt-sg-41-mm-cuero-esf-negra\/","og_site_name":"Jael Joyer\u00eda","article_modified_time":"2024-05-24T08:16:51+00:00","og_image":[{"width":900,"height":900,"url":"https:\/\/www.joyeriajael.es\/wp-content\/uploads\/2022\/09\/BLACK-BAY-GMT-SG-41-MM-CUERO-ESF.-NEGRA_01.jpg","type":"image\/jpeg"}],"twitter_card":"summary_large_image","schema":{"@context":"https:\/\/schema.org","@graph":[{"@type":["WebPage","ItemPage"],"@id":"https:\/\/www.joyeriajael.es\/en\/producto\/black-bay-gmt-sg-41-mm-cuero-esf-negra\/","url":"https:\/\/www.joyeriajael.es\/en\/producto\/black-bay-gmt-sg-41-mm-cuero-esf-negra\/","name":"Tudor Black Bay GMT S&G 41mm watch - 79833MN-CUERO-003","isPartOf":{"@id":"https:\/\/www.joyeriajael.es\/en\/#website"},"primaryImageOfPage":{"@id":"https:\/\/www.joyeriajael.es\/en\/producto\/black-bay-gmt-sg-41-mm-cuero-esf-negra\/#primaryimage"},"image":{"@id":"https:\/\/www.joyeriajael.es\/en\/producto\/black-bay-gmt-sg-41-mm-cuero-esf-negra\/#primaryimage"},"thumbnailUrl":"https:\/\/www.joyeriajael.es\/wp-content\/uploads\/2022\/09\/BLACK-BAY-GMT-SG-41-MM-CUERO-ESF.-NEGRA_01.jpg","datePublished":"2022-04-28T11:17:25+00:00","dateModified":"2024-05-24T08:16:51+00:00","description":"Explore our selection of TUDOR Black Bay GMT S&G watches. \u2713 We are an Official Authorised Tudor Dealer. \u2713 Official Warranty. Visit our website!","breadcrumb":{"@id":"https:\/\/www.joyeriajael.es\/en\/producto\/black-bay-gmt-sg-41-mm-cuero-esf-negra\/#breadcrumb"},"inLanguage":"en-US","potentialAction":[{"@type":"ReadAction","target":["https:\/\/www.joyeriajael.es\/en\/producto\/black-bay-gmt-sg-41-mm-cuero-esf-negra\/"]}]},{"@type":"ImageObject","inLanguage":"en-US","@id":"https:\/\/www.joyeriajael.es\/en\/producto\/black-bay-gmt-sg-41-mm-cuero-esf-negra\/#primaryimage","url":"https:\/\/www.joyeriajael.es\/wp-content\/uploads\/2022\/09\/BLACK-BAY-GMT-SG-41-MM-CUERO-ESF.-NEGRA_01.jpg","contentUrl":"https:\/\/www.joyeriajael.es\/wp-content\/uploads\/2022\/09\/BLACK-BAY-GMT-SG-41-MM-CUERO-ESF.-NEGRA_01.jpg","width":900,"height":900,"caption":"TUDOR WATCH BLACK BAY GMT S&amp;G 41 MM"},{"@type":"BreadcrumbList","@id":"https:\/\/www.joyeriajael.es\/en\/producto\/black-bay-gmt-sg-41-mm-cuero-esf-negra\/#breadcrumb","itemListElement":[{"@type":"ListItem","position":1,"name":"Portada","item":"https:\/\/www.joyeriajael.es\/en\/"},{"@type":"ListItem","position":2,"name":"Online store","item":"https:\/\/www.joyeriajael.es\/tienda-online\/"},{"@type":"ListItem","position":3,"name":"Brands","item":"https:\/\/www.joyeriajael.es\/en\/brands\/"},{"@type":"ListItem","position":4,"name":"Tudor","item":"https:\/\/www.joyeriajael.es\/en\/brands\/tudor-en\/"},{"@type":"ListItem","position":5,"name":"TUDOR WATCH BLACK BAY GMT S&amp;G 41 MM"}]},{"@type":"WebSite","@id":"https:\/\/www.joyeriajael.es\/en\/#website","url":"https:\/\/www.joyeriajael.es\/en\/","name":"Jael Joyer\u00eda","description":"Jael Joyer\u00eda en Santiago de Compostela y A Coru\u00f1a. Primeras marcas, firmas exclusivas, \u00fanico concesionario autorizado de Rolex en la provincia de A Coru\u00f1a.","publisher":{"@id":"https:\/\/www.joyeriajael.es\/en\/#organization"},"alternateName":"Jael","potentialAction":[{"@type":"SearchAction","target":{"@type":"EntryPoint","urlTemplate":"https:\/\/www.joyeriajael.es\/en\/?s={search_term_string}"},"query-input":{"@type":"PropertyValueSpecification","valueRequired":true,"valueName":"search_term_string"}}],"inLanguage":"en-US"},{"@type":"Organization","@id":"https:\/\/www.joyeriajael.es\/en\/#organization","name":"Jael","alternateName":"Jael joyer\u00eda","url":"https:\/\/www.joyeriajael.es\/en\/","logo":{"@type":"ImageObject","inLanguage":"en-US","@id":"https:\/\/www.joyeriajael.es\/en\/#\/schema\/logo\/image\/","url":"https:\/\/www.joyeriajael.es\/wp-content\/uploads\/2024\/07\/cropped-favicon-1.png","contentUrl":"https:\/\/www.joyeriajael.es\/wp-content\/uploads\/2024\/07\/cropped-favicon-1.png","width":512,"height":512,"caption":"Jael"},"image":{"@id":"https:\/\/www.joyeriajael.es\/en\/#\/schema\/logo\/image\/"}}]},"product_price_amount":"4950.00","product_price_currency":"EUR","og_availability":"out of stock","product_availability":"out of stock","product_retailer_item_id":"M79833MN-0003","product_condition":"new"},"df_price":4950,"df_sale_price":"","df_regular_price":4950,"df_image_link":"https:\/\/www.joyeriajael.es\/wp-content\/uploads\/2022\/09\/BLACK-BAY-GMT-SG-41-MM-CUERO-ESF.-NEGRA_01-300x300.jpg","_links":{"self":[{"href":"https:\/\/www.joyeriajael.es\/en\/wp-json\/wp\/v2\/product\/53605","targetHints":{"allow":["GET"]}}],"collection":[{"href":"https:\/\/www.joyeriajael.es\/en\/wp-json\/wp\/v2\/product"}],"about":[{"href":"https:\/\/www.joyeriajael.es\/en\/wp-json\/wp\/v2\/types\/product"}],"wp:featuredmedia":[{"embeddable":true,"href":"https:\/\/www.joyeriajael.es\/en\/wp-json\/wp\/v2\/media\/53087"}],"wp:attachment":[{"href":"https:\/\/www.joyeriajael.es\/en\/wp-json\/wp\/v2\/media?parent=53605"}],"wp:term":[{"taxonomy":"product_brand","embeddable":true,"href":"https:\/\/www.joyeriajael.es\/en\/wp-json\/wp\/v2\/product_brand?post=53605"},{"taxonomy":"product_cat","embeddable":true,"href":"https:\/\/www.joyeriajael.es\/en\/wp-json\/wp\/v2\/product_cat?post=53605"},{"taxonomy":"product_tag","embeddable":true,"href":"https:\/\/www.joyeriajael.es\/en\/wp-json\/wp\/v2\/product_tag?post=53605"}],"curies":[{"name":"wp","href":"https:\/\/api.w.org\/{rel}","templated":true}]}}