{"id":53611,"date":"2022-09-23T11:41:30","date_gmt":"2022-09-23T09:41:30","guid":{"rendered":"https:\/\/www.joyeriajael.es\/?post_type=product&#038;p=53611"},"modified":"2024-05-24T10:19:05","modified_gmt":"2024-05-24T08:19:05","slug":"reloj-tudor-ranger-39mm-acero","status":"publish","type":"product","link":"https:\/\/www.joyeriajael.es\/en\/producto\/reloj-tudor-ranger-39mm-acero\/","title":{"rendered":"TUDOR WATCH RANGER 39 MM"},"content":{"rendered":"<p>The Ranger model was launched to mark the 70th anniversary of the British North Greenland Expedition. It is a tool watch that celebrates the spirit of this daring adventure, with a Manufacture Calibre MT5402, a 39-millimetre case and a quick-fit clasp. The Ranger model respects the aesthetic standards established throughout its history, especially its dial with Arabic numerals at 3, 6, 9 and 12 o&#8217;clock, while incorporating new avant-garde technical elements. The TUDOR collection continues the tradition of the expedition watch.<\/p>\n","protected":false},"excerpt":{"rendered":"<p>The Ranger model was launched to mark the 70th anniversary of the British North Greenland Expedition. It is&hellip;<\/p>\n","protected":false},"featured_media":53547,"template":"","meta":{"_acf_changed":false},"product_brand":[],"product_cat":[729,3824,730],"product_tag":[],"class_list":{"0":"post-53611","1":"product","2":"type-product","3":"status-publish","4":"has-post-thumbnail","6":"product_cat-tudor-en","7":"product_cat-ranger-en","8":"product_cat-watches-for-men","9":"pa_marca-tudor-en","11":"first","12":"instock","13":"taxable","14":"shipping-taxable","15":"purchasable","16":"product-type-simple"},"acf":[],"yoast_head":"<!-- This site is optimized with the Yoast SEO Premium plugin v27.4 (Yoast SEO v27.4) - https:\/\/yoast.com\/product\/yoast-seo-premium-wordpress\/ -->\n<title>Tudor Ranger Watch 39mm | M79950-0001 | Jael Jewellry<\/title>\n<meta name=\"description\" content=\"Explore our selection of TUDOR Ranger watches. \u2713 We are an Official Authorised Tudor Dealer. \u2713 Official Warranty. Visit our website!\" \/>\n<meta name=\"robots\" content=\"index, follow, max-snippet:-1, max-image-preview:large, max-video-preview:-1\" \/>\n<link rel=\"canonical\" href=\"https:\/\/www.joyeriajael.es\/en\/producto\/reloj-tudor-ranger-39mm-acero\/\" \/>\n<meta property=\"og:locale\" content=\"en_US\" \/>\n<meta property=\"og:type\" content=\"article\" \/>\n<meta property=\"og:title\" content=\"TUDOR WATCH RANGER 39 MM\" \/>\n<meta property=\"og:description\" content=\"Explore our selection of TUDOR Ranger watches. \u2713 We are an Official Authorised Tudor Dealer. \u2713 Official Warranty. Visit our website!\" \/>\n<meta property=\"og:url\" content=\"https:\/\/www.joyeriajael.es\/en\/producto\/reloj-tudor-ranger-39mm-acero\/\" \/>\n<meta property=\"og:site_name\" content=\"Jael Joyer\u00eda\" \/>\n<meta property=\"article:modified_time\" content=\"2024-05-24T08:19:05+00:00\" \/>\n<meta property=\"og:image\" content=\"https:\/\/www.joyeriajael.es\/wp-content\/uploads\/2022\/09\/TUDOR-RANGER-39MM-ACERO_01.jpg\" \/>\n\t<meta property=\"og:image:width\" content=\"900\" \/>\n\t<meta property=\"og:image:height\" content=\"900\" \/>\n\t<meta property=\"og:image:type\" content=\"image\/jpeg\" \/>\n<meta name=\"twitter:card\" content=\"summary_large_image\" \/>\n<meta property=\"product:price:amount\" content=\"3700.00\" \/>\n<meta property=\"product:price:currency\" content=\"EUR\" \/>\n<meta property=\"og:availability\" content=\"instock\" \/>\n<meta property=\"product:availability\" content=\"instock\" \/>\n<meta property=\"product:retailer_item_id\" content=\"M79950-0001\" \/>\n<meta property=\"product:condition\" content=\"new\" \/>\n<!-- \/ Yoast SEO Premium plugin. -->","yoast_head_json":{"title":"Tudor Ranger Watch 39mm | M79950-0001 | Jael Jewellry","description":"Explore our selection of TUDOR Ranger watches. \u2713 We are an Official Authorised Tudor Dealer. \u2713 Official Warranty. Visit our website!","robots":{"index":"index","follow":"follow","max-snippet":"max-snippet:-1","max-image-preview":"max-image-preview:large","max-video-preview":"max-video-preview:-1"},"canonical":"https:\/\/www.joyeriajael.es\/en\/producto\/reloj-tudor-ranger-39mm-acero\/","og_locale":"en_US","og_type":"article","og_title":"TUDOR WATCH RANGER 39 MM","og_description":"Explore our selection of TUDOR Ranger watches. \u2713 We are an Official Authorised Tudor Dealer. \u2713 Official Warranty. Visit our website!","og_url":"https:\/\/www.joyeriajael.es\/en\/producto\/reloj-tudor-ranger-39mm-acero\/","og_site_name":"Jael Joyer\u00eda","article_modified_time":"2024-05-24T08:19:05+00:00","og_image":[{"width":900,"height":900,"url":"https:\/\/www.joyeriajael.es\/wp-content\/uploads\/2022\/09\/TUDOR-RANGER-39MM-ACERO_01.jpg","type":"image\/jpeg"}],"twitter_card":"summary_large_image","schema":{"@context":"https:\/\/schema.org","@graph":[{"@type":["WebPage","ItemPage"],"@id":"https:\/\/www.joyeriajael.es\/en\/producto\/reloj-tudor-ranger-39mm-acero\/","url":"https:\/\/www.joyeriajael.es\/en\/producto\/reloj-tudor-ranger-39mm-acero\/","name":"Tudor Ranger Watch 39mm | M79950-0001 | Jael Jewellry","isPartOf":{"@id":"https:\/\/www.joyeriajael.es\/en\/#website"},"primaryImageOfPage":{"@id":"https:\/\/www.joyeriajael.es\/en\/producto\/reloj-tudor-ranger-39mm-acero\/#primaryimage"},"image":{"@id":"https:\/\/www.joyeriajael.es\/en\/producto\/reloj-tudor-ranger-39mm-acero\/#primaryimage"},"thumbnailUrl":"https:\/\/www.joyeriajael.es\/wp-content\/uploads\/2022\/09\/TUDOR-RANGER-39MM-ACERO_01.jpg","datePublished":"2022-09-23T09:41:30+00:00","dateModified":"2024-05-24T08:19:05+00:00","description":"Explore our selection of TUDOR Ranger watches. \u2713 We are an Official Authorised Tudor Dealer. \u2713 Official Warranty. Visit our website!","breadcrumb":{"@id":"https:\/\/www.joyeriajael.es\/en\/producto\/reloj-tudor-ranger-39mm-acero\/#breadcrumb"},"inLanguage":"en-US","potentialAction":[{"@type":"ReadAction","target":["https:\/\/www.joyeriajael.es\/en\/producto\/reloj-tudor-ranger-39mm-acero\/"]}]},{"@type":"ImageObject","inLanguage":"en-US","@id":"https:\/\/www.joyeriajael.es\/en\/producto\/reloj-tudor-ranger-39mm-acero\/#primaryimage","url":"https:\/\/www.joyeriajael.es\/wp-content\/uploads\/2022\/09\/TUDOR-RANGER-39MM-ACERO_01.jpg","contentUrl":"https:\/\/www.joyeriajael.es\/wp-content\/uploads\/2022\/09\/TUDOR-RANGER-39MM-ACERO_01.jpg","width":900,"height":900,"caption":"TUDOR WATCH RANGER 39 MM"},{"@type":"BreadcrumbList","@id":"https:\/\/www.joyeriajael.es\/en\/producto\/reloj-tudor-ranger-39mm-acero\/#breadcrumb","itemListElement":[{"@type":"ListItem","position":1,"name":"Portada","item":"https:\/\/www.joyeriajael.es\/en\/"},{"@type":"ListItem","position":2,"name":"Online store","item":"https:\/\/www.joyeriajael.es\/tienda-online\/"},{"@type":"ListItem","position":3,"name":"Brands","item":"https:\/\/www.joyeriajael.es\/en\/brands\/"},{"@type":"ListItem","position":4,"name":"Tudor","item":"https:\/\/www.joyeriajael.es\/en\/brands\/tudor-en\/"},{"@type":"ListItem","position":5,"name":"TUDOR WATCH RANGER 39 MM"}]},{"@type":"WebSite","@id":"https:\/\/www.joyeriajael.es\/en\/#website","url":"https:\/\/www.joyeriajael.es\/en\/","name":"Jael Joyer\u00eda","description":"Jael Joyer\u00eda en Santiago de Compostela y A Coru\u00f1a. Primeras marcas, firmas exclusivas, \u00fanico concesionario autorizado de Rolex en la provincia de A Coru\u00f1a.","publisher":{"@id":"https:\/\/www.joyeriajael.es\/en\/#organization"},"alternateName":"Jael","potentialAction":[{"@type":"SearchAction","target":{"@type":"EntryPoint","urlTemplate":"https:\/\/www.joyeriajael.es\/en\/?s={search_term_string}"},"query-input":{"@type":"PropertyValueSpecification","valueRequired":true,"valueName":"search_term_string"}}],"inLanguage":"en-US"},{"@type":"Organization","@id":"https:\/\/www.joyeriajael.es\/en\/#organization","name":"Jael","alternateName":"Jael joyer\u00eda","url":"https:\/\/www.joyeriajael.es\/en\/","logo":{"@type":"ImageObject","inLanguage":"en-US","@id":"https:\/\/www.joyeriajael.es\/en\/#\/schema\/logo\/image\/","url":"https:\/\/www.joyeriajael.es\/wp-content\/uploads\/2024\/07\/cropped-favicon-1.png","contentUrl":"https:\/\/www.joyeriajael.es\/wp-content\/uploads\/2024\/07\/cropped-favicon-1.png","width":512,"height":512,"caption":"Jael"},"image":{"@id":"https:\/\/www.joyeriajael.es\/en\/#\/schema\/logo\/image\/"}}]},"product_price_amount":"3700.00","product_price_currency":"EUR","og_availability":"instock","product_availability":"instock","product_retailer_item_id":"M79950-0001","product_condition":"new"},"df_price":3700,"df_sale_price":"","df_regular_price":3700,"df_image_link":"https:\/\/www.joyeriajael.es\/wp-content\/uploads\/2022\/09\/TUDOR-RANGER-39MM-ACERO_01-300x300.jpg","_links":{"self":[{"href":"https:\/\/www.joyeriajael.es\/en\/wp-json\/wp\/v2\/product\/53611","targetHints":{"allow":["GET"]}}],"collection":[{"href":"https:\/\/www.joyeriajael.es\/en\/wp-json\/wp\/v2\/product"}],"about":[{"href":"https:\/\/www.joyeriajael.es\/en\/wp-json\/wp\/v2\/types\/product"}],"wp:featuredmedia":[{"embeddable":true,"href":"https:\/\/www.joyeriajael.es\/en\/wp-json\/wp\/v2\/media\/53547"}],"wp:attachment":[{"href":"https:\/\/www.joyeriajael.es\/en\/wp-json\/wp\/v2\/media?parent=53611"}],"wp:term":[{"taxonomy":"product_brand","embeddable":true,"href":"https:\/\/www.joyeriajael.es\/en\/wp-json\/wp\/v2\/product_brand?post=53611"},{"taxonomy":"product_cat","embeddable":true,"href":"https:\/\/www.joyeriajael.es\/en\/wp-json\/wp\/v2\/product_cat?post=53611"},{"taxonomy":"product_tag","embeddable":true,"href":"https:\/\/www.joyeriajael.es\/en\/wp-json\/wp\/v2\/product_tag?post=53611"}],"curies":[{"name":"wp","href":"https:\/\/api.w.org\/{rel}","templated":true}]}}