{"id":54965,"date":"2022-11-07T12:01:35","date_gmt":"2022-11-07T11:01:35","guid":{"rendered":"https:\/\/www.joyeriajael.es\/tienda-online\/breitling-watch-superocean-heritage-b20-automatic-46-mm\/"},"modified":"2024-05-23T15:52:17","modified_gmt":"2024-05-23T13:52:17","slug":"reloj-breitling-superocean-heritage-b20-automatic-46-mm","status":"publish","type":"product","link":"https:\/\/www.joyeriajael.es\/en\/producto\/reloj-breitling-superocean-heritage-b20-automatic-46-mm\/","title":{"rendered":"BREITLING WATCH SUPEROCEAN HERITAGE B20 AUTOMATIC 46 MM"},"content":{"rendered":"<p>Inspired by the original Superocean from the 1950s, the Superocean Heritage combines iconic design features with a modern twist. Sporty and elegant, the Superocean Heritage is the true embodiment of maritime style. With its iconic triangular hands and unidirectional bezel with polished ceramic ring, the Superocean Heritage is an elegant diver&#8217;s watch.<\/p>\n","protected":false},"excerpt":{"rendered":"<p>Inspired by the original Superocean from the 1950s, the Superocean Heritage combines iconic design features with a modern&hellip;<\/p>\n","protected":false},"featured_media":54768,"template":"","meta":{"_acf_changed":false},"product_brand":[],"product_cat":[714,3790,730],"product_tag":[],"class_list":{"0":"post-54965","1":"product","2":"type-product","3":"status-publish","4":"has-post-thumbnail","6":"product_cat-breitling-en","7":"product_cat-superocean-heritage-en","8":"product_cat-watches-for-men","9":"pa_marca-breitling-en","11":"first","12":"outofstock","13":"taxable","14":"shipping-taxable","15":"purchasable","16":"product-type-simple"},"acf":[],"yoast_head":"<!-- This site is optimized with the Yoast SEO Premium plugin v27.4 (Yoast SEO v27.4) - https:\/\/yoast.com\/product\/yoast-seo-premium-wordpress\/ -->\n<title>Breitling Watch Superocean Heritage B20 Automatic 46 mm | Jael<\/title>\n<meta name=\"robots\" content=\"index, follow, max-snippet:-1, max-image-preview:large, max-video-preview:-1\" \/>\n<link rel=\"canonical\" href=\"https:\/\/www.joyeriajael.es\/en\/producto\/reloj-breitling-superocean-heritage-b20-automatic-46-mm\/\" \/>\n<meta property=\"og:locale\" content=\"en_US\" \/>\n<meta property=\"og:type\" content=\"article\" \/>\n<meta property=\"og:title\" content=\"BREITLING WATCH SUPEROCEAN HERITAGE B20 AUTOMATIC 46 MM\" \/>\n<meta property=\"og:description\" content=\"Inspired by the original Superocean from the 1950s, the Superocean Heritage combines iconic design features with a modern&hellip;\" \/>\n<meta property=\"og:url\" content=\"https:\/\/www.joyeriajael.es\/en\/producto\/reloj-breitling-superocean-heritage-b20-automatic-46-mm\/\" \/>\n<meta property=\"og:site_name\" content=\"Jael Joyer\u00eda\" \/>\n<meta property=\"article:modified_time\" content=\"2024-05-23T13:52:17+00:00\" \/>\n<meta property=\"og:image\" content=\"https:\/\/www.joyeriajael.es\/wp-content\/uploads\/2022\/11\/SUPEROCEAN-HERITAGE-B20-AUTOMATIC-46_01.jpg\" \/>\n\t<meta property=\"og:image:width\" content=\"900\" \/>\n\t<meta property=\"og:image:height\" content=\"900\" \/>\n\t<meta property=\"og:image:type\" content=\"image\/jpeg\" \/>\n<meta name=\"twitter:card\" content=\"summary_large_image\" \/>\n<meta property=\"product:price:amount\" content=\"6050.00\" \/>\n<meta property=\"product:price:currency\" content=\"EUR\" \/>\n<meta property=\"og:availability\" content=\"out of stock\" \/>\n<meta property=\"product:availability\" content=\"out of stock\" \/>\n<meta property=\"product:retailer_item_id\" content=\"AB2020161C1A1\" \/>\n<meta property=\"product:condition\" content=\"new\" \/>\n<!-- \/ Yoast SEO Premium plugin. -->","yoast_head_json":{"title":"Breitling Watch Superocean Heritage B20 Automatic 46 mm | Jael","robots":{"index":"index","follow":"follow","max-snippet":"max-snippet:-1","max-image-preview":"max-image-preview:large","max-video-preview":"max-video-preview:-1"},"canonical":"https:\/\/www.joyeriajael.es\/en\/producto\/reloj-breitling-superocean-heritage-b20-automatic-46-mm\/","og_locale":"en_US","og_type":"article","og_title":"BREITLING WATCH SUPEROCEAN HERITAGE B20 AUTOMATIC 46 MM","og_description":"Inspired by the original Superocean from the 1950s, the Superocean Heritage combines iconic design features with a modern&hellip;","og_url":"https:\/\/www.joyeriajael.es\/en\/producto\/reloj-breitling-superocean-heritage-b20-automatic-46-mm\/","og_site_name":"Jael Joyer\u00eda","article_modified_time":"2024-05-23T13:52:17+00:00","og_image":[{"width":900,"height":900,"url":"https:\/\/www.joyeriajael.es\/wp-content\/uploads\/2022\/11\/SUPEROCEAN-HERITAGE-B20-AUTOMATIC-46_01.jpg","type":"image\/jpeg"}],"twitter_card":"summary_large_image","schema":{"@context":"https:\/\/schema.org","@graph":[{"@type":["WebPage","ItemPage"],"@id":"https:\/\/www.joyeriajael.es\/en\/producto\/reloj-breitling-superocean-heritage-b20-automatic-46-mm\/","url":"https:\/\/www.joyeriajael.es\/en\/producto\/reloj-breitling-superocean-heritage-b20-automatic-46-mm\/","name":"Breitling Watch Superocean Heritage B20 Automatic 46 mm | Jael","isPartOf":{"@id":"https:\/\/www.joyeriajael.es\/en\/#website"},"primaryImageOfPage":{"@id":"https:\/\/www.joyeriajael.es\/en\/producto\/reloj-breitling-superocean-heritage-b20-automatic-46-mm\/#primaryimage"},"image":{"@id":"https:\/\/www.joyeriajael.es\/en\/producto\/reloj-breitling-superocean-heritage-b20-automatic-46-mm\/#primaryimage"},"thumbnailUrl":"https:\/\/www.joyeriajael.es\/wp-content\/uploads\/2022\/11\/SUPEROCEAN-HERITAGE-B20-AUTOMATIC-46_01.jpg","datePublished":"2022-11-07T11:01:35+00:00","dateModified":"2024-05-23T13:52:17+00:00","breadcrumb":{"@id":"https:\/\/www.joyeriajael.es\/en\/producto\/reloj-breitling-superocean-heritage-b20-automatic-46-mm\/#breadcrumb"},"inLanguage":"en-US","potentialAction":[{"@type":"ReadAction","target":["https:\/\/www.joyeriajael.es\/en\/producto\/reloj-breitling-superocean-heritage-b20-automatic-46-mm\/"]}]},{"@type":"ImageObject","inLanguage":"en-US","@id":"https:\/\/www.joyeriajael.es\/en\/producto\/reloj-breitling-superocean-heritage-b20-automatic-46-mm\/#primaryimage","url":"https:\/\/www.joyeriajael.es\/wp-content\/uploads\/2022\/11\/SUPEROCEAN-HERITAGE-B20-AUTOMATIC-46_01.jpg","contentUrl":"https:\/\/www.joyeriajael.es\/wp-content\/uploads\/2022\/11\/SUPEROCEAN-HERITAGE-B20-AUTOMATIC-46_01.jpg","width":900,"height":900,"caption":"BREITLING WATCH SUPEROCEAN HERITAGE B20 AUTOMATIC 46 MM"},{"@type":"BreadcrumbList","@id":"https:\/\/www.joyeriajael.es\/en\/producto\/reloj-breitling-superocean-heritage-b20-automatic-46-mm\/#breadcrumb","itemListElement":[{"@type":"ListItem","position":1,"name":"Portada","item":"https:\/\/www.joyeriajael.es\/en\/"},{"@type":"ListItem","position":2,"name":"Online store","item":"https:\/\/www.joyeriajael.es\/tienda-online\/"},{"@type":"ListItem","position":3,"name":"Brands","item":"https:\/\/www.joyeriajael.es\/en\/brands\/"},{"@type":"ListItem","position":4,"name":"Breitling","item":"https:\/\/www.joyeriajael.es\/en\/brands\/breitling-en\/"},{"@type":"ListItem","position":5,"name":"BREITLING WATCH SUPEROCEAN HERITAGE B20 AUTOMATIC 46 MM"}]},{"@type":"WebSite","@id":"https:\/\/www.joyeriajael.es\/en\/#website","url":"https:\/\/www.joyeriajael.es\/en\/","name":"Jael Joyer\u00eda","description":"Jael Joyer\u00eda en Santiago de Compostela y A Coru\u00f1a. Primeras marcas, firmas exclusivas, \u00fanico concesionario autorizado de Rolex en la provincia de A Coru\u00f1a.","publisher":{"@id":"https:\/\/www.joyeriajael.es\/en\/#organization"},"alternateName":"Jael","potentialAction":[{"@type":"SearchAction","target":{"@type":"EntryPoint","urlTemplate":"https:\/\/www.joyeriajael.es\/en\/?s={search_term_string}"},"query-input":{"@type":"PropertyValueSpecification","valueRequired":true,"valueName":"search_term_string"}}],"inLanguage":"en-US"},{"@type":"Organization","@id":"https:\/\/www.joyeriajael.es\/en\/#organization","name":"Jael","alternateName":"Jael joyer\u00eda","url":"https:\/\/www.joyeriajael.es\/en\/","logo":{"@type":"ImageObject","inLanguage":"en-US","@id":"https:\/\/www.joyeriajael.es\/en\/#\/schema\/logo\/image\/","url":"https:\/\/www.joyeriajael.es\/wp-content\/uploads\/2024\/07\/cropped-favicon-1.png","contentUrl":"https:\/\/www.joyeriajael.es\/wp-content\/uploads\/2024\/07\/cropped-favicon-1.png","width":512,"height":512,"caption":"Jael"},"image":{"@id":"https:\/\/www.joyeriajael.es\/en\/#\/schema\/logo\/image\/"}}]},"product_price_amount":"6050.00","product_price_currency":"EUR","og_availability":"out of stock","product_availability":"out of stock","product_retailer_item_id":"AB2020161C1A1","product_condition":"new"},"df_price":6050,"df_sale_price":"","df_regular_price":6050,"df_image_link":"https:\/\/www.joyeriajael.es\/wp-content\/uploads\/2022\/11\/SUPEROCEAN-HERITAGE-B20-AUTOMATIC-46_01-300x300.jpg","_links":{"self":[{"href":"https:\/\/www.joyeriajael.es\/en\/wp-json\/wp\/v2\/product\/54965","targetHints":{"allow":["GET"]}}],"collection":[{"href":"https:\/\/www.joyeriajael.es\/en\/wp-json\/wp\/v2\/product"}],"about":[{"href":"https:\/\/www.joyeriajael.es\/en\/wp-json\/wp\/v2\/types\/product"}],"wp:featuredmedia":[{"embeddable":true,"href":"https:\/\/www.joyeriajael.es\/en\/wp-json\/wp\/v2\/media\/54768"}],"wp:attachment":[{"href":"https:\/\/www.joyeriajael.es\/en\/wp-json\/wp\/v2\/media?parent=54965"}],"wp:term":[{"taxonomy":"product_brand","embeddable":true,"href":"https:\/\/www.joyeriajael.es\/en\/wp-json\/wp\/v2\/product_brand?post=54965"},{"taxonomy":"product_cat","embeddable":true,"href":"https:\/\/www.joyeriajael.es\/en\/wp-json\/wp\/v2\/product_cat?post=54965"},{"taxonomy":"product_tag","embeddable":true,"href":"https:\/\/www.joyeriajael.es\/en\/wp-json\/wp\/v2\/product_tag?post=54965"}],"curies":[{"name":"wp","href":"https:\/\/api.w.org\/{rel}","templated":true}]}}