{"id":54984,"date":"2022-11-07T12:01:02","date_gmt":"2022-11-07T11:01:02","guid":{"rendered":"https:\/\/www.joyeriajael.es\/tienda-online\/breitling-watch-premier-b01-chronograph-42-mm-bentley-mulliner\/"},"modified":"2024-05-23T15:49:40","modified_gmt":"2024-05-23T13:49:40","slug":"reloj-breitling-premier-b01-chronograph-42-mm-bentley-mulliner","status":"publish","type":"product","link":"https:\/\/www.joyeriajael.es\/en\/producto\/reloj-breitling-premier-b01-chronograph-42-mm-bentley-mulliner\/","title":{"rendered":"BREITLING WATCH PREMIER B01 CHRONOGRAPH 42 MM BENTLEY MULLINER"},"content":{"rendered":"<p>To celebrate the launch of the Bentley Continental GT Convertible Mulliner Edition, the Premier Bentley Mulliner chronograph is presented in a limited edition of 1,000. Bentley&#8217;s Mulliner Workshop is an extension of Mulliner, a family business founded by master coachbuilder Robert Bouverie Mulliner in London in 1870. For almost 150 years, Mulliner has been renowned for its exquisite handcrafted coaches, created to the highest standards to meet the exacting requirements of its customers.<\/p>\n","protected":false},"excerpt":{"rendered":"<p>To celebrate the launch of the Bentley Continental GT Convertible Mulliner Edition, the Premier Bentley Mulliner chronograph is&hellip;<\/p>\n","protected":false},"featured_media":54707,"template":"","meta":{"_acf_changed":false},"product_brand":[],"product_cat":[714,3787,499,730],"product_tag":[],"class_list":{"0":"post-54984","1":"product","2":"type-product","3":"status-publish","4":"has-post-thumbnail","6":"product_cat-breitling-en","7":"product_cat-premier-en","8":"product_cat-watches","9":"product_cat-watches-for-men","10":"pa_marca-breitling-en","12":"first","13":"outofstock","14":"taxable","15":"shipping-taxable","16":"purchasable","17":"product-type-simple"},"acf":[],"yoast_head":"<!-- This site is optimized with the Yoast SEO Premium plugin v27.4 (Yoast SEO v27.4) - https:\/\/yoast.com\/product\/yoast-seo-premium-wordpress\/ -->\n<title>Breitling Watch Premier B01 Chronograph 42 mm Bentley Mulliner | Jael<\/title>\n<meta name=\"description\" content=\"To celebrate the launch of the Bentley Continental GT Convertible Mulliner Edition, the Premier Bentley Mulliner chronograph is presented\" \/>\n<meta name=\"robots\" content=\"index, follow, max-snippet:-1, max-image-preview:large, max-video-preview:-1\" \/>\n<link rel=\"canonical\" href=\"https:\/\/www.joyeriajael.es\/en\/producto\/reloj-breitling-premier-b01-chronograph-42-mm-bentley-mulliner\/\" \/>\n<meta property=\"og:locale\" content=\"en_US\" \/>\n<meta property=\"og:type\" content=\"article\" \/>\n<meta property=\"og:title\" content=\"BREITLING WATCH PREMIER B01 CHRONOGRAPH 42 MM BENTLEY MULLINER\" \/>\n<meta property=\"og:description\" content=\"To celebrate the launch of the Bentley Continental GT Convertible Mulliner Edition, the Premier Bentley Mulliner chronograph is presented\" \/>\n<meta property=\"og:url\" content=\"https:\/\/www.joyeriajael.es\/en\/producto\/reloj-breitling-premier-b01-chronograph-42-mm-bentley-mulliner\/\" \/>\n<meta property=\"og:site_name\" content=\"Jael Joyer\u00eda\" \/>\n<meta property=\"article:modified_time\" content=\"2024-05-23T13:49:40+00:00\" \/>\n<meta property=\"og:image\" content=\"https:\/\/www.joyeriajael.es\/wp-content\/uploads\/2022\/11\/PREMIER-B01-CHRONOGRAPH-42-BENTLEY-MULLINER_01.jpg\" \/>\n\t<meta property=\"og:image:width\" content=\"900\" \/>\n\t<meta property=\"og:image:height\" content=\"900\" \/>\n\t<meta property=\"og:image:type\" content=\"image\/jpeg\" \/>\n<meta name=\"twitter:card\" content=\"summary_large_image\" \/>\n<meta property=\"product:price:amount\" content=\"8450.00\" \/>\n<meta property=\"product:price:currency\" content=\"EUR\" \/>\n<meta property=\"og:availability\" content=\"out of stock\" \/>\n<meta property=\"product:availability\" content=\"out of stock\" \/>\n<meta property=\"product:retailer_item_id\" content=\"AB0118A71G1P1\" \/>\n<meta property=\"product:condition\" content=\"new\" \/>\n<!-- \/ Yoast SEO Premium plugin. -->","yoast_head_json":{"title":"Breitling Watch Premier B01 Chronograph 42 mm Bentley Mulliner | Jael","description":"To celebrate the launch of the Bentley Continental GT Convertible Mulliner Edition, the Premier Bentley Mulliner chronograph is presented","robots":{"index":"index","follow":"follow","max-snippet":"max-snippet:-1","max-image-preview":"max-image-preview:large","max-video-preview":"max-video-preview:-1"},"canonical":"https:\/\/www.joyeriajael.es\/en\/producto\/reloj-breitling-premier-b01-chronograph-42-mm-bentley-mulliner\/","og_locale":"en_US","og_type":"article","og_title":"BREITLING WATCH PREMIER B01 CHRONOGRAPH 42 MM BENTLEY MULLINER","og_description":"To celebrate the launch of the Bentley Continental GT Convertible Mulliner Edition, the Premier Bentley Mulliner chronograph is presented","og_url":"https:\/\/www.joyeriajael.es\/en\/producto\/reloj-breitling-premier-b01-chronograph-42-mm-bentley-mulliner\/","og_site_name":"Jael Joyer\u00eda","article_modified_time":"2024-05-23T13:49:40+00:00","og_image":[{"width":900,"height":900,"url":"https:\/\/www.joyeriajael.es\/wp-content\/uploads\/2022\/11\/PREMIER-B01-CHRONOGRAPH-42-BENTLEY-MULLINER_01.jpg","type":"image\/jpeg"}],"twitter_card":"summary_large_image","schema":{"@context":"https:\/\/schema.org","@graph":[{"@type":["WebPage","ItemPage"],"@id":"https:\/\/www.joyeriajael.es\/en\/producto\/reloj-breitling-premier-b01-chronograph-42-mm-bentley-mulliner\/","url":"https:\/\/www.joyeriajael.es\/en\/producto\/reloj-breitling-premier-b01-chronograph-42-mm-bentley-mulliner\/","name":"Breitling Watch Premier B01 Chronograph 42 mm Bentley Mulliner | Jael","isPartOf":{"@id":"https:\/\/www.joyeriajael.es\/en\/#website"},"primaryImageOfPage":{"@id":"https:\/\/www.joyeriajael.es\/en\/producto\/reloj-breitling-premier-b01-chronograph-42-mm-bentley-mulliner\/#primaryimage"},"image":{"@id":"https:\/\/www.joyeriajael.es\/en\/producto\/reloj-breitling-premier-b01-chronograph-42-mm-bentley-mulliner\/#primaryimage"},"thumbnailUrl":"https:\/\/www.joyeriajael.es\/wp-content\/uploads\/2022\/11\/PREMIER-B01-CHRONOGRAPH-42-BENTLEY-MULLINER_01.jpg","datePublished":"2022-11-07T11:01:02+00:00","dateModified":"2024-05-23T13:49:40+00:00","description":"To celebrate the launch of the Bentley Continental GT Convertible Mulliner Edition, the Premier Bentley Mulliner chronograph is presented","breadcrumb":{"@id":"https:\/\/www.joyeriajael.es\/en\/producto\/reloj-breitling-premier-b01-chronograph-42-mm-bentley-mulliner\/#breadcrumb"},"inLanguage":"en-US","potentialAction":[{"@type":"ReadAction","target":["https:\/\/www.joyeriajael.es\/en\/producto\/reloj-breitling-premier-b01-chronograph-42-mm-bentley-mulliner\/"]}]},{"@type":"ImageObject","inLanguage":"en-US","@id":"https:\/\/www.joyeriajael.es\/en\/producto\/reloj-breitling-premier-b01-chronograph-42-mm-bentley-mulliner\/#primaryimage","url":"https:\/\/www.joyeriajael.es\/wp-content\/uploads\/2022\/11\/PREMIER-B01-CHRONOGRAPH-42-BENTLEY-MULLINER_01.jpg","contentUrl":"https:\/\/www.joyeriajael.es\/wp-content\/uploads\/2022\/11\/PREMIER-B01-CHRONOGRAPH-42-BENTLEY-MULLINER_01.jpg","width":900,"height":900,"caption":"BREITLING WATCH PREMIER B01 CHRONOGRAPH 42 MM BENTLEY MULLINER"},{"@type":"BreadcrumbList","@id":"https:\/\/www.joyeriajael.es\/en\/producto\/reloj-breitling-premier-b01-chronograph-42-mm-bentley-mulliner\/#breadcrumb","itemListElement":[{"@type":"ListItem","position":1,"name":"Portada","item":"https:\/\/www.joyeriajael.es\/en\/"},{"@type":"ListItem","position":2,"name":"Online store","item":"https:\/\/www.joyeriajael.es\/tienda-online\/"},{"@type":"ListItem","position":3,"name":"Brands","item":"https:\/\/www.joyeriajael.es\/en\/brands\/"},{"@type":"ListItem","position":4,"name":"Breitling","item":"https:\/\/www.joyeriajael.es\/en\/brands\/breitling-en\/"},{"@type":"ListItem","position":5,"name":"BREITLING WATCH PREMIER B01 CHRONOGRAPH 42 MM BENTLEY MULLINER"}]},{"@type":"WebSite","@id":"https:\/\/www.joyeriajael.es\/en\/#website","url":"https:\/\/www.joyeriajael.es\/en\/","name":"Jael Joyer\u00eda","description":"Jael Joyer\u00eda en Santiago de Compostela y A Coru\u00f1a. Primeras marcas, firmas exclusivas, \u00fanico concesionario autorizado de Rolex en la provincia de A Coru\u00f1a.","publisher":{"@id":"https:\/\/www.joyeriajael.es\/en\/#organization"},"alternateName":"Jael","potentialAction":[{"@type":"SearchAction","target":{"@type":"EntryPoint","urlTemplate":"https:\/\/www.joyeriajael.es\/en\/?s={search_term_string}"},"query-input":{"@type":"PropertyValueSpecification","valueRequired":true,"valueName":"search_term_string"}}],"inLanguage":"en-US"},{"@type":"Organization","@id":"https:\/\/www.joyeriajael.es\/en\/#organization","name":"Jael","alternateName":"Jael joyer\u00eda","url":"https:\/\/www.joyeriajael.es\/en\/","logo":{"@type":"ImageObject","inLanguage":"en-US","@id":"https:\/\/www.joyeriajael.es\/en\/#\/schema\/logo\/image\/","url":"https:\/\/www.joyeriajael.es\/wp-content\/uploads\/2024\/07\/cropped-favicon-1.png","contentUrl":"https:\/\/www.joyeriajael.es\/wp-content\/uploads\/2024\/07\/cropped-favicon-1.png","width":512,"height":512,"caption":"Jael"},"image":{"@id":"https:\/\/www.joyeriajael.es\/en\/#\/schema\/logo\/image\/"}}]},"product_price_amount":"8450.00","product_price_currency":"EUR","og_availability":"out of stock","product_availability":"out of stock","product_retailer_item_id":"AB0118A71G1P1","product_condition":"new"},"df_price":8450,"df_sale_price":"","df_regular_price":8450,"df_image_link":"https:\/\/www.joyeriajael.es\/wp-content\/uploads\/2022\/11\/PREMIER-B01-CHRONOGRAPH-42-BENTLEY-MULLINER_01-300x300.jpg","_links":{"self":[{"href":"https:\/\/www.joyeriajael.es\/en\/wp-json\/wp\/v2\/product\/54984","targetHints":{"allow":["GET"]}}],"collection":[{"href":"https:\/\/www.joyeriajael.es\/en\/wp-json\/wp\/v2\/product"}],"about":[{"href":"https:\/\/www.joyeriajael.es\/en\/wp-json\/wp\/v2\/types\/product"}],"wp:featuredmedia":[{"embeddable":true,"href":"https:\/\/www.joyeriajael.es\/en\/wp-json\/wp\/v2\/media\/54707"}],"wp:attachment":[{"href":"https:\/\/www.joyeriajael.es\/en\/wp-json\/wp\/v2\/media?parent=54984"}],"wp:term":[{"taxonomy":"product_brand","embeddable":true,"href":"https:\/\/www.joyeriajael.es\/en\/wp-json\/wp\/v2\/product_brand?post=54984"},{"taxonomy":"product_cat","embeddable":true,"href":"https:\/\/www.joyeriajael.es\/en\/wp-json\/wp\/v2\/product_cat?post=54984"},{"taxonomy":"product_tag","embeddable":true,"href":"https:\/\/www.joyeriajael.es\/en\/wp-json\/wp\/v2\/product_tag?post=54984"}],"curies":[{"name":"wp","href":"https:\/\/api.w.org\/{rel}","templated":true}]}}