{"id":55036,"date":"2022-10-26T12:00:48","date_gmt":"2022-10-26T10:00:48","guid":{"rendered":"https:\/\/www.joyeriajael.es\/tienda-online\/tag-heuer-watch-connected-golf-e4-45-mm\/"},"modified":"2024-02-12T12:55:02","modified_gmt":"2024-02-12T11:55:02","slug":"tag-heuer-connected-golf-45mm-titanio-dlc-arenado-caucho-cal-e4-ceramico","status":"publish","type":"product","link":"https:\/\/www.joyeriajael.es\/en\/producto\/tag-heuer-connected-golf-45mm-titanio-dlc-arenado-caucho-cal-e4-ceramico\/","title":{"rendered":"TAG HEUER WATCH CONNECTED GOLF E4 45 MM"},"content":{"rendered":"<p>Introducing the most sophisticated TAG Heuer Connected Golf, tailored to help you achieve your best performance on the golf course. The TAG Heuer Connected Golf Edition delivers superior technology on every shot, an exclusive collector&#8217;s set for discerning golfers.<\/p>\n","protected":false},"excerpt":{"rendered":"<p>Introducing the most sophisticated TAG Heuer Connected Golf, tailored to help you achieve your best performance on the&hellip;<\/p>\n","protected":false},"featured_media":54219,"template":"","meta":{"_acf_changed":false},"product_brand":[],"product_cat":[2483,3817,730],"product_tag":[],"class_list":{"0":"post-55036","1":"product","2":"type-product","3":"status-publish","4":"has-post-thumbnail","6":"product_cat-tag-heuer-en","7":"product_cat-connected-en","8":"product_cat-watches-for-men","9":"pa_marca-tag-heuer-en","11":"first","12":"outofstock","13":"taxable","14":"shipping-taxable","15":"purchasable","16":"product-type-simple"},"acf":[],"yoast_head":"<!-- This site is optimized with the Yoast SEO Premium plugin v27.4 (Yoast SEO v27.4) - https:\/\/yoast.com\/product\/yoast-seo-premium-wordpress\/ -->\n<title>TAG HEUER WATCH CONNECTED GOLF E4 45 MM<\/title>\n<meta name=\"robots\" content=\"index, follow, max-snippet:-1, max-image-preview:large, max-video-preview:-1\" \/>\n<link rel=\"canonical\" href=\"https:\/\/www.joyeriajael.es\/en\/producto\/tag-heuer-connected-golf-45mm-titanio-dlc-arenado-caucho-cal-e4-ceramico\/\" \/>\n<meta property=\"og:locale\" content=\"en_US\" \/>\n<meta property=\"og:type\" content=\"article\" \/>\n<meta property=\"og:title\" content=\"TAG HEUER WATCH CONNECTED GOLF E4 45 MM\" \/>\n<meta property=\"og:description\" content=\"Introducing the most sophisticated TAG Heuer Connected Golf, tailored to help you achieve your best performance on the&hellip;\" \/>\n<meta property=\"og:url\" content=\"https:\/\/www.joyeriajael.es\/en\/producto\/tag-heuer-connected-golf-45mm-titanio-dlc-arenado-caucho-cal-e4-ceramico\/\" \/>\n<meta property=\"og:site_name\" content=\"Jael Joyer\u00eda\" \/>\n<meta property=\"article:modified_time\" content=\"2024-02-12T11:55:02+00:00\" \/>\n<meta property=\"og:image\" content=\"https:\/\/www.joyeriajael.es\/wp-content\/uploads\/2022\/11\/TAG-HEUER-CONNECTED-GOLF_01.jpg\" \/>\n\t<meta property=\"og:image:width\" content=\"900\" \/>\n\t<meta property=\"og:image:height\" content=\"900\" \/>\n\t<meta property=\"og:image:type\" content=\"image\/jpeg\" \/>\n<meta name=\"twitter:card\" content=\"summary_large_image\" \/>\n<meta property=\"product:price:amount\" content=\"2500.00\" \/>\n<meta property=\"product:price:currency\" content=\"EUR\" \/>\n<meta property=\"og:availability\" content=\"out of stock\" \/>\n<meta property=\"product:availability\" content=\"out of stock\" \/>\n<meta property=\"product:retailer_item_id\" content=\"SBR8A81.EB0251\" \/>\n<meta property=\"product:condition\" content=\"new\" \/>\n<!-- \/ Yoast SEO Premium plugin. -->","yoast_head_json":{"title":"TAG HEUER WATCH CONNECTED GOLF E4 45 MM","robots":{"index":"index","follow":"follow","max-snippet":"max-snippet:-1","max-image-preview":"max-image-preview:large","max-video-preview":"max-video-preview:-1"},"canonical":"https:\/\/www.joyeriajael.es\/en\/producto\/tag-heuer-connected-golf-45mm-titanio-dlc-arenado-caucho-cal-e4-ceramico\/","og_locale":"en_US","og_type":"article","og_title":"TAG HEUER WATCH CONNECTED GOLF E4 45 MM","og_description":"Introducing the most sophisticated TAG Heuer Connected Golf, tailored to help you achieve your best performance on the&hellip;","og_url":"https:\/\/www.joyeriajael.es\/en\/producto\/tag-heuer-connected-golf-45mm-titanio-dlc-arenado-caucho-cal-e4-ceramico\/","og_site_name":"Jael Joyer\u00eda","article_modified_time":"2024-02-12T11:55:02+00:00","og_image":[{"width":900,"height":900,"url":"https:\/\/www.joyeriajael.es\/wp-content\/uploads\/2022\/11\/TAG-HEUER-CONNECTED-GOLF_01.jpg","type":"image\/jpeg"}],"twitter_card":"summary_large_image","schema":{"@context":"https:\/\/schema.org","@graph":[{"@type":["WebPage","ItemPage"],"@id":"https:\/\/www.joyeriajael.es\/en\/producto\/tag-heuer-connected-golf-45mm-titanio-dlc-arenado-caucho-cal-e4-ceramico\/","url":"https:\/\/www.joyeriajael.es\/en\/producto\/tag-heuer-connected-golf-45mm-titanio-dlc-arenado-caucho-cal-e4-ceramico\/","name":"TAG HEUER WATCH CONNECTED GOLF E4 45 MM","isPartOf":{"@id":"https:\/\/www.joyeriajael.es\/en\/#website"},"primaryImageOfPage":{"@id":"https:\/\/www.joyeriajael.es\/en\/producto\/tag-heuer-connected-golf-45mm-titanio-dlc-arenado-caucho-cal-e4-ceramico\/#primaryimage"},"image":{"@id":"https:\/\/www.joyeriajael.es\/en\/producto\/tag-heuer-connected-golf-45mm-titanio-dlc-arenado-caucho-cal-e4-ceramico\/#primaryimage"},"thumbnailUrl":"https:\/\/www.joyeriajael.es\/wp-content\/uploads\/2022\/11\/TAG-HEUER-CONNECTED-GOLF_01.jpg","datePublished":"2022-10-26T10:00:48+00:00","dateModified":"2024-02-12T11:55:02+00:00","breadcrumb":{"@id":"https:\/\/www.joyeriajael.es\/en\/producto\/tag-heuer-connected-golf-45mm-titanio-dlc-arenado-caucho-cal-e4-ceramico\/#breadcrumb"},"inLanguage":"en-US","potentialAction":[{"@type":"ReadAction","target":["https:\/\/www.joyeriajael.es\/en\/producto\/tag-heuer-connected-golf-45mm-titanio-dlc-arenado-caucho-cal-e4-ceramico\/"]}]},{"@type":"ImageObject","inLanguage":"en-US","@id":"https:\/\/www.joyeriajael.es\/en\/producto\/tag-heuer-connected-golf-45mm-titanio-dlc-arenado-caucho-cal-e4-ceramico\/#primaryimage","url":"https:\/\/www.joyeriajael.es\/wp-content\/uploads\/2022\/11\/TAG-HEUER-CONNECTED-GOLF_01.jpg","contentUrl":"https:\/\/www.joyeriajael.es\/wp-content\/uploads\/2022\/11\/TAG-HEUER-CONNECTED-GOLF_01.jpg","width":900,"height":900,"caption":"TAG HEUER WATCH CONNECTED GOLF E4 45 MM"},{"@type":"BreadcrumbList","@id":"https:\/\/www.joyeriajael.es\/en\/producto\/tag-heuer-connected-golf-45mm-titanio-dlc-arenado-caucho-cal-e4-ceramico\/#breadcrumb","itemListElement":[{"@type":"ListItem","position":1,"name":"Portada","item":"https:\/\/www.joyeriajael.es\/en\/"},{"@type":"ListItem","position":2,"name":"Online store","item":"https:\/\/www.joyeriajael.es\/tienda-online\/"},{"@type":"ListItem","position":3,"name":"Brands","item":"https:\/\/www.joyeriajael.es\/en\/brands\/"},{"@type":"ListItem","position":4,"name":"TAG Heuer","item":"https:\/\/www.joyeriajael.es\/en\/brands\/tag-heuer-en\/"},{"@type":"ListItem","position":5,"name":"TAG HEUER WATCH CONNECTED GOLF E4 45 MM"}]},{"@type":"WebSite","@id":"https:\/\/www.joyeriajael.es\/en\/#website","url":"https:\/\/www.joyeriajael.es\/en\/","name":"Jael Joyer\u00eda","description":"Jael Joyer\u00eda en Santiago de Compostela y A Coru\u00f1a. Primeras marcas, firmas exclusivas, \u00fanico concesionario autorizado de Rolex en la provincia de A Coru\u00f1a.","publisher":{"@id":"https:\/\/www.joyeriajael.es\/en\/#organization"},"alternateName":"Jael","potentialAction":[{"@type":"SearchAction","target":{"@type":"EntryPoint","urlTemplate":"https:\/\/www.joyeriajael.es\/en\/?s={search_term_string}"},"query-input":{"@type":"PropertyValueSpecification","valueRequired":true,"valueName":"search_term_string"}}],"inLanguage":"en-US"},{"@type":"Organization","@id":"https:\/\/www.joyeriajael.es\/en\/#organization","name":"Jael","alternateName":"Jael joyer\u00eda","url":"https:\/\/www.joyeriajael.es\/en\/","logo":{"@type":"ImageObject","inLanguage":"en-US","@id":"https:\/\/www.joyeriajael.es\/en\/#\/schema\/logo\/image\/","url":"https:\/\/www.joyeriajael.es\/wp-content\/uploads\/2024\/07\/cropped-favicon-1.png","contentUrl":"https:\/\/www.joyeriajael.es\/wp-content\/uploads\/2024\/07\/cropped-favicon-1.png","width":512,"height":512,"caption":"Jael"},"image":{"@id":"https:\/\/www.joyeriajael.es\/en\/#\/schema\/logo\/image\/"}}]},"product_price_amount":"2500.00","product_price_currency":"EUR","og_availability":"out of stock","product_availability":"out of stock","product_retailer_item_id":"SBR8A81.EB0251","product_condition":"new"},"df_price":2500,"df_sale_price":"","df_regular_price":2500,"df_image_link":"https:\/\/www.joyeriajael.es\/wp-content\/uploads\/2022\/11\/TAG-HEUER-CONNECTED-GOLF_01-300x300.jpg","_links":{"self":[{"href":"https:\/\/www.joyeriajael.es\/en\/wp-json\/wp\/v2\/product\/55036","targetHints":{"allow":["GET"]}}],"collection":[{"href":"https:\/\/www.joyeriajael.es\/en\/wp-json\/wp\/v2\/product"}],"about":[{"href":"https:\/\/www.joyeriajael.es\/en\/wp-json\/wp\/v2\/types\/product"}],"wp:featuredmedia":[{"embeddable":true,"href":"https:\/\/www.joyeriajael.es\/en\/wp-json\/wp\/v2\/media\/54219"}],"wp:attachment":[{"href":"https:\/\/www.joyeriajael.es\/en\/wp-json\/wp\/v2\/media?parent=55036"}],"wp:term":[{"taxonomy":"product_brand","embeddable":true,"href":"https:\/\/www.joyeriajael.es\/en\/wp-json\/wp\/v2\/product_brand?post=55036"},{"taxonomy":"product_cat","embeddable":true,"href":"https:\/\/www.joyeriajael.es\/en\/wp-json\/wp\/v2\/product_cat?post=55036"},{"taxonomy":"product_tag","embeddable":true,"href":"https:\/\/www.joyeriajael.es\/en\/wp-json\/wp\/v2\/product_tag?post=55036"}],"curies":[{"name":"wp","href":"https:\/\/api.w.org\/{rel}","templated":true}]}}