{"id":55042,"date":"2022-10-26T11:47:15","date_gmt":"2022-10-26T09:47:15","guid":{"rendered":"https:\/\/www.joyeriajael.es\/tienda-online\/tag-heuer-watch-carrera-44-mm\/"},"modified":"2024-05-24T09:40:49","modified_gmt":"2024-05-24T07:40:49","slug":"carrera-crono-44-mmacerocuacho-bisel-ceramico","status":"publish","type":"product","link":"https:\/\/www.joyeriajael.es\/en\/producto\/carrera-crono-44-mmacerocuacho-bisel-ceramico\/","title":{"rendered":"TAG HEUER WATCH CARRERA 44 MM"},"content":{"rendered":"<p>As bold as ever, the rugged TAG Heuer Carrera is taken to the next level with new details on this proudly updated chronograph. An improved dial and case elements demonstrate the boldness and conviction of this magnificent classic.<\/p>\n","protected":false},"excerpt":{"rendered":"<p>As bold as ever, the rugged TAG Heuer Carrera is taken to the next level with new details&hellip;<\/p>\n","protected":false},"featured_media":54192,"template":"","meta":{"_acf_changed":false},"product_brand":[],"product_cat":[2483,3816,730],"product_tag":[],"class_list":{"0":"post-55042","1":"product","2":"type-product","3":"status-publish","4":"has-post-thumbnail","6":"product_cat-tag-heuer-en","7":"product_cat-carrera-en","8":"product_cat-watches-for-men","9":"pa_marca-tag-heuer-en","11":"first","12":"outofstock","13":"taxable","14":"shipping-taxable","15":"purchasable","16":"product-type-simple"},"acf":[],"yoast_head":"<!-- This site is optimized with the Yoast SEO Premium plugin v27.4 (Yoast SEO v27.4) - https:\/\/yoast.com\/product\/yoast-seo-premium-wordpress\/ -->\n<title>TAG HEUER WATCH CARRERA 44 MM<\/title>\n<meta name=\"description\" content=\"As bold as ever, the rugged TAG Heuer Carrera is taken to the next level with new details on this proudly updated chronograph.\" \/>\n<meta name=\"robots\" content=\"index, follow, max-snippet:-1, max-image-preview:large, max-video-preview:-1\" \/>\n<link rel=\"canonical\" href=\"https:\/\/www.joyeriajael.es\/en\/producto\/carrera-crono-44-mmacerocuacho-bisel-ceramico\/\" \/>\n<meta property=\"og:locale\" content=\"en_US\" \/>\n<meta property=\"og:type\" content=\"article\" \/>\n<meta property=\"og:title\" content=\"TAG HEUER WATCH CARRERA 44 MM\" \/>\n<meta property=\"og:description\" content=\"As bold as ever, the rugged TAG Heuer Carrera is taken to the next level with new details on this proudly updated chronograph.\" \/>\n<meta property=\"og:url\" content=\"https:\/\/www.joyeriajael.es\/en\/producto\/carrera-crono-44-mmacerocuacho-bisel-ceramico\/\" \/>\n<meta property=\"og:site_name\" content=\"Jael Joyer\u00eda\" \/>\n<meta property=\"article:modified_time\" content=\"2024-05-24T07:40:49+00:00\" \/>\n<meta property=\"og:image\" content=\"https:\/\/www.joyeriajael.es\/wp-content\/uploads\/2022\/11\/TAG-HEUER-CARRERA_01-2.jpg\" \/>\n\t<meta property=\"og:image:width\" content=\"900\" \/>\n\t<meta property=\"og:image:height\" content=\"900\" \/>\n\t<meta property=\"og:image:type\" content=\"image\/jpeg\" \/>\n<meta name=\"twitter:card\" content=\"summary_large_image\" \/>\n<meta property=\"product:price:amount\" content=\"4850.00\" \/>\n<meta property=\"product:price:currency\" content=\"EUR\" \/>\n<meta property=\"og:availability\" content=\"out of stock\" \/>\n<meta property=\"product:availability\" content=\"out of stock\" \/>\n<meta property=\"product:retailer_item_id\" content=\"CBN2A1AA.FT6228\" \/>\n<meta property=\"product:condition\" content=\"new\" \/>\n<!-- \/ Yoast SEO Premium plugin. -->","yoast_head_json":{"title":"TAG HEUER WATCH CARRERA 44 MM","description":"As bold as ever, the rugged TAG Heuer Carrera is taken to the next level with new details on this proudly updated chronograph.","robots":{"index":"index","follow":"follow","max-snippet":"max-snippet:-1","max-image-preview":"max-image-preview:large","max-video-preview":"max-video-preview:-1"},"canonical":"https:\/\/www.joyeriajael.es\/en\/producto\/carrera-crono-44-mmacerocuacho-bisel-ceramico\/","og_locale":"en_US","og_type":"article","og_title":"TAG HEUER WATCH CARRERA 44 MM","og_description":"As bold as ever, the rugged TAG Heuer Carrera is taken to the next level with new details on this proudly updated chronograph.","og_url":"https:\/\/www.joyeriajael.es\/en\/producto\/carrera-crono-44-mmacerocuacho-bisel-ceramico\/","og_site_name":"Jael Joyer\u00eda","article_modified_time":"2024-05-24T07:40:49+00:00","og_image":[{"width":900,"height":900,"url":"https:\/\/www.joyeriajael.es\/wp-content\/uploads\/2022\/11\/TAG-HEUER-CARRERA_01-2.jpg","type":"image\/jpeg"}],"twitter_card":"summary_large_image","schema":{"@context":"https:\/\/schema.org","@graph":[{"@type":["WebPage","ItemPage"],"@id":"https:\/\/www.joyeriajael.es\/en\/producto\/carrera-crono-44-mmacerocuacho-bisel-ceramico\/","url":"https:\/\/www.joyeriajael.es\/en\/producto\/carrera-crono-44-mmacerocuacho-bisel-ceramico\/","name":"TAG HEUER WATCH CARRERA 44 MM","isPartOf":{"@id":"https:\/\/www.joyeriajael.es\/en\/#website"},"primaryImageOfPage":{"@id":"https:\/\/www.joyeriajael.es\/en\/producto\/carrera-crono-44-mmacerocuacho-bisel-ceramico\/#primaryimage"},"image":{"@id":"https:\/\/www.joyeriajael.es\/en\/producto\/carrera-crono-44-mmacerocuacho-bisel-ceramico\/#primaryimage"},"thumbnailUrl":"https:\/\/www.joyeriajael.es\/wp-content\/uploads\/2022\/11\/TAG-HEUER-CARRERA_01-2.jpg","datePublished":"2022-10-26T09:47:15+00:00","dateModified":"2024-05-24T07:40:49+00:00","description":"As bold as ever, the rugged TAG Heuer Carrera is taken to the next level with new details on this proudly updated chronograph.","breadcrumb":{"@id":"https:\/\/www.joyeriajael.es\/en\/producto\/carrera-crono-44-mmacerocuacho-bisel-ceramico\/#breadcrumb"},"inLanguage":"en-US","potentialAction":[{"@type":"ReadAction","target":["https:\/\/www.joyeriajael.es\/en\/producto\/carrera-crono-44-mmacerocuacho-bisel-ceramico\/"]}]},{"@type":"ImageObject","inLanguage":"en-US","@id":"https:\/\/www.joyeriajael.es\/en\/producto\/carrera-crono-44-mmacerocuacho-bisel-ceramico\/#primaryimage","url":"https:\/\/www.joyeriajael.es\/wp-content\/uploads\/2022\/11\/TAG-HEUER-CARRERA_01-2.jpg","contentUrl":"https:\/\/www.joyeriajael.es\/wp-content\/uploads\/2022\/11\/TAG-HEUER-CARRERA_01-2.jpg","width":900,"height":900,"caption":"TAG HEUER WATCH CARRERA 44 MM"},{"@type":"BreadcrumbList","@id":"https:\/\/www.joyeriajael.es\/en\/producto\/carrera-crono-44-mmacerocuacho-bisel-ceramico\/#breadcrumb","itemListElement":[{"@type":"ListItem","position":1,"name":"Portada","item":"https:\/\/www.joyeriajael.es\/en\/"},{"@type":"ListItem","position":2,"name":"Online store","item":"https:\/\/www.joyeriajael.es\/tienda-online\/"},{"@type":"ListItem","position":3,"name":"Brands","item":"https:\/\/www.joyeriajael.es\/en\/brands\/"},{"@type":"ListItem","position":4,"name":"TAG Heuer","item":"https:\/\/www.joyeriajael.es\/en\/brands\/tag-heuer-en\/"},{"@type":"ListItem","position":5,"name":"TAG HEUER WATCH CARRERA 44 MM"}]},{"@type":"WebSite","@id":"https:\/\/www.joyeriajael.es\/en\/#website","url":"https:\/\/www.joyeriajael.es\/en\/","name":"Jael Joyer\u00eda","description":"Jael Joyer\u00eda en Santiago de Compostela y A Coru\u00f1a. Primeras marcas, firmas exclusivas, \u00fanico concesionario autorizado de Rolex en la provincia de A Coru\u00f1a.","publisher":{"@id":"https:\/\/www.joyeriajael.es\/en\/#organization"},"alternateName":"Jael","potentialAction":[{"@type":"SearchAction","target":{"@type":"EntryPoint","urlTemplate":"https:\/\/www.joyeriajael.es\/en\/?s={search_term_string}"},"query-input":{"@type":"PropertyValueSpecification","valueRequired":true,"valueName":"search_term_string"}}],"inLanguage":"en-US"},{"@type":"Organization","@id":"https:\/\/www.joyeriajael.es\/en\/#organization","name":"Jael","alternateName":"Jael joyer\u00eda","url":"https:\/\/www.joyeriajael.es\/en\/","logo":{"@type":"ImageObject","inLanguage":"en-US","@id":"https:\/\/www.joyeriajael.es\/en\/#\/schema\/logo\/image\/","url":"https:\/\/www.joyeriajael.es\/wp-content\/uploads\/2024\/07\/cropped-favicon-1.png","contentUrl":"https:\/\/www.joyeriajael.es\/wp-content\/uploads\/2024\/07\/cropped-favicon-1.png","width":512,"height":512,"caption":"Jael"},"image":{"@id":"https:\/\/www.joyeriajael.es\/en\/#\/schema\/logo\/image\/"}}]},"product_price_amount":"4850.00","product_price_currency":"EUR","og_availability":"out of stock","product_availability":"out of stock","product_retailer_item_id":"CBN2A1AA.FT6228","product_condition":"new"},"df_price":4850,"df_sale_price":"","df_regular_price":4850,"df_image_link":"https:\/\/www.joyeriajael.es\/wp-content\/uploads\/2022\/11\/TAG-HEUER-CARRERA_01-2-300x300.jpg","_links":{"self":[{"href":"https:\/\/www.joyeriajael.es\/en\/wp-json\/wp\/v2\/product\/55042","targetHints":{"allow":["GET"]}}],"collection":[{"href":"https:\/\/www.joyeriajael.es\/en\/wp-json\/wp\/v2\/product"}],"about":[{"href":"https:\/\/www.joyeriajael.es\/en\/wp-json\/wp\/v2\/types\/product"}],"wp:featuredmedia":[{"embeddable":true,"href":"https:\/\/www.joyeriajael.es\/en\/wp-json\/wp\/v2\/media\/54192"}],"wp:attachment":[{"href":"https:\/\/www.joyeriajael.es\/en\/wp-json\/wp\/v2\/media?parent=55042"}],"wp:term":[{"taxonomy":"product_brand","embeddable":true,"href":"https:\/\/www.joyeriajael.es\/en\/wp-json\/wp\/v2\/product_brand?post=55042"},{"taxonomy":"product_cat","embeddable":true,"href":"https:\/\/www.joyeriajael.es\/en\/wp-json\/wp\/v2\/product_cat?post=55042"},{"taxonomy":"product_tag","embeddable":true,"href":"https:\/\/www.joyeriajael.es\/en\/wp-json\/wp\/v2\/product_tag?post=55042"}],"curies":[{"name":"wp","href":"https:\/\/api.w.org\/{rel}","templated":true}]}}