{"id":55253,"date":"2022-11-14T11:38:02","date_gmt":"2022-11-14T10:38:02","guid":{"rendered":"https:\/\/www.joyeriajael.es\/tienda-online\/damiani-white-gold-and-diamonds-wedding-ring\/"},"modified":"2023-03-01T09:44:00","modified_gmt":"2023-03-01T08:44:00","slug":"alianza-damiani-oro-blanco-y-brillantes-3","status":"publish","type":"product","link":"https:\/\/www.joyeriajael.es\/en\/producto\/alianza-damiani-oro-blanco-y-brillantes-3\/","title":{"rendered":"DAMIANI WHITE GOLD AND DIAMONDS WEDDING RING"},"content":{"rendered":"<p>White gold and diamond wedding ring &#8211; size 12<\/p>\n","protected":false},"excerpt":{"rendered":"<p>White gold and diamond wedding ring &#8211; size 12<\/p>\n","protected":false},"featured_media":55250,"template":"","meta":{"_acf_changed":false},"product_brand":[],"product_cat":[3879,2694,495,505,514,516],"product_tag":[],"class_list":{"0":"post-55253","1":"product","2":"type-product","3":"status-publish","4":"has-post-thumbnail","6":"product_cat-bridal-jewelry","7":"product_cat-damiani-en","8":"product_cat-jewels","9":"product_cat-rings-en","10":"product_cat-wedding-and-engagement-jewelry","11":"product_cat-wedding-rings","12":"pa_marca-damiani-en","14":"first","15":"instock","16":"taxable","17":"shipping-taxable","18":"purchasable","19":"product-type-simple"},"acf":[],"yoast_head":"<!-- This site is optimized with the Yoast SEO Premium plugin v27.4 (Yoast SEO v27.4) - https:\/\/yoast.com\/product\/yoast-seo-premium-wordpress\/ -->\n<title>Damiani Ring White Gold and Diamonds | Size 12 | Jael Jewelry<\/title>\n<meta name=\"description\" content=\"Enjoy love in the company of this Damiani ring in white gold and diamonds (size 12) and with all Jael Jewelry wedding rings.\" \/>\n<meta name=\"robots\" content=\"index, follow, max-snippet:-1, max-image-preview:large, max-video-preview:-1\" \/>\n<link rel=\"canonical\" href=\"https:\/\/www.joyeriajael.es\/en\/producto\/alianza-damiani-oro-blanco-y-brillantes-3\/\" \/>\n<meta property=\"og:locale\" content=\"en_US\" \/>\n<meta property=\"og:type\" content=\"article\" \/>\n<meta property=\"og:title\" content=\"DAMIANI WHITE GOLD AND DIAMONDS WEDDING RING\" \/>\n<meta property=\"og:description\" content=\"Enjoy love in the company of this Damiani ring in white gold and diamonds (size 12) and with all Jael Jewelry wedding rings.\" \/>\n<meta property=\"og:url\" content=\"https:\/\/www.joyeriajael.es\/en\/producto\/alianza-damiani-oro-blanco-y-brillantes-3\/\" \/>\n<meta property=\"og:site_name\" content=\"Jael Joyer\u00eda\" \/>\n<meta property=\"article:modified_time\" content=\"2023-03-01T08:44:00+00:00\" \/>\n<meta property=\"og:image\" content=\"https:\/\/www.joyeriajael.es\/wp-content\/uploads\/2022\/11\/ALIANZA-DAMIANI-ORO-BLANCO-Y-BRILLANTES.jpg\" \/>\n\t<meta property=\"og:image:width\" content=\"900\" \/>\n\t<meta property=\"og:image:height\" content=\"900\" \/>\n\t<meta property=\"og:image:type\" content=\"image\/jpeg\" \/>\n<meta name=\"twitter:card\" content=\"summary_large_image\" \/>\n<meta property=\"product:price:amount\" content=\"2540.00\" \/>\n<meta property=\"product:price:currency\" content=\"EUR\" \/>\n<meta property=\"og:availability\" content=\"instock\" \/>\n<meta property=\"product:availability\" content=\"instock\" \/>\n<meta property=\"product:retailer_item_id\" content=\"20008644\" \/>\n<meta property=\"product:condition\" content=\"new\" \/>\n<!-- \/ Yoast SEO Premium plugin. -->","yoast_head_json":{"title":"Damiani Ring White Gold and Diamonds | Size 12 | Jael Jewelry","description":"Enjoy love in the company of this Damiani ring in white gold and diamonds (size 12) and with all Jael Jewelry wedding rings.","robots":{"index":"index","follow":"follow","max-snippet":"max-snippet:-1","max-image-preview":"max-image-preview:large","max-video-preview":"max-video-preview:-1"},"canonical":"https:\/\/www.joyeriajael.es\/en\/producto\/alianza-damiani-oro-blanco-y-brillantes-3\/","og_locale":"en_US","og_type":"article","og_title":"DAMIANI WHITE GOLD AND DIAMONDS WEDDING RING","og_description":"Enjoy love in the company of this Damiani ring in white gold and diamonds (size 12) and with all Jael Jewelry wedding rings.","og_url":"https:\/\/www.joyeriajael.es\/en\/producto\/alianza-damiani-oro-blanco-y-brillantes-3\/","og_site_name":"Jael Joyer\u00eda","article_modified_time":"2023-03-01T08:44:00+00:00","og_image":[{"width":900,"height":900,"url":"https:\/\/www.joyeriajael.es\/wp-content\/uploads\/2022\/11\/ALIANZA-DAMIANI-ORO-BLANCO-Y-BRILLANTES.jpg","type":"image\/jpeg"}],"twitter_card":"summary_large_image","schema":{"@context":"https:\/\/schema.org","@graph":[{"@type":["WebPage","ItemPage"],"@id":"https:\/\/www.joyeriajael.es\/en\/producto\/alianza-damiani-oro-blanco-y-brillantes-3\/","url":"https:\/\/www.joyeriajael.es\/en\/producto\/alianza-damiani-oro-blanco-y-brillantes-3\/","name":"Damiani Ring White Gold and Diamonds | Size 12 | Jael Jewelry","isPartOf":{"@id":"https:\/\/www.joyeriajael.es\/en\/#website"},"primaryImageOfPage":{"@id":"https:\/\/www.joyeriajael.es\/en\/producto\/alianza-damiani-oro-blanco-y-brillantes-3\/#primaryimage"},"image":{"@id":"https:\/\/www.joyeriajael.es\/en\/producto\/alianza-damiani-oro-blanco-y-brillantes-3\/#primaryimage"},"thumbnailUrl":"https:\/\/www.joyeriajael.es\/wp-content\/uploads\/2022\/11\/ALIANZA-DAMIANI-ORO-BLANCO-Y-BRILLANTES.jpg","datePublished":"2022-11-14T10:38:02+00:00","dateModified":"2023-03-01T08:44:00+00:00","description":"Enjoy love in the company of this Damiani ring in white gold and diamonds (size 12) and with all Jael Jewelry wedding rings.","breadcrumb":{"@id":"https:\/\/www.joyeriajael.es\/en\/producto\/alianza-damiani-oro-blanco-y-brillantes-3\/#breadcrumb"},"inLanguage":"en-US","potentialAction":[{"@type":"ReadAction","target":["https:\/\/www.joyeriajael.es\/en\/producto\/alianza-damiani-oro-blanco-y-brillantes-3\/"]}]},{"@type":"ImageObject","inLanguage":"en-US","@id":"https:\/\/www.joyeriajael.es\/en\/producto\/alianza-damiani-oro-blanco-y-brillantes-3\/#primaryimage","url":"https:\/\/www.joyeriajael.es\/wp-content\/uploads\/2022\/11\/ALIANZA-DAMIANI-ORO-BLANCO-Y-BRILLANTES.jpg","contentUrl":"https:\/\/www.joyeriajael.es\/wp-content\/uploads\/2022\/11\/ALIANZA-DAMIANI-ORO-BLANCO-Y-BRILLANTES.jpg","width":900,"height":900,"caption":"DAMIANI WHITE GOLD AND DIAMONDS WEDDING RING"},{"@type":"BreadcrumbList","@id":"https:\/\/www.joyeriajael.es\/en\/producto\/alianza-damiani-oro-blanco-y-brillantes-3\/#breadcrumb","itemListElement":[{"@type":"ListItem","position":1,"name":"Portada","item":"https:\/\/www.joyeriajael.es\/en\/"},{"@type":"ListItem","position":2,"name":"Online store","item":"https:\/\/www.joyeriajael.es\/tienda-online\/"},{"@type":"ListItem","position":3,"name":"Brands","item":"https:\/\/www.joyeriajael.es\/en\/brands\/"},{"@type":"ListItem","position":4,"name":"Damiani","item":"https:\/\/www.joyeriajael.es\/en\/brands\/damiani-en\/"},{"@type":"ListItem","position":5,"name":"DAMIANI WHITE GOLD AND DIAMONDS WEDDING RING"}]},{"@type":"WebSite","@id":"https:\/\/www.joyeriajael.es\/en\/#website","url":"https:\/\/www.joyeriajael.es\/en\/","name":"Jael Joyer\u00eda","description":"Jael Joyer\u00eda en Santiago de Compostela y A Coru\u00f1a. Primeras marcas, firmas exclusivas, \u00fanico concesionario autorizado de Rolex en la provincia de A Coru\u00f1a.","publisher":{"@id":"https:\/\/www.joyeriajael.es\/en\/#organization"},"alternateName":"Jael","potentialAction":[{"@type":"SearchAction","target":{"@type":"EntryPoint","urlTemplate":"https:\/\/www.joyeriajael.es\/en\/?s={search_term_string}"},"query-input":{"@type":"PropertyValueSpecification","valueRequired":true,"valueName":"search_term_string"}}],"inLanguage":"en-US"},{"@type":"Organization","@id":"https:\/\/www.joyeriajael.es\/en\/#organization","name":"Jael","alternateName":"Jael joyer\u00eda","url":"https:\/\/www.joyeriajael.es\/en\/","logo":{"@type":"ImageObject","inLanguage":"en-US","@id":"https:\/\/www.joyeriajael.es\/en\/#\/schema\/logo\/image\/","url":"https:\/\/www.joyeriajael.es\/wp-content\/uploads\/2024\/07\/cropped-favicon-1.png","contentUrl":"https:\/\/www.joyeriajael.es\/wp-content\/uploads\/2024\/07\/cropped-favicon-1.png","width":512,"height":512,"caption":"Jael"},"image":{"@id":"https:\/\/www.joyeriajael.es\/en\/#\/schema\/logo\/image\/"}}]},"product_price_amount":"2540.00","product_price_currency":"EUR","og_availability":"instock","product_availability":"instock","product_retailer_item_id":"20008644","product_condition":"new"},"df_price":2540,"df_sale_price":"","df_regular_price":2540,"df_image_link":"https:\/\/www.joyeriajael.es\/wp-content\/uploads\/2022\/11\/ALIANZA-DAMIANI-ORO-BLANCO-Y-BRILLANTES-300x300.jpg","_links":{"self":[{"href":"https:\/\/www.joyeriajael.es\/en\/wp-json\/wp\/v2\/product\/55253","targetHints":{"allow":["GET"]}}],"collection":[{"href":"https:\/\/www.joyeriajael.es\/en\/wp-json\/wp\/v2\/product"}],"about":[{"href":"https:\/\/www.joyeriajael.es\/en\/wp-json\/wp\/v2\/types\/product"}],"wp:featuredmedia":[{"embeddable":true,"href":"https:\/\/www.joyeriajael.es\/en\/wp-json\/wp\/v2\/media\/55250"}],"wp:attachment":[{"href":"https:\/\/www.joyeriajael.es\/en\/wp-json\/wp\/v2\/media?parent=55253"}],"wp:term":[{"taxonomy":"product_brand","embeddable":true,"href":"https:\/\/www.joyeriajael.es\/en\/wp-json\/wp\/v2\/product_brand?post=55253"},{"taxonomy":"product_cat","embeddable":true,"href":"https:\/\/www.joyeriajael.es\/en\/wp-json\/wp\/v2\/product_cat?post=55253"},{"taxonomy":"product_tag","embeddable":true,"href":"https:\/\/www.joyeriajael.es\/en\/wp-json\/wp\/v2\/product_tag?post=55253"}],"curies":[{"name":"wp","href":"https:\/\/api.w.org\/{rel}","templated":true}]}}