{"id":57666,"date":"2023-01-26T11:34:49","date_gmt":"2023-01-26T10:34:49","guid":{"rendered":"https:\/\/www.joyeriajael.es\/tienda-online\/certina-watch-ds-chronograph-automatic-1968-435-mm\/"},"modified":"2024-05-23T16:01:45","modified_gmt":"2024-05-23T14:01:45","slug":"certina-watch-ds-chronograph-automatic-1968-435-mm","status":"publish","type":"product","link":"https:\/\/www.joyeriajael.es\/en\/producto\/certina-watch-ds-chronograph-automatic-1968-435-mm\/","title":{"rendered":"CERTINA WATCH DS CHRONOGRAPH AUTOMATIC 1968 43,5 MM"},"content":{"rendered":"<div class=\"main-content fix-top\" role=\"main\">\n<div class=\"row flex-lg-nowrap no-gutters\">\n<section class=\"layout-content col-12\">\n<div class=\"region region-content\">\n<section id=\"block-certina2020-content\" class=\"block block-system block-system-main-block\">\n<article class=\"watch node-17951 full\" role=\"article\">\n<div class=\"watch-marketing-container py-3 py-md-4 pt-lg-5 aos-init aos-animate\" data-aos=\"fade-up\">\n<div class=\"watch-text-marketing text-center font-size-lg\">\n<div class=\"container\">\n<div class=\"col-md-8 offset-md-2\">This striking cushion-cased chronograph moves between two worlds: the design of the DS Chronograph Automatic is inspired by a popular model from the 1960s, while the heart of the watch beats to the rhythm of a modern automatic calibre with silicon spring.<\/div>\n<\/div>\n<\/div>\n<\/div>\n<div class=\"watch-attributes-alternate-rows row no-gutters my-2 my-md-3 my-lg-5\">\n<div class=\"col-12\"><\/div>\n<\/div>\n<\/article>\n<\/section>\n<\/div>\n<\/section>\n<\/div>\n<\/div>\n<footer class=\"l-footer\" role=\"contentinfo\">\n<section class=\"l-footer-top pb-2\">\n<div class=\"container\">\n<div class=\"row\">\n<div class=\"col-12\">\n<div class=\"region region-footer-top\">\n<section id=\"block-ecom-features\" class=\"block block-block-content block-block-content3e9baaa2-6c3f-47d0-93ed-f65c02e5211d\">\n<div id=\"p-6fc4e81c-b112-4150-8fb9-4cd9b0530d83\" class=\"paragraph paragraph--type--text paragraph--view-mode--default\">\n<div class=\"container\">\n<div class=\"row\">\n<div class=\"col-12\">\n<div class=\"field field--name-text field--type-text-long field--label-hidden field--item\">\n<div class=\"row\">\n<div class=\"col-6 col-lg-3\"><\/div>\n<\/div>\n<\/div>\n<\/div>\n<\/div>\n<\/div>\n<\/div>\n<\/section>\n<\/div>\n<\/div>\n<\/div>\n<\/div>\n<\/section>\n<\/footer>\n","protected":false},"excerpt":{"rendered":"<p>This striking cushion-cased chronograph moves between two worlds: the design of the DS Chronograph Automatic is inspired by&hellip;<\/p>\n","protected":false},"featured_media":57603,"template":"","meta":{"_acf_changed":false},"product_brand":[],"product_cat":[716,499,730],"product_tag":[],"class_list":{"0":"post-57666","1":"product","2":"type-product","3":"status-publish","4":"has-post-thumbnail","6":"product_cat-certina-en","7":"product_cat-watches","8":"product_cat-watches-for-men","9":"pa_marca-certina-en","11":"first","12":"outofstock","13":"taxable","14":"shipping-taxable","15":"purchasable","16":"product-type-simple"},"acf":[],"yoast_head":"<!-- This site is optimized with the Yoast SEO Premium plugin v27.4 (Yoast SEO v27.4) - https:\/\/yoast.com\/product\/yoast-seo-premium-wordpress\/ -->\n<title>CERTINA WATCH DS CHRONOGRAPH AUTOMATIC 1968 43,5 MM<\/title>\n<meta name=\"description\" content=\"This cushion-cased chronograph bridges past and present, inspired by a classic &#039;60s model, driven by a modern automatic calibre.\" \/>\n<meta name=\"robots\" content=\"index, follow, max-snippet:-1, max-image-preview:large, max-video-preview:-1\" \/>\n<link rel=\"canonical\" href=\"https:\/\/www.joyeriajael.es\/en\/producto\/certina-watch-ds-chronograph-automatic-1968-435-mm\/\" \/>\n<meta property=\"og:locale\" content=\"en_US\" \/>\n<meta property=\"og:type\" content=\"article\" \/>\n<meta property=\"og:title\" content=\"CERTINA WATCH DS CHRONOGRAPH AUTOMATIC 1968 43,5 MM\" \/>\n<meta property=\"og:description\" content=\"This cushion-cased chronograph bridges past and present, inspired by a classic &#039;60s model, driven by a modern automatic calibre.\" \/>\n<meta property=\"og:url\" content=\"https:\/\/www.joyeriajael.es\/en\/producto\/certina-watch-ds-chronograph-automatic-1968-435-mm\/\" \/>\n<meta property=\"og:site_name\" content=\"Jael Joyer\u00eda\" \/>\n<meta property=\"article:modified_time\" content=\"2024-05-23T14:01:45+00:00\" \/>\n<meta property=\"og:image\" content=\"https:\/\/www.joyeriajael.es\/wp-content\/uploads\/2023\/01\/RELOJ-CERTINA-DS-CHRONOGRAPH-AUTOMATIC-1968-435-MM_01.jpg\" \/>\n\t<meta property=\"og:image:width\" content=\"900\" \/>\n\t<meta property=\"og:image:height\" content=\"900\" \/>\n\t<meta property=\"og:image:type\" content=\"image\/jpeg\" \/>\n<meta name=\"twitter:card\" content=\"summary_large_image\" \/>\n<meta property=\"product:price:amount\" content=\"2215.00\" \/>\n<meta property=\"product:price:currency\" content=\"EUR\" \/>\n<meta property=\"og:availability\" content=\"out of stock\" \/>\n<meta property=\"product:availability\" content=\"out of stock\" \/>\n<meta property=\"product:retailer_item_id\" content=\"C0404621805100\" \/>\n<meta property=\"product:condition\" content=\"new\" \/>\n<!-- \/ Yoast SEO Premium plugin. -->","yoast_head_json":{"title":"CERTINA WATCH DS CHRONOGRAPH AUTOMATIC 1968 43,5 MM","description":"This cushion-cased chronograph bridges past and present, inspired by a classic '60s model, driven by a modern automatic calibre.","robots":{"index":"index","follow":"follow","max-snippet":"max-snippet:-1","max-image-preview":"max-image-preview:large","max-video-preview":"max-video-preview:-1"},"canonical":"https:\/\/www.joyeriajael.es\/en\/producto\/certina-watch-ds-chronograph-automatic-1968-435-mm\/","og_locale":"en_US","og_type":"article","og_title":"CERTINA WATCH DS CHRONOGRAPH AUTOMATIC 1968 43,5 MM","og_description":"This cushion-cased chronograph bridges past and present, inspired by a classic '60s model, driven by a modern automatic calibre.","og_url":"https:\/\/www.joyeriajael.es\/en\/producto\/certina-watch-ds-chronograph-automatic-1968-435-mm\/","og_site_name":"Jael Joyer\u00eda","article_modified_time":"2024-05-23T14:01:45+00:00","og_image":[{"width":900,"height":900,"url":"https:\/\/www.joyeriajael.es\/wp-content\/uploads\/2023\/01\/RELOJ-CERTINA-DS-CHRONOGRAPH-AUTOMATIC-1968-435-MM_01.jpg","type":"image\/jpeg"}],"twitter_card":"summary_large_image","schema":{"@context":"https:\/\/schema.org","@graph":[{"@type":["WebPage","ItemPage"],"@id":"https:\/\/www.joyeriajael.es\/en\/producto\/certina-watch-ds-chronograph-automatic-1968-435-mm\/","url":"https:\/\/www.joyeriajael.es\/en\/producto\/certina-watch-ds-chronograph-automatic-1968-435-mm\/","name":"CERTINA WATCH DS CHRONOGRAPH AUTOMATIC 1968 43,5 MM","isPartOf":{"@id":"https:\/\/www.joyeriajael.es\/en\/#website"},"primaryImageOfPage":{"@id":"https:\/\/www.joyeriajael.es\/en\/producto\/certina-watch-ds-chronograph-automatic-1968-435-mm\/#primaryimage"},"image":{"@id":"https:\/\/www.joyeriajael.es\/en\/producto\/certina-watch-ds-chronograph-automatic-1968-435-mm\/#primaryimage"},"thumbnailUrl":"https:\/\/www.joyeriajael.es\/wp-content\/uploads\/2023\/01\/RELOJ-CERTINA-DS-CHRONOGRAPH-AUTOMATIC-1968-435-MM_01.jpg","datePublished":"2023-01-26T10:34:49+00:00","dateModified":"2024-05-23T14:01:45+00:00","description":"This cushion-cased chronograph bridges past and present, inspired by a classic '60s model, driven by a modern automatic calibre.","breadcrumb":{"@id":"https:\/\/www.joyeriajael.es\/en\/producto\/certina-watch-ds-chronograph-automatic-1968-435-mm\/#breadcrumb"},"inLanguage":"en-US","potentialAction":[{"@type":"ReadAction","target":["https:\/\/www.joyeriajael.es\/en\/producto\/certina-watch-ds-chronograph-automatic-1968-435-mm\/"]}]},{"@type":"ImageObject","inLanguage":"en-US","@id":"https:\/\/www.joyeriajael.es\/en\/producto\/certina-watch-ds-chronograph-automatic-1968-435-mm\/#primaryimage","url":"https:\/\/www.joyeriajael.es\/wp-content\/uploads\/2023\/01\/RELOJ-CERTINA-DS-CHRONOGRAPH-AUTOMATIC-1968-435-MM_01.jpg","contentUrl":"https:\/\/www.joyeriajael.es\/wp-content\/uploads\/2023\/01\/RELOJ-CERTINA-DS-CHRONOGRAPH-AUTOMATIC-1968-435-MM_01.jpg","width":900,"height":900,"caption":"CERTINA WATCH DS CHRONOGRAPH AUTOMATIC 1968 43,5 MM"},{"@type":"BreadcrumbList","@id":"https:\/\/www.joyeriajael.es\/en\/producto\/certina-watch-ds-chronograph-automatic-1968-435-mm\/#breadcrumb","itemListElement":[{"@type":"ListItem","position":1,"name":"Portada","item":"https:\/\/www.joyeriajael.es\/en\/"},{"@type":"ListItem","position":2,"name":"Online store","item":"https:\/\/www.joyeriajael.es\/tienda-online\/"},{"@type":"ListItem","position":3,"name":"Brands","item":"https:\/\/www.joyeriajael.es\/en\/brands\/"},{"@type":"ListItem","position":4,"name":"Certina","item":"https:\/\/www.joyeriajael.es\/en\/brands\/certina-en\/"},{"@type":"ListItem","position":5,"name":"CERTINA WATCH DS CHRONOGRAPH AUTOMATIC 1968 43,5 MM"}]},{"@type":"WebSite","@id":"https:\/\/www.joyeriajael.es\/en\/#website","url":"https:\/\/www.joyeriajael.es\/en\/","name":"Jael Joyer\u00eda","description":"Jael Joyer\u00eda en Santiago de Compostela y A Coru\u00f1a. Primeras marcas, firmas exclusivas, \u00fanico concesionario autorizado de Rolex en la provincia de A Coru\u00f1a.","publisher":{"@id":"https:\/\/www.joyeriajael.es\/en\/#organization"},"alternateName":"Jael","potentialAction":[{"@type":"SearchAction","target":{"@type":"EntryPoint","urlTemplate":"https:\/\/www.joyeriajael.es\/en\/?s={search_term_string}"},"query-input":{"@type":"PropertyValueSpecification","valueRequired":true,"valueName":"search_term_string"}}],"inLanguage":"en-US"},{"@type":"Organization","@id":"https:\/\/www.joyeriajael.es\/en\/#organization","name":"Jael","alternateName":"Jael joyer\u00eda","url":"https:\/\/www.joyeriajael.es\/en\/","logo":{"@type":"ImageObject","inLanguage":"en-US","@id":"https:\/\/www.joyeriajael.es\/en\/#\/schema\/logo\/image\/","url":"https:\/\/www.joyeriajael.es\/wp-content\/uploads\/2024\/07\/cropped-favicon-1.png","contentUrl":"https:\/\/www.joyeriajael.es\/wp-content\/uploads\/2024\/07\/cropped-favicon-1.png","width":512,"height":512,"caption":"Jael"},"image":{"@id":"https:\/\/www.joyeriajael.es\/en\/#\/schema\/logo\/image\/"}}]},"product_price_amount":"2215.00","product_price_currency":"EUR","og_availability":"out of stock","product_availability":"out of stock","product_retailer_item_id":"C0404621805100","product_condition":"new"},"df_price":2215,"df_sale_price":"","df_regular_price":2215,"df_image_link":"https:\/\/www.joyeriajael.es\/wp-content\/uploads\/2023\/01\/RELOJ-CERTINA-DS-CHRONOGRAPH-AUTOMATIC-1968-435-MM_01-300x300.jpg","_links":{"self":[{"href":"https:\/\/www.joyeriajael.es\/en\/wp-json\/wp\/v2\/product\/57666","targetHints":{"allow":["GET"]}}],"collection":[{"href":"https:\/\/www.joyeriajael.es\/en\/wp-json\/wp\/v2\/product"}],"about":[{"href":"https:\/\/www.joyeriajael.es\/en\/wp-json\/wp\/v2\/types\/product"}],"wp:featuredmedia":[{"embeddable":true,"href":"https:\/\/www.joyeriajael.es\/en\/wp-json\/wp\/v2\/media\/57603"}],"wp:attachment":[{"href":"https:\/\/www.joyeriajael.es\/en\/wp-json\/wp\/v2\/media?parent=57666"}],"wp:term":[{"taxonomy":"product_brand","embeddable":true,"href":"https:\/\/www.joyeriajael.es\/en\/wp-json\/wp\/v2\/product_brand?post=57666"},{"taxonomy":"product_cat","embeddable":true,"href":"https:\/\/www.joyeriajael.es\/en\/wp-json\/wp\/v2\/product_cat?post=57666"},{"taxonomy":"product_tag","embeddable":true,"href":"https:\/\/www.joyeriajael.es\/en\/wp-json\/wp\/v2\/product_tag?post=57666"}],"curies":[{"name":"wp","href":"https:\/\/api.w.org\/{rel}","templated":true}]}}