{"id":57749,"date":"2023-01-26T11:38:33","date_gmt":"2023-01-26T10:38:33","guid":{"rendered":"https:\/\/www.joyeriajael.es\/tienda-online\/damiani-mimosa-earrings-white-gold-and-brilliant-diamonds\/"},"modified":"2023-01-30T11:07:49","modified_gmt":"2023-01-30T10:07:49","slug":"damiani-mimosa-earrings-white-gold-and-brilliant-diamonds","status":"publish","type":"product","link":"https:\/\/www.joyeriajael.es\/en\/producto\/damiani-mimosa-earrings-white-gold-and-brilliant-diamonds\/","title":{"rendered":"DAMIANI MIMOSA EARRINGS WHITE GOLD AND BRILLIANT DIAMONDS"},"content":{"rendered":"<p>An explosion of colour in a typical Damiani design, a multi-hued soul wrapped in an exclusive shape, special for its workmanship and careful choice of materials. The combination of different stones and different cuts enhances the design and the three-dimensional character of this uniquely styled collection. The collection features beautiful rings with a design reminiscent of a flower shape, modern yet timeless with its stones set around a larger central stone.<\/p>\n","protected":false},"excerpt":{"rendered":"<p>An explosion of colour in a typical Damiani design, a multi-hued soul wrapped in an exclusive shape, special&hellip;<\/p>\n","protected":false},"featured_media":57735,"template":"","meta":{"_acf_changed":false},"product_brand":[],"product_cat":[2694,510,3883,495],"product_tag":[],"class_list":{"0":"post-57749","1":"product","2":"type-product","3":"status-publish","4":"has-post-thumbnail","6":"product_cat-damiani-en","7":"product_cat-earrings","8":"product_cat-hoop","9":"product_cat-jewels","10":"pa_marca-damiani-en","12":"first","13":"outofstock","14":"taxable","15":"shipping-taxable","16":"purchasable","17":"product-type-simple"},"acf":[],"yoast_head":"<!-- This site is optimized with the Yoast SEO Premium plugin v27.2 (Yoast SEO v27.2) - https:\/\/yoast.com\/product\/yoast-seo-premium-wordpress\/ -->\n<title>DAMIANI MIMOSA EARRINGS WHITE GOLD AND BRILLIANT DIAMONDS<\/title>\n<meta name=\"robots\" content=\"index, follow, max-snippet:-1, max-image-preview:large, max-video-preview:-1\" \/>\n<link rel=\"canonical\" href=\"https:\/\/www.joyeriajael.es\/en\/producto\/damiani-mimosa-earrings-white-gold-and-brilliant-diamonds\/\" \/>\n<meta property=\"og:locale\" content=\"en_US\" \/>\n<meta property=\"og:type\" content=\"article\" \/>\n<meta property=\"og:title\" content=\"DAMIANI MIMOSA EARRINGS WHITE GOLD AND BRILLIANT DIAMONDS\" \/>\n<meta property=\"og:description\" content=\"An explosion of colour in a typical Damiani design, a multi-hued soul wrapped in an exclusive shape, special&hellip;\" \/>\n<meta property=\"og:url\" content=\"https:\/\/www.joyeriajael.es\/en\/producto\/damiani-mimosa-earrings-white-gold-and-brilliant-diamonds\/\" \/>\n<meta property=\"og:site_name\" content=\"Jael Joyer\u00eda\" \/>\n<meta property=\"article:modified_time\" content=\"2023-01-30T10:07:49+00:00\" \/>\n<meta property=\"og:image\" content=\"https:\/\/www.joyeriajael.es\/wp-content\/uploads\/2023\/01\/PENDIENTES-DAMIANI-MIMOSA-ORO-BLANCO-Y-BRILLANTES_01.jpg\" \/>\n\t<meta property=\"og:image:width\" content=\"900\" \/>\n\t<meta property=\"og:image:height\" content=\"900\" \/>\n\t<meta property=\"og:image:type\" content=\"image\/jpeg\" \/>\n<meta name=\"twitter:card\" content=\"summary_large_image\" \/>\n<meta property=\"product:price:amount\" content=\"4290.00\" \/>\n<meta property=\"product:price:currency\" content=\"EUR\" \/>\n<meta property=\"og:availability\" content=\"out of stock\" \/>\n<meta property=\"product:availability\" content=\"out of stock\" \/>\n<meta property=\"product:retailer_item_id\" content=\"20078493\" \/>\n<meta property=\"product:condition\" content=\"new\" \/>\n<!-- \/ Yoast SEO Premium plugin. -->","yoast_head_json":{"title":"DAMIANI MIMOSA EARRINGS WHITE GOLD AND BRILLIANT DIAMONDS","robots":{"index":"index","follow":"follow","max-snippet":"max-snippet:-1","max-image-preview":"max-image-preview:large","max-video-preview":"max-video-preview:-1"},"canonical":"https:\/\/www.joyeriajael.es\/en\/producto\/damiani-mimosa-earrings-white-gold-and-brilliant-diamonds\/","og_locale":"en_US","og_type":"article","og_title":"DAMIANI MIMOSA EARRINGS WHITE GOLD AND BRILLIANT DIAMONDS","og_description":"An explosion of colour in a typical Damiani design, a multi-hued soul wrapped in an exclusive shape, special&hellip;","og_url":"https:\/\/www.joyeriajael.es\/en\/producto\/damiani-mimosa-earrings-white-gold-and-brilliant-diamonds\/","og_site_name":"Jael Joyer\u00eda","article_modified_time":"2023-01-30T10:07:49+00:00","og_image":[{"width":900,"height":900,"url":"https:\/\/www.joyeriajael.es\/wp-content\/uploads\/2023\/01\/PENDIENTES-DAMIANI-MIMOSA-ORO-BLANCO-Y-BRILLANTES_01.jpg","type":"image\/jpeg"}],"twitter_card":"summary_large_image","schema":{"@context":"https:\/\/schema.org","@graph":[{"@type":["WebPage","ItemPage"],"@id":"https:\/\/www.joyeriajael.es\/en\/producto\/damiani-mimosa-earrings-white-gold-and-brilliant-diamonds\/","url":"https:\/\/www.joyeriajael.es\/en\/producto\/damiani-mimosa-earrings-white-gold-and-brilliant-diamonds\/","name":"DAMIANI MIMOSA EARRINGS WHITE GOLD AND BRILLIANT DIAMONDS","isPartOf":{"@id":"https:\/\/www.joyeriajael.es\/en\/#website"},"primaryImageOfPage":{"@id":"https:\/\/www.joyeriajael.es\/en\/producto\/damiani-mimosa-earrings-white-gold-and-brilliant-diamonds\/#primaryimage"},"image":{"@id":"https:\/\/www.joyeriajael.es\/en\/producto\/damiani-mimosa-earrings-white-gold-and-brilliant-diamonds\/#primaryimage"},"thumbnailUrl":"https:\/\/www.joyeriajael.es\/wp-content\/uploads\/2023\/01\/PENDIENTES-DAMIANI-MIMOSA-ORO-BLANCO-Y-BRILLANTES_01.jpg","datePublished":"2023-01-26T10:38:33+00:00","dateModified":"2023-01-30T10:07:49+00:00","breadcrumb":{"@id":"https:\/\/www.joyeriajael.es\/en\/producto\/damiani-mimosa-earrings-white-gold-and-brilliant-diamonds\/#breadcrumb"},"inLanguage":"en-US","potentialAction":[{"@type":"ReadAction","target":["https:\/\/www.joyeriajael.es\/en\/producto\/damiani-mimosa-earrings-white-gold-and-brilliant-diamonds\/"]}]},{"@type":"ImageObject","inLanguage":"en-US","@id":"https:\/\/www.joyeriajael.es\/en\/producto\/damiani-mimosa-earrings-white-gold-and-brilliant-diamonds\/#primaryimage","url":"https:\/\/www.joyeriajael.es\/wp-content\/uploads\/2023\/01\/PENDIENTES-DAMIANI-MIMOSA-ORO-BLANCO-Y-BRILLANTES_01.jpg","contentUrl":"https:\/\/www.joyeriajael.es\/wp-content\/uploads\/2023\/01\/PENDIENTES-DAMIANI-MIMOSA-ORO-BLANCO-Y-BRILLANTES_01.jpg","width":900,"height":900,"caption":"DAMIANI MIMOSA EARRINGS WHITE GOLD AND BRILLIANT DIAMONDS"},{"@type":"BreadcrumbList","@id":"https:\/\/www.joyeriajael.es\/en\/producto\/damiani-mimosa-earrings-white-gold-and-brilliant-diamonds\/#breadcrumb","itemListElement":[{"@type":"ListItem","position":1,"name":"Portada","item":"https:\/\/www.joyeriajael.es\/en\/"},{"@type":"ListItem","position":2,"name":"Online store","item":"https:\/\/www.joyeriajael.es\/tienda-online\/"},{"@type":"ListItem","position":3,"name":"Brands","item":"https:\/\/www.joyeriajael.es\/en\/brands\/"},{"@type":"ListItem","position":4,"name":"Damiani","item":"https:\/\/www.joyeriajael.es\/en\/brands\/damiani-en\/"},{"@type":"ListItem","position":5,"name":"DAMIANI MIMOSA EARRINGS WHITE GOLD AND BRILLIANT DIAMONDS"}]},{"@type":"WebSite","@id":"https:\/\/www.joyeriajael.es\/en\/#website","url":"https:\/\/www.joyeriajael.es\/en\/","name":"Jael Joyer\u00eda","description":"Jael Joyer\u00eda en Santiago de Compostela y A Coru\u00f1a. Primeras marcas, firmas exclusivas, \u00fanico concesionario autorizado de Rolex en la provincia de A Coru\u00f1a.","publisher":{"@id":"https:\/\/www.joyeriajael.es\/en\/#organization"},"alternateName":"Jael","potentialAction":[{"@type":"SearchAction","target":{"@type":"EntryPoint","urlTemplate":"https:\/\/www.joyeriajael.es\/en\/?s={search_term_string}"},"query-input":{"@type":"PropertyValueSpecification","valueRequired":true,"valueName":"search_term_string"}}],"inLanguage":"en-US"},{"@type":"Organization","@id":"https:\/\/www.joyeriajael.es\/en\/#organization","name":"Jael","alternateName":"Jael joyer\u00eda","url":"https:\/\/www.joyeriajael.es\/en\/","logo":{"@type":"ImageObject","inLanguage":"en-US","@id":"https:\/\/www.joyeriajael.es\/en\/#\/schema\/logo\/image\/","url":"https:\/\/www.joyeriajael.es\/wp-content\/uploads\/2024\/07\/cropped-favicon-1.png","contentUrl":"https:\/\/www.joyeriajael.es\/wp-content\/uploads\/2024\/07\/cropped-favicon-1.png","width":512,"height":512,"caption":"Jael"},"image":{"@id":"https:\/\/www.joyeriajael.es\/en\/#\/schema\/logo\/image\/"}}]},"product_price_amount":"4290.00","product_price_currency":"EUR","og_availability":"out of stock","product_availability":"out of stock","product_retailer_item_id":"20078493","product_condition":"new"},"df_price":4290,"df_sale_price":"","df_regular_price":4290,"df_image_link":"https:\/\/www.joyeriajael.es\/wp-content\/uploads\/2023\/01\/PENDIENTES-DAMIANI-MIMOSA-ORO-BLANCO-Y-BRILLANTES_01-300x300.jpg","_links":{"self":[{"href":"https:\/\/www.joyeriajael.es\/en\/wp-json\/wp\/v2\/product\/57749","targetHints":{"allow":["GET"]}}],"collection":[{"href":"https:\/\/www.joyeriajael.es\/en\/wp-json\/wp\/v2\/product"}],"about":[{"href":"https:\/\/www.joyeriajael.es\/en\/wp-json\/wp\/v2\/types\/product"}],"wp:featuredmedia":[{"embeddable":true,"href":"https:\/\/www.joyeriajael.es\/en\/wp-json\/wp\/v2\/media\/57735"}],"wp:attachment":[{"href":"https:\/\/www.joyeriajael.es\/en\/wp-json\/wp\/v2\/media?parent=57749"}],"wp:term":[{"taxonomy":"product_brand","embeddable":true,"href":"https:\/\/www.joyeriajael.es\/en\/wp-json\/wp\/v2\/product_brand?post=57749"},{"taxonomy":"product_cat","embeddable":true,"href":"https:\/\/www.joyeriajael.es\/en\/wp-json\/wp\/v2\/product_cat?post=57749"},{"taxonomy":"product_tag","embeddable":true,"href":"https:\/\/www.joyeriajael.es\/en\/wp-json\/wp\/v2\/product_tag?post=57749"}],"curies":[{"name":"wp","href":"https:\/\/api.w.org\/{rel}","templated":true}]}}