{"id":63478,"date":"2023-06-21T20:00:16","date_gmt":"2023-06-21T18:00:16","guid":{"rendered":"https:\/\/www.joyeriajael.es\/tienda-online\/breitling-watch-classic-avi-chronograph-42-mm-mosquito\/"},"modified":"2024-05-23T15:42:20","modified_gmt":"2024-05-23T13:42:20","slug":"breitling-watch-classic-avi-chronograph-42-mm-mosquito","status":"publish","type":"product","link":"https:\/\/www.joyeriajael.es\/en\/producto\/breitling-watch-classic-avi-chronograph-42-mm-mosquito\/","title":{"rendered":"BREITLING WATCH CLASSIC AVI CHRONOGRAPH 42 MM MOSQUITO"},"content":{"rendered":"<p>The innovative pilot&#8217;s watch laid the technical foundation for today&#8217;s Classic AVI, a collection inspired by the intrepid spirit of the first famous airplanes. The Classic AVI Mosquito pays homage to one of those legends. In an era of frequent aluminum and steel shortages, the Havilland Mosquito&#8217;s engineers used a material that was still plentiful: wood. The &#8220;Wooden Wonder&#8221; made a big splash when it surpassed its metal contemporaries to become one of the fastest aircraft built from 1940 to 1950.<\/p>\n","protected":false},"excerpt":{"rendered":"<p>The innovative pilot&#8217;s watch laid the technical foundation for today&#8217;s Classic AVI, a collection inspired by the intrepid&hellip;<\/p>\n","protected":false},"featured_media":63472,"template":"","meta":{"_acf_changed":false},"product_brand":[],"product_cat":[714,3783,499,730],"product_tag":[],"class_list":{"0":"post-63478","1":"product","2":"type-product","3":"status-publish","4":"has-post-thumbnail","6":"product_cat-breitling-en","7":"product_cat-classic-avi-en","8":"product_cat-watches","9":"product_cat-watches-for-men","10":"pa_marca-breitling-en","12":"first","13":"instock","14":"taxable","15":"shipping-taxable","16":"purchasable","17":"product-type-simple"},"acf":[],"yoast_head":"<!-- This site is optimized with the Yoast SEO Premium plugin v27.4 (Yoast SEO v27.4) - https:\/\/yoast.com\/product\/yoast-seo-premium-wordpress\/ -->\n<title>Breitling Watch Classic Avi Chronograph 42 mm Mosquito | Jael<\/title>\n<meta name=\"description\" content=\"The pilot\u2019s watch laid the technical foundation for today\u2019s Classic AVI, a collection inspired by the intrepid spirit of the first famous airplanes.\" \/>\n<meta name=\"robots\" content=\"index, follow, max-snippet:-1, max-image-preview:large, max-video-preview:-1\" \/>\n<link rel=\"canonical\" href=\"https:\/\/www.joyeriajael.es\/en\/producto\/breitling-watch-classic-avi-chronograph-42-mm-mosquito\/\" \/>\n<meta property=\"og:locale\" content=\"en_US\" \/>\n<meta property=\"og:type\" content=\"article\" \/>\n<meta property=\"og:title\" content=\"BREITLING WATCH CLASSIC AVI CHRONOGRAPH 42 MM MOSQUITO\" \/>\n<meta property=\"og:description\" content=\"The pilot\u2019s watch laid the technical foundation for today\u2019s Classic AVI, a collection inspired by the intrepid spirit of the first famous airplanes.\" \/>\n<meta property=\"og:url\" content=\"https:\/\/www.joyeriajael.es\/en\/producto\/breitling-watch-classic-avi-chronograph-42-mm-mosquito\/\" \/>\n<meta property=\"og:site_name\" content=\"Jael Joyer\u00eda\" \/>\n<meta property=\"article:modified_time\" content=\"2024-05-23T13:42:20+00:00\" \/>\n<meta property=\"og:image\" content=\"https:\/\/www.joyeriajael.es\/wp-content\/uploads\/2023\/06\/RELOJ-BREITLING-CLASSIC-AVI-CHRONOGRAPH-42-MM-MOSQUITO_01.jpg\" \/>\n\t<meta property=\"og:image:width\" content=\"900\" \/>\n\t<meta property=\"og:image:height\" content=\"900\" \/>\n\t<meta property=\"og:image:type\" content=\"image\/jpeg\" \/>\n<meta name=\"twitter:card\" content=\"summary_large_image\" \/>\n<meta property=\"product:price:amount\" content=\"6000.00\" \/>\n<meta property=\"product:price:currency\" content=\"EUR\" \/>\n<meta property=\"og:availability\" content=\"instock\" \/>\n<meta property=\"product:availability\" content=\"instock\" \/>\n<meta property=\"product:retailer_item_id\" content=\"Y233801A1B1X1\" \/>\n<meta property=\"product:condition\" content=\"new\" \/>\n<!-- \/ Yoast SEO Premium plugin. -->","yoast_head_json":{"title":"Breitling Watch Classic Avi Chronograph 42 mm Mosquito | Jael","description":"The pilot\u2019s watch laid the technical foundation for today\u2019s Classic AVI, a collection inspired by the intrepid spirit of the first famous airplanes.","robots":{"index":"index","follow":"follow","max-snippet":"max-snippet:-1","max-image-preview":"max-image-preview:large","max-video-preview":"max-video-preview:-1"},"canonical":"https:\/\/www.joyeriajael.es\/en\/producto\/breitling-watch-classic-avi-chronograph-42-mm-mosquito\/","og_locale":"en_US","og_type":"article","og_title":"BREITLING WATCH CLASSIC AVI CHRONOGRAPH 42 MM MOSQUITO","og_description":"The pilot\u2019s watch laid the technical foundation for today\u2019s Classic AVI, a collection inspired by the intrepid spirit of the first famous airplanes.","og_url":"https:\/\/www.joyeriajael.es\/en\/producto\/breitling-watch-classic-avi-chronograph-42-mm-mosquito\/","og_site_name":"Jael Joyer\u00eda","article_modified_time":"2024-05-23T13:42:20+00:00","og_image":[{"width":900,"height":900,"url":"https:\/\/www.joyeriajael.es\/wp-content\/uploads\/2023\/06\/RELOJ-BREITLING-CLASSIC-AVI-CHRONOGRAPH-42-MM-MOSQUITO_01.jpg","type":"image\/jpeg"}],"twitter_card":"summary_large_image","schema":{"@context":"https:\/\/schema.org","@graph":[{"@type":["WebPage","ItemPage"],"@id":"https:\/\/www.joyeriajael.es\/en\/producto\/breitling-watch-classic-avi-chronograph-42-mm-mosquito\/","url":"https:\/\/www.joyeriajael.es\/en\/producto\/breitling-watch-classic-avi-chronograph-42-mm-mosquito\/","name":"Breitling Watch Classic Avi Chronograph 42 mm Mosquito | Jael","isPartOf":{"@id":"https:\/\/www.joyeriajael.es\/en\/#website"},"primaryImageOfPage":{"@id":"https:\/\/www.joyeriajael.es\/en\/producto\/breitling-watch-classic-avi-chronograph-42-mm-mosquito\/#primaryimage"},"image":{"@id":"https:\/\/www.joyeriajael.es\/en\/producto\/breitling-watch-classic-avi-chronograph-42-mm-mosquito\/#primaryimage"},"thumbnailUrl":"https:\/\/www.joyeriajael.es\/wp-content\/uploads\/2023\/06\/RELOJ-BREITLING-CLASSIC-AVI-CHRONOGRAPH-42-MM-MOSQUITO_01.jpg","datePublished":"2023-06-21T18:00:16+00:00","dateModified":"2024-05-23T13:42:20+00:00","description":"The pilot\u2019s watch laid the technical foundation for today\u2019s Classic AVI, a collection inspired by the intrepid spirit of the first famous airplanes.","breadcrumb":{"@id":"https:\/\/www.joyeriajael.es\/en\/producto\/breitling-watch-classic-avi-chronograph-42-mm-mosquito\/#breadcrumb"},"inLanguage":"en-US","potentialAction":[{"@type":"ReadAction","target":["https:\/\/www.joyeriajael.es\/en\/producto\/breitling-watch-classic-avi-chronograph-42-mm-mosquito\/"]}]},{"@type":"ImageObject","inLanguage":"en-US","@id":"https:\/\/www.joyeriajael.es\/en\/producto\/breitling-watch-classic-avi-chronograph-42-mm-mosquito\/#primaryimage","url":"https:\/\/www.joyeriajael.es\/wp-content\/uploads\/2023\/06\/RELOJ-BREITLING-CLASSIC-AVI-CHRONOGRAPH-42-MM-MOSQUITO_01.jpg","contentUrl":"https:\/\/www.joyeriajael.es\/wp-content\/uploads\/2023\/06\/RELOJ-BREITLING-CLASSIC-AVI-CHRONOGRAPH-42-MM-MOSQUITO_01.jpg","width":900,"height":900,"caption":"BREITLING WATCH CLASSIC AVI CHRONOGRAPH 42 MM MOSQUITO"},{"@type":"BreadcrumbList","@id":"https:\/\/www.joyeriajael.es\/en\/producto\/breitling-watch-classic-avi-chronograph-42-mm-mosquito\/#breadcrumb","itemListElement":[{"@type":"ListItem","position":1,"name":"Portada","item":"https:\/\/www.joyeriajael.es\/en\/"},{"@type":"ListItem","position":2,"name":"Online store","item":"https:\/\/www.joyeriajael.es\/tienda-online\/"},{"@type":"ListItem","position":3,"name":"Brands","item":"https:\/\/www.joyeriajael.es\/en\/brands\/"},{"@type":"ListItem","position":4,"name":"Breitling","item":"https:\/\/www.joyeriajael.es\/en\/brands\/breitling-en\/"},{"@type":"ListItem","position":5,"name":"BREITLING WATCH CLASSIC AVI CHRONOGRAPH 42 MM MOSQUITO"}]},{"@type":"WebSite","@id":"https:\/\/www.joyeriajael.es\/en\/#website","url":"https:\/\/www.joyeriajael.es\/en\/","name":"Jael Joyer\u00eda","description":"Jael Joyer\u00eda en Santiago de Compostela y A Coru\u00f1a. Primeras marcas, firmas exclusivas, \u00fanico concesionario autorizado de Rolex en la provincia de A Coru\u00f1a.","publisher":{"@id":"https:\/\/www.joyeriajael.es\/en\/#organization"},"alternateName":"Jael","potentialAction":[{"@type":"SearchAction","target":{"@type":"EntryPoint","urlTemplate":"https:\/\/www.joyeriajael.es\/en\/?s={search_term_string}"},"query-input":{"@type":"PropertyValueSpecification","valueRequired":true,"valueName":"search_term_string"}}],"inLanguage":"en-US"},{"@type":"Organization","@id":"https:\/\/www.joyeriajael.es\/en\/#organization","name":"Jael","alternateName":"Jael joyer\u00eda","url":"https:\/\/www.joyeriajael.es\/en\/","logo":{"@type":"ImageObject","inLanguage":"en-US","@id":"https:\/\/www.joyeriajael.es\/en\/#\/schema\/logo\/image\/","url":"https:\/\/www.joyeriajael.es\/wp-content\/uploads\/2024\/07\/cropped-favicon-1.png","contentUrl":"https:\/\/www.joyeriajael.es\/wp-content\/uploads\/2024\/07\/cropped-favicon-1.png","width":512,"height":512,"caption":"Jael"},"image":{"@id":"https:\/\/www.joyeriajael.es\/en\/#\/schema\/logo\/image\/"}}]},"product_price_amount":"6000.00","product_price_currency":"EUR","og_availability":"instock","product_availability":"instock","product_retailer_item_id":"Y233801A1B1X1","product_condition":"new"},"df_price":6000,"df_sale_price":"","df_regular_price":6000,"df_image_link":"https:\/\/www.joyeriajael.es\/wp-content\/uploads\/2023\/06\/RELOJ-BREITLING-CLASSIC-AVI-CHRONOGRAPH-42-MM-MOSQUITO_01-300x300.jpg","_links":{"self":[{"href":"https:\/\/www.joyeriajael.es\/en\/wp-json\/wp\/v2\/product\/63478","targetHints":{"allow":["GET"]}}],"collection":[{"href":"https:\/\/www.joyeriajael.es\/en\/wp-json\/wp\/v2\/product"}],"about":[{"href":"https:\/\/www.joyeriajael.es\/en\/wp-json\/wp\/v2\/types\/product"}],"wp:featuredmedia":[{"embeddable":true,"href":"https:\/\/www.joyeriajael.es\/en\/wp-json\/wp\/v2\/media\/63472"}],"wp:attachment":[{"href":"https:\/\/www.joyeriajael.es\/en\/wp-json\/wp\/v2\/media?parent=63478"}],"wp:term":[{"taxonomy":"product_brand","embeddable":true,"href":"https:\/\/www.joyeriajael.es\/en\/wp-json\/wp\/v2\/product_brand?post=63478"},{"taxonomy":"product_cat","embeddable":true,"href":"https:\/\/www.joyeriajael.es\/en\/wp-json\/wp\/v2\/product_cat?post=63478"},{"taxonomy":"product_tag","embeddable":true,"href":"https:\/\/www.joyeriajael.es\/en\/wp-json\/wp\/v2\/product_tag?post=63478"}],"curies":[{"name":"wp","href":"https:\/\/api.w.org\/{rel}","templated":true}]}}