{"id":63766,"date":"2023-06-21T19:43:11","date_gmt":"2023-06-21T17:43:11","guid":{"rendered":"https:\/\/www.joyeriajael.es\/tienda-online\/tag-heuer-watch-monaco-gulf-39-mm\/"},"modified":"2024-05-24T09:38:06","modified_gmt":"2024-05-24T07:38:06","slug":"tag-heuer-watch-monaco-gulf-39-mm","status":"publish","type":"product","link":"https:\/\/www.joyeriajael.es\/en\/producto\/tag-heuer-watch-monaco-gulf-39-mm\/","title":{"rendered":"TAG HEUER WATCH MONACO GULF 39 MM"},"content":{"rendered":"<p>This legendary TAG Heuer Monaco special edition is adorned with the charismatic signature colors of the Gulf brand. True to its maverick history, its satin-brushed blue dial with &#8220;sunray&#8221; effect displays the iconic Gulf stripes and logo at 6 o&#8217;clock, as well as a vintage TAG Heuer logo at 12 o&#8217;clock.<\/p>\n","protected":false},"excerpt":{"rendered":"<p>This legendary TAG Heuer Monaco special edition is adorned with the charismatic signature colors of the Gulf brand.&hellip;<\/p>\n","protected":false},"featured_media":63761,"template":"","meta":{"_acf_changed":false},"product_brand":[],"product_cat":[2483,3818,499,730],"product_tag":[],"class_list":{"0":"post-63766","1":"product","2":"type-product","3":"status-publish","4":"has-post-thumbnail","6":"product_cat-tag-heuer-en","7":"product_cat-monaco-en","8":"product_cat-watches","9":"product_cat-watches-for-men","10":"pa_marca-tag-heuer-en","12":"first","13":"outofstock","14":"taxable","15":"shipping-taxable","16":"purchasable","17":"product-type-simple"},"acf":[],"yoast_head":"<!-- This site is optimized with the Yoast SEO Premium plugin v27.4 (Yoast SEO v27.4) - https:\/\/yoast.com\/product\/yoast-seo-premium-wordpress\/ -->\n<title>TAG HEUER WATCH MONACO GULF 39 MM<\/title>\n<meta name=\"robots\" content=\"index, follow, max-snippet:-1, max-image-preview:large, max-video-preview:-1\" \/>\n<link rel=\"canonical\" href=\"https:\/\/www.joyeriajael.es\/en\/producto\/tag-heuer-watch-monaco-gulf-39-mm\/\" \/>\n<meta property=\"og:locale\" content=\"en_US\" \/>\n<meta property=\"og:type\" content=\"article\" \/>\n<meta property=\"og:title\" content=\"TAG HEUER WATCH MONACO GULF 39 MM\" \/>\n<meta property=\"og:description\" content=\"This legendary TAG Heuer Monaco special edition is adorned with the charismatic signature colors of the Gulf brand.&hellip;\" \/>\n<meta property=\"og:url\" content=\"https:\/\/www.joyeriajael.es\/en\/producto\/tag-heuer-watch-monaco-gulf-39-mm\/\" \/>\n<meta property=\"og:site_name\" content=\"Jael Joyer\u00eda\" \/>\n<meta property=\"article:modified_time\" content=\"2024-05-24T07:38:06+00:00\" \/>\n<meta property=\"og:image\" content=\"https:\/\/www.joyeriajael.es\/wp-content\/uploads\/2023\/06\/RELOJ-TAG-HEUER-MONACO-GULF-39-MM_01.jpg\" \/>\n\t<meta property=\"og:image:width\" content=\"900\" \/>\n\t<meta property=\"og:image:height\" content=\"900\" \/>\n\t<meta property=\"og:image:type\" content=\"image\/jpeg\" \/>\n<meta name=\"twitter:card\" content=\"summary_large_image\" \/>\n<meta property=\"product:price:amount\" content=\"8450.00\" \/>\n<meta property=\"product:price:currency\" content=\"EUR\" \/>\n<meta property=\"og:availability\" content=\"out of stock\" \/>\n<meta property=\"product:availability\" content=\"out of stock\" \/>\n<meta property=\"product:retailer_item_id\" content=\"CBL2115.FC6494\" \/>\n<meta property=\"product:condition\" content=\"new\" \/>\n<!-- \/ Yoast SEO Premium plugin. -->","yoast_head_json":{"title":"TAG HEUER WATCH MONACO GULF 39 MM","robots":{"index":"index","follow":"follow","max-snippet":"max-snippet:-1","max-image-preview":"max-image-preview:large","max-video-preview":"max-video-preview:-1"},"canonical":"https:\/\/www.joyeriajael.es\/en\/producto\/tag-heuer-watch-monaco-gulf-39-mm\/","og_locale":"en_US","og_type":"article","og_title":"TAG HEUER WATCH MONACO GULF 39 MM","og_description":"This legendary TAG Heuer Monaco special edition is adorned with the charismatic signature colors of the Gulf brand.&hellip;","og_url":"https:\/\/www.joyeriajael.es\/en\/producto\/tag-heuer-watch-monaco-gulf-39-mm\/","og_site_name":"Jael Joyer\u00eda","article_modified_time":"2024-05-24T07:38:06+00:00","og_image":[{"width":900,"height":900,"url":"https:\/\/www.joyeriajael.es\/wp-content\/uploads\/2023\/06\/RELOJ-TAG-HEUER-MONACO-GULF-39-MM_01.jpg","type":"image\/jpeg"}],"twitter_card":"summary_large_image","schema":{"@context":"https:\/\/schema.org","@graph":[{"@type":["WebPage","ItemPage"],"@id":"https:\/\/www.joyeriajael.es\/en\/producto\/tag-heuer-watch-monaco-gulf-39-mm\/","url":"https:\/\/www.joyeriajael.es\/en\/producto\/tag-heuer-watch-monaco-gulf-39-mm\/","name":"TAG HEUER WATCH MONACO GULF 39 MM","isPartOf":{"@id":"https:\/\/www.joyeriajael.es\/en\/#website"},"primaryImageOfPage":{"@id":"https:\/\/www.joyeriajael.es\/en\/producto\/tag-heuer-watch-monaco-gulf-39-mm\/#primaryimage"},"image":{"@id":"https:\/\/www.joyeriajael.es\/en\/producto\/tag-heuer-watch-monaco-gulf-39-mm\/#primaryimage"},"thumbnailUrl":"https:\/\/www.joyeriajael.es\/wp-content\/uploads\/2023\/06\/RELOJ-TAG-HEUER-MONACO-GULF-39-MM_01.jpg","datePublished":"2023-06-21T17:43:11+00:00","dateModified":"2024-05-24T07:38:06+00:00","breadcrumb":{"@id":"https:\/\/www.joyeriajael.es\/en\/producto\/tag-heuer-watch-monaco-gulf-39-mm\/#breadcrumb"},"inLanguage":"en-US","potentialAction":[{"@type":"ReadAction","target":["https:\/\/www.joyeriajael.es\/en\/producto\/tag-heuer-watch-monaco-gulf-39-mm\/"]}]},{"@type":"ImageObject","inLanguage":"en-US","@id":"https:\/\/www.joyeriajael.es\/en\/producto\/tag-heuer-watch-monaco-gulf-39-mm\/#primaryimage","url":"https:\/\/www.joyeriajael.es\/wp-content\/uploads\/2023\/06\/RELOJ-TAG-HEUER-MONACO-GULF-39-MM_01.jpg","contentUrl":"https:\/\/www.joyeriajael.es\/wp-content\/uploads\/2023\/06\/RELOJ-TAG-HEUER-MONACO-GULF-39-MM_01.jpg","width":900,"height":900,"caption":"TAG HEUER WATCH MONACO GULF 39 MM"},{"@type":"BreadcrumbList","@id":"https:\/\/www.joyeriajael.es\/en\/producto\/tag-heuer-watch-monaco-gulf-39-mm\/#breadcrumb","itemListElement":[{"@type":"ListItem","position":1,"name":"Portada","item":"https:\/\/www.joyeriajael.es\/en\/"},{"@type":"ListItem","position":2,"name":"Online store","item":"https:\/\/www.joyeriajael.es\/tienda-online\/"},{"@type":"ListItem","position":3,"name":"Brands","item":"https:\/\/www.joyeriajael.es\/en\/brands\/"},{"@type":"ListItem","position":4,"name":"TAG Heuer","item":"https:\/\/www.joyeriajael.es\/en\/brands\/tag-heuer-en\/"},{"@type":"ListItem","position":5,"name":"TAG HEUER WATCH MONACO GULF 39 MM"}]},{"@type":"WebSite","@id":"https:\/\/www.joyeriajael.es\/en\/#website","url":"https:\/\/www.joyeriajael.es\/en\/","name":"Jael Joyer\u00eda","description":"Jael Joyer\u00eda en Santiago de Compostela y A Coru\u00f1a. Primeras marcas, firmas exclusivas, \u00fanico concesionario autorizado de Rolex en la provincia de A Coru\u00f1a.","publisher":{"@id":"https:\/\/www.joyeriajael.es\/en\/#organization"},"alternateName":"Jael","potentialAction":[{"@type":"SearchAction","target":{"@type":"EntryPoint","urlTemplate":"https:\/\/www.joyeriajael.es\/en\/?s={search_term_string}"},"query-input":{"@type":"PropertyValueSpecification","valueRequired":true,"valueName":"search_term_string"}}],"inLanguage":"en-US"},{"@type":"Organization","@id":"https:\/\/www.joyeriajael.es\/en\/#organization","name":"Jael","alternateName":"Jael joyer\u00eda","url":"https:\/\/www.joyeriajael.es\/en\/","logo":{"@type":"ImageObject","inLanguage":"en-US","@id":"https:\/\/www.joyeriajael.es\/en\/#\/schema\/logo\/image\/","url":"https:\/\/www.joyeriajael.es\/wp-content\/uploads\/2024\/07\/cropped-favicon-1.png","contentUrl":"https:\/\/www.joyeriajael.es\/wp-content\/uploads\/2024\/07\/cropped-favicon-1.png","width":512,"height":512,"caption":"Jael"},"image":{"@id":"https:\/\/www.joyeriajael.es\/en\/#\/schema\/logo\/image\/"}}]},"product_price_amount":"8450.00","product_price_currency":"EUR","og_availability":"out of stock","product_availability":"out of stock","product_retailer_item_id":"CBL2115.FC6494","product_condition":"new"},"df_price":8450,"df_sale_price":"","df_regular_price":8450,"df_image_link":"https:\/\/www.joyeriajael.es\/wp-content\/uploads\/2023\/06\/RELOJ-TAG-HEUER-MONACO-GULF-39-MM_01-300x300.jpg","_links":{"self":[{"href":"https:\/\/www.joyeriajael.es\/en\/wp-json\/wp\/v2\/product\/63766","targetHints":{"allow":["GET"]}}],"collection":[{"href":"https:\/\/www.joyeriajael.es\/en\/wp-json\/wp\/v2\/product"}],"about":[{"href":"https:\/\/www.joyeriajael.es\/en\/wp-json\/wp\/v2\/types\/product"}],"wp:featuredmedia":[{"embeddable":true,"href":"https:\/\/www.joyeriajael.es\/en\/wp-json\/wp\/v2\/media\/63761"}],"wp:attachment":[{"href":"https:\/\/www.joyeriajael.es\/en\/wp-json\/wp\/v2\/media?parent=63766"}],"wp:term":[{"taxonomy":"product_brand","embeddable":true,"href":"https:\/\/www.joyeriajael.es\/en\/wp-json\/wp\/v2\/product_brand?post=63766"},{"taxonomy":"product_cat","embeddable":true,"href":"https:\/\/www.joyeriajael.es\/en\/wp-json\/wp\/v2\/product_cat?post=63766"},{"taxonomy":"product_tag","embeddable":true,"href":"https:\/\/www.joyeriajael.es\/en\/wp-json\/wp\/v2\/product_tag?post=63766"}],"curies":[{"name":"wp","href":"https:\/\/api.w.org\/{rel}","templated":true}]}}