{"id":63870,"date":"2023-06-21T19:47:01","date_gmt":"2023-06-21T17:47:01","guid":{"rendered":"https:\/\/www.joyeriajael.es\/tienda-online\/longines-watch-conquest-41-mm\/"},"modified":"2024-05-23T16:48:34","modified_gmt":"2024-05-23T14:48:34","slug":"longines-watch-conquest-41-mm","status":"publish","type":"product","link":"https:\/\/www.joyeriajael.es\/en\/producto\/longines-watch-conquest-41-mm\/","title":{"rendered":"LONGINES WATCH CONQUEST 41 MM"},"content":{"rendered":"<p>Without sacrificing elegance, the Conquest line perpetuates the spirit of conquest of all those who have dared to go further than others in their quest for new horizons. The same spirit behind the Conquest collection models since 1954. Each watch features a subtle fusion of performance and elegance, including the most demanding technical features.<\/p>\n","protected":false},"excerpt":{"rendered":"<p>Without sacrificing elegance, the Conquest line perpetuates the spirit of conquest of all those who have dared to&hellip;<\/p>\n","protected":false},"featured_media":63864,"template":"","meta":{"_acf_changed":false},"product_brand":[],"product_cat":[723,3846,3853,499,730],"product_tag":[],"class_list":{"0":"post-63870","1":"product","2":"type-product","3":"status-publish","4":"has-post-thumbnail","6":"product_cat-longines-en","7":"product_cat-conquest-en","8":"product_cat-spirit-en","9":"product_cat-watches","10":"product_cat-watches-for-men","11":"pa_marca-longines-en","13":"first","14":"outofstock","15":"taxable","16":"shipping-taxable","17":"purchasable","18":"product-type-simple"},"acf":[],"yoast_head":"<!-- This site is optimized with the Yoast SEO Premium plugin v27.4 (Yoast SEO v27.4) - https:\/\/yoast.com\/product\/yoast-seo-premium-wordpress\/ -->\n<title>LONGINES WATCH CONQUEST 41 MM<\/title>\n<meta name=\"robots\" content=\"index, follow, max-snippet:-1, max-image-preview:large, max-video-preview:-1\" \/>\n<link rel=\"canonical\" href=\"https:\/\/www.joyeriajael.es\/en\/producto\/longines-watch-conquest-41-mm\/\" \/>\n<meta property=\"og:locale\" content=\"en_US\" \/>\n<meta property=\"og:type\" content=\"article\" \/>\n<meta property=\"og:title\" content=\"LONGINES WATCH CONQUEST 41 MM\" \/>\n<meta property=\"og:description\" content=\"Without sacrificing elegance, the Conquest line perpetuates the spirit of conquest of all those who have dared to&hellip;\" \/>\n<meta property=\"og:url\" content=\"https:\/\/www.joyeriajael.es\/en\/producto\/longines-watch-conquest-41-mm\/\" \/>\n<meta property=\"og:site_name\" content=\"Jael Joyer\u00eda\" \/>\n<meta property=\"article:modified_time\" content=\"2024-05-23T14:48:34+00:00\" \/>\n<meta property=\"og:image\" content=\"https:\/\/www.joyeriajael.es\/wp-content\/uploads\/2023\/06\/RELOJ-LONGINES-CONQUEST-41-MM_01.jpg\" \/>\n\t<meta property=\"og:image:width\" content=\"900\" \/>\n\t<meta property=\"og:image:height\" content=\"900\" \/>\n\t<meta property=\"og:image:type\" content=\"image\/jpeg\" \/>\n<meta name=\"twitter:card\" content=\"summary_large_image\" \/>\n<meta property=\"product:price:amount\" content=\"1400.00\" \/>\n<meta property=\"product:price:currency\" content=\"EUR\" \/>\n<meta property=\"og:availability\" content=\"out of stock\" \/>\n<meta property=\"product:availability\" content=\"out of stock\" \/>\n<meta property=\"product:retailer_item_id\" content=\"L37774766\" \/>\n<meta property=\"product:condition\" content=\"new\" \/>\n<!-- \/ Yoast SEO Premium plugin. -->","yoast_head_json":{"title":"LONGINES WATCH CONQUEST 41 MM","robots":{"index":"index","follow":"follow","max-snippet":"max-snippet:-1","max-image-preview":"max-image-preview:large","max-video-preview":"max-video-preview:-1"},"canonical":"https:\/\/www.joyeriajael.es\/en\/producto\/longines-watch-conquest-41-mm\/","og_locale":"en_US","og_type":"article","og_title":"LONGINES WATCH CONQUEST 41 MM","og_description":"Without sacrificing elegance, the Conquest line perpetuates the spirit of conquest of all those who have dared to&hellip;","og_url":"https:\/\/www.joyeriajael.es\/en\/producto\/longines-watch-conquest-41-mm\/","og_site_name":"Jael Joyer\u00eda","article_modified_time":"2024-05-23T14:48:34+00:00","og_image":[{"width":900,"height":900,"url":"https:\/\/www.joyeriajael.es\/wp-content\/uploads\/2023\/06\/RELOJ-LONGINES-CONQUEST-41-MM_01.jpg","type":"image\/jpeg"}],"twitter_card":"summary_large_image","schema":{"@context":"https:\/\/schema.org","@graph":[{"@type":["WebPage","ItemPage"],"@id":"https:\/\/www.joyeriajael.es\/en\/producto\/longines-watch-conquest-41-mm\/","url":"https:\/\/www.joyeriajael.es\/en\/producto\/longines-watch-conquest-41-mm\/","name":"LONGINES WATCH CONQUEST 41 MM","isPartOf":{"@id":"https:\/\/www.joyeriajael.es\/en\/#website"},"primaryImageOfPage":{"@id":"https:\/\/www.joyeriajael.es\/en\/producto\/longines-watch-conquest-41-mm\/#primaryimage"},"image":{"@id":"https:\/\/www.joyeriajael.es\/en\/producto\/longines-watch-conquest-41-mm\/#primaryimage"},"thumbnailUrl":"https:\/\/www.joyeriajael.es\/wp-content\/uploads\/2023\/06\/RELOJ-LONGINES-CONQUEST-41-MM_01.jpg","datePublished":"2023-06-21T17:47:01+00:00","dateModified":"2024-05-23T14:48:34+00:00","breadcrumb":{"@id":"https:\/\/www.joyeriajael.es\/en\/producto\/longines-watch-conquest-41-mm\/#breadcrumb"},"inLanguage":"en-US","potentialAction":[{"@type":"ReadAction","target":["https:\/\/www.joyeriajael.es\/en\/producto\/longines-watch-conquest-41-mm\/"]}]},{"@type":"ImageObject","inLanguage":"en-US","@id":"https:\/\/www.joyeriajael.es\/en\/producto\/longines-watch-conquest-41-mm\/#primaryimage","url":"https:\/\/www.joyeriajael.es\/wp-content\/uploads\/2023\/06\/RELOJ-LONGINES-CONQUEST-41-MM_01.jpg","contentUrl":"https:\/\/www.joyeriajael.es\/wp-content\/uploads\/2023\/06\/RELOJ-LONGINES-CONQUEST-41-MM_01.jpg","width":900,"height":900,"caption":"LONGINES WATCH CONQUEST 41 MM"},{"@type":"BreadcrumbList","@id":"https:\/\/www.joyeriajael.es\/en\/producto\/longines-watch-conquest-41-mm\/#breadcrumb","itemListElement":[{"@type":"ListItem","position":1,"name":"Portada","item":"https:\/\/www.joyeriajael.es\/en\/"},{"@type":"ListItem","position":2,"name":"Online store","item":"https:\/\/www.joyeriajael.es\/tienda-online\/"},{"@type":"ListItem","position":3,"name":"Brands","item":"https:\/\/www.joyeriajael.es\/en\/brands\/"},{"@type":"ListItem","position":4,"name":"Longines","item":"https:\/\/www.joyeriajael.es\/en\/brands\/longines-en\/"},{"@type":"ListItem","position":5,"name":"LONGINES WATCH CONQUEST 41 MM"}]},{"@type":"WebSite","@id":"https:\/\/www.joyeriajael.es\/en\/#website","url":"https:\/\/www.joyeriajael.es\/en\/","name":"Jael Joyer\u00eda","description":"Jael Joyer\u00eda en Santiago de Compostela y A Coru\u00f1a. Primeras marcas, firmas exclusivas, \u00fanico concesionario autorizado de Rolex en la provincia de A Coru\u00f1a.","publisher":{"@id":"https:\/\/www.joyeriajael.es\/en\/#organization"},"alternateName":"Jael","potentialAction":[{"@type":"SearchAction","target":{"@type":"EntryPoint","urlTemplate":"https:\/\/www.joyeriajael.es\/en\/?s={search_term_string}"},"query-input":{"@type":"PropertyValueSpecification","valueRequired":true,"valueName":"search_term_string"}}],"inLanguage":"en-US"},{"@type":"Organization","@id":"https:\/\/www.joyeriajael.es\/en\/#organization","name":"Jael","alternateName":"Jael joyer\u00eda","url":"https:\/\/www.joyeriajael.es\/en\/","logo":{"@type":"ImageObject","inLanguage":"en-US","@id":"https:\/\/www.joyeriajael.es\/en\/#\/schema\/logo\/image\/","url":"https:\/\/www.joyeriajael.es\/wp-content\/uploads\/2024\/07\/cropped-favicon-1.png","contentUrl":"https:\/\/www.joyeriajael.es\/wp-content\/uploads\/2024\/07\/cropped-favicon-1.png","width":512,"height":512,"caption":"Jael"},"image":{"@id":"https:\/\/www.joyeriajael.es\/en\/#\/schema\/logo\/image\/"}}]},"product_price_amount":"1400.00","product_price_currency":"EUR","og_availability":"out of stock","product_availability":"out of stock","product_retailer_item_id":"L37774766","product_condition":"new"},"df_price":1400,"df_sale_price":"","df_regular_price":1400,"df_image_link":"https:\/\/www.joyeriajael.es\/wp-content\/uploads\/2023\/06\/RELOJ-LONGINES-CONQUEST-41-MM_01-300x300.jpg","_links":{"self":[{"href":"https:\/\/www.joyeriajael.es\/en\/wp-json\/wp\/v2\/product\/63870","targetHints":{"allow":["GET"]}}],"collection":[{"href":"https:\/\/www.joyeriajael.es\/en\/wp-json\/wp\/v2\/product"}],"about":[{"href":"https:\/\/www.joyeriajael.es\/en\/wp-json\/wp\/v2\/types\/product"}],"wp:featuredmedia":[{"embeddable":true,"href":"https:\/\/www.joyeriajael.es\/en\/wp-json\/wp\/v2\/media\/63864"}],"wp:attachment":[{"href":"https:\/\/www.joyeriajael.es\/en\/wp-json\/wp\/v2\/media?parent=63870"}],"wp:term":[{"taxonomy":"product_brand","embeddable":true,"href":"https:\/\/www.joyeriajael.es\/en\/wp-json\/wp\/v2\/product_brand?post=63870"},{"taxonomy":"product_cat","embeddable":true,"href":"https:\/\/www.joyeriajael.es\/en\/wp-json\/wp\/v2\/product_cat?post=63870"},{"taxonomy":"product_tag","embeddable":true,"href":"https:\/\/www.joyeriajael.es\/en\/wp-json\/wp\/v2\/product_tag?post=63870"}],"curies":[{"name":"wp","href":"https:\/\/api.w.org\/{rel}","templated":true}]}}