{"id":63911,"date":"2023-06-21T19:47:11","date_gmt":"2023-06-21T17:47:11","guid":{"rendered":"https:\/\/www.joyeriajael.es\/tienda-online\/longines-watch-spirit-42-mm\/"},"modified":"2024-05-23T16:48:50","modified_gmt":"2024-05-23T14:48:50","slug":"longines-watch-spirit-42-mm","status":"publish","type":"product","link":"https:\/\/www.joyeriajael.es\/en\/producto\/longines-watch-spirit-42-mm\/","title":{"rendered":"LONGINES WATCH SPIRIT 42 MM"},"content":{"rendered":"<p>The Longines Spirit collection is designed on the same pattern as the watches that have accompanied legendary pioneers who relied on Longines instruments in the conquest of land, sea and air. Legendary aviators and explorers such as Amelia Earhart, Paul-Emile Victor, Elinor Smith and Howard Hughes relied on the winged hourglass brand for their incredible journeys.<\/p>\n","protected":false},"excerpt":{"rendered":"<p>The Longines Spirit collection is designed on the same pattern as the watches that have accompanied legendary pioneers&hellip;<\/p>\n","protected":false},"featured_media":63905,"template":"","meta":{"_acf_changed":false},"product_brand":[],"product_cat":[723,3853,499,730],"product_tag":[],"class_list":{"0":"post-63911","1":"product","2":"type-product","3":"status-publish","4":"has-post-thumbnail","6":"product_cat-longines-en","7":"product_cat-spirit-en","8":"product_cat-watches","9":"product_cat-watches-for-men","10":"pa_marca-longines-en","12":"first","13":"outofstock","14":"taxable","15":"shipping-taxable","16":"purchasable","17":"product-type-simple"},"acf":[],"yoast_head":"<!-- This site is optimized with the Yoast SEO Premium plugin v27.4 (Yoast SEO v27.4) - https:\/\/yoast.com\/product\/yoast-seo-premium-wordpress\/ -->\n<title>LONGINES WATCH SPIRIT 42 MM<\/title>\n<meta name=\"robots\" content=\"index, follow, max-snippet:-1, max-image-preview:large, max-video-preview:-1\" \/>\n<link rel=\"canonical\" href=\"https:\/\/www.joyeriajael.es\/en\/producto\/longines-watch-spirit-42-mm\/\" \/>\n<meta property=\"og:locale\" content=\"en_US\" \/>\n<meta property=\"og:type\" content=\"article\" \/>\n<meta property=\"og:title\" content=\"LONGINES WATCH SPIRIT 42 MM\" \/>\n<meta property=\"og:description\" content=\"The Longines Spirit collection is designed on the same pattern as the watches that have accompanied legendary pioneers&hellip;\" \/>\n<meta property=\"og:url\" content=\"https:\/\/www.joyeriajael.es\/en\/producto\/longines-watch-spirit-42-mm\/\" \/>\n<meta property=\"og:site_name\" content=\"Jael Joyer\u00eda\" \/>\n<meta property=\"article:modified_time\" content=\"2024-05-23T14:48:50+00:00\" \/>\n<meta property=\"og:image\" content=\"https:\/\/www.joyeriajael.es\/wp-content\/uploads\/2023\/06\/RELOJ-LONGINES-SPIRIT-42-MM_01-2.jpg\" \/>\n\t<meta property=\"og:image:width\" content=\"900\" \/>\n\t<meta property=\"og:image:height\" content=\"900\" \/>\n\t<meta property=\"og:image:type\" content=\"image\/jpeg\" \/>\n<meta name=\"twitter:card\" content=\"summary_large_image\" \/>\n<meta property=\"product:price:amount\" content=\"3600.00\" \/>\n<meta property=\"product:price:currency\" content=\"EUR\" \/>\n<meta property=\"og:availability\" content=\"out of stock\" \/>\n<meta property=\"product:availability\" content=\"out of stock\" \/>\n<meta property=\"product:retailer_item_id\" content=\"L38111536\" \/>\n<meta property=\"product:condition\" content=\"new\" \/>\n<!-- \/ Yoast SEO Premium plugin. -->","yoast_head_json":{"title":"LONGINES WATCH SPIRIT 42 MM","robots":{"index":"index","follow":"follow","max-snippet":"max-snippet:-1","max-image-preview":"max-image-preview:large","max-video-preview":"max-video-preview:-1"},"canonical":"https:\/\/www.joyeriajael.es\/en\/producto\/longines-watch-spirit-42-mm\/","og_locale":"en_US","og_type":"article","og_title":"LONGINES WATCH SPIRIT 42 MM","og_description":"The Longines Spirit collection is designed on the same pattern as the watches that have accompanied legendary pioneers&hellip;","og_url":"https:\/\/www.joyeriajael.es\/en\/producto\/longines-watch-spirit-42-mm\/","og_site_name":"Jael Joyer\u00eda","article_modified_time":"2024-05-23T14:48:50+00:00","og_image":[{"width":900,"height":900,"url":"https:\/\/www.joyeriajael.es\/wp-content\/uploads\/2023\/06\/RELOJ-LONGINES-SPIRIT-42-MM_01-2.jpg","type":"image\/jpeg"}],"twitter_card":"summary_large_image","schema":{"@context":"https:\/\/schema.org","@graph":[{"@type":["WebPage","ItemPage"],"@id":"https:\/\/www.joyeriajael.es\/en\/producto\/longines-watch-spirit-42-mm\/","url":"https:\/\/www.joyeriajael.es\/en\/producto\/longines-watch-spirit-42-mm\/","name":"LONGINES WATCH SPIRIT 42 MM","isPartOf":{"@id":"https:\/\/www.joyeriajael.es\/en\/#website"},"primaryImageOfPage":{"@id":"https:\/\/www.joyeriajael.es\/en\/producto\/longines-watch-spirit-42-mm\/#primaryimage"},"image":{"@id":"https:\/\/www.joyeriajael.es\/en\/producto\/longines-watch-spirit-42-mm\/#primaryimage"},"thumbnailUrl":"https:\/\/www.joyeriajael.es\/wp-content\/uploads\/2023\/06\/RELOJ-LONGINES-SPIRIT-42-MM_01-2.jpg","datePublished":"2023-06-21T17:47:11+00:00","dateModified":"2024-05-23T14:48:50+00:00","breadcrumb":{"@id":"https:\/\/www.joyeriajael.es\/en\/producto\/longines-watch-spirit-42-mm\/#breadcrumb"},"inLanguage":"en-US","potentialAction":[{"@type":"ReadAction","target":["https:\/\/www.joyeriajael.es\/en\/producto\/longines-watch-spirit-42-mm\/"]}]},{"@type":"ImageObject","inLanguage":"en-US","@id":"https:\/\/www.joyeriajael.es\/en\/producto\/longines-watch-spirit-42-mm\/#primaryimage","url":"https:\/\/www.joyeriajael.es\/wp-content\/uploads\/2023\/06\/RELOJ-LONGINES-SPIRIT-42-MM_01-2.jpg","contentUrl":"https:\/\/www.joyeriajael.es\/wp-content\/uploads\/2023\/06\/RELOJ-LONGINES-SPIRIT-42-MM_01-2.jpg","width":900,"height":900,"caption":"LONGINES WATCH SPIRIT 42 MM"},{"@type":"BreadcrumbList","@id":"https:\/\/www.joyeriajael.es\/en\/producto\/longines-watch-spirit-42-mm\/#breadcrumb","itemListElement":[{"@type":"ListItem","position":1,"name":"Portada","item":"https:\/\/www.joyeriajael.es\/en\/"},{"@type":"ListItem","position":2,"name":"Online store","item":"https:\/\/www.joyeriajael.es\/tienda-online\/"},{"@type":"ListItem","position":3,"name":"Brands","item":"https:\/\/www.joyeriajael.es\/en\/brands\/"},{"@type":"ListItem","position":4,"name":"Longines","item":"https:\/\/www.joyeriajael.es\/en\/brands\/longines-en\/"},{"@type":"ListItem","position":5,"name":"LONGINES WATCH SPIRIT 42 MM"}]},{"@type":"WebSite","@id":"https:\/\/www.joyeriajael.es\/en\/#website","url":"https:\/\/www.joyeriajael.es\/en\/","name":"Jael Joyer\u00eda","description":"Jael Joyer\u00eda en Santiago de Compostela y A Coru\u00f1a. Primeras marcas, firmas exclusivas, \u00fanico concesionario autorizado de Rolex en la provincia de A Coru\u00f1a.","publisher":{"@id":"https:\/\/www.joyeriajael.es\/en\/#organization"},"alternateName":"Jael","potentialAction":[{"@type":"SearchAction","target":{"@type":"EntryPoint","urlTemplate":"https:\/\/www.joyeriajael.es\/en\/?s={search_term_string}"},"query-input":{"@type":"PropertyValueSpecification","valueRequired":true,"valueName":"search_term_string"}}],"inLanguage":"en-US"},{"@type":"Organization","@id":"https:\/\/www.joyeriajael.es\/en\/#organization","name":"Jael","alternateName":"Jael joyer\u00eda","url":"https:\/\/www.joyeriajael.es\/en\/","logo":{"@type":"ImageObject","inLanguage":"en-US","@id":"https:\/\/www.joyeriajael.es\/en\/#\/schema\/logo\/image\/","url":"https:\/\/www.joyeriajael.es\/wp-content\/uploads\/2024\/07\/cropped-favicon-1.png","contentUrl":"https:\/\/www.joyeriajael.es\/wp-content\/uploads\/2024\/07\/cropped-favicon-1.png","width":512,"height":512,"caption":"Jael"},"image":{"@id":"https:\/\/www.joyeriajael.es\/en\/#\/schema\/logo\/image\/"}}]},"product_price_amount":"3600.00","product_price_currency":"EUR","og_availability":"out of stock","product_availability":"out of stock","product_retailer_item_id":"L38111536","product_condition":"new"},"df_price":3600,"df_sale_price":"","df_regular_price":3600,"df_image_link":"https:\/\/www.joyeriajael.es\/wp-content\/uploads\/2023\/06\/RELOJ-LONGINES-SPIRIT-42-MM_01-2-300x300.jpg","_links":{"self":[{"href":"https:\/\/www.joyeriajael.es\/en\/wp-json\/wp\/v2\/product\/63911","targetHints":{"allow":["GET"]}}],"collection":[{"href":"https:\/\/www.joyeriajael.es\/en\/wp-json\/wp\/v2\/product"}],"about":[{"href":"https:\/\/www.joyeriajael.es\/en\/wp-json\/wp\/v2\/types\/product"}],"wp:featuredmedia":[{"embeddable":true,"href":"https:\/\/www.joyeriajael.es\/en\/wp-json\/wp\/v2\/media\/63905"}],"wp:attachment":[{"href":"https:\/\/www.joyeriajael.es\/en\/wp-json\/wp\/v2\/media?parent=63911"}],"wp:term":[{"taxonomy":"product_brand","embeddable":true,"href":"https:\/\/www.joyeriajael.es\/en\/wp-json\/wp\/v2\/product_brand?post=63911"},{"taxonomy":"product_cat","embeddable":true,"href":"https:\/\/www.joyeriajael.es\/en\/wp-json\/wp\/v2\/product_cat?post=63911"},{"taxonomy":"product_tag","embeddable":true,"href":"https:\/\/www.joyeriajael.es\/en\/wp-json\/wp\/v2\/product_tag?post=63911"}],"curies":[{"name":"wp","href":"https:\/\/api.w.org\/{rel}","templated":true}]}}