{"id":64009,"date":"2023-06-21T19:49:59","date_gmt":"2023-06-21T17:49:59","guid":{"rendered":"https:\/\/www.joyeriajael.es\/tienda-online\/bulgari-watch-serpenti-seduttori-33-mm\/"},"modified":"2024-05-23T15:56:20","modified_gmt":"2024-05-23T13:56:20","slug":"bulgari-watch-serpenti-seduttori-33-mm-2","status":"publish","type":"product","link":"https:\/\/www.joyeriajael.es\/en\/producto\/bulgari-watch-serpenti-seduttori-33-mm-2\/","title":{"rendered":"BULGARI WATCH SERPENTI SEDUTTORI 33 MM"},"content":{"rendered":"<p>The Serpenti Seduttori watch in 18 Ct rose gold and stainless steel, which dazzles with the refined shine of its materials, irresistibly fuses sensuality, mystery and contemporary glamour. With its black lacquered dial, framed by the distinctive drop-shaped watch head, it presents an attractive play of contrasts.<\/p>\n","protected":false},"excerpt":{"rendered":"<p>The Serpenti Seduttori watch in 18 Ct rose gold and stainless steel, which dazzles with the refined shine&hellip;<\/p>\n","protected":false},"featured_media":64003,"template":"","meta":{"_acf_changed":false},"product_brand":[],"product_cat":[715,3798,499,731],"product_tag":[],"class_list":{"0":"post-64009","1":"product","2":"type-product","3":"status-publish","4":"has-post-thumbnail","6":"product_cat-bulgari-en","7":"product_cat-serpenti-en","8":"product_cat-watches","9":"product_cat-watches-for-women","10":"pa_marca-bvlgari-en","12":"first","13":"outofstock","14":"taxable","15":"shipping-taxable","16":"purchasable","17":"product-type-simple"},"acf":[],"yoast_head":"<!-- This site is optimized with the Yoast SEO Premium plugin v27.4 (Yoast SEO v27.4) - https:\/\/yoast.com\/product\/yoast-seo-premium-wordpress\/ -->\n<title>Bulgari Watch Serpenti Seduttori 33 mm Black | Jael<\/title>\n<meta name=\"description\" content=\"The Serpenti Seduttori watch in 18 Ct rose gold and stainless steel, which dazzles with the refined shine of its materials.\" \/>\n<meta name=\"robots\" content=\"index, follow, max-snippet:-1, max-image-preview:large, max-video-preview:-1\" \/>\n<link rel=\"canonical\" href=\"https:\/\/www.joyeriajael.es\/en\/producto\/bulgari-watch-serpenti-seduttori-33-mm-2\/\" \/>\n<meta property=\"og:locale\" content=\"en_US\" \/>\n<meta property=\"og:type\" content=\"article\" \/>\n<meta property=\"og:title\" content=\"BULGARI WATCH SERPENTI SEDUTTORI 33 MM\" \/>\n<meta property=\"og:description\" content=\"The Serpenti Seduttori watch in 18 Ct rose gold and stainless steel, which dazzles with the refined shine of its materials.\" \/>\n<meta property=\"og:url\" content=\"https:\/\/www.joyeriajael.es\/en\/producto\/bulgari-watch-serpenti-seduttori-33-mm-2\/\" \/>\n<meta property=\"og:site_name\" content=\"Jael Joyer\u00eda\" \/>\n<meta property=\"article:modified_time\" content=\"2024-05-23T13:56:20+00:00\" \/>\n<meta property=\"og:image\" content=\"https:\/\/www.joyeriajael.es\/wp-content\/uploads\/2023\/06\/RELOJ-BULGARI-SERPENTI-SEDUTTORI-33-MM_01.jpg\" \/>\n\t<meta property=\"og:image:width\" content=\"900\" \/>\n\t<meta property=\"og:image:height\" content=\"900\" \/>\n\t<meta property=\"og:image:type\" content=\"image\/jpeg\" \/>\n<meta name=\"twitter:card\" content=\"summary_large_image\" \/>\n<meta property=\"product:price:amount\" content=\"9900.00\" \/>\n<meta property=\"product:price:currency\" content=\"EUR\" \/>\n<meta property=\"og:availability\" content=\"out of stock\" \/>\n<meta property=\"product:availability\" content=\"out of stock\" \/>\n<meta property=\"product:retailer_item_id\" content=\"103799\" \/>\n<meta property=\"product:condition\" content=\"new\" \/>\n<!-- \/ Yoast SEO Premium plugin. -->","yoast_head_json":{"title":"Bulgari Watch Serpenti Seduttori 33 mm Black | Jael","description":"The Serpenti Seduttori watch in 18 Ct rose gold and stainless steel, which dazzles with the refined shine of its materials.","robots":{"index":"index","follow":"follow","max-snippet":"max-snippet:-1","max-image-preview":"max-image-preview:large","max-video-preview":"max-video-preview:-1"},"canonical":"https:\/\/www.joyeriajael.es\/en\/producto\/bulgari-watch-serpenti-seduttori-33-mm-2\/","og_locale":"en_US","og_type":"article","og_title":"BULGARI WATCH SERPENTI SEDUTTORI 33 MM","og_description":"The Serpenti Seduttori watch in 18 Ct rose gold and stainless steel, which dazzles with the refined shine of its materials.","og_url":"https:\/\/www.joyeriajael.es\/en\/producto\/bulgari-watch-serpenti-seduttori-33-mm-2\/","og_site_name":"Jael Joyer\u00eda","article_modified_time":"2024-05-23T13:56:20+00:00","og_image":[{"width":900,"height":900,"url":"https:\/\/www.joyeriajael.es\/wp-content\/uploads\/2023\/06\/RELOJ-BULGARI-SERPENTI-SEDUTTORI-33-MM_01.jpg","type":"image\/jpeg"}],"twitter_card":"summary_large_image","schema":{"@context":"https:\/\/schema.org","@graph":[{"@type":["WebPage","ItemPage"],"@id":"https:\/\/www.joyeriajael.es\/en\/producto\/bulgari-watch-serpenti-seduttori-33-mm-2\/","url":"https:\/\/www.joyeriajael.es\/en\/producto\/bulgari-watch-serpenti-seduttori-33-mm-2\/","name":"Bulgari Watch Serpenti Seduttori 33 mm Black | Jael","isPartOf":{"@id":"https:\/\/www.joyeriajael.es\/en\/#website"},"primaryImageOfPage":{"@id":"https:\/\/www.joyeriajael.es\/en\/producto\/bulgari-watch-serpenti-seduttori-33-mm-2\/#primaryimage"},"image":{"@id":"https:\/\/www.joyeriajael.es\/en\/producto\/bulgari-watch-serpenti-seduttori-33-mm-2\/#primaryimage"},"thumbnailUrl":"https:\/\/www.joyeriajael.es\/wp-content\/uploads\/2023\/06\/RELOJ-BULGARI-SERPENTI-SEDUTTORI-33-MM_01.jpg","datePublished":"2023-06-21T17:49:59+00:00","dateModified":"2024-05-23T13:56:20+00:00","description":"The Serpenti Seduttori watch in 18 Ct rose gold and stainless steel, which dazzles with the refined shine of its materials.","breadcrumb":{"@id":"https:\/\/www.joyeriajael.es\/en\/producto\/bulgari-watch-serpenti-seduttori-33-mm-2\/#breadcrumb"},"inLanguage":"en-US","potentialAction":[{"@type":"ReadAction","target":["https:\/\/www.joyeriajael.es\/en\/producto\/bulgari-watch-serpenti-seduttori-33-mm-2\/"]}]},{"@type":"ImageObject","inLanguage":"en-US","@id":"https:\/\/www.joyeriajael.es\/en\/producto\/bulgari-watch-serpenti-seduttori-33-mm-2\/#primaryimage","url":"https:\/\/www.joyeriajael.es\/wp-content\/uploads\/2023\/06\/RELOJ-BULGARI-SERPENTI-SEDUTTORI-33-MM_01.jpg","contentUrl":"https:\/\/www.joyeriajael.es\/wp-content\/uploads\/2023\/06\/RELOJ-BULGARI-SERPENTI-SEDUTTORI-33-MM_01.jpg","width":900,"height":900,"caption":"BULGARI WATCH SERPENTI SEDUTTORI 33 MM"},{"@type":"BreadcrumbList","@id":"https:\/\/www.joyeriajael.es\/en\/producto\/bulgari-watch-serpenti-seduttori-33-mm-2\/#breadcrumb","itemListElement":[{"@type":"ListItem","position":1,"name":"Portada","item":"https:\/\/www.joyeriajael.es\/en\/"},{"@type":"ListItem","position":2,"name":"Online store","item":"https:\/\/www.joyeriajael.es\/tienda-online\/"},{"@type":"ListItem","position":3,"name":"Brands","item":"https:\/\/www.joyeriajael.es\/en\/brands\/"},{"@type":"ListItem","position":4,"name":"Bulgari","item":"https:\/\/www.joyeriajael.es\/en\/brands\/bulgari-en\/"},{"@type":"ListItem","position":5,"name":"BULGARI WATCH SERPENTI SEDUTTORI 33 MM"}]},{"@type":"WebSite","@id":"https:\/\/www.joyeriajael.es\/en\/#website","url":"https:\/\/www.joyeriajael.es\/en\/","name":"Jael Joyer\u00eda","description":"Jael Joyer\u00eda en Santiago de Compostela y A Coru\u00f1a. Primeras marcas, firmas exclusivas, \u00fanico concesionario autorizado de Rolex en la provincia de A Coru\u00f1a.","publisher":{"@id":"https:\/\/www.joyeriajael.es\/en\/#organization"},"alternateName":"Jael","potentialAction":[{"@type":"SearchAction","target":{"@type":"EntryPoint","urlTemplate":"https:\/\/www.joyeriajael.es\/en\/?s={search_term_string}"},"query-input":{"@type":"PropertyValueSpecification","valueRequired":true,"valueName":"search_term_string"}}],"inLanguage":"en-US"},{"@type":"Organization","@id":"https:\/\/www.joyeriajael.es\/en\/#organization","name":"Jael","alternateName":"Jael joyer\u00eda","url":"https:\/\/www.joyeriajael.es\/en\/","logo":{"@type":"ImageObject","inLanguage":"en-US","@id":"https:\/\/www.joyeriajael.es\/en\/#\/schema\/logo\/image\/","url":"https:\/\/www.joyeriajael.es\/wp-content\/uploads\/2024\/07\/cropped-favicon-1.png","contentUrl":"https:\/\/www.joyeriajael.es\/wp-content\/uploads\/2024\/07\/cropped-favicon-1.png","width":512,"height":512,"caption":"Jael"},"image":{"@id":"https:\/\/www.joyeriajael.es\/en\/#\/schema\/logo\/image\/"}}]},"product_price_amount":"9900.00","product_price_currency":"EUR","og_availability":"out of stock","product_availability":"out of stock","product_retailer_item_id":"103799","product_condition":"new"},"df_price":9900,"df_sale_price":"","df_regular_price":9900,"df_image_link":"https:\/\/www.joyeriajael.es\/wp-content\/uploads\/2023\/06\/RELOJ-BULGARI-SERPENTI-SEDUTTORI-33-MM_01-300x300.jpg","_links":{"self":[{"href":"https:\/\/www.joyeriajael.es\/en\/wp-json\/wp\/v2\/product\/64009","targetHints":{"allow":["GET"]}}],"collection":[{"href":"https:\/\/www.joyeriajael.es\/en\/wp-json\/wp\/v2\/product"}],"about":[{"href":"https:\/\/www.joyeriajael.es\/en\/wp-json\/wp\/v2\/types\/product"}],"wp:featuredmedia":[{"embeddable":true,"href":"https:\/\/www.joyeriajael.es\/en\/wp-json\/wp\/v2\/media\/64003"}],"wp:attachment":[{"href":"https:\/\/www.joyeriajael.es\/en\/wp-json\/wp\/v2\/media?parent=64009"}],"wp:term":[{"taxonomy":"product_brand","embeddable":true,"href":"https:\/\/www.joyeriajael.es\/en\/wp-json\/wp\/v2\/product_brand?post=64009"},{"taxonomy":"product_cat","embeddable":true,"href":"https:\/\/www.joyeriajael.es\/en\/wp-json\/wp\/v2\/product_cat?post=64009"},{"taxonomy":"product_tag","embeddable":true,"href":"https:\/\/www.joyeriajael.es\/en\/wp-json\/wp\/v2\/product_tag?post=64009"}],"curies":[{"name":"wp","href":"https:\/\/api.w.org\/{rel}","templated":true}]}}