{"id":64018,"date":"2023-06-21T19:49:41","date_gmt":"2023-06-21T17:49:41","guid":{"rendered":"https:\/\/www.joyeriajael.es\/tienda-online\/bulgari-watch-bulgari-41-mm\/"},"modified":"2024-05-23T15:56:13","modified_gmt":"2024-05-23T13:56:13","slug":"bulgari-watch-bulgari-41-mm","status":"publish","type":"product","link":"https:\/\/www.joyeriajael.es\/en\/producto\/bulgari-watch-bulgari-41-mm\/","title":{"rendered":"BULGARI WATCH BULGARI 41 MM"},"content":{"rendered":"<p>A unique fusion of Swiss savoir-faire and the bold spirit of Italian design, the stainless steel BULGARI BULGARI watch combines timeless class with exquisite watchmaking expertise. The double logo engraved on the bezel and the silvered &#8220;sunray&#8221; effect dial, inspired by the circular inscriptions on ancient Roman coins, express Bulgari&#8217;s unique ability to fuse culture and modernity in creations that transcend the passage of time and trends.<\/p>\n","protected":false},"excerpt":{"rendered":"<p>A unique fusion of Swiss savoir-faire and the bold spirit of Italian design, the stainless steel BULGARI BULGARI&hellip;<\/p>\n","protected":false},"featured_media":64012,"template":"","meta":{"_acf_changed":false},"product_brand":[],"product_cat":[715,3797,499,730],"product_tag":[],"class_list":{"0":"post-64018","1":"product","2":"type-product","3":"status-publish","4":"has-post-thumbnail","6":"product_cat-bulgari-en","7":"product_cat-bulgari-bulgari-en","8":"product_cat-watches","9":"product_cat-watches-for-men","10":"pa_marca-bvlgari-en","12":"first","13":"outofstock","14":"taxable","15":"shipping-taxable","16":"purchasable","17":"product-type-simple"},"acf":[],"yoast_head":"<!-- This site is optimized with the Yoast SEO Premium plugin v27.4 (Yoast SEO v27.4) - https:\/\/yoast.com\/product\/yoast-seo-premium-wordpress\/ -->\n<title>Bulgari Watch Bulgari 41 mm | Jael<\/title>\n<meta name=\"description\" content=\"A fusion of Swiss savoir-faire and the spirit of Italian design the stainless steel BULGARI BULGARI watch combines timeless class with exquisite watchmaking\" \/>\n<meta name=\"robots\" content=\"index, follow, max-snippet:-1, max-image-preview:large, max-video-preview:-1\" \/>\n<link rel=\"canonical\" href=\"https:\/\/www.joyeriajael.es\/en\/producto\/bulgari-watch-bulgari-41-mm\/\" \/>\n<meta property=\"og:locale\" content=\"en_US\" \/>\n<meta property=\"og:type\" content=\"article\" \/>\n<meta property=\"og:title\" content=\"BULGARI WATCH BULGARI 41 MM\" \/>\n<meta property=\"og:description\" content=\"A fusion of Swiss savoir-faire and the spirit of Italian design the stainless steel BULGARI BULGARI watch combines timeless class with exquisite watchmaking\" \/>\n<meta property=\"og:url\" content=\"https:\/\/www.joyeriajael.es\/en\/producto\/bulgari-watch-bulgari-41-mm\/\" \/>\n<meta property=\"og:site_name\" content=\"Jael Joyer\u00eda\" \/>\n<meta property=\"article:modified_time\" content=\"2024-05-23T13:56:13+00:00\" \/>\n<meta property=\"og:image\" content=\"https:\/\/www.joyeriajael.es\/wp-content\/uploads\/2023\/06\/RELOJ-BULGARI-BULGARI-41-MM_01.jpg\" \/>\n\t<meta property=\"og:image:width\" content=\"900\" \/>\n\t<meta property=\"og:image:height\" content=\"900\" \/>\n\t<meta property=\"og:image:type\" content=\"image\/jpeg\" \/>\n<meta name=\"twitter:card\" content=\"summary_large_image\" \/>\n<meta property=\"product:price:amount\" content=\"5800.00\" \/>\n<meta property=\"product:price:currency\" content=\"EUR\" \/>\n<meta property=\"og:availability\" content=\"out of stock\" \/>\n<meta property=\"product:availability\" content=\"out of stock\" \/>\n<meta property=\"product:retailer_item_id\" content=\"103652\" \/>\n<meta property=\"product:condition\" content=\"new\" \/>\n<!-- \/ Yoast SEO Premium plugin. -->","yoast_head_json":{"title":"Bulgari Watch Bulgari 41 mm | Jael","description":"A fusion of Swiss savoir-faire and the spirit of Italian design the stainless steel BULGARI BULGARI watch combines timeless class with exquisite watchmaking","robots":{"index":"index","follow":"follow","max-snippet":"max-snippet:-1","max-image-preview":"max-image-preview:large","max-video-preview":"max-video-preview:-1"},"canonical":"https:\/\/www.joyeriajael.es\/en\/producto\/bulgari-watch-bulgari-41-mm\/","og_locale":"en_US","og_type":"article","og_title":"BULGARI WATCH BULGARI 41 MM","og_description":"A fusion of Swiss savoir-faire and the spirit of Italian design the stainless steel BULGARI BULGARI watch combines timeless class with exquisite watchmaking","og_url":"https:\/\/www.joyeriajael.es\/en\/producto\/bulgari-watch-bulgari-41-mm\/","og_site_name":"Jael Joyer\u00eda","article_modified_time":"2024-05-23T13:56:13+00:00","og_image":[{"width":900,"height":900,"url":"https:\/\/www.joyeriajael.es\/wp-content\/uploads\/2023\/06\/RELOJ-BULGARI-BULGARI-41-MM_01.jpg","type":"image\/jpeg"}],"twitter_card":"summary_large_image","schema":{"@context":"https:\/\/schema.org","@graph":[{"@type":["WebPage","ItemPage"],"@id":"https:\/\/www.joyeriajael.es\/en\/producto\/bulgari-watch-bulgari-41-mm\/","url":"https:\/\/www.joyeriajael.es\/en\/producto\/bulgari-watch-bulgari-41-mm\/","name":"Bulgari Watch Bulgari 41 mm | Jael","isPartOf":{"@id":"https:\/\/www.joyeriajael.es\/en\/#website"},"primaryImageOfPage":{"@id":"https:\/\/www.joyeriajael.es\/en\/producto\/bulgari-watch-bulgari-41-mm\/#primaryimage"},"image":{"@id":"https:\/\/www.joyeriajael.es\/en\/producto\/bulgari-watch-bulgari-41-mm\/#primaryimage"},"thumbnailUrl":"https:\/\/www.joyeriajael.es\/wp-content\/uploads\/2023\/06\/RELOJ-BULGARI-BULGARI-41-MM_01.jpg","datePublished":"2023-06-21T17:49:41+00:00","dateModified":"2024-05-23T13:56:13+00:00","description":"A fusion of Swiss savoir-faire and the spirit of Italian design the stainless steel BULGARI BULGARI watch combines timeless class with exquisite watchmaking","breadcrumb":{"@id":"https:\/\/www.joyeriajael.es\/en\/producto\/bulgari-watch-bulgari-41-mm\/#breadcrumb"},"inLanguage":"en-US","potentialAction":[{"@type":"ReadAction","target":["https:\/\/www.joyeriajael.es\/en\/producto\/bulgari-watch-bulgari-41-mm\/"]}]},{"@type":"ImageObject","inLanguage":"en-US","@id":"https:\/\/www.joyeriajael.es\/en\/producto\/bulgari-watch-bulgari-41-mm\/#primaryimage","url":"https:\/\/www.joyeriajael.es\/wp-content\/uploads\/2023\/06\/RELOJ-BULGARI-BULGARI-41-MM_01.jpg","contentUrl":"https:\/\/www.joyeriajael.es\/wp-content\/uploads\/2023\/06\/RELOJ-BULGARI-BULGARI-41-MM_01.jpg","width":900,"height":900,"caption":"BULGARI WATCH BULGARI 41 MM"},{"@type":"BreadcrumbList","@id":"https:\/\/www.joyeriajael.es\/en\/producto\/bulgari-watch-bulgari-41-mm\/#breadcrumb","itemListElement":[{"@type":"ListItem","position":1,"name":"Portada","item":"https:\/\/www.joyeriajael.es\/en\/"},{"@type":"ListItem","position":2,"name":"Online store","item":"https:\/\/www.joyeriajael.es\/tienda-online\/"},{"@type":"ListItem","position":3,"name":"Brands","item":"https:\/\/www.joyeriajael.es\/en\/brands\/"},{"@type":"ListItem","position":4,"name":"Bulgari","item":"https:\/\/www.joyeriajael.es\/en\/brands\/bulgari-en\/"},{"@type":"ListItem","position":5,"name":"BULGARI WATCH BULGARI 41 MM"}]},{"@type":"WebSite","@id":"https:\/\/www.joyeriajael.es\/en\/#website","url":"https:\/\/www.joyeriajael.es\/en\/","name":"Jael Joyer\u00eda","description":"Jael Joyer\u00eda en Santiago de Compostela y A Coru\u00f1a. Primeras marcas, firmas exclusivas, \u00fanico concesionario autorizado de Rolex en la provincia de A Coru\u00f1a.","publisher":{"@id":"https:\/\/www.joyeriajael.es\/en\/#organization"},"alternateName":"Jael","potentialAction":[{"@type":"SearchAction","target":{"@type":"EntryPoint","urlTemplate":"https:\/\/www.joyeriajael.es\/en\/?s={search_term_string}"},"query-input":{"@type":"PropertyValueSpecification","valueRequired":true,"valueName":"search_term_string"}}],"inLanguage":"en-US"},{"@type":"Organization","@id":"https:\/\/www.joyeriajael.es\/en\/#organization","name":"Jael","alternateName":"Jael joyer\u00eda","url":"https:\/\/www.joyeriajael.es\/en\/","logo":{"@type":"ImageObject","inLanguage":"en-US","@id":"https:\/\/www.joyeriajael.es\/en\/#\/schema\/logo\/image\/","url":"https:\/\/www.joyeriajael.es\/wp-content\/uploads\/2024\/07\/cropped-favicon-1.png","contentUrl":"https:\/\/www.joyeriajael.es\/wp-content\/uploads\/2024\/07\/cropped-favicon-1.png","width":512,"height":512,"caption":"Jael"},"image":{"@id":"https:\/\/www.joyeriajael.es\/en\/#\/schema\/logo\/image\/"}}]},"product_price_amount":"5800.00","product_price_currency":"EUR","og_availability":"out of stock","product_availability":"out of stock","product_retailer_item_id":"103652","product_condition":"new"},"df_price":5800,"df_sale_price":"","df_regular_price":5800,"df_image_link":"https:\/\/www.joyeriajael.es\/wp-content\/uploads\/2023\/06\/RELOJ-BULGARI-BULGARI-41-MM_01-300x300.jpg","_links":{"self":[{"href":"https:\/\/www.joyeriajael.es\/en\/wp-json\/wp\/v2\/product\/64018","targetHints":{"allow":["GET"]}}],"collection":[{"href":"https:\/\/www.joyeriajael.es\/en\/wp-json\/wp\/v2\/product"}],"about":[{"href":"https:\/\/www.joyeriajael.es\/en\/wp-json\/wp\/v2\/types\/product"}],"wp:featuredmedia":[{"embeddable":true,"href":"https:\/\/www.joyeriajael.es\/en\/wp-json\/wp\/v2\/media\/64012"}],"wp:attachment":[{"href":"https:\/\/www.joyeriajael.es\/en\/wp-json\/wp\/v2\/media?parent=64018"}],"wp:term":[{"taxonomy":"product_brand","embeddable":true,"href":"https:\/\/www.joyeriajael.es\/en\/wp-json\/wp\/v2\/product_brand?post=64018"},{"taxonomy":"product_cat","embeddable":true,"href":"https:\/\/www.joyeriajael.es\/en\/wp-json\/wp\/v2\/product_cat?post=64018"},{"taxonomy":"product_tag","embeddable":true,"href":"https:\/\/www.joyeriajael.es\/en\/wp-json\/wp\/v2\/product_tag?post=64018"}],"curies":[{"name":"wp","href":"https:\/\/api.w.org\/{rel}","templated":true}]}}