{"id":67091,"date":"2023-11-13T09:21:45","date_gmt":"2023-11-13T08:21:45","guid":{"rendered":"https:\/\/www.joyeriajael.es\/tienda-online\/arnold-son-globetrotter-38mm-watch\/"},"modified":"2024-05-23T15:31:19","modified_gmt":"2024-05-23T13:31:19","slug":"arnold-son-globetrotter-steel-case-ocean-blue-alligator-strap","status":"publish","type":"product","link":"https:\/\/www.joyeriajael.es\/en\/producto\/arnold-son-globetrotter-steel-case-ocean-blue-alligator-strap\/","title":{"rendered":"ARNOLD &amp; SON GLOBETROTTER 38MM WATCH"},"content":{"rendered":"<p>Offering unparalleled aesthetics, this \u201cworld time\u201d complication watch harnesses all the design skills and finishing dexterity at Arnold &amp; Son. The Globetrotter adds to the prestigious lineage of marine chronometers that John Arnold created for the British Navy in the 18th century, instruments of precision and time telling renowned the world over.<\/p>\n<p>At 45mm, the Globetrotter Steel has a large case. The hemisphere was the guiding principle for the design, requiring a certain amount of space. Everything resting above the equator, including America, Eurasia and Africa, is all visible in a wealth of detail. The model is a one-of-a-kind sculpture, the continents first rhodium-plated and polished. In contrast, mountain ranges are rendered matt. The oceans are hand-painted with numerous layers of lacquer in blue pigments, enriched with mother-of-pearl powder which imparts exceptional depth and shine. In a lighter tone enriched with Super-LumiNova, the shorelines stand out at night, further accentuating the textured elements of this miniature showcase of manual craftsmanship.<\/p>\n","protected":false},"excerpt":{"rendered":"<p>Offering unparalleled aesthetics, this \u201cworld time\u201d complication watch harnesses all the design skills and finishing dexterity at Arnold&hellip;<\/p>\n","protected":false},"featured_media":67070,"template":"","meta":{"_acf_changed":false},"product_brand":[],"product_cat":[3293,499,730],"product_tag":[],"class_list":{"0":"post-67091","1":"product","2":"type-product","3":"status-publish","4":"has-post-thumbnail","6":"product_cat-arnold-and-son-en","7":"product_cat-watches","8":"product_cat-watches-for-men","9":"pa_marca-arnold-son-en","11":"first","12":"outofstock","13":"taxable","14":"shipping-taxable","15":"purchasable","16":"product-type-simple"},"acf":[],"yoast_head":"<!-- This site is optimized with the Yoast SEO Premium plugin v27.4 (Yoast SEO v27.4) - https:\/\/yoast.com\/product\/yoast-seo-premium-wordpress\/ -->\n<title>ARNOLD &amp; SON GLOBETROTTER 38MM WATCH<\/title>\n<meta name=\"description\" content=\"Offering unparalleled aesthetics, this \u201cworld time\u201d complication watch harnesses all the design skills and finishing dexterity at Arnold &amp; Son.\" \/>\n<meta name=\"robots\" content=\"index, follow, max-snippet:-1, max-image-preview:large, max-video-preview:-1\" \/>\n<link rel=\"canonical\" href=\"https:\/\/www.joyeriajael.es\/en\/producto\/arnold-son-globetrotter-steel-case-ocean-blue-alligator-strap\/\" \/>\n<meta property=\"og:locale\" content=\"en_US\" \/>\n<meta property=\"og:type\" content=\"article\" \/>\n<meta property=\"og:title\" content=\"ARNOLD &amp; SON GLOBETROTTER 38MM WATCH\" \/>\n<meta property=\"og:description\" content=\"Offering unparalleled aesthetics, this \u201cworld time\u201d complication watch harnesses all the design skills and finishing dexterity at Arnold &amp; Son.\" \/>\n<meta property=\"og:url\" content=\"https:\/\/www.joyeriajael.es\/en\/producto\/arnold-son-globetrotter-steel-case-ocean-blue-alligator-strap\/\" \/>\n<meta property=\"og:site_name\" content=\"Jael Joyer\u00eda\" \/>\n<meta property=\"article:modified_time\" content=\"2024-05-23T13:31:19+00:00\" \/>\n<meta property=\"og:image\" content=\"https:\/\/www.joyeriajael.es\/wp-content\/uploads\/2023\/11\/ARNOLD-SON-GLOBETROTTER-STEEL-OPALINE_01.jpg\" \/>\n\t<meta property=\"og:image:width\" content=\"900\" \/>\n\t<meta property=\"og:image:height\" content=\"900\" \/>\n\t<meta property=\"og:image:type\" content=\"image\/jpeg\" \/>\n<meta name=\"twitter:card\" content=\"summary_large_image\" \/>\n<meta property=\"product:price:amount\" content=\"22300.00\" \/>\n<meta property=\"product:price:currency\" content=\"EUR\" \/>\n<meta property=\"og:availability\" content=\"out of stock\" \/>\n<meta property=\"product:availability\" content=\"out of stock\" \/>\n<meta property=\"product:retailer_item_id\" content=\"WTAS.S02C.C155S\" \/>\n<meta property=\"product:condition\" content=\"new\" \/>\n<!-- \/ Yoast SEO Premium plugin. -->","yoast_head_json":{"title":"ARNOLD &amp; SON GLOBETROTTER 38MM WATCH","description":"Offering unparalleled aesthetics, this \u201cworld time\u201d complication watch harnesses all the design skills and finishing dexterity at Arnold & Son.","robots":{"index":"index","follow":"follow","max-snippet":"max-snippet:-1","max-image-preview":"max-image-preview:large","max-video-preview":"max-video-preview:-1"},"canonical":"https:\/\/www.joyeriajael.es\/en\/producto\/arnold-son-globetrotter-steel-case-ocean-blue-alligator-strap\/","og_locale":"en_US","og_type":"article","og_title":"ARNOLD &amp; SON GLOBETROTTER 38MM WATCH","og_description":"Offering unparalleled aesthetics, this \u201cworld time\u201d complication watch harnesses all the design skills and finishing dexterity at Arnold & Son.","og_url":"https:\/\/www.joyeriajael.es\/en\/producto\/arnold-son-globetrotter-steel-case-ocean-blue-alligator-strap\/","og_site_name":"Jael Joyer\u00eda","article_modified_time":"2024-05-23T13:31:19+00:00","og_image":[{"width":900,"height":900,"url":"https:\/\/www.joyeriajael.es\/wp-content\/uploads\/2023\/11\/ARNOLD-SON-GLOBETROTTER-STEEL-OPALINE_01.jpg","type":"image\/jpeg"}],"twitter_card":"summary_large_image","schema":{"@context":"https:\/\/schema.org","@graph":[{"@type":["WebPage","ItemPage"],"@id":"https:\/\/www.joyeriajael.es\/en\/producto\/arnold-son-globetrotter-steel-case-ocean-blue-alligator-strap\/","url":"https:\/\/www.joyeriajael.es\/en\/producto\/arnold-son-globetrotter-steel-case-ocean-blue-alligator-strap\/","name":"ARNOLD &amp; SON GLOBETROTTER 38MM WATCH","isPartOf":{"@id":"https:\/\/www.joyeriajael.es\/en\/#website"},"primaryImageOfPage":{"@id":"https:\/\/www.joyeriajael.es\/en\/producto\/arnold-son-globetrotter-steel-case-ocean-blue-alligator-strap\/#primaryimage"},"image":{"@id":"https:\/\/www.joyeriajael.es\/en\/producto\/arnold-son-globetrotter-steel-case-ocean-blue-alligator-strap\/#primaryimage"},"thumbnailUrl":"https:\/\/www.joyeriajael.es\/wp-content\/uploads\/2023\/11\/ARNOLD-SON-GLOBETROTTER-STEEL-OPALINE_01.jpg","datePublished":"2023-11-13T08:21:45+00:00","dateModified":"2024-05-23T13:31:19+00:00","description":"Offering unparalleled aesthetics, this \u201cworld time\u201d complication watch harnesses all the design skills and finishing dexterity at Arnold & Son.","breadcrumb":{"@id":"https:\/\/www.joyeriajael.es\/en\/producto\/arnold-son-globetrotter-steel-case-ocean-blue-alligator-strap\/#breadcrumb"},"inLanguage":"en-US","potentialAction":[{"@type":"ReadAction","target":["https:\/\/www.joyeriajael.es\/en\/producto\/arnold-son-globetrotter-steel-case-ocean-blue-alligator-strap\/"]}]},{"@type":"ImageObject","inLanguage":"en-US","@id":"https:\/\/www.joyeriajael.es\/en\/producto\/arnold-son-globetrotter-steel-case-ocean-blue-alligator-strap\/#primaryimage","url":"https:\/\/www.joyeriajael.es\/wp-content\/uploads\/2023\/11\/ARNOLD-SON-GLOBETROTTER-STEEL-OPALINE_01.jpg","contentUrl":"https:\/\/www.joyeriajael.es\/wp-content\/uploads\/2023\/11\/ARNOLD-SON-GLOBETROTTER-STEEL-OPALINE_01.jpg","width":900,"height":900,"caption":"ARNOLD &amp; SON GLOBETROTTER 38MM WATCH"},{"@type":"BreadcrumbList","@id":"https:\/\/www.joyeriajael.es\/en\/producto\/arnold-son-globetrotter-steel-case-ocean-blue-alligator-strap\/#breadcrumb","itemListElement":[{"@type":"ListItem","position":1,"name":"Portada","item":"https:\/\/www.joyeriajael.es\/en\/"},{"@type":"ListItem","position":2,"name":"Online store","item":"https:\/\/www.joyeriajael.es\/tienda-online\/"},{"@type":"ListItem","position":3,"name":"Brands","item":"https:\/\/www.joyeriajael.es\/en\/brands\/"},{"@type":"ListItem","position":4,"name":"Arnold &amp; Son","item":"https:\/\/www.joyeriajael.es\/en\/brands\/arnold-and-son-en\/"},{"@type":"ListItem","position":5,"name":"ARNOLD &amp; SON GLOBETROTTER 38MM WATCH"}]},{"@type":"WebSite","@id":"https:\/\/www.joyeriajael.es\/en\/#website","url":"https:\/\/www.joyeriajael.es\/en\/","name":"Jael Joyer\u00eda","description":"Jael Joyer\u00eda en Santiago de Compostela y A Coru\u00f1a. Primeras marcas, firmas exclusivas, \u00fanico concesionario autorizado de Rolex en la provincia de A Coru\u00f1a.","publisher":{"@id":"https:\/\/www.joyeriajael.es\/en\/#organization"},"alternateName":"Jael","potentialAction":[{"@type":"SearchAction","target":{"@type":"EntryPoint","urlTemplate":"https:\/\/www.joyeriajael.es\/en\/?s={search_term_string}"},"query-input":{"@type":"PropertyValueSpecification","valueRequired":true,"valueName":"search_term_string"}}],"inLanguage":"en-US"},{"@type":"Organization","@id":"https:\/\/www.joyeriajael.es\/en\/#organization","name":"Jael","alternateName":"Jael joyer\u00eda","url":"https:\/\/www.joyeriajael.es\/en\/","logo":{"@type":"ImageObject","inLanguage":"en-US","@id":"https:\/\/www.joyeriajael.es\/en\/#\/schema\/logo\/image\/","url":"https:\/\/www.joyeriajael.es\/wp-content\/uploads\/2024\/07\/cropped-favicon-1.png","contentUrl":"https:\/\/www.joyeriajael.es\/wp-content\/uploads\/2024\/07\/cropped-favicon-1.png","width":512,"height":512,"caption":"Jael"},"image":{"@id":"https:\/\/www.joyeriajael.es\/en\/#\/schema\/logo\/image\/"}}]},"product_price_amount":"22300.00","product_price_currency":"EUR","og_availability":"out of stock","product_availability":"out of stock","product_retailer_item_id":"WTAS.S02C.C155S","product_condition":"new"},"df_price":22300,"df_sale_price":"","df_regular_price":22300,"df_image_link":"https:\/\/www.joyeriajael.es\/wp-content\/uploads\/2023\/11\/ARNOLD-SON-GLOBETROTTER-STEEL-OPALINE_01-300x300.jpg","_links":{"self":[{"href":"https:\/\/www.joyeriajael.es\/en\/wp-json\/wp\/v2\/product\/67091","targetHints":{"allow":["GET"]}}],"collection":[{"href":"https:\/\/www.joyeriajael.es\/en\/wp-json\/wp\/v2\/product"}],"about":[{"href":"https:\/\/www.joyeriajael.es\/en\/wp-json\/wp\/v2\/types\/product"}],"wp:featuredmedia":[{"embeddable":true,"href":"https:\/\/www.joyeriajael.es\/en\/wp-json\/wp\/v2\/media\/67070"}],"wp:attachment":[{"href":"https:\/\/www.joyeriajael.es\/en\/wp-json\/wp\/v2\/media?parent=67091"}],"wp:term":[{"taxonomy":"product_brand","embeddable":true,"href":"https:\/\/www.joyeriajael.es\/en\/wp-json\/wp\/v2\/product_brand?post=67091"},{"taxonomy":"product_cat","embeddable":true,"href":"https:\/\/www.joyeriajael.es\/en\/wp-json\/wp\/v2\/product_cat?post=67091"},{"taxonomy":"product_tag","embeddable":true,"href":"https:\/\/www.joyeriajael.es\/en\/wp-json\/wp\/v2\/product_tag?post=67091"}],"curies":[{"name":"wp","href":"https:\/\/api.w.org\/{rel}","templated":true}]}}