{"id":67093,"date":"2023-11-13T09:21:40","date_gmt":"2023-11-13T08:21:40","guid":{"rendered":"https:\/\/www.joyeriajael.es\/tienda-online\/arnold-son-luna-magna-44mm-watch\/"},"modified":"2024-05-23T15:35:46","modified_gmt":"2024-05-23T13:35:46","slug":"arnold-son-luna-magna-red-gold-case-palladium-movement-meteorite-blue-alligator-straplimited-edition-38","status":"publish","type":"product","link":"https:\/\/www.joyeriajael.es\/en\/producto\/arnold-son-luna-magna-red-gold-case-palladium-movement-meteorite-blue-alligator-straplimited-edition-38\/","title":{"rendered":"ARNOLD &amp; SON LUNA MAGNA 44MM WATCH"},"content":{"rendered":"<p>The meteorite\u2019s criss-crossing, jagged geometric structures, which are known as Widmanst\u00e4tten patterns, reflect the light across a vast surface reminiscent of the Sea of Tranquillity. In no way concealing their depth, the deep matt blue PVD treatment instead subtly reveals them to those who know to look for them. The moon, a sphere formed half from Cacholong opal and half from blue PVD meteorite, reflects the nature of the celestial body.<\/p>\n<p>The way these textures catch the light, its rotation controlled by an exclusive complication, makes this an ever-shifting timepiece. All the more so as the opal half of the moon and the subdial are coated with Super-LumiNova, only revealing their blue-green glow \u2013 invisible by day \u2013 once night falls.<\/p>\n","protected":false},"excerpt":{"rendered":"<p>The meteorite\u2019s criss-crossing, jagged geometric structures, which are known as Widmanst\u00e4tten patterns, reflect the light across a vast&hellip;<\/p>\n","protected":false},"featured_media":67022,"template":"","meta":{"_acf_changed":false},"product_brand":[],"product_cat":[3293,499,730],"product_tag":[],"class_list":{"0":"post-67093","1":"product","2":"type-product","3":"status-publish","4":"has-post-thumbnail","6":"product_cat-arnold-and-son-en","7":"product_cat-watches","8":"product_cat-watches-for-men","9":"pa_marca-arnold-son-en","11":"first","12":"outofstock","13":"taxable","14":"shipping-taxable","15":"purchasable","16":"product-type-simple"},"acf":[],"yoast_head":"<!-- This site is optimized with the Yoast SEO Premium plugin v27.4 (Yoast SEO v27.4) - https:\/\/yoast.com\/product\/yoast-seo-premium-wordpress\/ -->\n<title>ARNOLD &amp; SON LUNA MAGNA 44MM WATCH<\/title>\n<meta name=\"description\" content=\"The way these textures catch the light, its rotation controlled by an exclusive complication, makes this an ever-shifting timepiece.\" \/>\n<meta name=\"robots\" content=\"index, follow, max-snippet:-1, max-image-preview:large, max-video-preview:-1\" \/>\n<link rel=\"canonical\" href=\"https:\/\/www.joyeriajael.es\/en\/producto\/arnold-son-luna-magna-red-gold-case-palladium-movement-meteorite-blue-alligator-straplimited-edition-38\/\" \/>\n<meta property=\"og:locale\" content=\"en_US\" \/>\n<meta property=\"og:type\" content=\"article\" \/>\n<meta property=\"og:title\" content=\"ARNOLD &amp; SON LUNA MAGNA 44MM WATCH\" \/>\n<meta property=\"og:description\" content=\"The way these textures catch the light, its rotation controlled by an exclusive complication, makes this an ever-shifting timepiece.\" \/>\n<meta property=\"og:url\" content=\"https:\/\/www.joyeriajael.es\/en\/producto\/arnold-son-luna-magna-red-gold-case-palladium-movement-meteorite-blue-alligator-straplimited-edition-38\/\" \/>\n<meta property=\"og:site_name\" content=\"Jael Joyer\u00eda\" \/>\n<meta property=\"article:modified_time\" content=\"2024-05-23T13:35:46+00:00\" \/>\n<meta property=\"og:image\" content=\"https:\/\/www.joyeriajael.es\/wp-content\/uploads\/2023\/11\/ARNOLD-SON-LUNA-MAGNA-RED-GOLD-METEORITE_01.jpg\" \/>\n\t<meta property=\"og:image:width\" content=\"900\" \/>\n\t<meta property=\"og:image:height\" content=\"900\" \/>\n\t<meta property=\"og:image:type\" content=\"image\/jpeg\" \/>\n<meta name=\"twitter:card\" content=\"summary_large_image\" \/>\n<meta property=\"product:price:amount\" content=\"67900.00\" \/>\n<meta property=\"product:price:currency\" content=\"EUR\" \/>\n<meta property=\"og:availability\" content=\"out of stock\" \/>\n<meta property=\"product:availability\" content=\"out of stock\" \/>\n<meta property=\"product:retailer_item_id\" content=\"LMAR.Z01A.C211R\" \/>\n<meta property=\"product:condition\" content=\"new\" \/>\n<!-- \/ Yoast SEO Premium plugin. -->","yoast_head_json":{"title":"ARNOLD &amp; SON LUNA MAGNA 44MM WATCH","description":"The way these textures catch the light, its rotation controlled by an exclusive complication, makes this an ever-shifting timepiece.","robots":{"index":"index","follow":"follow","max-snippet":"max-snippet:-1","max-image-preview":"max-image-preview:large","max-video-preview":"max-video-preview:-1"},"canonical":"https:\/\/www.joyeriajael.es\/en\/producto\/arnold-son-luna-magna-red-gold-case-palladium-movement-meteorite-blue-alligator-straplimited-edition-38\/","og_locale":"en_US","og_type":"article","og_title":"ARNOLD &amp; SON LUNA MAGNA 44MM WATCH","og_description":"The way these textures catch the light, its rotation controlled by an exclusive complication, makes this an ever-shifting timepiece.","og_url":"https:\/\/www.joyeriajael.es\/en\/producto\/arnold-son-luna-magna-red-gold-case-palladium-movement-meteorite-blue-alligator-straplimited-edition-38\/","og_site_name":"Jael Joyer\u00eda","article_modified_time":"2024-05-23T13:35:46+00:00","og_image":[{"width":900,"height":900,"url":"https:\/\/www.joyeriajael.es\/wp-content\/uploads\/2023\/11\/ARNOLD-SON-LUNA-MAGNA-RED-GOLD-METEORITE_01.jpg","type":"image\/jpeg"}],"twitter_card":"summary_large_image","schema":{"@context":"https:\/\/schema.org","@graph":[{"@type":["WebPage","ItemPage"],"@id":"https:\/\/www.joyeriajael.es\/en\/producto\/arnold-son-luna-magna-red-gold-case-palladium-movement-meteorite-blue-alligator-straplimited-edition-38\/","url":"https:\/\/www.joyeriajael.es\/en\/producto\/arnold-son-luna-magna-red-gold-case-palladium-movement-meteorite-blue-alligator-straplimited-edition-38\/","name":"ARNOLD &amp; SON LUNA MAGNA 44MM WATCH","isPartOf":{"@id":"https:\/\/www.joyeriajael.es\/en\/#website"},"primaryImageOfPage":{"@id":"https:\/\/www.joyeriajael.es\/en\/producto\/arnold-son-luna-magna-red-gold-case-palladium-movement-meteorite-blue-alligator-straplimited-edition-38\/#primaryimage"},"image":{"@id":"https:\/\/www.joyeriajael.es\/en\/producto\/arnold-son-luna-magna-red-gold-case-palladium-movement-meteorite-blue-alligator-straplimited-edition-38\/#primaryimage"},"thumbnailUrl":"https:\/\/www.joyeriajael.es\/wp-content\/uploads\/2023\/11\/ARNOLD-SON-LUNA-MAGNA-RED-GOLD-METEORITE_01.jpg","datePublished":"2023-11-13T08:21:40+00:00","dateModified":"2024-05-23T13:35:46+00:00","description":"The way these textures catch the light, its rotation controlled by an exclusive complication, makes this an ever-shifting timepiece.","breadcrumb":{"@id":"https:\/\/www.joyeriajael.es\/en\/producto\/arnold-son-luna-magna-red-gold-case-palladium-movement-meteorite-blue-alligator-straplimited-edition-38\/#breadcrumb"},"inLanguage":"en-US","potentialAction":[{"@type":"ReadAction","target":["https:\/\/www.joyeriajael.es\/en\/producto\/arnold-son-luna-magna-red-gold-case-palladium-movement-meteorite-blue-alligator-straplimited-edition-38\/"]}]},{"@type":"ImageObject","inLanguage":"en-US","@id":"https:\/\/www.joyeriajael.es\/en\/producto\/arnold-son-luna-magna-red-gold-case-palladium-movement-meteorite-blue-alligator-straplimited-edition-38\/#primaryimage","url":"https:\/\/www.joyeriajael.es\/wp-content\/uploads\/2023\/11\/ARNOLD-SON-LUNA-MAGNA-RED-GOLD-METEORITE_01.jpg","contentUrl":"https:\/\/www.joyeriajael.es\/wp-content\/uploads\/2023\/11\/ARNOLD-SON-LUNA-MAGNA-RED-GOLD-METEORITE_01.jpg","width":900,"height":900,"caption":"ARNOLD &amp; SON LUNA MAGNA 44MM WATCH"},{"@type":"BreadcrumbList","@id":"https:\/\/www.joyeriajael.es\/en\/producto\/arnold-son-luna-magna-red-gold-case-palladium-movement-meteorite-blue-alligator-straplimited-edition-38\/#breadcrumb","itemListElement":[{"@type":"ListItem","position":1,"name":"Portada","item":"https:\/\/www.joyeriajael.es\/en\/"},{"@type":"ListItem","position":2,"name":"Online store","item":"https:\/\/www.joyeriajael.es\/tienda-online\/"},{"@type":"ListItem","position":3,"name":"Brands","item":"https:\/\/www.joyeriajael.es\/en\/brands\/"},{"@type":"ListItem","position":4,"name":"Arnold &amp; Son","item":"https:\/\/www.joyeriajael.es\/en\/brands\/arnold-and-son-en\/"},{"@type":"ListItem","position":5,"name":"ARNOLD &amp; SON LUNA MAGNA 44MM WATCH"}]},{"@type":"WebSite","@id":"https:\/\/www.joyeriajael.es\/en\/#website","url":"https:\/\/www.joyeriajael.es\/en\/","name":"Jael Joyer\u00eda","description":"Jael Joyer\u00eda en Santiago de Compostela y A Coru\u00f1a. Primeras marcas, firmas exclusivas, \u00fanico concesionario autorizado de Rolex en la provincia de A Coru\u00f1a.","publisher":{"@id":"https:\/\/www.joyeriajael.es\/en\/#organization"},"alternateName":"Jael","potentialAction":[{"@type":"SearchAction","target":{"@type":"EntryPoint","urlTemplate":"https:\/\/www.joyeriajael.es\/en\/?s={search_term_string}"},"query-input":{"@type":"PropertyValueSpecification","valueRequired":true,"valueName":"search_term_string"}}],"inLanguage":"en-US"},{"@type":"Organization","@id":"https:\/\/www.joyeriajael.es\/en\/#organization","name":"Jael","alternateName":"Jael joyer\u00eda","url":"https:\/\/www.joyeriajael.es\/en\/","logo":{"@type":"ImageObject","inLanguage":"en-US","@id":"https:\/\/www.joyeriajael.es\/en\/#\/schema\/logo\/image\/","url":"https:\/\/www.joyeriajael.es\/wp-content\/uploads\/2024\/07\/cropped-favicon-1.png","contentUrl":"https:\/\/www.joyeriajael.es\/wp-content\/uploads\/2024\/07\/cropped-favicon-1.png","width":512,"height":512,"caption":"Jael"},"image":{"@id":"https:\/\/www.joyeriajael.es\/en\/#\/schema\/logo\/image\/"}}]},"product_price_amount":"67900.00","product_price_currency":"EUR","og_availability":"out of stock","product_availability":"out of stock","product_retailer_item_id":"LMAR.Z01A.C211R","product_condition":"new"},"df_price":67900,"df_sale_price":"","df_regular_price":67900,"df_image_link":"https:\/\/www.joyeriajael.es\/wp-content\/uploads\/2023\/11\/ARNOLD-SON-LUNA-MAGNA-RED-GOLD-METEORITE_01-300x300.jpg","_links":{"self":[{"href":"https:\/\/www.joyeriajael.es\/en\/wp-json\/wp\/v2\/product\/67093","targetHints":{"allow":["GET"]}}],"collection":[{"href":"https:\/\/www.joyeriajael.es\/en\/wp-json\/wp\/v2\/product"}],"about":[{"href":"https:\/\/www.joyeriajael.es\/en\/wp-json\/wp\/v2\/types\/product"}],"wp:featuredmedia":[{"embeddable":true,"href":"https:\/\/www.joyeriajael.es\/en\/wp-json\/wp\/v2\/media\/67022"}],"wp:attachment":[{"href":"https:\/\/www.joyeriajael.es\/en\/wp-json\/wp\/v2\/media?parent=67093"}],"wp:term":[{"taxonomy":"product_brand","embeddable":true,"href":"https:\/\/www.joyeriajael.es\/en\/wp-json\/wp\/v2\/product_brand?post=67093"},{"taxonomy":"product_cat","embeddable":true,"href":"https:\/\/www.joyeriajael.es\/en\/wp-json\/wp\/v2\/product_cat?post=67093"},{"taxonomy":"product_tag","embeddable":true,"href":"https:\/\/www.joyeriajael.es\/en\/wp-json\/wp\/v2\/product_tag?post=67093"}],"curies":[{"name":"wp","href":"https:\/\/api.w.org\/{rel}","templated":true}]}}