{"id":67096,"date":"2023-11-13T09:21:33","date_gmt":"2023-11-13T08:21:33","guid":{"rendered":"https:\/\/www.joyeriajael.es\/tienda-online\/arnold-son-hm-perpetual-moon-415mm-watch\/"},"modified":"2024-05-23T15:35:44","modified_gmt":"2024-05-23T13:35:44","slug":"arnold-son-hm-perpetual-moon-red-gold-moon-phase-mother-of-pearl-blue-alligator","status":"publish","type":"product","link":"https:\/\/www.joyeriajael.es\/en\/producto\/arnold-son-hm-perpetual-moon-red-gold-moon-phase-mother-of-pearl-blue-alligator\/","title":{"rendered":"ARNOLD &amp; SON HM PERPETUAL MOON 41,5MM WATCH"},"content":{"rendered":"<p>The dials on these new creations present a unique finish known as Stellar Rays, its aesthetic obtained through skilfully irregular engraving. Several depths and widths of rays coexist and follow on from one another, creating their own rhythm, each generating a fluctuating interplay of light and a depth obtained by applying several layers of transparent lacquer.<\/p>\n<p>This unique effect is employed in two forms. Perpetual Moon 41.5 Red Gold is combined with a dense, deep blue adorned with gold edging on the moon aperture, together with golden hands and hour markers.<\/p>\n","protected":false},"excerpt":{"rendered":"<p>The dials on these new creations present a unique finish known as Stellar Rays, its aesthetic obtained through&hellip;<\/p>\n","protected":false},"featured_media":67002,"template":"","meta":{"_acf_changed":false},"product_brand":[],"product_cat":[3293,499,730],"product_tag":[],"class_list":{"0":"post-67096","1":"product","2":"type-product","3":"status-publish","4":"has-post-thumbnail","6":"product_cat-arnold-and-son-en","7":"product_cat-watches","8":"product_cat-watches-for-men","9":"pa_marca-arnold-son-en","11":"first","12":"instock","13":"taxable","14":"shipping-taxable","15":"purchasable","16":"product-type-simple"},"acf":[],"yoast_head":"<!-- This site is optimized with the Yoast SEO Premium plugin v27.4 (Yoast SEO v27.4) - https:\/\/yoast.com\/product\/yoast-seo-premium-wordpress\/ -->\n<title>ARNOLD &amp; SON HM PERPETUAL MOON 41,5MM WATCH<\/title>\n<meta name=\"description\" content=\"The dials on these new creations present a unique finish known as Stellar Rays, its aesthetic obtained through skilfully irregular engraving\" \/>\n<meta name=\"robots\" content=\"index, follow, max-snippet:-1, max-image-preview:large, max-video-preview:-1\" \/>\n<link rel=\"canonical\" href=\"https:\/\/www.joyeriajael.es\/en\/producto\/arnold-son-hm-perpetual-moon-red-gold-moon-phase-mother-of-pearl-blue-alligator\/\" \/>\n<meta property=\"og:locale\" content=\"en_US\" \/>\n<meta property=\"og:type\" content=\"article\" \/>\n<meta property=\"og:title\" content=\"ARNOLD &amp; SON HM PERPETUAL MOON 41,5MM WATCH\" \/>\n<meta property=\"og:description\" content=\"The dials on these new creations present a unique finish known as Stellar Rays, its aesthetic obtained through skilfully irregular engraving\" \/>\n<meta property=\"og:url\" content=\"https:\/\/www.joyeriajael.es\/en\/producto\/arnold-son-hm-perpetual-moon-red-gold-moon-phase-mother-of-pearl-blue-alligator\/\" \/>\n<meta property=\"og:site_name\" content=\"Jael Joyer\u00eda\" \/>\n<meta property=\"article:modified_time\" content=\"2024-05-23T13:35:44+00:00\" \/>\n<meta property=\"og:image\" content=\"https:\/\/www.joyeriajael.es\/wp-content\/uploads\/2023\/11\/ARNOLD-SON-PERPETUAL-MOON-41.5-GOLD-BLUE_01.jpg\" \/>\n\t<meta property=\"og:image:width\" content=\"900\" \/>\n\t<meta property=\"og:image:height\" content=\"900\" \/>\n\t<meta property=\"og:image:type\" content=\"image\/jpeg\" \/>\n<meta name=\"twitter:card\" content=\"summary_large_image\" \/>\n<meta property=\"product:price:amount\" content=\"42500.00\" \/>\n<meta property=\"product:price:currency\" content=\"EUR\" \/>\n<meta property=\"og:availability\" content=\"instock\" \/>\n<meta property=\"product:availability\" content=\"instock\" \/>\n<meta property=\"product:retailer_item_id\" content=\"GLBR.U01A.C200A\" \/>\n<meta property=\"product:condition\" content=\"new\" \/>\n<!-- \/ Yoast SEO Premium plugin. -->","yoast_head_json":{"title":"ARNOLD &amp; SON HM PERPETUAL MOON 41,5MM WATCH","description":"The dials on these new creations present a unique finish known as Stellar Rays, its aesthetic obtained through skilfully irregular engraving","robots":{"index":"index","follow":"follow","max-snippet":"max-snippet:-1","max-image-preview":"max-image-preview:large","max-video-preview":"max-video-preview:-1"},"canonical":"https:\/\/www.joyeriajael.es\/en\/producto\/arnold-son-hm-perpetual-moon-red-gold-moon-phase-mother-of-pearl-blue-alligator\/","og_locale":"en_US","og_type":"article","og_title":"ARNOLD &amp; SON HM PERPETUAL MOON 41,5MM WATCH","og_description":"The dials on these new creations present a unique finish known as Stellar Rays, its aesthetic obtained through skilfully irregular engraving","og_url":"https:\/\/www.joyeriajael.es\/en\/producto\/arnold-son-hm-perpetual-moon-red-gold-moon-phase-mother-of-pearl-blue-alligator\/","og_site_name":"Jael Joyer\u00eda","article_modified_time":"2024-05-23T13:35:44+00:00","og_image":[{"width":900,"height":900,"url":"https:\/\/www.joyeriajael.es\/wp-content\/uploads\/2023\/11\/ARNOLD-SON-PERPETUAL-MOON-41.5-GOLD-BLUE_01.jpg","type":"image\/jpeg"}],"twitter_card":"summary_large_image","schema":{"@context":"https:\/\/schema.org","@graph":[{"@type":["WebPage","ItemPage"],"@id":"https:\/\/www.joyeriajael.es\/en\/producto\/arnold-son-hm-perpetual-moon-red-gold-moon-phase-mother-of-pearl-blue-alligator\/","url":"https:\/\/www.joyeriajael.es\/en\/producto\/arnold-son-hm-perpetual-moon-red-gold-moon-phase-mother-of-pearl-blue-alligator\/","name":"ARNOLD &amp; SON HM PERPETUAL MOON 41,5MM WATCH","isPartOf":{"@id":"https:\/\/www.joyeriajael.es\/en\/#website"},"primaryImageOfPage":{"@id":"https:\/\/www.joyeriajael.es\/en\/producto\/arnold-son-hm-perpetual-moon-red-gold-moon-phase-mother-of-pearl-blue-alligator\/#primaryimage"},"image":{"@id":"https:\/\/www.joyeriajael.es\/en\/producto\/arnold-son-hm-perpetual-moon-red-gold-moon-phase-mother-of-pearl-blue-alligator\/#primaryimage"},"thumbnailUrl":"https:\/\/www.joyeriajael.es\/wp-content\/uploads\/2023\/11\/ARNOLD-SON-PERPETUAL-MOON-41.5-GOLD-BLUE_01.jpg","datePublished":"2023-11-13T08:21:33+00:00","dateModified":"2024-05-23T13:35:44+00:00","description":"The dials on these new creations present a unique finish known as Stellar Rays, its aesthetic obtained through skilfully irregular engraving","breadcrumb":{"@id":"https:\/\/www.joyeriajael.es\/en\/producto\/arnold-son-hm-perpetual-moon-red-gold-moon-phase-mother-of-pearl-blue-alligator\/#breadcrumb"},"inLanguage":"en-US","potentialAction":[{"@type":"ReadAction","target":["https:\/\/www.joyeriajael.es\/en\/producto\/arnold-son-hm-perpetual-moon-red-gold-moon-phase-mother-of-pearl-blue-alligator\/"]}]},{"@type":"ImageObject","inLanguage":"en-US","@id":"https:\/\/www.joyeriajael.es\/en\/producto\/arnold-son-hm-perpetual-moon-red-gold-moon-phase-mother-of-pearl-blue-alligator\/#primaryimage","url":"https:\/\/www.joyeriajael.es\/wp-content\/uploads\/2023\/11\/ARNOLD-SON-PERPETUAL-MOON-41.5-GOLD-BLUE_01.jpg","contentUrl":"https:\/\/www.joyeriajael.es\/wp-content\/uploads\/2023\/11\/ARNOLD-SON-PERPETUAL-MOON-41.5-GOLD-BLUE_01.jpg","width":900,"height":900,"caption":"ARNOLD &amp; SON HM PERPETUAL MOON 41,5MM WATCH"},{"@type":"BreadcrumbList","@id":"https:\/\/www.joyeriajael.es\/en\/producto\/arnold-son-hm-perpetual-moon-red-gold-moon-phase-mother-of-pearl-blue-alligator\/#breadcrumb","itemListElement":[{"@type":"ListItem","position":1,"name":"Portada","item":"https:\/\/www.joyeriajael.es\/en\/"},{"@type":"ListItem","position":2,"name":"Online store","item":"https:\/\/www.joyeriajael.es\/tienda-online\/"},{"@type":"ListItem","position":3,"name":"Brands","item":"https:\/\/www.joyeriajael.es\/en\/brands\/"},{"@type":"ListItem","position":4,"name":"Arnold &amp; Son","item":"https:\/\/www.joyeriajael.es\/en\/brands\/arnold-and-son-en\/"},{"@type":"ListItem","position":5,"name":"ARNOLD &amp; SON HM PERPETUAL MOON 41,5MM WATCH"}]},{"@type":"WebSite","@id":"https:\/\/www.joyeriajael.es\/en\/#website","url":"https:\/\/www.joyeriajael.es\/en\/","name":"Jael Joyer\u00eda","description":"Jael Joyer\u00eda en Santiago de Compostela y A Coru\u00f1a. Primeras marcas, firmas exclusivas, \u00fanico concesionario autorizado de Rolex en la provincia de A Coru\u00f1a.","publisher":{"@id":"https:\/\/www.joyeriajael.es\/en\/#organization"},"alternateName":"Jael","potentialAction":[{"@type":"SearchAction","target":{"@type":"EntryPoint","urlTemplate":"https:\/\/www.joyeriajael.es\/en\/?s={search_term_string}"},"query-input":{"@type":"PropertyValueSpecification","valueRequired":true,"valueName":"search_term_string"}}],"inLanguage":"en-US"},{"@type":"Organization","@id":"https:\/\/www.joyeriajael.es\/en\/#organization","name":"Jael","alternateName":"Jael joyer\u00eda","url":"https:\/\/www.joyeriajael.es\/en\/","logo":{"@type":"ImageObject","inLanguage":"en-US","@id":"https:\/\/www.joyeriajael.es\/en\/#\/schema\/logo\/image\/","url":"https:\/\/www.joyeriajael.es\/wp-content\/uploads\/2024\/07\/cropped-favicon-1.png","contentUrl":"https:\/\/www.joyeriajael.es\/wp-content\/uploads\/2024\/07\/cropped-favicon-1.png","width":512,"height":512,"caption":"Jael"},"image":{"@id":"https:\/\/www.joyeriajael.es\/en\/#\/schema\/logo\/image\/"}}]},"product_price_amount":"42500.00","product_price_currency":"EUR","og_availability":"instock","product_availability":"instock","product_retailer_item_id":"GLBR.U01A.C200A","product_condition":"new"},"df_price":42500,"df_sale_price":"","df_regular_price":42500,"df_image_link":"https:\/\/www.joyeriajael.es\/wp-content\/uploads\/2023\/11\/ARNOLD-SON-PERPETUAL-MOON-41.5-GOLD-BLUE_01-300x300.jpg","_links":{"self":[{"href":"https:\/\/www.joyeriajael.es\/en\/wp-json\/wp\/v2\/product\/67096","targetHints":{"allow":["GET"]}}],"collection":[{"href":"https:\/\/www.joyeriajael.es\/en\/wp-json\/wp\/v2\/product"}],"about":[{"href":"https:\/\/www.joyeriajael.es\/en\/wp-json\/wp\/v2\/types\/product"}],"wp:featuredmedia":[{"embeddable":true,"href":"https:\/\/www.joyeriajael.es\/en\/wp-json\/wp\/v2\/media\/67002"}],"wp:attachment":[{"href":"https:\/\/www.joyeriajael.es\/en\/wp-json\/wp\/v2\/media?parent=67096"}],"wp:term":[{"taxonomy":"product_brand","embeddable":true,"href":"https:\/\/www.joyeriajael.es\/en\/wp-json\/wp\/v2\/product_brand?post=67096"},{"taxonomy":"product_cat","embeddable":true,"href":"https:\/\/www.joyeriajael.es\/en\/wp-json\/wp\/v2\/product_cat?post=67096"},{"taxonomy":"product_tag","embeddable":true,"href":"https:\/\/www.joyeriajael.es\/en\/wp-json\/wp\/v2\/product_tag?post=67096"}],"curies":[{"name":"wp","href":"https:\/\/api.w.org\/{rel}","templated":true}]}}