{"id":67101,"date":"2023-11-13T09:21:22","date_gmt":"2023-11-13T08:21:22","guid":{"rendered":"https:\/\/www.joyeriajael.es\/tienda-online\/arnold-son-nebula-415mm-watch\/"},"modified":"2024-05-23T15:36:01","modified_gmt":"2024-05-23T13:36:01","slug":"arnold-son-nebula-red-gold-slate-alligator-strap-limited-edition","status":"publish","type":"product","link":"https:\/\/www.joyeriajael.es\/en\/producto\/arnold-son-nebula-red-gold-slate-alligator-strap-limited-edition\/","title":{"rendered":"ARNOLD &amp; SON NEBULA 41,5MM WATCH"},"content":{"rendered":"<p>In space, light never exists alone, but coexists with darkness. A watch inspired by the stars, Nebula thus naturally plays with chiaroscuro. It combines contrasting shades of gold and anthracite grey. The grey is created by a NAC treatment \u2013 a galvanic bath fed with metals close to platinum. When applied to the skeletonised main plate, the barrels and the flange, Nebula highlights the relief of its A&amp;S5201 movement. Its construction is clearly legible on various levels, with the bridges in the foreground, the gear train and barrels on the second level, and the main plate behind them.<\/p>\n","protected":false},"excerpt":{"rendered":"<p>In space, light never exists alone, but coexists with darkness. A watch inspired by the stars, Nebula thus&hellip;<\/p>\n","protected":false},"featured_media":67027,"template":"","meta":{"_acf_changed":false},"product_brand":[],"product_cat":[3293,499,730],"product_tag":[],"class_list":{"0":"post-67101","1":"product","2":"type-product","3":"status-publish","4":"has-post-thumbnail","6":"product_cat-arnold-and-son-en","7":"product_cat-watches","8":"product_cat-watches-for-men","9":"pa_marca-arnold-son-en","11":"first","12":"instock","13":"taxable","14":"shipping-taxable","15":"purchasable","16":"product-type-simple"},"acf":[],"yoast_head":"<!-- This site is optimized with the Yoast SEO Premium plugin v27.4 (Yoast SEO v27.4) - https:\/\/yoast.com\/product\/yoast-seo-premium-wordpress\/ -->\n<title>ARNOLD &amp; SON NEBULA 41,5MM WATCH<\/title>\n<meta name=\"robots\" content=\"index, follow, max-snippet:-1, max-image-preview:large, max-video-preview:-1\" \/>\n<link rel=\"canonical\" href=\"https:\/\/www.joyeriajael.es\/en\/producto\/arnold-son-nebula-red-gold-slate-alligator-strap-limited-edition\/\" \/>\n<meta property=\"og:locale\" content=\"en_US\" \/>\n<meta property=\"og:type\" content=\"article\" \/>\n<meta property=\"og:title\" content=\"ARNOLD &amp; SON NEBULA 41,5MM WATCH\" \/>\n<meta property=\"og:description\" content=\"In space, light never exists alone, but coexists with darkness. A watch inspired by the stars, Nebula thus&hellip;\" \/>\n<meta property=\"og:url\" content=\"https:\/\/www.joyeriajael.es\/en\/producto\/arnold-son-nebula-red-gold-slate-alligator-strap-limited-edition\/\" \/>\n<meta property=\"og:site_name\" content=\"Jael Joyer\u00eda\" \/>\n<meta property=\"article:modified_time\" content=\"2024-05-23T13:36:01+00:00\" \/>\n<meta property=\"og:image\" content=\"https:\/\/www.joyeriajael.es\/wp-content\/uploads\/2023\/11\/ARNOLD-SON-NEBULA-41.5-GOLD_01.jpg\" \/>\n\t<meta property=\"og:image:width\" content=\"900\" \/>\n\t<meta property=\"og:image:height\" content=\"900\" \/>\n\t<meta property=\"og:image:type\" content=\"image\/jpeg\" \/>\n<meta name=\"twitter:card\" content=\"summary_large_image\" \/>\n<meta property=\"product:price:amount\" content=\"37400.00\" \/>\n<meta property=\"product:price:currency\" content=\"EUR\" \/>\n<meta property=\"og:availability\" content=\"instock\" \/>\n<meta property=\"product:availability\" content=\"instock\" \/>\n<meta property=\"product:retailer_item_id\" content=\"NEAR.S01B.C179A\" \/>\n<meta property=\"product:condition\" content=\"new\" \/>\n<!-- \/ Yoast SEO Premium plugin. -->","yoast_head_json":{"title":"ARNOLD &amp; SON NEBULA 41,5MM WATCH","robots":{"index":"index","follow":"follow","max-snippet":"max-snippet:-1","max-image-preview":"max-image-preview:large","max-video-preview":"max-video-preview:-1"},"canonical":"https:\/\/www.joyeriajael.es\/en\/producto\/arnold-son-nebula-red-gold-slate-alligator-strap-limited-edition\/","og_locale":"en_US","og_type":"article","og_title":"ARNOLD &amp; SON NEBULA 41,5MM WATCH","og_description":"In space, light never exists alone, but coexists with darkness. A watch inspired by the stars, Nebula thus&hellip;","og_url":"https:\/\/www.joyeriajael.es\/en\/producto\/arnold-son-nebula-red-gold-slate-alligator-strap-limited-edition\/","og_site_name":"Jael Joyer\u00eda","article_modified_time":"2024-05-23T13:36:01+00:00","og_image":[{"width":900,"height":900,"url":"https:\/\/www.joyeriajael.es\/wp-content\/uploads\/2023\/11\/ARNOLD-SON-NEBULA-41.5-GOLD_01.jpg","type":"image\/jpeg"}],"twitter_card":"summary_large_image","schema":{"@context":"https:\/\/schema.org","@graph":[{"@type":["WebPage","ItemPage"],"@id":"https:\/\/www.joyeriajael.es\/en\/producto\/arnold-son-nebula-red-gold-slate-alligator-strap-limited-edition\/","url":"https:\/\/www.joyeriajael.es\/en\/producto\/arnold-son-nebula-red-gold-slate-alligator-strap-limited-edition\/","name":"ARNOLD &amp; SON NEBULA 41,5MM WATCH","isPartOf":{"@id":"https:\/\/www.joyeriajael.es\/en\/#website"},"primaryImageOfPage":{"@id":"https:\/\/www.joyeriajael.es\/en\/producto\/arnold-son-nebula-red-gold-slate-alligator-strap-limited-edition\/#primaryimage"},"image":{"@id":"https:\/\/www.joyeriajael.es\/en\/producto\/arnold-son-nebula-red-gold-slate-alligator-strap-limited-edition\/#primaryimage"},"thumbnailUrl":"https:\/\/www.joyeriajael.es\/wp-content\/uploads\/2023\/11\/ARNOLD-SON-NEBULA-41.5-GOLD_01.jpg","datePublished":"2023-11-13T08:21:22+00:00","dateModified":"2024-05-23T13:36:01+00:00","breadcrumb":{"@id":"https:\/\/www.joyeriajael.es\/en\/producto\/arnold-son-nebula-red-gold-slate-alligator-strap-limited-edition\/#breadcrumb"},"inLanguage":"en-US","potentialAction":[{"@type":"ReadAction","target":["https:\/\/www.joyeriajael.es\/en\/producto\/arnold-son-nebula-red-gold-slate-alligator-strap-limited-edition\/"]}]},{"@type":"ImageObject","inLanguage":"en-US","@id":"https:\/\/www.joyeriajael.es\/en\/producto\/arnold-son-nebula-red-gold-slate-alligator-strap-limited-edition\/#primaryimage","url":"https:\/\/www.joyeriajael.es\/wp-content\/uploads\/2023\/11\/ARNOLD-SON-NEBULA-41.5-GOLD_01.jpg","contentUrl":"https:\/\/www.joyeriajael.es\/wp-content\/uploads\/2023\/11\/ARNOLD-SON-NEBULA-41.5-GOLD_01.jpg","width":900,"height":900,"caption":"ARNOLD &amp; SON NEBULA 41,5MM WATCH"},{"@type":"BreadcrumbList","@id":"https:\/\/www.joyeriajael.es\/en\/producto\/arnold-son-nebula-red-gold-slate-alligator-strap-limited-edition\/#breadcrumb","itemListElement":[{"@type":"ListItem","position":1,"name":"Portada","item":"https:\/\/www.joyeriajael.es\/en\/"},{"@type":"ListItem","position":2,"name":"Online store","item":"https:\/\/www.joyeriajael.es\/tienda-online\/"},{"@type":"ListItem","position":3,"name":"Brands","item":"https:\/\/www.joyeriajael.es\/en\/brands\/"},{"@type":"ListItem","position":4,"name":"Arnold &amp; Son","item":"https:\/\/www.joyeriajael.es\/en\/brands\/arnold-and-son-en\/"},{"@type":"ListItem","position":5,"name":"ARNOLD &amp; SON NEBULA 41,5MM WATCH"}]},{"@type":"WebSite","@id":"https:\/\/www.joyeriajael.es\/en\/#website","url":"https:\/\/www.joyeriajael.es\/en\/","name":"Jael Joyer\u00eda","description":"Jael Joyer\u00eda en Santiago de Compostela y A Coru\u00f1a. Primeras marcas, firmas exclusivas, \u00fanico concesionario autorizado de Rolex en la provincia de A Coru\u00f1a.","publisher":{"@id":"https:\/\/www.joyeriajael.es\/en\/#organization"},"alternateName":"Jael","potentialAction":[{"@type":"SearchAction","target":{"@type":"EntryPoint","urlTemplate":"https:\/\/www.joyeriajael.es\/en\/?s={search_term_string}"},"query-input":{"@type":"PropertyValueSpecification","valueRequired":true,"valueName":"search_term_string"}}],"inLanguage":"en-US"},{"@type":"Organization","@id":"https:\/\/www.joyeriajael.es\/en\/#organization","name":"Jael","alternateName":"Jael joyer\u00eda","url":"https:\/\/www.joyeriajael.es\/en\/","logo":{"@type":"ImageObject","inLanguage":"en-US","@id":"https:\/\/www.joyeriajael.es\/en\/#\/schema\/logo\/image\/","url":"https:\/\/www.joyeriajael.es\/wp-content\/uploads\/2024\/07\/cropped-favicon-1.png","contentUrl":"https:\/\/www.joyeriajael.es\/wp-content\/uploads\/2024\/07\/cropped-favicon-1.png","width":512,"height":512,"caption":"Jael"},"image":{"@id":"https:\/\/www.joyeriajael.es\/en\/#\/schema\/logo\/image\/"}}]},"product_price_amount":"37400.00","product_price_currency":"EUR","og_availability":"instock","product_availability":"instock","product_retailer_item_id":"NEAR.S01B.C179A","product_condition":"new"},"df_price":37400,"df_sale_price":"","df_regular_price":37400,"df_image_link":"https:\/\/www.joyeriajael.es\/wp-content\/uploads\/2023\/11\/ARNOLD-SON-NEBULA-41.5-GOLD_01-300x300.jpg","_links":{"self":[{"href":"https:\/\/www.joyeriajael.es\/en\/wp-json\/wp\/v2\/product\/67101","targetHints":{"allow":["GET"]}}],"collection":[{"href":"https:\/\/www.joyeriajael.es\/en\/wp-json\/wp\/v2\/product"}],"about":[{"href":"https:\/\/www.joyeriajael.es\/en\/wp-json\/wp\/v2\/types\/product"}],"wp:featuredmedia":[{"embeddable":true,"href":"https:\/\/www.joyeriajael.es\/en\/wp-json\/wp\/v2\/media\/67027"}],"wp:attachment":[{"href":"https:\/\/www.joyeriajael.es\/en\/wp-json\/wp\/v2\/media?parent=67101"}],"wp:term":[{"taxonomy":"product_brand","embeddable":true,"href":"https:\/\/www.joyeriajael.es\/en\/wp-json\/wp\/v2\/product_brand?post=67101"},{"taxonomy":"product_cat","embeddable":true,"href":"https:\/\/www.joyeriajael.es\/en\/wp-json\/wp\/v2\/product_cat?post=67101"},{"taxonomy":"product_tag","embeddable":true,"href":"https:\/\/www.joyeriajael.es\/en\/wp-json\/wp\/v2\/product_tag?post=67101"}],"curies":[{"name":"wp","href":"https:\/\/api.w.org\/{rel}","templated":true}]}}