{"id":67858,"date":"2023-12-21T11:35:54","date_gmt":"2023-12-21T10:35:54","guid":{"rendered":"https:\/\/www.joyeriajael.es\/tienda-online\/montblanc-watch-1858-geosphere-0-oxygen-limited-edition-42-mm-1786-piezas\/"},"modified":"2024-05-24T09:17:35","modified_gmt":"2024-05-24T07:17:35","slug":"montblanc-watch-1858-geosphere-0-oxygen-edicion-limitada-42-mm-1786-piezas","status":"publish","type":"product","link":"https:\/\/www.joyeriajael.es\/en\/producto\/montblanc-watch-1858-geosphere-0-oxygen-edicion-limitada-42-mm-1786-piezas\/","title":{"rendered":"MONTBLANC WATCH 1858 GEOSPHERE 0 OXYGEN LIMITED EDITION 42 MM \u2013 1786 PIEZAS"},"content":{"rendered":"<p class=\"attributes editorialdescription\" data-ytos-ctrl=\"product.attributes\" data-ytos-opt=\"{\" data-ytos-scope=\"1647597295760834\" data-ytos-ver=\"0.5.0\"><span class=\"value\">The Montblanc 1858 Geosphere 0 Oxygen Limited Edition has no oxygen at all, which improves the performance and accuracy of the watch over time, even in some of the most demanding mountain environments. The absence of oxygen inside the movement not only eliminates fogging, which can occur with drastic temperature changes at high altitudes, but also prevents oxidation. With no oxygen, all components last much longer and provide better accuracy over time. The watch is presented in a 42 mm bronze case with a bi-directional knurled ceramic bezel with luminescent cardinal points and the Maison&#8217;s glacier motif dial. The watch is powered by the MB 29.25 automatic movement with manufacture complication. Like the other 1858 Geosphere models, the northern and southern hemispheres are represented by two three-dimensional globes with day\/night indication that allow users to see the different times around the world at a glance.<\/span><\/p>\n","protected":false},"excerpt":{"rendered":"<p>The Montblanc 1858 Geosphere 0 Oxygen Limited Edition has no oxygen at all, which improves the performance and&hellip;<\/p>\n","protected":false},"featured_media":67724,"template":"","meta":{"_acf_changed":false},"product_brand":[],"product_cat":[724,3875,499,730],"product_tag":[],"class_list":{"0":"post-67858","1":"product","2":"type-product","3":"status-publish","4":"has-post-thumbnail","6":"product_cat-montblanc-en","7":"product_cat-1858-en","8":"product_cat-watches","9":"product_cat-watches-for-men","10":"pa_marca-montblanc-en","12":"first","13":"instock","14":"taxable","15":"shipping-taxable","16":"purchasable","17":"product-type-simple"},"acf":[],"yoast_head":"<!-- This site is optimized with the Yoast SEO Premium plugin v27.4 (Yoast SEO v27.4) - https:\/\/yoast.com\/product\/yoast-seo-premium-wordpress\/ -->\n<title>Montblanc Watch 1858 Geosphere Oxygen L.E. | Jael Joyer\u00eda<\/title>\n<meta name=\"description\" content=\"The Montblanc 1858 Geosphere 0 Oxygen Limited Edition has no oxygen at all, which improves the performance and accuracy of the watch over time.\" \/>\n<meta name=\"robots\" content=\"index, follow, max-snippet:-1, max-image-preview:large, max-video-preview:-1\" \/>\n<link rel=\"canonical\" href=\"https:\/\/www.joyeriajael.es\/en\/producto\/montblanc-watch-1858-geosphere-0-oxygen-edicion-limitada-42-mm-1786-piezas\/\" \/>\n<meta property=\"og:locale\" content=\"en_US\" \/>\n<meta property=\"og:type\" content=\"article\" \/>\n<meta property=\"og:title\" content=\"MONTBLANC WATCH 1858 GEOSPHERE 0 OXYGEN LIMITED EDITION 42 MM \u2013 1786 PIEZAS\" \/>\n<meta property=\"og:description\" content=\"The Montblanc 1858 Geosphere 0 Oxygen Limited Edition has no oxygen at all, which improves the performance and accuracy of the watch over time.\" \/>\n<meta property=\"og:url\" content=\"https:\/\/www.joyeriajael.es\/en\/producto\/montblanc-watch-1858-geosphere-0-oxygen-edicion-limitada-42-mm-1786-piezas\/\" \/>\n<meta property=\"og:site_name\" content=\"Jael Joyer\u00eda\" \/>\n<meta property=\"article:modified_time\" content=\"2024-05-24T07:17:35+00:00\" \/>\n<meta property=\"og:image\" content=\"https:\/\/www.joyeriajael.es\/wp-content\/uploads\/2023\/12\/RELOJ-MONTBLANC-1858-GEOSPHERE-0-OXYGEN-EDICION-LIMITADA-42-MM_01.jpg\" \/>\n\t<meta property=\"og:image:width\" content=\"900\" \/>\n\t<meta property=\"og:image:height\" content=\"900\" \/>\n\t<meta property=\"og:image:type\" content=\"image\/jpeg\" \/>\n<meta name=\"twitter:card\" content=\"summary_large_image\" \/>\n<meta property=\"product:price:amount\" content=\"7900.00\" \/>\n<meta property=\"product:price:currency\" content=\"EUR\" \/>\n<meta property=\"og:availability\" content=\"instock\" \/>\n<meta property=\"product:availability\" content=\"instock\" \/>\n<meta property=\"product:retailer_item_id\" content=\"129415\" \/>\n<meta property=\"product:condition\" content=\"new\" \/>\n<!-- \/ Yoast SEO Premium plugin. -->","yoast_head_json":{"title":"Montblanc Watch 1858 Geosphere Oxygen L.E. | Jael Joyer\u00eda","description":"The Montblanc 1858 Geosphere 0 Oxygen Limited Edition has no oxygen at all, which improves the performance and accuracy of the watch over time.","robots":{"index":"index","follow":"follow","max-snippet":"max-snippet:-1","max-image-preview":"max-image-preview:large","max-video-preview":"max-video-preview:-1"},"canonical":"https:\/\/www.joyeriajael.es\/en\/producto\/montblanc-watch-1858-geosphere-0-oxygen-edicion-limitada-42-mm-1786-piezas\/","og_locale":"en_US","og_type":"article","og_title":"MONTBLANC WATCH 1858 GEOSPHERE 0 OXYGEN LIMITED EDITION 42 MM \u2013 1786 PIEZAS","og_description":"The Montblanc 1858 Geosphere 0 Oxygen Limited Edition has no oxygen at all, which improves the performance and accuracy of the watch over time.","og_url":"https:\/\/www.joyeriajael.es\/en\/producto\/montblanc-watch-1858-geosphere-0-oxygen-edicion-limitada-42-mm-1786-piezas\/","og_site_name":"Jael Joyer\u00eda","article_modified_time":"2024-05-24T07:17:35+00:00","og_image":[{"width":900,"height":900,"url":"https:\/\/www.joyeriajael.es\/wp-content\/uploads\/2023\/12\/RELOJ-MONTBLANC-1858-GEOSPHERE-0-OXYGEN-EDICION-LIMITADA-42-MM_01.jpg","type":"image\/jpeg"}],"twitter_card":"summary_large_image","schema":{"@context":"https:\/\/schema.org","@graph":[{"@type":["WebPage","ItemPage"],"@id":"https:\/\/www.joyeriajael.es\/en\/producto\/montblanc-watch-1858-geosphere-0-oxygen-edicion-limitada-42-mm-1786-piezas\/","url":"https:\/\/www.joyeriajael.es\/en\/producto\/montblanc-watch-1858-geosphere-0-oxygen-edicion-limitada-42-mm-1786-piezas\/","name":"Montblanc Watch 1858 Geosphere Oxygen L.E. | Jael Joyer\u00eda","isPartOf":{"@id":"https:\/\/www.joyeriajael.es\/en\/#website"},"primaryImageOfPage":{"@id":"https:\/\/www.joyeriajael.es\/en\/producto\/montblanc-watch-1858-geosphere-0-oxygen-edicion-limitada-42-mm-1786-piezas\/#primaryimage"},"image":{"@id":"https:\/\/www.joyeriajael.es\/en\/producto\/montblanc-watch-1858-geosphere-0-oxygen-edicion-limitada-42-mm-1786-piezas\/#primaryimage"},"thumbnailUrl":"https:\/\/www.joyeriajael.es\/wp-content\/uploads\/2023\/12\/RELOJ-MONTBLANC-1858-GEOSPHERE-0-OXYGEN-EDICION-LIMITADA-42-MM_01.jpg","datePublished":"2023-12-21T10:35:54+00:00","dateModified":"2024-05-24T07:17:35+00:00","description":"The Montblanc 1858 Geosphere 0 Oxygen Limited Edition has no oxygen at all, which improves the performance and accuracy of the watch over time.","breadcrumb":{"@id":"https:\/\/www.joyeriajael.es\/en\/producto\/montblanc-watch-1858-geosphere-0-oxygen-edicion-limitada-42-mm-1786-piezas\/#breadcrumb"},"inLanguage":"en-US","potentialAction":[{"@type":"ReadAction","target":["https:\/\/www.joyeriajael.es\/en\/producto\/montblanc-watch-1858-geosphere-0-oxygen-edicion-limitada-42-mm-1786-piezas\/"]}]},{"@type":"ImageObject","inLanguage":"en-US","@id":"https:\/\/www.joyeriajael.es\/en\/producto\/montblanc-watch-1858-geosphere-0-oxygen-edicion-limitada-42-mm-1786-piezas\/#primaryimage","url":"https:\/\/www.joyeriajael.es\/wp-content\/uploads\/2023\/12\/RELOJ-MONTBLANC-1858-GEOSPHERE-0-OXYGEN-EDICION-LIMITADA-42-MM_01.jpg","contentUrl":"https:\/\/www.joyeriajael.es\/wp-content\/uploads\/2023\/12\/RELOJ-MONTBLANC-1858-GEOSPHERE-0-OXYGEN-EDICION-LIMITADA-42-MM_01.jpg","width":900,"height":900,"caption":"MONTBLANC WATCH 1858 GEOSPHERE 0 OXYGEN LIMITED EDITION 42 MM \u2013 1786 PIEZAS"},{"@type":"BreadcrumbList","@id":"https:\/\/www.joyeriajael.es\/en\/producto\/montblanc-watch-1858-geosphere-0-oxygen-edicion-limitada-42-mm-1786-piezas\/#breadcrumb","itemListElement":[{"@type":"ListItem","position":1,"name":"Portada","item":"https:\/\/www.joyeriajael.es\/en\/"},{"@type":"ListItem","position":2,"name":"Online store","item":"https:\/\/www.joyeriajael.es\/tienda-online\/"},{"@type":"ListItem","position":3,"name":"Brands","item":"https:\/\/www.joyeriajael.es\/en\/brands\/"},{"@type":"ListItem","position":4,"name":"Montblanc","item":"https:\/\/www.joyeriajael.es\/en\/brands\/montblanc-en\/"},{"@type":"ListItem","position":5,"name":"MONTBLANC WATCH 1858 GEOSPHERE 0 OXYGEN LIMITED EDITION 42 MM \u2013 1786 PIEZAS"}]},{"@type":"WebSite","@id":"https:\/\/www.joyeriajael.es\/en\/#website","url":"https:\/\/www.joyeriajael.es\/en\/","name":"Jael Joyer\u00eda","description":"Jael Joyer\u00eda en Santiago de Compostela y A Coru\u00f1a. Primeras marcas, firmas exclusivas, \u00fanico concesionario autorizado de Rolex en la provincia de A Coru\u00f1a.","publisher":{"@id":"https:\/\/www.joyeriajael.es\/en\/#organization"},"alternateName":"Jael","potentialAction":[{"@type":"SearchAction","target":{"@type":"EntryPoint","urlTemplate":"https:\/\/www.joyeriajael.es\/en\/?s={search_term_string}"},"query-input":{"@type":"PropertyValueSpecification","valueRequired":true,"valueName":"search_term_string"}}],"inLanguage":"en-US"},{"@type":"Organization","@id":"https:\/\/www.joyeriajael.es\/en\/#organization","name":"Jael","alternateName":"Jael joyer\u00eda","url":"https:\/\/www.joyeriajael.es\/en\/","logo":{"@type":"ImageObject","inLanguage":"en-US","@id":"https:\/\/www.joyeriajael.es\/en\/#\/schema\/logo\/image\/","url":"https:\/\/www.joyeriajael.es\/wp-content\/uploads\/2024\/07\/cropped-favicon-1.png","contentUrl":"https:\/\/www.joyeriajael.es\/wp-content\/uploads\/2024\/07\/cropped-favicon-1.png","width":512,"height":512,"caption":"Jael"},"image":{"@id":"https:\/\/www.joyeriajael.es\/en\/#\/schema\/logo\/image\/"}}]},"product_price_amount":"7900.00","product_price_currency":"EUR","og_availability":"instock","product_availability":"instock","product_retailer_item_id":"129415","product_condition":"new"},"df_price":7900,"df_sale_price":"","df_regular_price":7900,"df_image_link":"https:\/\/www.joyeriajael.es\/wp-content\/uploads\/2023\/12\/RELOJ-MONTBLANC-1858-GEOSPHERE-0-OXYGEN-EDICION-LIMITADA-42-MM_01-300x300.jpg","_links":{"self":[{"href":"https:\/\/www.joyeriajael.es\/en\/wp-json\/wp\/v2\/product\/67858","targetHints":{"allow":["GET"]}}],"collection":[{"href":"https:\/\/www.joyeriajael.es\/en\/wp-json\/wp\/v2\/product"}],"about":[{"href":"https:\/\/www.joyeriajael.es\/en\/wp-json\/wp\/v2\/types\/product"}],"wp:featuredmedia":[{"embeddable":true,"href":"https:\/\/www.joyeriajael.es\/en\/wp-json\/wp\/v2\/media\/67724"}],"wp:attachment":[{"href":"https:\/\/www.joyeriajael.es\/en\/wp-json\/wp\/v2\/media?parent=67858"}],"wp:term":[{"taxonomy":"product_brand","embeddable":true,"href":"https:\/\/www.joyeriajael.es\/en\/wp-json\/wp\/v2\/product_brand?post=67858"},{"taxonomy":"product_cat","embeddable":true,"href":"https:\/\/www.joyeriajael.es\/en\/wp-json\/wp\/v2\/product_cat?post=67858"},{"taxonomy":"product_tag","embeddable":true,"href":"https:\/\/www.joyeriajael.es\/en\/wp-json\/wp\/v2\/product_tag?post=67858"}],"curies":[{"name":"wp","href":"https:\/\/api.w.org\/{rel}","templated":true}]}}